{"id":877,"date":"2017-06-16T17:27:05","date_gmt":"2017-06-16T15:27:05","guid":{"rendered":"http:\/\/astrodan.fr\/site\/?page_id=877"},"modified":"2023-03-09T15:56:57","modified_gmt":"2023-03-09T14:56:57","slug":"2017-2","status":"publish","type":"page","link":"http:\/\/astrodan.fr\/site\/soleil-2\/images-solaires-2\/2017-2\/","title":{"rendered":"2017"},"content":{"rendered":"<p>[et_pb_section fb_built=\u00a0\u00bb1&Prime; _builder_version=\u00a0\u00bb4.20.0&Prime; hover_enabled=\u00a0\u00bb0&Prime; global_colors_info=\u00a0\u00bb{}\u00a0\u00bb background_color=\u00a0\u00bb#100a3f\u00a0\u00bb sticky_enabled=\u00a0\u00bb0&Prime;][et_pb_row _builder_version=\u00a0\u00bb4.16&Prime; background_size=\u00a0\u00bbinitial\u00a0\u00bb background_position=\u00a0\u00bbtop_left\u00a0\u00bb background_repeat=\u00a0\u00bbrepeat\u00a0\u00bb global_colors_info=\u00a0\u00bb{}\u00a0\u00bb][et_pb_column type=\u00a0\u00bb4_4&Prime; _builder_version=\u00a0\u00bb4.16&Prime; custom_padding=\u00a0\u00bb|||\u00a0\u00bb global_colors_info=\u00a0\u00bb{}\u00a0\u00bb custom_padding__hover=\u00a0\u00bb|||\u00a0\u00bb][et_pb_text _builder_version=\u00a0\u00bb4.16&Prime; background_size=\u00a0\u00bbinitial\u00a0\u00bb background_position=\u00a0\u00bbtop_left\u00a0\u00bb background_repeat=\u00a0\u00bbrepeat\u00a0\u00bb global_colors_info=\u00a0\u00bb{}\u00a0\u00bb]<\/p>\n<p><a id=\"Hdep\" name=\"Hdep\"><\/a><\/p>\n<p><u>Aspect du Soleil le 15 juin 2017<\/u><\/p>\n<p><u>En lumi\u00e8re blanche <\/u><\/p>\n<p><img loading=\"lazy\" decoding=\"async\" class=\"alignnone size-full wp-image-5435\" src=\"http:\/\/astrodan.fr\/site\/wp-content\/uploads\/Soleil-lumiere-blanche\/2017\/slb1.jpg\" alt=\"\" width=\"1200\" height=\"1206\" srcset=\"http:\/\/astrodan.fr\/site\/wp-content\/uploads\/Soleil-lumiere-blanche\/2017\/slb1.jpg 1200w, http:\/\/astrodan.fr\/site\/wp-content\/uploads\/Soleil-lumiere-blanche\/2017\/slb1-980x985.jpg 980w, http:\/\/astrodan.fr\/site\/wp-content\/uploads\/Soleil-lumiere-blanche\/2017\/slb1-480x482.jpg 480w\" sizes=\"(min-width: 0px) and (max-width: 480px) 480px, (min-width: 481px) and (max-width: 980px) 980px, (min-width: 981px) 1200px, 100vw\" \/><\/p>\n<p><u>En H alpha <\/u><\/p>\n<p><img loading=\"lazy\" decoding=\"async\" class=\"alignnone size-full wp-image-5436\" src=\"http:\/\/astrodan.fr\/site\/wp-content\/uploads\/Soleil-lumiere-blanche\/2017\/soleil_HA.jpg\" alt=\"\" width=\"912\" height=\"912\" srcset=\"http:\/\/astrodan.fr\/site\/wp-content\/uploads\/Soleil-lumiere-blanche\/2017\/soleil_HA.jpg 912w, http:\/\/astrodan.fr\/site\/wp-content\/uploads\/Soleil-lumiere-blanche\/2017\/soleil_HA-480x480.jpg 480w\" sizes=\"(min-width: 0px) and (max-width: 480px) 480px, (min-width: 481px) 912px, 100vw\" \/><\/p>\n<p><img loading=\"lazy\" decoding=\"async\" class=\"alignnone size-full wp-image-5437\" src=\"http:\/\/astrodan.fr\/site\/wp-content\/uploads\/Soleil-lumiere-blanche\/2017\/disque_protu_nb.jpg\" alt=\"\" width=\"916\" height=\"902\" srcset=\"http:\/\/astrodan.fr\/site\/wp-content\/uploads\/Soleil-lumiere-blanche\/2017\/disque_protu_nb.jpg 916w, http:\/\/astrodan.fr\/site\/wp-content\/uploads\/Soleil-lumiere-blanche\/2017\/disque_protu_nb-480x473.jpg 480w\" sizes=\"(min-width: 0px) and (max-width: 480px) 480px, (min-width: 481px) 916px, 100vw\" \/><\/p>\n<p><img loading=\"lazy\" decoding=\"async\" class=\"alignnone size-full wp-image-5438\" src=\"http:\/\/astrodan.fr\/site\/wp-content\/uploads\/Soleil-lumiere-blanche\/2017\/coro.jpg\" alt=\"\" width=\"916\" height=\"902\" srcset=\"http:\/\/astrodan.fr\/site\/wp-content\/uploads\/Soleil-lumiere-blanche\/2017\/coro.jpg 916w, http:\/\/astrodan.fr\/site\/wp-content\/uploads\/Soleil-lumiere-blanche\/2017\/coro-480x473.jpg 480w\" sizes=\"(min-width: 0px) and (max-width: 480px) 480px, (min-width: 481px) 916px, 100vw\" \/><\/p>\n<p><img loading=\"lazy\" decoding=\"async\" class=\"alignnone size-full wp-image-5439\" src=\"http:\/\/astrodan.fr\/site\/wp-content\/uploads\/Soleil-lumiere-blanche\/2017\/taches_.jpg\" alt=\"\" width=\"1200\" height=\"721\" srcset=\"http:\/\/astrodan.fr\/site\/wp-content\/uploads\/Soleil-lumiere-blanche\/2017\/taches_.jpg 1200w, http:\/\/astrodan.fr\/site\/wp-content\/uploads\/Soleil-lumiere-blanche\/2017\/taches_-980x589.jpg 980w, http:\/\/astrodan.fr\/site\/wp-content\/uploads\/Soleil-lumiere-blanche\/2017\/taches_-480x288.jpg 480w\" sizes=\"(min-width: 0px) and (max-width: 480px) 480px, (min-width: 481px) and (max-width: 980px) 980px, (min-width: 981px) 1200px, 100vw\" \/><\/p>\n<p><u>Soleil du 8 juillet 2017<\/u><\/p>\n<p><img loading=\"lazy\" decoding=\"async\" class=\"alignnone size-full wp-image-5440\" src=\"http:\/\/astrodan.fr\/site\/wp-content\/uploads\/Soleil-lumiere-blanche\/2017\/soleil_lb.jpg\" alt=\"\" width=\"1071\" height=\"1000\" srcset=\"http:\/\/astrodan.fr\/site\/wp-content\/uploads\/Soleil-lumiere-blanche\/2017\/soleil_lb.jpg 1071w, http:\/\/astrodan.fr\/site\/wp-content\/uploads\/Soleil-lumiere-blanche\/2017\/soleil_lb-980x915.jpg 980w, http:\/\/astrodan.fr\/site\/wp-content\/uploads\/Soleil-lumiere-blanche\/2017\/soleil_lb-480x448.jpg 480w\" sizes=\"(min-width: 0px) and (max-width: 480px) 480px, (min-width: 481px) and (max-width: 980px) 980px, (min-width: 981px) 1071px, 100vw\" \/><\/p>\n<p><img loading=\"lazy\" decoding=\"async\" class=\"alignnone size-full wp-image-5441\" src=\"http:\/\/astrodan.fr\/site\/wp-content\/uploads\/Soleil-lumiere-blanche\/2017\/pano_h1_.jpg\" alt=\"\" width=\"1032\" height=\"1038\" srcset=\"http:\/\/astrodan.fr\/site\/wp-content\/uploads\/Soleil-lumiere-blanche\/2017\/pano_h1_.jpg 1032w, http:\/\/astrodan.fr\/site\/wp-content\/uploads\/Soleil-lumiere-blanche\/2017\/pano_h1_-980x986.jpg 980w, http:\/\/astrodan.fr\/site\/wp-content\/uploads\/Soleil-lumiere-blanche\/2017\/pano_h1_-480x483.jpg 480w\" sizes=\"(min-width: 0px) and (max-width: 480px) 480px, (min-width: 481px) and (max-width: 980px) 980px, (min-width: 981px) 1032px, 100vw\" \/><\/p>\n<p><img loading=\"lazy\" decoding=\"async\" class=\"alignnone size-full wp-image-5442\" src=\"http:\/\/astrodan.fr\/site\/wp-content\/uploads\/Soleil-lumiere-blanche\/2017\/anim-1.gif\" alt=\"\" width=\"936\" height=\"1000\"><\/p>\n<p><u>Soleil du 22 ao\u00fbt 2017<\/u><\/p>\n<p><img loading=\"lazy\" decoding=\"async\" class=\"alignnone size-full wp-image-5443\" src=\"http:\/\/astrodan.fr\/site\/wp-content\/uploads\/Soleil-lumiere-blanche\/2017\/dh3_.jpg\" alt=\"\" width=\"1151\" height=\"1125\" srcset=\"http:\/\/astrodan.fr\/site\/wp-content\/uploads\/Soleil-lumiere-blanche\/2017\/dh3_.jpg 1151w, http:\/\/astrodan.fr\/site\/wp-content\/uploads\/Soleil-lumiere-blanche\/2017\/dh3_-980x958.jpg 980w, http:\/\/astrodan.fr\/site\/wp-content\/uploads\/Soleil-lumiere-blanche\/2017\/dh3_-480x469.jpg 480w\" sizes=\"(min-width: 0px) and (max-width: 480px) 480px, (min-width: 481px) and (max-width: 980px) 980px, (min-width: 981px) 1151px, 100vw\" \/><\/p>\n<p><u><img decoding=\"async\" style=\"width: 1200px; height: 1181px;\" src=\"http:\/\/astrodan.fr\/site\/wp-content\/uploads\/image\/Soleil\/2017\/Protu_f.jpg\" alt=\"\"><\/u><\/p>\n<p><img loading=\"lazy\" decoding=\"async\" class=\"alignnone size-full wp-image-5445\" src=\"http:\/\/astrodan.fr\/site\/wp-content\/uploads\/Soleil-lumiere-blanche\/2017\/sb1_.jpg\" alt=\"\" width=\"1200\" height=\"1120\" srcset=\"http:\/\/astrodan.fr\/site\/wp-content\/uploads\/Soleil-lumiere-blanche\/2017\/sb1_.jpg 1200w, http:\/\/astrodan.fr\/site\/wp-content\/uploads\/Soleil-lumiere-blanche\/2017\/sb1_-980x915.jpg 980w, http:\/\/astrodan.fr\/site\/wp-content\/uploads\/Soleil-lumiere-blanche\/2017\/sb1_-480x448.jpg 480w\" sizes=\"(min-width: 0px) and (max-width: 480px) 480px, (min-width: 481px) and (max-width: 980px) 980px, (min-width: 981px) 1200px, 100vw\" \/><\/p>\n<p><u>Soleil du 23 ao\u00fbt 2017<\/u><\/p>\n<p><img loading=\"lazy\" decoding=\"async\" class=\"alignnone size-full wp-image-5446\" src=\"http:\/\/astrodan.fr\/site\/wp-content\/uploads\/Soleil-lumiere-blanche\/2017\/g1.jpg\" alt=\"\" width=\"1200\" height=\"897\" srcset=\"http:\/\/astrodan.fr\/site\/wp-content\/uploads\/Soleil-lumiere-blanche\/2017\/g1.jpg 1200w, http:\/\/astrodan.fr\/site\/wp-content\/uploads\/Soleil-lumiere-blanche\/2017\/g1-980x733.jpg 980w, http:\/\/astrodan.fr\/site\/wp-content\/uploads\/Soleil-lumiere-blanche\/2017\/g1-480x359.jpg 480w\" sizes=\"(min-width: 0px) and (max-width: 480px) 480px, (min-width: 481px) and (max-width: 980px) 980px, (min-width: 981px) 1200px, 100vw\" \/><\/p>\n<p><img loading=\"lazy\" decoding=\"async\" class=\"alignnone size-full wp-image-5447\" src=\"http:\/\/astrodan.fr\/site\/wp-content\/uploads\/Soleil-lumiere-blanche\/2017\/g2.jpg\" alt=\"\" width=\"1200\" height=\"882\" srcset=\"http:\/\/astrodan.fr\/site\/wp-content\/uploads\/Soleil-lumiere-blanche\/2017\/g2.jpg 1200w, http:\/\/astrodan.fr\/site\/wp-content\/uploads\/Soleil-lumiere-blanche\/2017\/g2-980x720.jpg 980w, http:\/\/astrodan.fr\/site\/wp-content\/uploads\/Soleil-lumiere-blanche\/2017\/g2-480x353.jpg 480w\" sizes=\"(min-width: 0px) and (max-width: 480px) 480px, (min-width: 481px) and (max-width: 980px) 980px, (min-width: 981px) 1200px, 100vw\" \/><\/p>\n<p><img loading=\"lazy\" decoding=\"async\" class=\"alignnone size-full wp-image-5448\" src=\"http:\/\/astrodan.fr\/site\/wp-content\/uploads\/Soleil-lumiere-blanche\/2017\/slb23.jpg\" alt=\"\" width=\"1200\" height=\"1189\" srcset=\"http:\/\/astrodan.fr\/site\/wp-content\/uploads\/Soleil-lumiere-blanche\/2017\/slb23.jpg 1200w, http:\/\/astrodan.fr\/site\/wp-content\/uploads\/Soleil-lumiere-blanche\/2017\/slb23-980x971.jpg 980w, http:\/\/astrodan.fr\/site\/wp-content\/uploads\/Soleil-lumiere-blanche\/2017\/slb23-480x476.jpg 480w\" sizes=\"(min-width: 0px) and (max-width: 480px) 480px, (min-width: 481px) and (max-width: 980px) 980px, (min-width: 981px) 1200px, 100vw\" \/><\/p>\n<p><img loading=\"lazy\" decoding=\"async\" class=\"alignnone size-full wp-image-5449\" src=\"http:\/\/astrodan.fr\/site\/wp-content\/uploads\/Soleil-lumiere-blanche\/2017\/sh23_.jpg\" alt=\"\" width=\"1151\" height=\"1125\" srcset=\"http:\/\/astrodan.fr\/site\/wp-content\/uploads\/Soleil-lumiere-blanche\/2017\/sh23_.jpg 1151w, http:\/\/astrodan.fr\/site\/wp-content\/uploads\/Soleil-lumiere-blanche\/2017\/sh23_-980x958.jpg 980w, http:\/\/astrodan.fr\/site\/wp-content\/uploads\/Soleil-lumiere-blanche\/2017\/sh23_-480x469.jpg 480w\" sizes=\"(min-width: 0px) and (max-width: 480px) 480px, (min-width: 481px) and (max-width: 980px) 980px, (min-width: 981px) 1151px, 100vw\" \/><\/p>\n<p><img loading=\"lazy\" decoding=\"async\" class=\"alignnone size-full wp-image-5450\" src=\"http:\/\/astrodan.fr\/site\/wp-content\/uploads\/Soleil-lumiere-blanche\/2017\/protu2_.jpg\" alt=\"\" width=\"971\" height=\"971\" srcset=\"http:\/\/astrodan.fr\/site\/wp-content\/uploads\/Soleil-lumiere-blanche\/2017\/protu2_.jpg 971w, http:\/\/astrodan.fr\/site\/wp-content\/uploads\/Soleil-lumiere-blanche\/2017\/protu2_-480x480.jpg 480w\" sizes=\"(min-width: 0px) and (max-width: 480px) 480px, (min-width: 481px) 971px, 100vw\" \/><\/p>\n<p><u>Animation solaire sur 24h <\/u><\/p>\n<p><img loading=\"lazy\" decoding=\"async\" class=\"alignnone size-full wp-image-5451\" src=\"http:\/\/astrodan.fr\/site\/wp-content\/uploads\/Soleil-lumiere-blanche\/2017\/anim_lb_.gif\" alt=\"\" width=\"1200\" height=\"1120\"><\/p>\n<p><img loading=\"lazy\" decoding=\"async\" class=\"alignnone size-full wp-image-5452\" src=\"http:\/\/astrodan.fr\/site\/wp-content\/uploads\/Soleil-lumiere-blanche\/2017\/anim_h.gif\" alt=\"\" width=\"1151\" height=\"1125\"><\/p>\n<p><u>Soleil du 27 septembre 2017<\/u><\/p>\n<p><img loading=\"lazy\" decoding=\"async\" class=\"alignnone size-full wp-image-5453\" src=\"http:\/\/astrodan.fr\/site\/wp-content\/uploads\/Soleil-lumiere-blanche\/2017\/32557930lb.jpg\" alt=\"\" width=\"1000\" height=\"1000\" srcset=\"http:\/\/astrodan.fr\/site\/wp-content\/uploads\/Soleil-lumiere-blanche\/2017\/32557930lb.jpg 1000w, http:\/\/astrodan.fr\/site\/wp-content\/uploads\/Soleil-lumiere-blanche\/2017\/32557930lb-980x980.jpg 980w, http:\/\/astrodan.fr\/site\/wp-content\/uploads\/Soleil-lumiere-blanche\/2017\/32557930lb-480x480.jpg 480w\" sizes=\"(min-width: 0px) and (max-width: 480px) 480px, (min-width: 481px) and (max-width: 980px) 980px, (min-width: 981px) 1000px, 100vw\" \/><\/p>\n<p><img loading=\"lazy\" decoding=\"async\" class=\"alignnone size-full wp-image-5454\" src=\"http:\/\/astrodan.fr\/site\/wp-content\/uploads\/Soleil-lumiere-blanche\/2017\/379190panotaches.jpg\" alt=\"\" width=\"1200\" height=\"503\" srcset=\"http:\/\/astrodan.fr\/site\/wp-content\/uploads\/Soleil-lumiere-blanche\/2017\/379190panotaches.jpg 1200w, http:\/\/astrodan.fr\/site\/wp-content\/uploads\/Soleil-lumiere-blanche\/2017\/379190panotaches-980x411.jpg 980w, http:\/\/astrodan.fr\/site\/wp-content\/uploads\/Soleil-lumiere-blanche\/2017\/379190panotaches-480x201.jpg 480w\" sizes=\"(min-width: 0px) and (max-width: 480px) 480px, (min-width: 481px) and (max-width: 980px) 980px, (min-width: 981px) 1200px, 100vw\" \/><\/p>\n<p><img loading=\"lazy\" decoding=\"async\" class=\"alignnone size-full wp-image-5455\" src=\"http:\/\/astrodan.fr\/site\/wp-content\/uploads\/Soleil-lumiere-blanche\/2017\/94428242t3.jpg\" alt=\"\" width=\"1016\" height=\"751\" srcset=\"http:\/\/astrodan.fr\/site\/wp-content\/uploads\/Soleil-lumiere-blanche\/2017\/94428242t3.jpg 1016w, http:\/\/astrodan.fr\/site\/wp-content\/uploads\/Soleil-lumiere-blanche\/2017\/94428242t3-980x724.jpg 980w, http:\/\/astrodan.fr\/site\/wp-content\/uploads\/Soleil-lumiere-blanche\/2017\/94428242t3-480x355.jpg 480w\" sizes=\"(min-width: 0px) and (max-width: 480px) 480px, (min-width: 481px) and (max-width: 980px) 980px, (min-width: 981px) 1016px, 100vw\" \/><\/p>\n<p><img loading=\"lazy\" decoding=\"async\" class=\"alignnone size-full wp-image-5456\" src=\"http:\/\/astrodan.fr\/site\/wp-content\/uploads\/Soleil-lumiere-blanche\/2017\/539498h1And1morefused.jpg\" alt=\"\" width=\"976\" height=\"973\" srcset=\"http:\/\/astrodan.fr\/site\/wp-content\/uploads\/Soleil-lumiere-blanche\/2017\/539498h1And1morefused.jpg 976w, http:\/\/astrodan.fr\/site\/wp-content\/uploads\/Soleil-lumiere-blanche\/2017\/539498h1And1morefused-480x479.jpg 480w\" sizes=\"(min-width: 0px) and (max-width: 480px) 480px, (min-width: 481px) 976px, 100vw\" \/><\/p>\n<p><img loading=\"lazy\" decoding=\"async\" class=\"alignnone size-full wp-image-5457\" src=\"http:\/\/astrodan.fr\/site\/wp-content\/uploads\/Soleil-lumiere-blanche\/2017\/176784detailsh1.jpg\" alt=\"\" width=\"1017\" height=\"738\" srcset=\"http:\/\/astrodan.fr\/site\/wp-content\/uploads\/Soleil-lumiere-blanche\/2017\/176784detailsh1.jpg 1017w, http:\/\/astrodan.fr\/site\/wp-content\/uploads\/Soleil-lumiere-blanche\/2017\/176784detailsh1-980x711.jpg 980w, http:\/\/astrodan.fr\/site\/wp-content\/uploads\/Soleil-lumiere-blanche\/2017\/176784detailsh1-480x348.jpg 480w\" sizes=\"(min-width: 0px) and (max-width: 480px) 480px, (min-width: 481px) and (max-width: 980px) 980px, (min-width: 981px) 1017px, 100vw\" \/><\/p>\n<p><img loading=\"lazy\" decoding=\"async\" class=\"alignnone size-full wp-image-5458\" src=\"http:\/\/astrodan.fr\/site\/wp-content\/uploads\/Soleil-lumiere-blanche\/2017\/594928detailsh2.jpg\" alt=\"\" width=\"1013\" height=\"738\" srcset=\"http:\/\/astrodan.fr\/site\/wp-content\/uploads\/Soleil-lumiere-blanche\/2017\/594928detailsh2.jpg 1013w, http:\/\/astrodan.fr\/site\/wp-content\/uploads\/Soleil-lumiere-blanche\/2017\/594928detailsh2-980x714.jpg 980w, http:\/\/astrodan.fr\/site\/wp-content\/uploads\/Soleil-lumiere-blanche\/2017\/594928detailsh2-480x350.jpg 480w\" sizes=\"(min-width: 0px) and (max-width: 480px) 480px, (min-width: 481px) and (max-width: 980px) 980px, (min-width: 981px) 1013px, 100vw\" \/><\/p>\n<p><img loading=\"lazy\" decoding=\"async\" class=\"alignnone size-full wp-image-5459\" src=\"http:\/\/astrodan.fr\/site\/wp-content\/uploads\/Soleil-lumiere-blanche\/2017\/31781431p1.jpg\" alt=\"\" width=\"991\" height=\"970\" srcset=\"http:\/\/astrodan.fr\/site\/wp-content\/uploads\/Soleil-lumiere-blanche\/2017\/31781431p1.jpg 991w, http:\/\/astrodan.fr\/site\/wp-content\/uploads\/Soleil-lumiere-blanche\/2017\/31781431p1-980x959.jpg 980w, http:\/\/astrodan.fr\/site\/wp-content\/uploads\/Soleil-lumiere-blanche\/2017\/31781431p1-480x470.jpg 480w\" sizes=\"(min-width: 0px) and (max-width: 480px) 480px, (min-width: 481px) and (max-width: 980px) 980px, (min-width: 981px) 991px, 100vw\" \/><\/p>\n<p><span style=\"text-decoration: underline;\">Protub\u00e9rance solaire du 19 octobre 2017<\/span><\/p>\n<p><img loading=\"lazy\" decoding=\"async\" src=\"http:\/\/astrodan.fr\/site\/wp-content\/uploads\/soleil_Halpha.jpg\" alt=\"\" width=\"1024\" height=\"1040\"><\/p>\n<p><img loading=\"lazy\" decoding=\"async\" src=\"http:\/\/astrodan.fr\/site\/wp-content\/uploads\/soleil_Halpha%202.jpg\" alt=\"\" width=\"1048\" height=\"784\"><\/p>\n<p><img loading=\"lazy\" decoding=\"async\" src=\"http:\/\/astrodan.fr\/site\/wp-content\/uploads\/anim.gif\" alt=\"\" width=\"1288\" height=\"984\"><\/p>\n<p>&nbsp;<\/p>\n<p><a href=\"http:\/\/astrodan.fr\/site\/?page_id=877\"><u>Haut de page<\/u><\/a><\/p>\n<p>&nbsp;<\/p>\n<p>&nbsp;<\/p>\n<p>[\/et_pb_text][\/et_pb_column][\/et_pb_row][\/et_pb_section]<\/p>\n","protected":false},"excerpt":{"rendered":"<p>Aspect du Soleil le 15 juin 2017 En lumi\u00e8re blanche En H alpha Soleil du 8 juillet 2017 Soleil du 22 ao\u00fbt 2017 Soleil du 23 ao\u00fbt 2017 Animation solaire sur 24h Soleil du 27 septembre 2017 Protub\u00e9rance solaire du 19 octobre 2017 &nbsp; Haut de page &nbsp; &nbsp;<\/p>\n","protected":false},"author":1,"featured_media":0,"parent":302,"menu_order":7,"comment_status":"closed","ping_status":"closed","template":"","meta":{"_et_pb_use_builder":"on","_et_pb_old_content":"<p><a id=\"Hdep\" name=\"Hdep\"><\/a><\/p>\r\n<p><u>Aspect du Soleil le 15 juin 2017<\/u><\/p>\r\n<p><u>En lumi\u00e8re blanche <\/u><\/p>\r\n<p><img class=\"alignnone size-full wp-image-5435\" src=\"http:\/\/astrodan.fr\/site\/wp-content\/uploads\/Soleil-lumiere-blanche\/2017\/slb1.jpg\" alt=\"\" width=\"1200\" height=\"1206\"><\/p>\r\n<p><u>En H alpha <\/u><\/p>\r\n<p><img class=\"alignnone size-full wp-image-5436\" src=\"http:\/\/astrodan.fr\/site\/wp-content\/uploads\/Soleil-lumiere-blanche\/2017\/soleil_HA.jpg\" alt=\"\" width=\"912\" height=\"912\"><\/p>\r\n<p><img class=\"alignnone size-full wp-image-5437\" src=\"http:\/\/astrodan.fr\/site\/wp-content\/uploads\/Soleil-lumiere-blanche\/2017\/disque_protu_nb.jpg\" alt=\"\" width=\"916\" height=\"902\"><\/p>\r\n<p><img class=\"alignnone size-full wp-image-5438\" src=\"http:\/\/astrodan.fr\/site\/wp-content\/uploads\/Soleil-lumiere-blanche\/2017\/coro.jpg\" alt=\"\" width=\"916\" height=\"902\"><\/p>\r\n<p><img class=\"alignnone size-full wp-image-5439\" src=\"http:\/\/astrodan.fr\/site\/wp-content\/uploads\/Soleil-lumiere-blanche\/2017\/taches_.jpg\" alt=\"\" width=\"1200\" height=\"721\"><\/p>\r\n<p><u>Soleil du 8 juillet 2017<\/u><\/p>\r\n<p><img class=\"alignnone size-full wp-image-5440\" src=\"http:\/\/astrodan.fr\/site\/wp-content\/uploads\/Soleil-lumiere-blanche\/2017\/soleil_lb.jpg\" alt=\"\" width=\"1071\" height=\"1000\"><\/p>\r\n<p><img class=\"alignnone size-full wp-image-5441\" src=\"http:\/\/astrodan.fr\/site\/wp-content\/uploads\/Soleil-lumiere-blanche\/2017\/pano_h1_.jpg\" alt=\"\" width=\"1032\" height=\"1038\"><\/p>\r\n<p><img class=\"alignnone size-full wp-image-5442\" src=\"http:\/\/astrodan.fr\/site\/wp-content\/uploads\/Soleil-lumiere-blanche\/2017\/anim-1.gif\" alt=\"\" width=\"936\" height=\"1000\"><\/p>\r\n<p><u>Soleil du 22 ao\u00fbt 2017<\/u><\/p>\r\n<p><img class=\"alignnone size-full wp-image-5443\" src=\"http:\/\/astrodan.fr\/site\/wp-content\/uploads\/Soleil-lumiere-blanche\/2017\/dh3_.jpg\" alt=\"\" width=\"1151\" height=\"1125\"><\/p>\r\n<p><u><img style=\"width: 1200px; height: 1181px;\" src=\"http:\/\/astrodan.fr\/site\/wp-content\/uploads\/image\/Soleil\/2017\/Protu_f.jpg\" alt=\"\"><\/u><\/p>\r\n<p><img class=\"alignnone size-full wp-image-5445\" src=\"http:\/\/astrodan.fr\/site\/wp-content\/uploads\/Soleil-lumiere-blanche\/2017\/sb1_.jpg\" alt=\"\" width=\"1200\" height=\"1120\"><\/p>\r\n<p><u>Soleil du 23 ao\u00fbt 2017<\/u><\/p>\r\n<p><img class=\"alignnone size-full wp-image-5446\" src=\"http:\/\/astrodan.fr\/site\/wp-content\/uploads\/Soleil-lumiere-blanche\/2017\/g1.jpg\" alt=\"\" width=\"1200\" height=\"897\"><\/p>\r\n<p><img class=\"alignnone size-full wp-image-5447\" src=\"http:\/\/astrodan.fr\/site\/wp-content\/uploads\/Soleil-lumiere-blanche\/2017\/g2.jpg\" alt=\"\" width=\"1200\" height=\"882\"><\/p>\r\n<p><img class=\"alignnone size-full wp-image-5448\" src=\"http:\/\/astrodan.fr\/site\/wp-content\/uploads\/Soleil-lumiere-blanche\/2017\/slb23.jpg\" alt=\"\" width=\"1200\" height=\"1189\"><\/p>\r\n<p><img class=\"alignnone size-full wp-image-5449\" src=\"http:\/\/astrodan.fr\/site\/wp-content\/uploads\/Soleil-lumiere-blanche\/2017\/sh23_.jpg\" alt=\"\" width=\"1151\" height=\"1125\"><\/p>\r\n<p><img class=\"alignnone size-full wp-image-5450\" src=\"http:\/\/astrodan.fr\/site\/wp-content\/uploads\/Soleil-lumiere-blanche\/2017\/protu2_.jpg\" alt=\"\" width=\"971\" height=\"971\"><\/p>\r\n<p><u>Animation solaire sur 24h <\/u><\/p>\r\n<p><img class=\"alignnone size-full wp-image-5451\" src=\"http:\/\/astrodan.fr\/site\/wp-content\/uploads\/Soleil-lumiere-blanche\/2017\/anim_lb_.gif\" alt=\"\" width=\"1200\" height=\"1120\"><\/p>\r\n<p><img class=\"alignnone size-full wp-image-5452\" src=\"http:\/\/astrodan.fr\/site\/wp-content\/uploads\/Soleil-lumiere-blanche\/2017\/anim_h.gif\" alt=\"\" width=\"1151\" height=\"1125\"><\/p>\r\n<p><u>Soleil du 27 septembre 2017<\/u><\/p>\r\n<p><img class=\"alignnone size-full wp-image-5453\" src=\"http:\/\/astrodan.fr\/site\/wp-content\/uploads\/Soleil-lumiere-blanche\/2017\/32557930lb.jpg\" alt=\"\" width=\"1000\" height=\"1000\"><\/p>\r\n<p><img class=\"alignnone size-full wp-image-5454\" src=\"http:\/\/astrodan.fr\/site\/wp-content\/uploads\/Soleil-lumiere-blanche\/2017\/379190panotaches.jpg\" alt=\"\" width=\"1200\" height=\"503\"><\/p>\r\n<p><img class=\"alignnone size-full wp-image-5455\" src=\"http:\/\/astrodan.fr\/site\/wp-content\/uploads\/Soleil-lumiere-blanche\/2017\/94428242t3.jpg\" alt=\"\" width=\"1016\" height=\"751\"><\/p>\r\n<p><img class=\"alignnone size-full wp-image-5456\" src=\"http:\/\/astrodan.fr\/site\/wp-content\/uploads\/Soleil-lumiere-blanche\/2017\/539498h1And1morefused.jpg\" alt=\"\" width=\"976\" height=\"973\"><\/p>\r\n<p><img class=\"alignnone size-full wp-image-5457\" src=\"http:\/\/astrodan.fr\/site\/wp-content\/uploads\/Soleil-lumiere-blanche\/2017\/176784detailsh1.jpg\" alt=\"\" width=\"1017\" height=\"738\"><\/p>\r\n<p><img class=\"alignnone size-full wp-image-5458\" src=\"http:\/\/astrodan.fr\/site\/wp-content\/uploads\/Soleil-lumiere-blanche\/2017\/594928detailsh2.jpg\" alt=\"\" width=\"1013\" height=\"738\"><\/p>\r\n<p><img class=\"alignnone size-full wp-image-5459\" src=\"http:\/\/astrodan.fr\/site\/wp-content\/uploads\/Soleil-lumiere-blanche\/2017\/31781431p1.jpg\" alt=\"\" width=\"991\" height=\"970\"><\/p>\r\n<p><span style=\"text-decoration: underline;\">Protub\u00e9rance solaire du 19 octobre 2017<\/span><\/p>\r\n<p><img src=\"http:\/\/astrodan.fr\/site\/wp-content\/uploads\/soleil_Halpha.jpg\" alt=\"\" width=\"1024\" height=\"1040\"><\/p>\r\n<p><img src=\"http:\/\/astrodan.fr\/site\/wp-content\/uploads\/soleil_Halpha%202.jpg\" alt=\"\" width=\"1048\" height=\"784\"><\/p>\r\n<p><img src=\"http:\/\/astrodan.fr\/site\/wp-content\/uploads\/anim.gif\" alt=\"\" width=\"1288\" height=\"984\"><\/p>\r\n<p>\u00a0<\/p>\r\n<p><a href=\"http:\/\/astrodan.fr\/site\/?page_id=877\"><u>Haut de page<\/u><\/a><\/p>\r\n<p>\u00a0<\/p>\r\n<p>\u00a0<\/p>","_et_gb_content_width":"","ngg_post_thumbnail":0,"footnotes":""},"_links":{"self":[{"href":"http:\/\/astrodan.fr\/site\/wp-json\/wp\/v2\/pages\/877"}],"collection":[{"href":"http:\/\/astrodan.fr\/site\/wp-json\/wp\/v2\/pages"}],"about":[{"href":"http:\/\/astrodan.fr\/site\/wp-json\/wp\/v2\/types\/page"}],"author":[{"embeddable":true,"href":"http:\/\/astrodan.fr\/site\/wp-json\/wp\/v2\/users\/1"}],"replies":[{"embeddable":true,"href":"http:\/\/astrodan.fr\/site\/wp-json\/wp\/v2\/comments?post=877"}],"version-history":[{"count":3,"href":"http:\/\/astrodan.fr\/site\/wp-json\/wp\/v2\/pages\/877\/revisions"}],"predecessor-version":[{"id":5733,"href":"http:\/\/astrodan.fr\/site\/wp-json\/wp\/v2\/pages\/877\/revisions\/5733"}],"up":[{"embeddable":true,"href":"http:\/\/astrodan.fr\/site\/wp-json\/wp\/v2\/pages\/302"}],"wp:attachment":[{"href":"http:\/\/astrodan.fr\/site\/wp-json\/wp\/v2\/media?parent=877"}],"curies":[{"name":"wp","href":"https:\/\/api.w.org\/{rel}","templated":true}]}}