{"id":83,"date":"2015-04-12T05:10:58","date_gmt":"2015-04-12T03:10:58","guid":{"rendered":"http:\/\/astrodan.fr\/site\/?page_id=83"},"modified":"2025-12-31T15:57:38","modified_gmt":"2025-12-31T14:57:38","slug":"objets-ic","status":"publish","type":"page","link":"http:\/\/astrodan.fr\/site\/ciel-profond\/objets-ic\/","title":{"rendered":"Objets IC"},"content":{"rendered":"<p>[et_pb_section fb_built=\u00a0\u00bb1&Prime; _builder_version=\u00a0\u00bb4.24.2&Prime; hover_enabled=\u00a0\u00bb0&Prime; global_colors_info=\u00a0\u00bb{}\u00a0\u00bb background_color=\u00a0\u00bb#100a3f\u00a0\u00bb sticky_enabled=\u00a0\u00bb0&Prime;][et_pb_row _builder_version=\u00a0\u00bb4.16&Prime; background_size=\u00a0\u00bbinitial\u00a0\u00bb background_position=\u00a0\u00bbtop_left\u00a0\u00bb background_repeat=\u00a0\u00bbrepeat\u00a0\u00bb global_colors_info=\u00a0\u00bb{}\u00a0\u00bb][et_pb_column type=\u00a0\u00bb4_4&Prime; _builder_version=\u00a0\u00bb4.16&Prime; custom_padding=\u00a0\u00bb|||\u00a0\u00bb global_colors_info=\u00a0\u00bb{}\u00a0\u00bb custom_padding__hover=\u00a0\u00bb|||\u00a0\u00bb][et_pb_text _builder_version=\u00a0\u00bb4.16&Prime; background_size=\u00a0\u00bbinitial\u00a0\u00bb background_position=\u00a0\u00bbtop_left\u00a0\u00bb background_repeat=\u00a0\u00bbrepeat\u00a0\u00bb global_colors_info=\u00a0\u00bb{}\u00a0\u00bb]<\/p>\n<p>&nbsp;<\/p>\n<p><a id=\"hdep\" name=\"hdep\"><\/a><\/p>\n<p>Voici mon objet pr\u00e9f\u00e9r\u00e9, nomm\u00e9 IC 434 ou B33, il est surtout connu sous le nom de n\u00e9buleuse de la t\u00eate de cheval.<\/p>\n<p>Situ\u00e9 dans la constellation d&rsquo;Orion , visible en hiver, cette n\u00e9buleuse en \u00e9mission n&rsquo;appara\u00eet qu&rsquo;en photo, elle est facilement reconnaissable par la forme en t\u00eate de cheval qui lui a donn\u00e9 son nom et qui se d\u00e9coupe dans la n\u00e9buleuse. En effet, derri\u00e8re la n\u00e9buleuse se trouve de l&rsquo;hydrog\u00e8ne qui, ionis\u00e9 par l&rsquo;\u00e9toile brillante proche Sigma Orionis, donne une couleur rouge. L&rsquo;obscurit\u00e9 de la t\u00eate de cheval est caus\u00e9e par la pr\u00e9sence d&rsquo;un nuage dense de gaz et de poussi\u00e8re. Cette derni\u00e8re absorbe fortement le rayonnement visible \u00e9mis par le gaz ionis\u00e9 d&rsquo;arri\u00e8re-plan.<\/p>\n<p>Photo prise au foyer du T 200\/1000 + Canon 1000D d\u00e9filtr\u00e9, addition de 20 poses de 5mn soit 1h40 de pose totale<\/p>\n<p><img loading=\"lazy\" decoding=\"async\" class=\"alignnone size-large wp-image-4272\" src=\"http:\/\/astrodan.fr\/site\/wp-content\/uploads\/IC\/ic434-1024x687.jpg\" alt=\"\" width=\"1024\" height=\"687\" srcset=\"http:\/\/astrodan.fr\/site\/wp-content\/uploads\/IC\/ic434-1024x687.jpg 1024w, http:\/\/astrodan.fr\/site\/wp-content\/uploads\/IC\/ic434-980x657.jpg 980w, http:\/\/astrodan.fr\/site\/wp-content\/uploads\/IC\/ic434-480x322.jpg 480w\" sizes=\"(min-width: 0px) and (max-width: 480px) 480px, (min-width: 481px) and (max-width: 980px) 980px, (min-width: 981px) 1024px, 100vw\" \/><\/p>\n<p><span style=\"text-decoration: underline;\">IC 405 et IC 410<\/span><\/p>\n<p><img loading=\"lazy\" decoding=\"async\" class=\"alignnone wp-image-929 size-full\" src=\"http:\/\/astrodan.fr\/site\/wp-content\/uploads\/IC\/ic405_ic410_w.jpg\" alt=\"\" width=\"1200\" height=\"792\" data-wpmflightbox=\"0\" data-wpmf_image_lightbox=\"http:\/\/astrodan.fr\/site\/wp-content\/uploads\/IC\/ic405_ic410_w.jpg\" srcset=\"http:\/\/astrodan.fr\/site\/wp-content\/uploads\/IC\/ic405_ic410_w.jpg 1200w, http:\/\/astrodan.fr\/site\/wp-content\/uploads\/IC\/ic405_ic410_w-150x99.jpg 150w, http:\/\/astrodan.fr\/site\/wp-content\/uploads\/IC\/ic405_ic410_w-300x198.jpg 300w, http:\/\/astrodan.fr\/site\/wp-content\/uploads\/IC\/ic405_ic410_w-768x507.jpg 768w, http:\/\/astrodan.fr\/site\/wp-content\/uploads\/IC\/ic405_ic410_w-1024x676.jpg 1024w\" sizes=\"(max-width: 1200px) 100vw, 1200px\" \/> <img loading=\"lazy\" decoding=\"async\" class=\"alignnone wp-image-928 size-full\" src=\"http:\/\/astrodan.fr\/site\/wp-content\/uploads\/IC\/ic405_ic410_A.jpg\" alt=\"\" width=\"1200\" height=\"792\" data-wpmflightbox=\"0\" data-wpmf_image_lightbox=\"http:\/\/astrodan.fr\/site\/wp-content\/uploads\/IC\/ic405_ic410_A.jpg\" srcset=\"http:\/\/astrodan.fr\/site\/wp-content\/uploads\/IC\/ic405_ic410_A.jpg 1200w, http:\/\/astrodan.fr\/site\/wp-content\/uploads\/IC\/ic405_ic410_A-150x99.jpg 150w, http:\/\/astrodan.fr\/site\/wp-content\/uploads\/IC\/ic405_ic410_A-300x198.jpg 300w, http:\/\/astrodan.fr\/site\/wp-content\/uploads\/IC\/ic405_ic410_A-768x507.jpg 768w, http:\/\/astrodan.fr\/site\/wp-content\/uploads\/IC\/ic405_ic410_A-1024x676.jpg 1024w\" sizes=\"(max-width: 1200px) 100vw, 1200px\" \/><\/p>\n<p><span style=\"text-decoration: underline;\">IC 405<\/span><\/p>\n<p><img loading=\"lazy\" decoding=\"async\" src=\"http:\/\/astrodan.fr\/site\/wp-content\/uploads\/_thumbs\/Images\/Objets%20IC\/ic405_finale.jpg\" width=\"1500\" height=\"1000\"><\/p>\n<p><span style=\"text-decoration: underline;\">IC 443 ( la M\u00e9duse ) dans les G\u00e9meaux<\/span><\/p>\n<p><img loading=\"lazy\" decoding=\"async\" src=\"http:\/\/astrodan.fr\/site\/wp-content\/uploads\/_thumbs\/Images\/Objets%20IC\/ic443_Full.jpg\" width=\"1500\" height=\"997\"><\/p>\n<p><span style=\"text-decoration: underline;\">IC 5146 ( le Cocon ) est compos\u00e9 d&rsquo;une n\u00e9buleuse en \u00e9mission et un amas ouvert.<\/span><\/p>\n<p><span style=\"text-decoration: underline;\">Photo prise au foyer du T 200\/1000 + Canon 1000D d\u00e9filtr\u00e9, addition de 16 poses de 5mn soit 1h20 de pose totale<\/span><\/p>\n<p><img loading=\"lazy\" decoding=\"async\" class=\"alignnone size-full wp-image-4275\" src=\"http:\/\/astrodan.fr\/site\/wp-content\/uploads\/2023\/ciel-profond-ic\/ic5146-scaled.jpg\" alt=\"\" width=\"2560\" height=\"1705\" srcset=\"http:\/\/astrodan.fr\/site\/wp-content\/uploads\/2023\/ciel-profond-ic\/ic5146-scaled.jpg 2560w, http:\/\/astrodan.fr\/site\/wp-content\/uploads\/2023\/ciel-profond-ic\/ic5146-1280x853.jpg 1280w, http:\/\/astrodan.fr\/site\/wp-content\/uploads\/2023\/ciel-profond-ic\/ic5146-980x653.jpg 980w, http:\/\/astrodan.fr\/site\/wp-content\/uploads\/2023\/ciel-profond-ic\/ic5146-480x320.jpg 480w\" sizes=\"(min-width: 0px) and (max-width: 480px) 480px, (min-width: 481px) and (max-width: 980px) 980px, (min-width: 981px) and (max-width: 1280px) 1280px, (min-width: 1281px) 2560px, 100vw\" \/><\/p>\n<p><u>IC 1805 , IC 1848 et double amas de Pers\u00e9e<\/u><\/p>\n<p><img loading=\"lazy\" decoding=\"async\" class=\"alignnone size-full wp-image-4277\" src=\"http:\/\/astrodan.fr\/site\/wp-content\/uploads\/2023\/ciel-profond-ic\/ICAM_an.jpg\" alt=\"\" width=\"1200\" height=\"793\" srcset=\"http:\/\/astrodan.fr\/site\/wp-content\/uploads\/2023\/ciel-profond-ic\/ICAM_an.jpg 1200w, http:\/\/astrodan.fr\/site\/wp-content\/uploads\/2023\/ciel-profond-ic\/ICAM_an-980x648.jpg 980w, http:\/\/astrodan.fr\/site\/wp-content\/uploads\/2023\/ciel-profond-ic\/ICAM_an-480x317.jpg 480w\" sizes=\"(min-width: 0px) and (max-width: 480px) 480px, (min-width: 481px) and (max-width: 980px) 980px, (min-width: 981px) 1200px, 100vw\" \/><\/p>\n<p><img loading=\"lazy\" decoding=\"async\" class=\"alignnone size-full wp-image-4276\" src=\"http:\/\/astrodan.fr\/site\/wp-content\/uploads\/2023\/ciel-profond-ic\/ICAM__boost_r_f.jpg\" alt=\"\" width=\"1200\" height=\"793\" srcset=\"http:\/\/astrodan.fr\/site\/wp-content\/uploads\/2023\/ciel-profond-ic\/ICAM__boost_r_f.jpg 1200w, http:\/\/astrodan.fr\/site\/wp-content\/uploads\/2023\/ciel-profond-ic\/ICAM__boost_r_f-980x648.jpg 980w, http:\/\/astrodan.fr\/site\/wp-content\/uploads\/2023\/ciel-profond-ic\/ICAM__boost_r_f-480x317.jpg 480w\" sizes=\"(min-width: 0px) and (max-width: 480px) 480px, (min-width: 481px) and (max-width: 980px) 980px, (min-width: 981px) 1200px, 100vw\" \/><\/p>\n<p><u>IC 1101: la plus grosse galaxie de l&rsquo;univers <\/u><\/p>\n<p>IC 1101 est une galaxie situ\u00e9e au centre du superamas de galaxies Abell 2029.<br \/>\nElle est situ\u00e9e \u00e0 environ 1,07 milliard d&rsquo;ann\u00e9es-lumi\u00e8re dans la constellation du Serpent.<\/p>\n<p>Elle abrite plus de 100 000 milliards d&rsquo;\u00e9toiles et sa masse est 2000 fois sup\u00e9rieure \u00e0 celle de la Voie Lact\u00e9e. IC 1101 est \u00e0 ce jour la plus grande galaxie de l&rsquo;univers.<\/p>\n<p><img loading=\"lazy\" decoding=\"async\" class=\"alignnone size-full wp-image-4278\" src=\"http:\/\/astrodan.fr\/site\/wp-content\/uploads\/2023\/ciel-profond-ic\/ic1101_sw.jpg\" alt=\"\" width=\"1200\" height=\"799\" srcset=\"http:\/\/astrodan.fr\/site\/wp-content\/uploads\/2023\/ciel-profond-ic\/ic1101_sw.jpg 1200w, http:\/\/astrodan.fr\/site\/wp-content\/uploads\/2023\/ciel-profond-ic\/ic1101_sw-980x653.jpg 980w, http:\/\/astrodan.fr\/site\/wp-content\/uploads\/2023\/ciel-profond-ic\/ic1101_sw-480x320.jpg 480w\" sizes=\"(min-width: 0px) and (max-width: 480px) 480px, (min-width: 481px) and (max-width: 980px) 980px, (min-width: 981px) 1200px, 100vw\" \/><\/p>\n<p><img loading=\"lazy\" decoding=\"async\" class=\"alignnone size-full wp-image-4279\" src=\"http:\/\/astrodan.fr\/site\/wp-content\/uploads\/2023\/ciel-profond-ic\/ic1101_sw_.jpg\" alt=\"\" width=\"1000\" height=\"667\" srcset=\"http:\/\/astrodan.fr\/site\/wp-content\/uploads\/2023\/ciel-profond-ic\/ic1101_sw_.jpg 1000w, http:\/\/astrodan.fr\/site\/wp-content\/uploads\/2023\/ciel-profond-ic\/ic1101_sw_-980x654.jpg 980w, http:\/\/astrodan.fr\/site\/wp-content\/uploads\/2023\/ciel-profond-ic\/ic1101_sw_-480x320.jpg 480w\" sizes=\"(min-width: 0px) and (max-width: 480px) 480px, (min-width: 481px) and (max-width: 980px) 980px, (min-width: 981px) 1000px, 100vw\" \/><\/p>\n<p>IC 2118 \u00ab\u00a0La t\u00eate de sorci\u00e8re\u00a0\u00bb<\/p>\n<p><img loading=\"lazy\" decoding=\"async\" src=\"http:\/\/astrodan.fr\/site\/wp-content\/uploads\/_thumbs\/Images\/Objets%20IC\/IC2118_2h40_Canon_70-200_1000D.jpg\" width=\"1500\" height=\"990\"><\/p>\n<p><img loading=\"lazy\" decoding=\"async\" src=\"http:\/\/astrodan.fr\/site\/wp-content\/uploads\/_thumbs\/Images\/Objets%20IC\/IC2118_2h40_Canon_70-200_1000D_.jpg\" width=\"1500\" height=\"990\"><\/p>\n<p><span style=\"text-decoration: underline;\"><span style=\"font-size: 12pt;\">IC 2118 le 29 \/ 12 \/ 2025 sous la Lune,<\/span><\/span><\/p>\n<p><span style=\"text-decoration: underline;\"><span style=\"font-size: 12pt;\">Canon 1200D + Canon 100mm, addition de 61 poses de 2mn<\/span><\/span><\/p>\n<p><img loading=\"lazy\" decoding=\"async\" class=\"alignnone size-full wp-image-7782\" src=\"http:\/\/astrodan.fr\/site\/wp-content\/uploads\/IC\/IC2118_annotated.jpg\" alt=\"\" width=\"1500\" height=\"1500\" srcset=\"http:\/\/astrodan.fr\/site\/wp-content\/uploads\/IC\/IC2118_annotated.jpg 1500w, http:\/\/astrodan.fr\/site\/wp-content\/uploads\/IC\/IC2118_annotated-1280x1280.jpg 1280w, http:\/\/astrodan.fr\/site\/wp-content\/uploads\/IC\/IC2118_annotated-980x980.jpg 980w, http:\/\/astrodan.fr\/site\/wp-content\/uploads\/IC\/IC2118_annotated-480x480.jpg 480w\" sizes=\"(min-width: 0px) and (max-width: 480px) 480px, (min-width: 481px) and (max-width: 980px) 980px, (min-width: 981px) and (max-width: 1280px) 1280px, (min-width: 1281px) 1500px, 100vw\" \/> <img loading=\"lazy\" decoding=\"async\" class=\"alignnone size-full wp-image-7783\" src=\"http:\/\/astrodan.fr\/site\/wp-content\/uploads\/IC\/IC2118_vera_Equilibre_GraXpertR.jpg\" alt=\"\" width=\"1500\" height=\"1500\" srcset=\"http:\/\/astrodan.fr\/site\/wp-content\/uploads\/IC\/IC2118_vera_Equilibre_GraXpertR.jpg 1500w, http:\/\/astrodan.fr\/site\/wp-content\/uploads\/IC\/IC2118_vera_Equilibre_GraXpertR-1280x1280.jpg 1280w, http:\/\/astrodan.fr\/site\/wp-content\/uploads\/IC\/IC2118_vera_Equilibre_GraXpertR-980x980.jpg 980w, http:\/\/astrodan.fr\/site\/wp-content\/uploads\/IC\/IC2118_vera_Equilibre_GraXpertR-480x480.jpg 480w\" sizes=\"(min-width: 0px) and (max-width: 480px) 480px, (min-width: 481px) and (max-width: 980px) 980px, (min-width: 981px) and (max-width: 1280px) 1280px, (min-width: 1281px) 1500px, 100vw\" \/><\/p>\n<p>Une nouvelle version de IC 434&Prime;la t\u00eate de cheval\u00a0\u00bb avec la lunette 80ED ,<\/p>\n<p><img loading=\"lazy\" decoding=\"async\" src=\"http:\/\/astrodan.fr\/site\/wp-content\/uploads\/_thumbs\/Images\/Objets%20IC\/IC434_w.jpg\" width=\"1500\" height=\"1000\"><\/p>\n<p><span style=\"text-decoration: underline;\">IC 434 au Canon 400mm f\/5.6 + Canon 1000D, 3h05 de poses<\/span><\/p>\n<p><img loading=\"lazy\" decoding=\"async\" src=\"http:\/\/astrodan.fr\/site\/wp-content\/uploads\/_thumbs\/Images\/Objets%20IC\/ic434_v2_f.jpg\" width=\"1500\" height=\"967\"><\/p>\n<p><span style=\"text-decoration: underline;\">Magnitude limite de l&rsquo;image<\/span><\/p>\n<p><img loading=\"lazy\" decoding=\"async\" src=\"http:\/\/astrodan.fr\/site\/wp-content\/uploads\/_thumbs\/Images\/Objets%20IC\/Sans-titre1.gif\" width=\"1920\" height=\"1051\"><\/p>\n<p><span style=\"text-decoration: underline;\">IC 1396 \u00ab\u00a0La trompe de l&rsquo;\u00e9l\u00e9phant\u00a0\u00bb<\/span><\/p>\n<p><img loading=\"lazy\" decoding=\"async\" src=\"http:\/\/astrodan.fr\/site\/wp-content\/uploads\/_thumbs\/Images\/Objets%20IC\/ic1396_full_r.jpg\" width=\"1500\" height=\"1000\"><\/p>\n<p><span style=\"text-decoration: underline;\">IC 1396 au Newton 200mm<\/span><\/p>\n<p><img loading=\"lazy\" decoding=\"async\" src=\"http:\/\/astrodan.fr\/site\/wp-content\/uploads\/_thumbs\/Images\/Objets%20IC\/ic1396_finale_w.jpg\" width=\"1500\" height=\"999\"><\/p>\n<p><span style=\"text-decoration: underline;\">IC 1805 \u00ab\u00a0Le Coeur\u00a0\u00bb<\/span><\/p>\n<p><img loading=\"lazy\" decoding=\"async\" src=\"http:\/\/astrodan.fr\/site\/wp-content\/uploads\/_thumbs\/Images\/Objets%20IC\/ic1805_finale_r.jpg\" width=\"1500\" height=\"1000\"><\/p>\n<p><span style=\"text-decoration: underline;\">Amas de galaxies dans la couronne bor\u00e9ales<\/span><\/p>\n<p><img loading=\"lazy\" decoding=\"async\" src=\"http:\/\/astrodan.fr\/site\/wp-content\/uploads\/_thumbs\/Images\/Objets%20IC\/loca_amas_G_1.jpg\" width=\"1365\" height=\"808\"> <img loading=\"lazy\" decoding=\"async\" src=\"http:\/\/astrodan.fr\/site\/wp-content\/uploads\/_thumbs\/Images\/Objets%20IC\/loca_amas_G_2.jpg\" width=\"1129\" height=\"805\"><\/p>\n<p><img loading=\"lazy\" decoding=\"async\" src=\"http:\/\/astrodan.fr\/site\/wp-content\/uploads\/_thumbs\/Images\/Objets%20IC\/anim_IC4574.gif\" width=\"1500\" height=\"1000\"><\/p>\n<p><img loading=\"lazy\" decoding=\"async\" src=\"http:\/\/astrodan.fr\/site\/wp-content\/uploads\/_thumbs\/Images\/Objets%20IC\/ic4574_finale.jpg\" width=\"1500\" height=\"1000\"><\/p>\n<p><img loading=\"lazy\" decoding=\"async\" src=\"http:\/\/astrodan.fr\/site\/wp-content\/uploads\/_thumbs\/Images\/Objets%20IC\/ic4574_w_Annotated.jpg\" width=\"1500\" height=\"1000\"><\/p>\n<p><span style=\"text-decoration: underline;\">IC 3061<\/span><\/p>\n<p>&nbsp;<img loading=\"lazy\" decoding=\"async\" src=\"http:\/\/astrodan.fr\/site\/wp-content\/uploads\/_thumbs\/Images\/Objets%20IC\/ic3061_A.jpg\" width=\"1500\" height=\"999\"><img loading=\"lazy\" decoding=\"async\" src=\"http:\/\/astrodan.fr\/site\/wp-content\/uploads\/_thumbs\/Images\/Objets%20IC\/ic3061.jpg\" width=\"3850\" height=\"2567\"> <img loading=\"lazy\" decoding=\"async\" src=\"http:\/\/astrodan.fr\/site\/wp-content\/uploads\/_thumbs\/Images\/Objets%20IC\/ic3061_inv.jpg\" width=\"3850\" height=\"2567\"><\/p>\n<p><a href=\"http:\/\/astrodan.fr\/site\/?page_id=83\"><u>Haut de page<\/u><\/a><\/p>\n<p>&nbsp;<\/p>\n<p>&nbsp;<\/p>\n<p>[\/et_pb_text][\/et_pb_column][\/et_pb_row][\/et_pb_section]<\/p>\n","protected":false},"excerpt":{"rendered":"<p>&nbsp; Voici mon objet pr\u00e9f\u00e9r\u00e9, nomm\u00e9 IC 434 ou B33, il est surtout connu sous le nom de n\u00e9buleuse de la t\u00eate de cheval. Situ\u00e9 dans la constellation d&rsquo;Orion , visible en hiver, cette n\u00e9buleuse en \u00e9mission n&rsquo;appara\u00eet qu&rsquo;en photo, elle est facilement reconnaissable par la forme en t\u00eate de cheval qui lui a donn\u00e9 [&hellip;]<\/p>\n","protected":false},"author":1,"featured_media":0,"parent":79,"menu_order":1,"comment_status":"closed","ping_status":"closed","template":"","meta":{"_et_pb_use_builder":"on","_et_pb_old_content":"<p>\u00a0<\/p>\r\n<p><a id=\"hdep\" name=\"hdep\"><\/a><\/p>\r\n<p>Voici mon objet pr\u00e9f\u00e9r\u00e9, nomm\u00e9 IC 434 ou B33, il est surtout connu sous le nom de n\u00e9buleuse de la t\u00eate de cheval.<\/p>\r\n<p>Situ\u00e9 dans la constellation d'Orion , visible en hiver, cette n\u00e9buleuse en \u00e9mission n'appara\u00eet qu'en photo, elle est facilement reconnaissable par la forme en t\u00eate de cheval qui lui a donn\u00e9 son nom et qui se d\u00e9coupe dans la n\u00e9buleuse. En effet, derri\u00e8re la n\u00e9buleuse se trouve de l'hydrog\u00e8ne qui, ionis\u00e9 par l'\u00e9toile brillante proche Sigma Orionis, donne une couleur rouge. L'obscurit\u00e9 de la t\u00eate de cheval est caus\u00e9e par la pr\u00e9sence d'un nuage dense de gaz et de poussi\u00e8re. Cette derni\u00e8re absorbe fortement le rayonnement visible \u00e9mis par le gaz ionis\u00e9 d'arri\u00e8re-plan.<\/p>\r\n<p>Photo prise au foyer du T 200\/1000 + Canon 1000D d\u00e9filtr\u00e9, addition de 20 poses de 5mn soit 1h40 de pose totale<\/p>\r\n<p><img class=\"alignnone size-large wp-image-4272\" src=\"http:\/\/astrodan.fr\/site\/wp-content\/uploads\/IC\/ic434-1024x687.jpg\" alt=\"\" width=\"1024\" height=\"687\"><\/p>\r\n<p><span style=\"text-decoration: underline;\">IC 405 et IC 410<\/span><\/p>\r\n<p><img class=\"alignnone wp-image-929 size-full\" src=\"http:\/\/astrodan.fr\/site\/wp-content\/uploads\/IC\/ic405_ic410_w.jpg\" alt=\"\" width=\"1200\" height=\"792\" data-wpmflightbox=\"0\" data-wpmf_image_lightbox=\"http:\/\/astrodan.fr\/site\/wp-content\/uploads\/IC\/ic405_ic410_w.jpg\"> <img class=\"alignnone wp-image-928 size-full\" src=\"http:\/\/astrodan.fr\/site\/wp-content\/uploads\/IC\/ic405_ic410_A.jpg\" alt=\"\" width=\"1200\" height=\"792\" data-wpmflightbox=\"0\" data-wpmf_image_lightbox=\"http:\/\/astrodan.fr\/site\/wp-content\/uploads\/IC\/ic405_ic410_A.jpg\"><\/p>\r\n<p><span style=\"text-decoration: underline;\">IC 405<\/span><\/p>\r\n<p><img src=\"http:\/\/astrodan.fr\/site\/wp-content\/uploads\/_thumbs\/Images\/Objets%20IC\/ic405_finale.jpg\" width=\"1500\" height=\"1000\"><\/p>\r\n<p><span style=\"text-decoration: underline;\">IC 443 ( la M\u00e9duse ) dans les G\u00e9meaux<\/span><\/p>\r\n<p><img src=\"http:\/\/astrodan.fr\/site\/wp-content\/uploads\/_thumbs\/Images\/Objets%20IC\/ic443_Full.jpg\" width=\"1500\" height=\"997\"><\/p>\r\n<p><span style=\"text-decoration: underline;\">IC 5146 ( le Cocon ) est compos\u00e9 d'une n\u00e9buleuse en \u00e9mission et un amas ouvert.<\/span><\/p>\r\n<p><span style=\"text-decoration: underline;\">Photo prise au foyer du T 200\/1000 + Canon 1000D d\u00e9filtr\u00e9, addition de 16 poses de 5mn soit 1h20 de pose totale<\/span><\/p>\r\n<p><img class=\"alignnone size-full wp-image-4275\" src=\"http:\/\/astrodan.fr\/site\/wp-content\/uploads\/2023\/ciel-profond-ic\/ic5146-scaled.jpg\" alt=\"\" width=\"2560\" height=\"1705\"><\/p>\r\n<p><u>IC 1805 , IC 1848 et double amas de Pers\u00e9e<\/u><\/p>\r\n<p><img class=\"alignnone size-full wp-image-4277\" src=\"http:\/\/astrodan.fr\/site\/wp-content\/uploads\/2023\/ciel-profond-ic\/ICAM_an.jpg\" alt=\"\" width=\"1200\" height=\"793\"><\/p>\r\n<p><img class=\"alignnone size-full wp-image-4276\" src=\"http:\/\/astrodan.fr\/site\/wp-content\/uploads\/2023\/ciel-profond-ic\/ICAM__boost_r_f.jpg\" alt=\"\" width=\"1200\" height=\"793\"><\/p>\r\n<p><u>IC 1101: la plus grosse galaxie de l'univers <\/u><\/p>\r\n<p>IC 1101 est une galaxie situ\u00e9e au centre du superamas de galaxies Abell 2029.<br>Elle est situ\u00e9e \u00e0 environ 1,07 milliard d'ann\u00e9es-lumi\u00e8re dans la constellation du Serpent.<\/p>\r\n<p>Elle abrite plus de 100 000 milliards d'\u00e9toiles et sa masse est 2000 fois sup\u00e9rieure \u00e0 celle de la Voie Lact\u00e9e. IC 1101 est \u00e0 ce jour la plus grande galaxie de l'univers.<\/p>\r\n<p><img class=\"alignnone size-full wp-image-4278\" src=\"http:\/\/astrodan.fr\/site\/wp-content\/uploads\/2023\/ciel-profond-ic\/ic1101_sw.jpg\" alt=\"\" width=\"1200\" height=\"799\"><\/p>\r\n<p><img class=\"alignnone size-full wp-image-4279\" src=\"http:\/\/astrodan.fr\/site\/wp-content\/uploads\/2023\/ciel-profond-ic\/ic1101_sw_.jpg\" alt=\"\" width=\"1000\" height=\"667\"><\/p>\r\n<p>IC 2118 \"La t\u00eate de sorci\u00e8re\"<\/p>\r\n<p><img src=\"http:\/\/astrodan.fr\/site\/wp-content\/uploads\/_thumbs\/Images\/Objets%20IC\/IC2118_2h40_Canon_70-200_1000D.jpg\" width=\"1500\" height=\"990\"><\/p>\r\n<p><img src=\"http:\/\/astrodan.fr\/site\/wp-content\/uploads\/_thumbs\/Images\/Objets%20IC\/IC2118_2h40_Canon_70-200_1000D_.jpg\" width=\"1500\" height=\"990\"><\/p>\r\n<p><span style=\"text-decoration: underline;\"><span style=\"font-size: 12pt;\">IC 2118 le 29 \/ 12 \/ 2025 sous la Lune,<\/span><\/span><\/p>\r\n<p><span style=\"text-decoration: underline;\"><span style=\"font-size: 12pt;\">Canon 1200D + Canon 100mm, addition de 61 poses de 2mn<\/span><\/span><\/p>\r\n<p><img class=\"alignnone size-full wp-image-7782\" src=\"http:\/\/astrodan.fr\/site\/wp-content\/uploads\/IC\/IC2118_annotated.jpg\" alt=\"\" width=\"1500\" height=\"1500\"> <img class=\"alignnone size-full wp-image-7783\" src=\"http:\/\/astrodan.fr\/site\/wp-content\/uploads\/IC\/IC2118_vera_Equilibre_GraXpertR.jpg\" alt=\"\" width=\"1500\" height=\"1500\"><\/p>\r\n<p>Une nouvelle version de IC 434\"la t\u00eate de cheval\" avec la lunette 80ED ,<\/p>\r\n<p><img src=\"http:\/\/astrodan.fr\/site\/wp-content\/uploads\/_thumbs\/Images\/Objets%20IC\/IC434_w.jpg\" width=\"1500\" height=\"1000\"><\/p>\r\n<p><span style=\"text-decoration: underline;\">IC 434 au Canon 400mm f\/5.6 + Canon 1000D, 3h05 de poses<\/span><\/p>\r\n<p><img src=\"http:\/\/astrodan.fr\/site\/wp-content\/uploads\/_thumbs\/Images\/Objets%20IC\/ic434_v2_f.jpg\" width=\"1500\" height=\"967\"><\/p>\r\n<p><span style=\"text-decoration: underline;\">Magnitude limite de l'image<\/span><\/p>\r\n<p><img src=\"http:\/\/astrodan.fr\/site\/wp-content\/uploads\/_thumbs\/Images\/Objets%20IC\/Sans-titre1.gif\" width=\"1920\" height=\"1051\"><\/p>\r\n<p><span style=\"text-decoration: underline;\">IC 1396 \"La trompe de l'\u00e9l\u00e9phant\"<\/span><\/p>\r\n<p><img src=\"http:\/\/astrodan.fr\/site\/wp-content\/uploads\/_thumbs\/Images\/Objets%20IC\/ic1396_full_r.jpg\" width=\"1500\" height=\"1000\"><\/p>\r\n<p><span style=\"text-decoration: underline;\">IC 1396 au Newton 200mm<\/span><\/p>\r\n<p><img src=\"http:\/\/astrodan.fr\/site\/wp-content\/uploads\/_thumbs\/Images\/Objets%20IC\/ic1396_finale_w.jpg\" width=\"1500\" height=\"999\"><\/p>\r\n<p><span style=\"text-decoration: underline;\">IC 1805 \"Le Coeur\"<\/span><\/p>\r\n<p><img src=\"http:\/\/astrodan.fr\/site\/wp-content\/uploads\/_thumbs\/Images\/Objets%20IC\/ic1805_finale_r.jpg\" width=\"1500\" height=\"1000\"><\/p>\r\n<p><span style=\"text-decoration: underline;\">Amas de galaxies dans la couronne bor\u00e9ales<\/span><\/p>\r\n<p><img src=\"http:\/\/astrodan.fr\/site\/wp-content\/uploads\/_thumbs\/Images\/Objets%20IC\/loca_amas_G_1.jpg\" width=\"1365\" height=\"808\"> <img src=\"http:\/\/astrodan.fr\/site\/wp-content\/uploads\/_thumbs\/Images\/Objets%20IC\/loca_amas_G_2.jpg\" width=\"1129\" height=\"805\"><\/p>\r\n<p><img src=\"http:\/\/astrodan.fr\/site\/wp-content\/uploads\/_thumbs\/Images\/Objets%20IC\/anim_IC4574.gif\" width=\"1500\" height=\"1000\"><\/p>\r\n<p><img src=\"http:\/\/astrodan.fr\/site\/wp-content\/uploads\/_thumbs\/Images\/Objets%20IC\/ic4574_finale.jpg\" width=\"1500\" height=\"1000\"><\/p>\r\n<p><img src=\"http:\/\/astrodan.fr\/site\/wp-content\/uploads\/_thumbs\/Images\/Objets%20IC\/ic4574_w_Annotated.jpg\" width=\"1500\" height=\"1000\"><\/p>\r\n<p><span style=\"text-decoration: underline;\">IC 3061<\/span><\/p>\r\n<p>\u00a0<img src=\"http:\/\/astrodan.fr\/site\/wp-content\/uploads\/_thumbs\/Images\/Objets%20IC\/ic3061_A.jpg\" width=\"1500\" height=\"999\"><img src=\"http:\/\/astrodan.fr\/site\/wp-content\/uploads\/_thumbs\/Images\/Objets%20IC\/ic3061.jpg\" width=\"3850\" height=\"2567\"> <img src=\"http:\/\/astrodan.fr\/site\/wp-content\/uploads\/_thumbs\/Images\/Objets%20IC\/ic3061_inv.jpg\" width=\"3850\" height=\"2567\"><\/p>\r\n<p><a href=\"http:\/\/astrodan.fr\/site\/?page_id=83\"><u>Haut de page<\/u><\/a><\/p>\r\n<p>\u00a0<\/p>\r\n<p>\u00a0<\/p>","_et_gb_content_width":"","ngg_post_thumbnail":0,"footnotes":""},"_links":{"self":[{"href":"http:\/\/astrodan.fr\/site\/wp-json\/wp\/v2\/pages\/83"}],"collection":[{"href":"http:\/\/astrodan.fr\/site\/wp-json\/wp\/v2\/pages"}],"about":[{"href":"http:\/\/astrodan.fr\/site\/wp-json\/wp\/v2\/types\/page"}],"author":[{"embeddable":true,"href":"http:\/\/astrodan.fr\/site\/wp-json\/wp\/v2\/users\/1"}],"replies":[{"embeddable":true,"href":"http:\/\/astrodan.fr\/site\/wp-json\/wp\/v2\/comments?post=83"}],"version-history":[{"count":4,"href":"http:\/\/astrodan.fr\/site\/wp-json\/wp\/v2\/pages\/83\/revisions"}],"predecessor-version":[{"id":7787,"href":"http:\/\/astrodan.fr\/site\/wp-json\/wp\/v2\/pages\/83\/revisions\/7787"}],"up":[{"embeddable":true,"href":"http:\/\/astrodan.fr\/site\/wp-json\/wp\/v2\/pages\/79"}],"wp:attachment":[{"href":"http:\/\/astrodan.fr\/site\/wp-json\/wp\/v2\/media?parent=83"}],"curies":[{"name":"wp","href":"https:\/\/api.w.org\/{rel}","templated":true}]}}