{"id":794,"date":"2017-04-03T20:51:27","date_gmt":"2017-04-03T18:51:27","guid":{"rendered":"http:\/\/astrodan.fr\/site\/?page_id=794"},"modified":"2023-02-28T14:27:45","modified_gmt":"2023-02-28T13:27:45","slug":"comete-41p-tuttle-giacobini-kresak","status":"publish","type":"page","link":"http:\/\/astrodan.fr\/site\/cometes-2\/comete-41p-tuttle-giacobini-kresak\/","title":{"rendered":"41P Tuttle-Giacobini-Kresak"},"content":{"rendered":"<p>[et_pb_section fb_built=\u00a0\u00bb1&Prime; admin_label=\u00a0\u00bbsection\u00a0\u00bb _builder_version=\u00a0\u00bb4.20.0&Prime; hover_enabled=\u00a0\u00bb0&Prime; global_colors_info=\u00a0\u00bb{}\u00a0\u00bb background_color=\u00a0\u00bb#100a3f\u00a0\u00bb sticky_enabled=\u00a0\u00bb0&Prime;][et_pb_row admin_label=\u00a0\u00bbrow\u00a0\u00bb _builder_version=\u00a0\u00bb4.16&Prime; background_size=\u00a0\u00bbinitial\u00a0\u00bb background_position=\u00a0\u00bbtop_left\u00a0\u00bb background_repeat=\u00a0\u00bbrepeat\u00a0\u00bb global_colors_info=\u00a0\u00bb{}\u00a0\u00bb][et_pb_column type=\u00a0\u00bb4_4&Prime; _builder_version=\u00a0\u00bb4.16&Prime; custom_padding=\u00a0\u00bb|||\u00a0\u00bb global_colors_info=\u00a0\u00bb{}\u00a0\u00bb custom_padding__hover=\u00a0\u00bb|||\u00a0\u00bb][et_pb_text admin_label=\u00a0\u00bbText\u00a0\u00bb _builder_version=\u00a0\u00bb4.16&Prime; background_size=\u00a0\u00bbinitial\u00a0\u00bb background_position=\u00a0\u00bbtop_left\u00a0\u00bb background_repeat=\u00a0\u00bbrepeat\u00a0\u00bb global_colors_info=\u00a0\u00bb{}\u00a0\u00bb]<\/p>\n<p><a id=\"hdep\" name=\"hdep\"><\/a><\/p>\n<p><u>Com\u00e8te 41P Tuttle-Giacobini-Kresak lors de son passage dans la Grande Ourse<\/u><\/p>\n<p><span style=\"text-decoration: underline;\">Le 24 mars 2014 au Canon 70-200 f\/4 + Canon 1000D<\/span><\/p>\n<p><img loading=\"lazy\" decoding=\"async\" class=\"alignnone size-full wp-image-4434\" src=\"http:\/\/astrodan.fr\/site\/wp-content\/uploads\/63f79de3016a8.jpg\" alt=\"\" width=\"1200\" height=\"801\" srcset=\"http:\/\/astrodan.fr\/site\/wp-content\/uploads\/63f79de3016a8.jpg 1200w, http:\/\/astrodan.fr\/site\/wp-content\/uploads\/63f79de3016a8-980x654.jpg 980w, http:\/\/astrodan.fr\/site\/wp-content\/uploads\/63f79de3016a8-480x320.jpg 480w\" sizes=\"(min-width: 0px) and (max-width: 480px) 480px, (min-width: 481px) and (max-width: 980px) 980px, (min-width: 981px) 1200px, 100vw\" \/><\/p>\n<p><img loading=\"lazy\" decoding=\"async\" class=\"alignnone size-full wp-image-4431\" src=\"http:\/\/astrodan.fr\/site\/wp-content\/uploads\/63f79ddd937ec.jpg\" alt=\"\" width=\"1200\" height=\"789\" srcset=\"http:\/\/astrodan.fr\/site\/wp-content\/uploads\/63f79ddd937ec.jpg 1200w, http:\/\/astrodan.fr\/site\/wp-content\/uploads\/63f79ddd937ec-980x644.jpg 980w, http:\/\/astrodan.fr\/site\/wp-content\/uploads\/63f79ddd937ec-480x316.jpg 480w\" sizes=\"(min-width: 0px) and (max-width: 480px) 480px, (min-width: 481px) and (max-width: 980px) 980px, (min-width: 981px) 1200px, 100vw\" \/><\/p>\n<p><img loading=\"lazy\" decoding=\"async\" class=\"alignnone size-full wp-image-4435\" src=\"http:\/\/astrodan.fr\/site\/wp-content\/uploads\/63f79de4bbf6a.jpg\" alt=\"\" width=\"1200\" height=\"805\" srcset=\"http:\/\/astrodan.fr\/site\/wp-content\/uploads\/63f79de4bbf6a.jpg 1200w, http:\/\/astrodan.fr\/site\/wp-content\/uploads\/63f79de4bbf6a-980x657.jpg 980w, http:\/\/astrodan.fr\/site\/wp-content\/uploads\/63f79de4bbf6a-480x322.jpg 480w\" sizes=\"(min-width: 0px) and (max-width: 480px) 480px, (min-width: 481px) and (max-width: 980px) 980px, (min-width: 981px) 1200px, 100vw\" \/><\/p>\n<p><img loading=\"lazy\" decoding=\"async\" class=\"alignnone size-full wp-image-4430\" src=\"http:\/\/astrodan.fr\/site\/wp-content\/uploads\/63f79ddbd5662.jpg\" alt=\"\" width=\"1200\" height=\"789\" srcset=\"http:\/\/astrodan.fr\/site\/wp-content\/uploads\/63f79ddbd5662.jpg 1200w, http:\/\/astrodan.fr\/site\/wp-content\/uploads\/63f79ddbd5662-980x644.jpg 980w, http:\/\/astrodan.fr\/site\/wp-content\/uploads\/63f79ddbd5662-480x316.jpg 480w\" sizes=\"(min-width: 0px) and (max-width: 480px) 480px, (min-width: 481px) and (max-width: 980px) 980px, (min-width: 981px) 1200px, 100vw\" \/><\/p>\n<p><u>D\u00e9placement de la com\u00e8te dans le ciel<\/u><\/p>\n<p><img loading=\"lazy\" decoding=\"async\" class=\"alignnone size-full wp-image-4428\" src=\"http:\/\/astrodan.fr\/site\/wp-content\/uploads\/63f79dd7cb046.gif\" alt=\"\" width=\"1000\" height=\"666\"><\/p>\n<p><u>Centrage sur le noyau de la com\u00e8te<\/u><\/p>\n<p><img loading=\"lazy\" decoding=\"async\" class=\"alignnone size-full wp-image-4429\" src=\"http:\/\/astrodan.fr\/site\/wp-content\/uploads\/63f79dda46d31.gif\" alt=\"\" width=\"1000\" height=\"666\"><\/p>\n<p><u>La com\u00e8te pr\u00e8s du Dragon<\/u><\/p>\n<p><img loading=\"lazy\" decoding=\"async\" class=\"alignnone size-full wp-image-4432\" src=\"http:\/\/astrodan.fr\/site\/wp-content\/uploads\/63f79ddf62cf5.jpg\" alt=\"\" width=\"1200\" height=\"800\" srcset=\"http:\/\/astrodan.fr\/site\/wp-content\/uploads\/63f79ddf62cf5.jpg 1200w, http:\/\/astrodan.fr\/site\/wp-content\/uploads\/63f79ddf62cf5-980x653.jpg 980w, http:\/\/astrodan.fr\/site\/wp-content\/uploads\/63f79ddf62cf5-480x320.jpg 480w\" sizes=\"(min-width: 0px) and (max-width: 480px) 480px, (min-width: 481px) and (max-width: 980px) 980px, (min-width: 981px) 1200px, 100vw\" \/><\/p>\n<p><img loading=\"lazy\" decoding=\"async\" class=\"alignnone size-full wp-image-4433\" src=\"http:\/\/astrodan.fr\/site\/wp-content\/uploads\/63f79de12f25e.jpg\" alt=\"\" width=\"1200\" height=\"800\" srcset=\"http:\/\/astrodan.fr\/site\/wp-content\/uploads\/63f79de12f25e.jpg 1200w, http:\/\/astrodan.fr\/site\/wp-content\/uploads\/63f79de12f25e-980x653.jpg 980w, http:\/\/astrodan.fr\/site\/wp-content\/uploads\/63f79de12f25e-480x320.jpg 480w\" sizes=\"(min-width: 0px) and (max-width: 480px) 480px, (min-width: 481px) and (max-width: 980px) 980px, (min-width: 981px) 1200px, 100vw\" \/><\/p>\n<p><a href=\"http:\/\/astrodan.fr\/site\/?page_id=794\">Haut de page<\/a><\/p>\n<p>&nbsp;<\/p>\n<p>&nbsp;<\/p>\n<p>&nbsp;<\/p>\n<p>&nbsp;<\/p>\n<p>&nbsp;<\/p>\n<p>[\/et_pb_text][\/et_pb_column][\/et_pb_row][\/et_pb_section]<\/p>\n","protected":false},"excerpt":{"rendered":"<p>Com\u00e8te 41P Tuttle-Giacobini-Kresak lors de son passage dans la Grande Ourse Le 24 mars 2014 au Canon 70-200 f\/4 + Canon 1000D D\u00e9placement de la com\u00e8te dans le ciel Centrage sur le noyau de la com\u00e8te La com\u00e8te pr\u00e8s du Dragon Haut de page &nbsp; &nbsp; &nbsp; &nbsp; &nbsp;<\/p>\n","protected":false},"author":1,"featured_media":0,"parent":120,"menu_order":4,"comment_status":"closed","ping_status":"closed","template":"","meta":{"_et_pb_use_builder":"on","_et_pb_old_content":"<p><a id=\"hdep\" name=\"hdep\"><\/a><\/p>\r\n<p><u>Com\u00e8te 41P Tuttle-Giacobini-Kresak lors de son passage dans la Grande Ourse<\/u><\/p>\r\n<p><span style=\"text-decoration: underline;\">Le 24 mars 2014 au Canon 70-200 f\/4 + Canon 1000D<\/span><\/p>\r\n<p><img class=\"alignnone size-full wp-image-4434\" src=\"http:\/\/astrodan.fr\/site\/wp-content\/uploads\/63f79de3016a8.jpg\" alt=\"\" width=\"1200\" height=\"801\"><\/p>\r\n<p><img class=\"alignnone size-full wp-image-4431\" src=\"http:\/\/astrodan.fr\/site\/wp-content\/uploads\/63f79ddd937ec.jpg\" alt=\"\" width=\"1200\" height=\"789\"><\/p>\r\n<p><img class=\"alignnone size-full wp-image-4435\" src=\"http:\/\/astrodan.fr\/site\/wp-content\/uploads\/63f79de4bbf6a.jpg\" alt=\"\" width=\"1200\" height=\"805\"><\/p>\r\n<p><img class=\"alignnone size-full wp-image-4430\" src=\"http:\/\/astrodan.fr\/site\/wp-content\/uploads\/63f79ddbd5662.jpg\" alt=\"\" width=\"1200\" height=\"789\"><\/p>\r\n<p><u>D\u00e9placement de la com\u00e8te dans le ciel<\/u><\/p>\r\n<p><img class=\"alignnone size-full wp-image-4428\" src=\"http:\/\/astrodan.fr\/site\/wp-content\/uploads\/63f79dd7cb046.gif\" alt=\"\" width=\"1000\" height=\"666\"><\/p>\r\n<p><u>Centrage sur le noyau de la com\u00e8te<\/u><\/p>\r\n<p><img class=\"alignnone size-full wp-image-4429\" src=\"http:\/\/astrodan.fr\/site\/wp-content\/uploads\/63f79dda46d31.gif\" alt=\"\" width=\"1000\" height=\"666\"><\/p>\r\n<p><u>La com\u00e8te pr\u00e8s du Dragon<\/u><\/p>\r\n<p><img class=\"alignnone size-full wp-image-4432\" src=\"http:\/\/astrodan.fr\/site\/wp-content\/uploads\/63f79ddf62cf5.jpg\" alt=\"\" width=\"1200\" height=\"800\"><\/p>\r\n<p><img class=\"alignnone size-full wp-image-4433\" src=\"http:\/\/astrodan.fr\/site\/wp-content\/uploads\/63f79de12f25e.jpg\" alt=\"\" width=\"1200\" height=\"800\"><\/p>\r\n<p><a href=\"http:\/\/astrodan.fr\/site\/?page_id=794\">Haut de page<\/a><\/p>\r\n<p>&nbsp;<\/p>\r\n<p>&nbsp;<\/p>\r\n<p>&nbsp;<\/p>\r\n<p>&nbsp;<\/p>\r\n<p>&nbsp;<\/p>","_et_gb_content_width":"","ngg_post_thumbnail":0,"footnotes":""},"_links":{"self":[{"href":"http:\/\/astrodan.fr\/site\/wp-json\/wp\/v2\/pages\/794"}],"collection":[{"href":"http:\/\/astrodan.fr\/site\/wp-json\/wp\/v2\/pages"}],"about":[{"href":"http:\/\/astrodan.fr\/site\/wp-json\/wp\/v2\/types\/page"}],"author":[{"embeddable":true,"href":"http:\/\/astrodan.fr\/site\/wp-json\/wp\/v2\/users\/1"}],"replies":[{"embeddable":true,"href":"http:\/\/astrodan.fr\/site\/wp-json\/wp\/v2\/comments?post=794"}],"version-history":[{"count":3,"href":"http:\/\/astrodan.fr\/site\/wp-json\/wp\/v2\/pages\/794\/revisions"}],"predecessor-version":[{"id":4916,"href":"http:\/\/astrodan.fr\/site\/wp-json\/wp\/v2\/pages\/794\/revisions\/4916"}],"up":[{"embeddable":true,"href":"http:\/\/astrodan.fr\/site\/wp-json\/wp\/v2\/pages\/120"}],"wp:attachment":[{"href":"http:\/\/astrodan.fr\/site\/wp-json\/wp\/v2\/media?parent=794"}],"curies":[{"name":"wp","href":"https:\/\/api.w.org\/{rel}","templated":true}]}}