{"id":7917,"date":"2026-04-12T14:14:35","date_gmt":"2026-04-12T12:14:35","guid":{"rendered":"http:\/\/astrodan.fr\/site\/?page_id=7917"},"modified":"2026-04-12T16:57:54","modified_gmt":"2026-04-12T14:57:54","slug":"astrophotos-nb-avec-la-zwo-asi-676mm","status":"publish","type":"page","link":"http:\/\/astrodan.fr\/site\/ciel-profond\/astrophotos-nb-avec-la-zwo-asi-676mm\/","title":{"rendered":"Ciel profond en NB avec la ZWO ASI 676MM"},"content":{"rendered":"<p>[et_pb_section fb_built=\u00a0\u00bb1&Prime; admin_label=\u00a0\u00bbsection\u00a0\u00bb _builder_version=\u00a0\u00bb4.24.2&Prime; hover_enabled=\u00a0\u00bb0&Prime; global_colors_info=\u00a0\u00bb{}\u00a0\u00bb background_color=\u00a0\u00bb#100a3f\u00a0\u00bb sticky_enabled=\u00a0\u00bb0&Prime;][et_pb_row admin_label=\u00a0\u00bbrow\u00a0\u00bb _builder_version=\u00a0\u00bb4.16&Prime; background_size=\u00a0\u00bbinitial\u00a0\u00bb background_position=\u00a0\u00bbtop_left\u00a0\u00bb background_repeat=\u00a0\u00bbrepeat\u00a0\u00bb global_colors_info=\u00a0\u00bb{}\u00a0\u00bb][et_pb_column type=\u00a0\u00bb4_4&Prime; _builder_version=\u00a0\u00bb4.16&Prime; custom_padding=\u00a0\u00bb|||\u00a0\u00bb global_colors_info=\u00a0\u00bb{}\u00a0\u00bb custom_padding__hover=\u00a0\u00bb|||\u00a0\u00bb][et_pb_text admin_label=\u00a0\u00bbText\u00a0\u00bb _builder_version=\u00a0\u00bb4.16&Prime; background_size=\u00a0\u00bbinitial\u00a0\u00bb background_position=\u00a0\u00bbtop_left\u00a0\u00bb background_repeat=\u00a0\u00bbrepeat\u00a0\u00bb global_colors_info=\u00a0\u00bb{}\u00a0\u00bb]<\/p>\n<p><span style=\"text-decoration: underline;\"><span style=\"font-size: 12pt;\">Voici les premi\u00e8res images avec la cam\u00e9ra ZWO ASI 676 MM<\/span><\/span><\/p>\n<p><span style=\"text-decoration: underline;\"><span style=\"font-size: 12pt;\">Cam\u00e9ra monochrome, tr\u00e8s sensible mais non refroidie.<\/span><\/span><\/p>\n<p><span style=\"text-decoration: underline;\"><span style=\"font-size: 12pt;\">Messier 13 avec la Lunette 80ED + r\u00e9ducteur x0.6 + ZWO 676 mm + IR Cut<\/span><\/span><\/p>\n<p><span style=\"text-decoration: underline;\"><span style=\"font-size: 12pt;\">Addition de 60 poses de 30s, gain 180<\/span><\/span><\/p>\n<p><img loading=\"lazy\" decoding=\"async\" class=\"alignnone size-full wp-image-7924\" src=\"http:\/\/astrodan.fr\/site\/wp-content\/uploads\/Materiel\/CP-NampB-ZWO-676mm\/Poster_CN_M13-scaled.jpg\" alt=\"\" width=\"2560\" height=\"2560\"> <img loading=\"lazy\" decoding=\"async\" class=\"alignnone size-full wp-image-7920\" src=\"http:\/\/astrodan.fr\/site\/wp-content\/uploads\/Materiel\/CP-NampB-ZWO-676mm\/m13_CN_Annotated-scaled.jpg\" alt=\"\" width=\"2560\" height=\"2560\"><\/p>\n<p><img loading=\"lazy\" decoding=\"async\" class=\"alignnone size-full wp-image-7922\" src=\"http:\/\/astrodan.fr\/site\/wp-content\/uploads\/Materiel\/CP-NampB-ZWO-676mm\/objets_m13__CN_GraXpert-scaled.jpg\" alt=\"\" width=\"2560\" height=\"2560\"><\/p>\n<p><span style=\"text-decoration: underline;\"><span style=\"font-size: 12pt;\">Messier 53 avec la Lunette 80ED + r\u00e9ducteur x0.6 + ZWO 676 mm + IR Cut<\/span><\/span><\/p>\n<p><span style=\"text-decoration: underline;\"><span style=\"font-size: 12pt;\">Addition de 60 poses de 30s, gain 180<\/span><\/span><\/p>\n<p><img loading=\"lazy\" decoding=\"async\" class=\"alignnone size-full wp-image-7929\" src=\"http:\/\/astrodan.fr\/site\/wp-content\/uploads\/Materiel\/CP-NampB-ZWO-676mm\/r_m53_stacked_GraXpert.jpg\" alt=\"\" width=\"2000\" height=\"2000\"><\/p>\n<p><img loading=\"lazy\" decoding=\"async\" class=\"alignnone size-full wp-image-7925\" src=\"http:\/\/astrodan.fr\/site\/wp-content\/uploads\/Materiel\/CP-NampB-ZWO-676mm\/r_m53_stacked_GraXpert_Annotated.jpg\" alt=\"\" width=\"2000\" height=\"2000\"><\/p>\n<p><img loading=\"lazy\" decoding=\"async\" class=\"alignnone size-full wp-image-7928\" src=\"http:\/\/astrodan.fr\/site\/wp-content\/uploads\/Materiel\/CP-NampB-ZWO-676mm\/objets_m53_GraXpert.jpg\" alt=\"\" width=\"2000\" height=\"2000\"><\/p>\n<p>[\/et_pb_text][\/et_pb_column][\/et_pb_row][\/et_pb_section]<\/p>\n","protected":false},"excerpt":{"rendered":"<p>Voici les premi\u00e8res images avec la cam\u00e9ra ZWO ASI 676 MM Cam\u00e9ra monochrome, tr\u00e8s sensible mais non refroidie. Messier 13 avec la Lunette 80ED + r\u00e9ducteur x0.6 + ZWO 676 mm + IR Cut Addition de 60 poses de 30s, gain 180 Messier 53 avec la Lunette 80ED + r\u00e9ducteur x0.6 + ZWO 676 mm [&hellip;]<\/p>\n","protected":false},"author":1,"featured_media":0,"parent":79,"menu_order":12,"comment_status":"closed","ping_status":"closed","template":"","meta":{"_et_pb_use_builder":"on","_et_pb_old_content":"<p><span style=\"text-decoration: underline;\"><span style=\"font-size: 12pt;\">Voici les premi\u00e8res images avec la cam\u00e9ra ZWO ASI 676 MM<\/span><\/span><\/p>\r\n<p><span style=\"text-decoration: underline;\"><span style=\"font-size: 12pt;\">Cam\u00e9ra monochrome, tr\u00e8s sensible mais non refroidie.<\/span><\/span><\/p>\r\n<p><span style=\"text-decoration: underline;\"><span style=\"font-size: 12pt;\">Messier 13 avec la Lunette 80ED + r\u00e9ducteur x0.6 + ZWO 676 mm + IR Cut<\/span><\/span><\/p>\r\n<p><span style=\"text-decoration: underline;\"><span style=\"font-size: 12pt;\">Addition de 60 poses de 30s, gain 180<\/span><\/span><\/p>\r\n<p><img class=\"alignnone size-full wp-image-7924\" src=\"http:\/\/astrodan.fr\/site\/wp-content\/uploads\/Materiel\/CP-NampB-ZWO-676mm\/Poster_CN_M13-scaled.jpg\" alt=\"\" width=\"2560\" height=\"2560\"> <img class=\"alignnone size-full wp-image-7920\" src=\"http:\/\/astrodan.fr\/site\/wp-content\/uploads\/Materiel\/CP-NampB-ZWO-676mm\/m13_CN_Annotated-scaled.jpg\" alt=\"\" width=\"2560\" height=\"2560\"><\/p>\r\n<p><img class=\"alignnone size-full wp-image-7922\" src=\"http:\/\/astrodan.fr\/site\/wp-content\/uploads\/Materiel\/CP-NampB-ZWO-676mm\/objets_m13__CN_GraXpert-scaled.jpg\" alt=\"\" width=\"2560\" height=\"2560\"><\/p>\r\n<p><span style=\"text-decoration: underline;\"><span style=\"font-size: 12pt;\">Messier 53 avec la Lunette 80ED + r\u00e9ducteur x0.6 + ZWO 676 mm + IR Cut<\/span><\/span><\/p>\r\n<p><span style=\"text-decoration: underline;\"><span style=\"font-size: 12pt;\">Addition de 60 poses de 30s, gain 180<\/span><\/span><\/p>\r\n<p><img class=\"alignnone size-full wp-image-7929\" src=\"http:\/\/astrodan.fr\/site\/wp-content\/uploads\/Materiel\/CP-NampB-ZWO-676mm\/r_m53_stacked_GraXpert.jpg\" alt=\"\" width=\"2000\" height=\"2000\"><\/p>\r\n<p><img class=\"alignnone size-full wp-image-7925\" src=\"http:\/\/astrodan.fr\/site\/wp-content\/uploads\/Materiel\/CP-NampB-ZWO-676mm\/r_m53_stacked_GraXpert_Annotated.jpg\" alt=\"\" width=\"2000\" height=\"2000\"><\/p>\r\n<p><img class=\"alignnone size-full wp-image-7928\" src=\"http:\/\/astrodan.fr\/site\/wp-content\/uploads\/Materiel\/CP-NampB-ZWO-676mm\/objets_m53_GraXpert.jpg\" alt=\"\" width=\"2000\" height=\"2000\"><\/p>","_et_gb_content_width":"","ngg_post_thumbnail":0,"footnotes":""},"_links":{"self":[{"href":"http:\/\/astrodan.fr\/site\/wp-json\/wp\/v2\/pages\/7917"}],"collection":[{"href":"http:\/\/astrodan.fr\/site\/wp-json\/wp\/v2\/pages"}],"about":[{"href":"http:\/\/astrodan.fr\/site\/wp-json\/wp\/v2\/types\/page"}],"author":[{"embeddable":true,"href":"http:\/\/astrodan.fr\/site\/wp-json\/wp\/v2\/users\/1"}],"replies":[{"embeddable":true,"href":"http:\/\/astrodan.fr\/site\/wp-json\/wp\/v2\/comments?post=7917"}],"version-history":[{"count":3,"href":"http:\/\/astrodan.fr\/site\/wp-json\/wp\/v2\/pages\/7917\/revisions"}],"predecessor-version":[{"id":7936,"href":"http:\/\/astrodan.fr\/site\/wp-json\/wp\/v2\/pages\/7917\/revisions\/7936"}],"up":[{"embeddable":true,"href":"http:\/\/astrodan.fr\/site\/wp-json\/wp\/v2\/pages\/79"}],"wp:attachment":[{"href":"http:\/\/astrodan.fr\/site\/wp-json\/wp\/v2\/media?parent=7917"}],"curies":[{"name":"wp","href":"https:\/\/api.w.org\/{rel}","templated":true}]}}