{"id":7910,"date":"2026-04-07T23:57:56","date_gmt":"2026-04-07T21:57:56","guid":{"rendered":"http:\/\/astrodan.fr\/site\/?page_id=7910"},"modified":"2026-04-07T23:59:45","modified_gmt":"2026-04-07T21:59:45","slug":"image-avril-2026","status":"publish","type":"page","link":"http:\/\/astrodan.fr\/site\/solex\/images-2026\/image-avril-2026\/","title":{"rendered":"Image avril 2026"},"content":{"rendered":"<p>[et_pb_section fb_built=\u00a0\u00bb1&Prime; admin_label=\u00a0\u00bbsection\u00a0\u00bb _builder_version=\u00a0\u00bb4.24.2&Prime; hover_enabled=\u00a0\u00bb0&Prime; global_colors_info=\u00a0\u00bb{}\u00a0\u00bb background_color=\u00a0\u00bb#100a3f\u00a0\u00bb sticky_enabled=\u00a0\u00bb0&Prime;][et_pb_row admin_label=\u00a0\u00bbrow\u00a0\u00bb _builder_version=\u00a0\u00bb4.16&Prime; background_size=\u00a0\u00bbinitial\u00a0\u00bb background_position=\u00a0\u00bbtop_left\u00a0\u00bb background_repeat=\u00a0\u00bbrepeat\u00a0\u00bb global_colors_info=\u00a0\u00bb{}\u00a0\u00bb][et_pb_column type=\u00a0\u00bb4_4&Prime; _builder_version=\u00a0\u00bb4.16&Prime; custom_padding=\u00a0\u00bb|||\u00a0\u00bb global_colors_info=\u00a0\u00bb{}\u00a0\u00bb custom_padding__hover=\u00a0\u00bb|||\u00a0\u00bb][et_pb_text admin_label=\u00a0\u00bbText\u00a0\u00bb _builder_version=\u00a0\u00bb4.16&Prime; background_size=\u00a0\u00bbinitial\u00a0\u00bb background_position=\u00a0\u00bbtop_left\u00a0\u00bb background_repeat=\u00a0\u00bbrepeat\u00a0\u00bb global_colors_info=\u00a0\u00bb{}\u00a0\u00bb]<\/p>\n<p><span style=\"text-decoration: underline;\"><span style=\"font-size: 12pt;\">Le Soleil en H alpha au Sol&rsquo;Ex le 07 avril 2026<\/span><\/span><\/p>\n<p><span style=\"text-decoration: underline;\"><span style=\"font-size: 12pt;\">Lunette 80ED + ND16 + r\u00e9ducteur x0.6 + Sol&rsquo;Ex&nbsp; + ZWO 178 mm + H alpha 12nm<\/span><\/span><\/p>\n<p><span style=\"text-decoration: underline;\"><span style=\"font-size: 12pt;\">Et premi\u00e8res images en lumi\u00e8re blanche avec la nouvelle ZWO ASI 676 mm<\/span><\/span><\/p>\n<p><a href=\"http:\/\/www.astrosurf.com\/topic\/182343-com%C3%A8te-panstarrs-r3-lune-et-soleil\/\" target=\"_blank\" rel=\"noopener\"><span style=\"text-decoration: underline;\"><span style=\"font-size: 12pt;\">Lien vers le forum d&rsquo;Astrosurf<\/span><\/span><\/a><\/p>\n<p>[\/et_pb_text][\/et_pb_column][\/et_pb_row][\/et_pb_section]<\/p>\n","protected":false},"excerpt":{"rendered":"<p>Le Soleil en H alpha au Sol&rsquo;Ex le 07 avril 2026 Lunette 80ED + ND16 + r\u00e9ducteur x0.6 + Sol&rsquo;Ex&nbsp; + ZWO 178 mm + H alpha 12nm Et premi\u00e8res images en lumi\u00e8re blanche avec la nouvelle ZWO ASI 676 mm Lien vers le forum d&rsquo;Astrosurf<\/p>\n","protected":false},"author":1,"featured_media":0,"parent":7843,"menu_order":2,"comment_status":"closed","ping_status":"closed","template":"","meta":{"_et_pb_use_builder":"on","_et_pb_old_content":"<p><span style=\"text-decoration: underline;\"><span style=\"font-size: 12pt;\">Le Soleil en H alpha au Sol'Ex le 07 avril 2026<\/span><\/span><\/p>\r\n<p><span style=\"text-decoration: underline;\"><span style=\"font-size: 12pt;\">Lunette 80ED + ND16 + r\u00e9ducteur x0.6 + Sol'Ex&nbsp; + ZWO 178 mm + H alpha 12nm<\/span><\/span><\/p>\r\n<p><span style=\"text-decoration: underline;\"><span style=\"font-size: 12pt;\">Et premi\u00e8res images en lumi\u00e8re blanche avec la nouvelle ZWO ASI 676 mm<\/span><\/span><\/p>\r\n<p><a href=\"http:\/\/www.astrosurf.com\/topic\/182343-com%C3%A8te-panstarrs-r3-lune-et-soleil\/\" target=\"_blank\" rel=\"noopener\"><span style=\"text-decoration: underline;\"><span style=\"font-size: 12pt;\">Lien vers le forum d'Astrosurf<\/span><\/span><\/a><\/p>","_et_gb_content_width":"","ngg_post_thumbnail":0,"footnotes":""},"_links":{"self":[{"href":"http:\/\/astrodan.fr\/site\/wp-json\/wp\/v2\/pages\/7910"}],"collection":[{"href":"http:\/\/astrodan.fr\/site\/wp-json\/wp\/v2\/pages"}],"about":[{"href":"http:\/\/astrodan.fr\/site\/wp-json\/wp\/v2\/types\/page"}],"author":[{"embeddable":true,"href":"http:\/\/astrodan.fr\/site\/wp-json\/wp\/v2\/users\/1"}],"replies":[{"embeddable":true,"href":"http:\/\/astrodan.fr\/site\/wp-json\/wp\/v2\/comments?post=7910"}],"version-history":[{"count":3,"href":"http:\/\/astrodan.fr\/site\/wp-json\/wp\/v2\/pages\/7910\/revisions"}],"predecessor-version":[{"id":7914,"href":"http:\/\/astrodan.fr\/site\/wp-json\/wp\/v2\/pages\/7910\/revisions\/7914"}],"up":[{"embeddable":true,"href":"http:\/\/astrodan.fr\/site\/wp-json\/wp\/v2\/pages\/7843"}],"wp:attachment":[{"href":"http:\/\/astrodan.fr\/site\/wp-json\/wp\/v2\/media?parent=7910"}],"curies":[{"name":"wp","href":"https:\/\/api.w.org\/{rel}","templated":true}]}}