{"id":7788,"date":"2025-12-31T16:11:04","date_gmt":"2025-12-31T15:11:04","guid":{"rendered":"http:\/\/astrodan.fr\/site\/?page_id=7788"},"modified":"2025-12-31T16:13:01","modified_gmt":"2025-12-31T15:13:01","slug":"comete-3i-atlas","status":"publish","type":"page","link":"http:\/\/astrodan.fr\/site\/cometes-2-2\/comete-3i-atlas\/","title":{"rendered":"Com\u00e8te 3I\/Atlas"},"content":{"rendered":"<p>[et_pb_section fb_built=\u00a0\u00bb1&Prime; admin_label=\u00a0\u00bbsection\u00a0\u00bb _builder_version=\u00a0\u00bb4.24.2&Prime; hover_enabled=\u00a0\u00bb0&Prime; global_colors_info=\u00a0\u00bb{}\u00a0\u00bb background_color=\u00a0\u00bb#100a3f\u00a0\u00bb sticky_enabled=\u00a0\u00bb0&Prime;][et_pb_row admin_label=\u00a0\u00bbrow\u00a0\u00bb _builder_version=\u00a0\u00bb4.16&Prime; background_size=\u00a0\u00bbinitial\u00a0\u00bb background_position=\u00a0\u00bbtop_left\u00a0\u00bb background_repeat=\u00a0\u00bbrepeat\u00a0\u00bb global_colors_info=\u00a0\u00bb{}\u00a0\u00bb][et_pb_column type=\u00a0\u00bb4_4&Prime; _builder_version=\u00a0\u00bb4.16&Prime; custom_padding=\u00a0\u00bb|||\u00a0\u00bb global_colors_info=\u00a0\u00bb{}\u00a0\u00bb custom_padding__hover=\u00a0\u00bb|||\u00a0\u00bb][et_pb_text admin_label=\u00a0\u00bbText\u00a0\u00bb _builder_version=\u00a0\u00bb4.16&Prime; background_size=\u00a0\u00bbinitial\u00a0\u00bb background_position=\u00a0\u00bbtop_left\u00a0\u00bb background_repeat=\u00a0\u00bbrepeat\u00a0\u00bb global_colors_info=\u00a0\u00bb{}\u00a0\u00bb]<\/p>\n<p><span style=\"text-decoration: underline;\"><span style=\"font-size: 12pt;\">50\u00e8me com\u00e8te photographi\u00e9e, et pas n&rsquo;importe laquelle !<\/span><\/span><\/p>\n<p><span style=\"text-decoration: underline;\"><span style=\"font-size: 12pt;\">3I\/Atlas est une com\u00e8te interstellaire, d\u00e9couverte le 1er juillet 2025<\/span><\/span><\/p>\n<p><span style=\"text-decoration: underline;\"><span style=\"font-size: 12pt;\">De nombreuses informations sont disponibles sur le site suivant :<\/span><\/span><\/p>\n<p><span style=\"text-decoration: underline;\"><span style=\"font-size: 12pt;\"><a href=\"https:\/\/fr.wikipedia.org\/wiki\/3I\/ATLAS\" target=\"_blank\" rel=\"noopener\">https:\/\/fr.wikipedia.org\/wiki\/3I\/ATLAS<\/a><\/span><\/span><\/p>\n<p><span style=\"text-decoration: underline;\"><span style=\"font-size: 12pt;\">La com\u00e8te prise le 27 \/ 12 \/ 2025 \u00e0 la 80ED + r\u00e9ducteur de focale 0.85x + Canon 1200d<\/span><\/span><\/p>\n<p><span style=\"text-decoration: underline;\"><span style=\"font-size: 12pt;\">Addition sur le noyau de 20 poses de 3mn<\/span><\/span><\/p>\n<p><img loading=\"lazy\" decoding=\"async\" class=\"alignnone size-full wp-image-7789\" src=\"http:\/\/astrodan.fr\/site\/wp-content\/uploads\/Comete\/3i_Atlas\/3i_noyau__GraXpert-scaled.jpg\" alt=\"\" width=\"2560\" height=\"1706\"><\/p>\n<p><span style=\"text-decoration: underline;\"><span style=\"font-size: 12pt;\">D\u00e9placement tr\u00e8s rapide ( vitesse 250000 km\/h ) de la com\u00e8te durant 57mn<\/span><\/span><\/p>\n<p><img loading=\"lazy\" decoding=\"async\" class=\"alignnone size-full wp-image-7790\" src=\"http:\/\/astrodan.fr\/site\/wp-content\/uploads\/Comete\/3i_Atlas\/dep_3i_atlas_57mn.gif\" alt=\"\" width=\"1200\" height=\"800\"><\/p>\n<p>&nbsp;<\/p>\n<p>[\/et_pb_text][\/et_pb_column][\/et_pb_row][\/et_pb_section]<\/p>\n","protected":false},"excerpt":{"rendered":"<p>50\u00e8me com\u00e8te photographi\u00e9e, et pas n&rsquo;importe laquelle ! 3I\/Atlas est une com\u00e8te interstellaire, d\u00e9couverte le 1er juillet 2025 De nombreuses informations sont disponibles sur le site suivant : https:\/\/fr.wikipedia.org\/wiki\/3I\/ATLAS La com\u00e8te prise le 27 \/ 12 \/ 2025 \u00e0 la 80ED + r\u00e9ducteur de focale 0.85x + Canon 1200d Addition sur le noyau de 20 [&hellip;]<\/p>\n","protected":false},"author":1,"featured_media":0,"parent":5997,"menu_order":12,"comment_status":"closed","ping_status":"closed","template":"","meta":{"_et_pb_use_builder":"on","_et_pb_old_content":"<p><span style=\"text-decoration: underline;\"><span style=\"font-size: 12pt;\">50\u00e8me com\u00e8te photographi\u00e9e, et pas n'importe laquelle !<\/span><\/span><\/p>\r\n<p><span style=\"text-decoration: underline;\"><span style=\"font-size: 12pt;\">3I\/Atlas est une com\u00e8te interstellaire, d\u00e9couverte le 1er juillet 2025<\/span><\/span><\/p>\r\n<p><span style=\"text-decoration: underline;\"><span style=\"font-size: 12pt;\">De nombreuses informations sont disponibles sur le site suivant :<\/span><\/span><\/p>\r\n<p><span style=\"text-decoration: underline;\"><span style=\"font-size: 12pt;\"><a href=\"https:\/\/fr.wikipedia.org\/wiki\/3I\/ATLAS\" target=\"_blank\" rel=\"noopener\">https:\/\/fr.wikipedia.org\/wiki\/3I\/ATLAS<\/a><\/span><\/span><\/p>\r\n<p><span style=\"text-decoration: underline;\"><span style=\"font-size: 12pt;\">La com\u00e8te prise le 27 \/ 12 \/ 2025 \u00e0 la 80ED + r\u00e9ducteur de focale 0.85x + Canon 1200d<\/span><\/span><\/p>\r\n<p><span style=\"text-decoration: underline;\"><span style=\"font-size: 12pt;\">Addition sur le noyau de 20 poses de 3mn<\/span><\/span><\/p>\r\n<p><img class=\"alignnone size-full wp-image-7789\" src=\"http:\/\/astrodan.fr\/site\/wp-content\/uploads\/Comete\/3i_Atlas\/3i_noyau__GraXpert-scaled.jpg\" alt=\"\" width=\"2560\" height=\"1706\"><\/p>\r\n<p><span style=\"text-decoration: underline;\"><span style=\"font-size: 12pt;\">D\u00e9placement tr\u00e8s rapide ( vitesse 250000 km\/h ) de la com\u00e8te durant 57mn<\/span><\/span><\/p>\r\n<p><img class=\"alignnone size-full wp-image-7790\" src=\"http:\/\/astrodan.fr\/site\/wp-content\/uploads\/Comete\/3i_Atlas\/dep_3i_atlas_57mn.gif\" alt=\"\" width=\"1200\" height=\"800\"><\/p>\r\n<p>&nbsp;<\/p>","_et_gb_content_width":"","ngg_post_thumbnail":0,"footnotes":""},"_links":{"self":[{"href":"http:\/\/astrodan.fr\/site\/wp-json\/wp\/v2\/pages\/7788"}],"collection":[{"href":"http:\/\/astrodan.fr\/site\/wp-json\/wp\/v2\/pages"}],"about":[{"href":"http:\/\/astrodan.fr\/site\/wp-json\/wp\/v2\/types\/page"}],"author":[{"embeddable":true,"href":"http:\/\/astrodan.fr\/site\/wp-json\/wp\/v2\/users\/1"}],"replies":[{"embeddable":true,"href":"http:\/\/astrodan.fr\/site\/wp-json\/wp\/v2\/comments?post=7788"}],"version-history":[{"count":3,"href":"http:\/\/astrodan.fr\/site\/wp-json\/wp\/v2\/pages\/7788\/revisions"}],"predecessor-version":[{"id":7794,"href":"http:\/\/astrodan.fr\/site\/wp-json\/wp\/v2\/pages\/7788\/revisions\/7794"}],"up":[{"embeddable":true,"href":"http:\/\/astrodan.fr\/site\/wp-json\/wp\/v2\/pages\/5997"}],"wp:attachment":[{"href":"http:\/\/astrodan.fr\/site\/wp-json\/wp\/v2\/media?parent=7788"}],"curies":[{"name":"wp","href":"https:\/\/api.w.org\/{rel}","templated":true}]}}