{"id":771,"date":"2017-03-01T10:58:19","date_gmt":"2017-03-01T09:58:19","guid":{"rendered":"http:\/\/astrodan.fr\/site\/?page_id=771"},"modified":"2024-02-07T17:20:04","modified_gmt":"2024-02-07T16:20:04","slug":"defiltrage-dapn","status":"publish","type":"page","link":"http:\/\/astrodan.fr\/site\/materiel\/defiltrage-dapn\/","title":{"rendered":"D\u00e9filtrage d&rsquo;apn"},"content":{"rendered":"<p>[et_pb_section fb_built=\u00a0\u00bb1&Prime; _builder_version=\u00a0\u00bb4.23.4&Prime; hover_enabled=\u00a0\u00bb0&Prime; global_colors_info=\u00a0\u00bb{}\u00a0\u00bb background_color=\u00a0\u00bb#100a3f\u00a0\u00bb sticky_enabled=\u00a0\u00bb0&Prime;][et_pb_row _builder_version=\u00a0\u00bb4.16&Prime; background_size=\u00a0\u00bbinitial\u00a0\u00bb background_position=\u00a0\u00bbtop_left\u00a0\u00bb background_repeat=\u00a0\u00bbrepeat\u00a0\u00bb global_colors_info=\u00a0\u00bb{}\u00a0\u00bb][et_pb_column type=\u00a0\u00bb4_4&Prime; _builder_version=\u00a0\u00bb4.16&Prime; custom_padding=\u00a0\u00bb|||\u00a0\u00bb global_colors_info=\u00a0\u00bb{}\u00a0\u00bb custom_padding__hover=\u00a0\u00bb|||\u00a0\u00bb][et_pb_text _builder_version=\u00a0\u00bb4.16&Prime; background_size=\u00a0\u00bbinitial\u00a0\u00bb background_position=\u00a0\u00bbtop_left\u00a0\u00bb background_repeat=\u00a0\u00bbrepeat\u00a0\u00bb global_colors_info=\u00a0\u00bb{}\u00a0\u00bb]<\/p>\n<p><a id=\"hdep\" name=\"hdep\"><\/a><\/p>\n<p>Les APN type reflex sont extr\u00eamement performants et sensibles, mais ils sont \u00ab\u00a0brid\u00e9s\u00a0\u00bb par les fabricants.<\/p>\n<p>Ils ont tous devant leurs capteurs un filtre anti IR (infrarouge ) qui limite la d\u00e9tection de certaines longueurs d&rsquo;ondes pr\u00e9sentes dans certaines n\u00e9buleuses.<\/p>\n<p>La solution consiste \u00e0 retirer ce filtre, ainsi la photographie des n\u00e9buleuses qui \u00e9mettent de la lumi\u00e8re qu&rsquo;on qualifie de rouge profond sera possible.<\/p>\n<p>Voici 2 exemples ,<\/p>\n<p>un apn normal point\u00e9 sur la constellation d&rsquo;Orion, pose unique de 5mn<\/p>\n<p><img loading=\"lazy\" decoding=\"async\" class=\"alignnone wp-image-5039 size-full\" src=\"http:\/\/astrodan.fr\/site\/wp-content\/uploads\/pollution\/50mm_std.jpg\" alt=\"\" width=\"1024\" height=\"682\" data-wpmflightbox=\"0\" data-wpmf_image_lightbox=\"http:\/\/astrodan.fr\/site\/wp-content\/uploads\/pollution\/50mm_std.jpg\" srcset=\"http:\/\/astrodan.fr\/site\/wp-content\/uploads\/pollution\/50mm_std.jpg 1024w, http:\/\/astrodan.fr\/site\/wp-content\/uploads\/pollution\/50mm_std-980x653.jpg 980w, http:\/\/astrodan.fr\/site\/wp-content\/uploads\/pollution\/50mm_std-480x320.jpg 480w\" sizes=\"(min-width: 0px) and (max-width: 480px) 480px, (min-width: 481px) and (max-width: 980px) 980px, (min-width: 981px) 1024px, 100vw\" \/><\/p>\n<p>Le rouge des n\u00e9buleuses n&rsquo;est presque pas pr\u00e9sent sur la photo, le hallo autour des \u00e9toiles est du \u00e0 une forte humidit\u00e9 pr\u00e9sente dans l&rsquo;air.<\/p>\n<p>Maintenant, la m\u00eame r\u00e9gion du ciel prise avec un APN d\u00e9filtr\u00e9, toujours avec une pose de 5mn<\/p>\n<p><img loading=\"lazy\" decoding=\"async\" class=\"alignnone wp-image-5038 size-full\" src=\"http:\/\/astrodan.fr\/site\/wp-content\/uploads\/pollution\/50mm_def.jpg\" alt=\"\" width=\"1024\" height=\"683\" data-wpmflightbox=\"0\" data-wpmf_image_lightbox=\"http:\/\/astrodan.fr\/site\/wp-content\/uploads\/pollution\/50mm_def.jpg\" srcset=\"http:\/\/astrodan.fr\/site\/wp-content\/uploads\/pollution\/50mm_def.jpg 1024w, http:\/\/astrodan.fr\/site\/wp-content\/uploads\/pollution\/50mm_def-980x654.jpg 980w, http:\/\/astrodan.fr\/site\/wp-content\/uploads\/pollution\/50mm_def-480x320.jpg 480w\" sizes=\"(min-width: 0px) and (max-width: 480px) 480px, (min-width: 481px) and (max-width: 980px) 980px, (min-width: 981px) 1024px, 100vw\" \/><\/p>\n<p>On voit tout de suite que certaines n\u00e9buleuses rouges apparaissent !<\/p>\n<p>Sur l&rsquo;image ci-dessous, on voit bien l&rsquo;\u00e9volution des diff\u00e9rentes sensibilit\u00e9s des capteurs,<\/p>\n<p>celui d&rsquo;origine, tr\u00e8s limit\u00e9, comparable \u00e0 la sensibilit\u00e9 de l&rsquo;oeil humain,<\/p>\n<p>celui d\u00e9filtr\u00e9 avec un filtre de protection, dont le spectre est d\u00e9j\u00e0 plus large,<\/p>\n<p>enfin, l&rsquo;APN totalement d\u00e9filtr\u00e9, qui capte une spectre tr\u00e8s \u00e9tendu, de l&rsquo;UV( ultraviolet ) jusqu&rsquo;aux IR (Infrarouge )<\/p>\n<p><img loading=\"lazy\" decoding=\"async\" class=\"alignnone wp-image-5041 size-full\" src=\"http:\/\/astrodan.fr\/site\/wp-content\/uploads\/pollution\/spectrEOS.jpg\" alt=\"\" width=\"850\" height=\"679\" data-wpmflightbox=\"0\" data-wpmf_image_lightbox=\"http:\/\/astrodan.fr\/site\/wp-content\/uploads\/pollution\/spectrEOS.jpg\" srcset=\"http:\/\/astrodan.fr\/site\/wp-content\/uploads\/pollution\/spectrEOS.jpg 850w, http:\/\/astrodan.fr\/site\/wp-content\/uploads\/pollution\/spectrEOS-480x383.jpg 480w\" sizes=\"(min-width: 0px) and (max-width: 480px) 480px, (min-width: 481px) 850px, 100vw\" \/><\/p>\n<p>L&rsquo;op\u00e9ration de d\u00e9filtrage est extr\u00eamement complexe \u00e0 r\u00e9aliser, il faut ouvrir compl\u00e8tement le boitier photo et sortir le capteur<\/p>\n<p><img loading=\"lazy\" decoding=\"async\" class=\"alignnone wp-image-5040 size-full\" src=\"http:\/\/astrodan.fr\/site\/wp-content\/uploads\/pollution\/EtapesModifEOS.jpg\" alt=\"\" width=\"1200\" height=\"1093\" data-wpmflightbox=\"0\" data-wpmf_image_lightbox=\"http:\/\/astrodan.fr\/site\/wp-content\/uploads\/pollution\/EtapesModifEOS.jpg\" srcset=\"http:\/\/astrodan.fr\/site\/wp-content\/uploads\/pollution\/EtapesModifEOS.jpg 1200w, http:\/\/astrodan.fr\/site\/wp-content\/uploads\/pollution\/EtapesModifEOS-980x893.jpg 980w, http:\/\/astrodan.fr\/site\/wp-content\/uploads\/pollution\/EtapesModifEOS-480x437.jpg 480w\" sizes=\"(min-width: 0px) and (max-width: 480px) 480px, (min-width: 481px) and (max-width: 980px) 980px, (min-width: 981px) 1200px, 100vw\" \/><\/p>\n<p><span style=\"font-size: 12pt;\">Heureusement, il y a un expert qui r\u00e9alise cela avec d\u00e9licatesse, c&rsquo;est Richard Galli, de la soci\u00e9t\u00e9 EOS For Astro<\/span><\/p>\n<p><span style=\"font-size: 12pt;\"><a href=\"http:\/\/www.eosforastro.com\/\" target=\"_blank\" rel=\"noopener\">http:\/\/www.eosforastro.com\/<\/a><\/span><\/p>\n<p><span style=\"font-size: 12pt;\">On peut le voir \u00e0 l&rsquo;\u0153uvre ici :<\/span><\/p>\n<p><span style=\"font-size: 12pt;\"><a href=\"https:\/\/www.youtube.com\/watch?v=5DYaprtyZXk\" target=\"_blank\" rel=\"noopener\">https:\/\/www.youtube.com\/watch?v=5DYaprtyZXk<\/a><\/span><\/p>\n<p><span style=\"font-size: 12pt;\"><a href=\"http:\/\/astrodan.fr\/site\/?page_id=771\">Haut de page<\/a><\/span><\/p>\n<p>[\/et_pb_text][\/et_pb_column][\/et_pb_row][\/et_pb_section]<\/p>\n","protected":false},"excerpt":{"rendered":"<p>Les APN type reflex sont extr\u00eamement performants et sensibles, mais ils sont \u00ab\u00a0brid\u00e9s\u00a0\u00bb par les fabricants. Ils ont tous devant leurs capteurs un filtre anti IR (infrarouge ) qui limite la d\u00e9tection de certaines longueurs d&rsquo;ondes pr\u00e9sentes dans certaines n\u00e9buleuses. La solution consiste \u00e0 retirer ce filtre, ainsi la photographie des n\u00e9buleuses qui \u00e9mettent de [&hellip;]<\/p>\n","protected":false},"author":1,"featured_media":0,"parent":41,"menu_order":7,"comment_status":"closed","ping_status":"closed","template":"","meta":{"_et_pb_use_builder":"on","_et_pb_old_content":"<p><a id=\"hdep\" name=\"hdep\"><\/a><\/p>\r\n<p>Les APN type reflex sont extr\u00eamement performants et sensibles, mais ils sont \"brid\u00e9s\" par les fabricants.<\/p>\r\n<p>Ils ont tous devant leurs capteurs un filtre anti IR (infrarouge ) qui limite la d\u00e9tection de certaines longueurs d'ondes pr\u00e9sentes dans certaines n\u00e9buleuses.<\/p>\r\n<p>La solution consiste \u00e0 retirer ce filtre, ainsi la photographie des n\u00e9buleuses qui \u00e9mettent de la lumi\u00e8re qu'on qualifie de rouge profond sera possible.<\/p>\r\n<p>Voici 2 exemples ,<\/p>\r\n<p>un apn normal point\u00e9 sur la constellation d'Orion, pose unique de 5mn<\/p>\r\n<p><img class=\"alignnone wp-image-5039 size-full\" src=\"http:\/\/astrodan.fr\/site\/wp-content\/uploads\/pollution\/50mm_std.jpg\" alt=\"\" width=\"1024\" height=\"682\" data-wpmflightbox=\"0\" data-wpmf_image_lightbox=\"http:\/\/astrodan.fr\/site\/wp-content\/uploads\/pollution\/50mm_std.jpg\"><\/p>\r\n<p>Le rouge des n\u00e9buleuses n'est presque pas pr\u00e9sent sur la photo, le hallo autour des \u00e9toiles est du \u00e0 une forte humidit\u00e9 pr\u00e9sente dans l'air.<\/p>\r\n<p>Maintenant, la m\u00eame r\u00e9gion du ciel prise avec un APN d\u00e9filtr\u00e9, toujours avec une pose de 5mn<\/p>\r\n<p><img class=\"alignnone wp-image-5038 size-full\" src=\"http:\/\/astrodan.fr\/site\/wp-content\/uploads\/pollution\/50mm_def.jpg\" alt=\"\" width=\"1024\" height=\"683\" data-wpmflightbox=\"0\" data-wpmf_image_lightbox=\"http:\/\/astrodan.fr\/site\/wp-content\/uploads\/pollution\/50mm_def.jpg\"><\/p>\r\n<p>On voit tout de suite que certaines n\u00e9buleuses rouges apparaissent !<\/p>\r\n<p>Sur l'image ci-dessous, on voit bien l'\u00e9volution des diff\u00e9rentes sensibilit\u00e9s des capteurs,<\/p>\r\n<p>celui d'origine, tr\u00e8s limit\u00e9, comparable \u00e0 la sensibilit\u00e9 de l'oeil humain,<\/p>\r\n<p>celui d\u00e9filtr\u00e9 avec un filtre de protection, dont le spectre est d\u00e9j\u00e0 plus large,<\/p>\r\n<p>enfin, l'APN totalement d\u00e9filtr\u00e9, qui capte une spectre tr\u00e8s \u00e9tendu, de l'UV( ultraviolet ) jusqu'aux IR (Infrarouge )<\/p>\r\n<p><img class=\"alignnone wp-image-5041 size-full\" src=\"http:\/\/astrodan.fr\/site\/wp-content\/uploads\/pollution\/spectrEOS.jpg\" alt=\"\" width=\"850\" height=\"679\" data-wpmflightbox=\"0\" data-wpmf_image_lightbox=\"http:\/\/astrodan.fr\/site\/wp-content\/uploads\/pollution\/spectrEOS.jpg\"><\/p>\r\n<p>L'op\u00e9ration de d\u00e9filtrage est extr\u00eamement complexe \u00e0 r\u00e9aliser, il faut ouvrir compl\u00e8tement le boitier photo et sortir le capteur<\/p>\r\n<p><img class=\"alignnone wp-image-5040 size-full\" src=\"http:\/\/astrodan.fr\/site\/wp-content\/uploads\/pollution\/EtapesModifEOS.jpg\" alt=\"\" width=\"1200\" height=\"1093\" data-wpmflightbox=\"0\" data-wpmf_image_lightbox=\"http:\/\/astrodan.fr\/site\/wp-content\/uploads\/pollution\/EtapesModifEOS.jpg\"><\/p>\r\n<p><span style=\"font-size: 12pt;\">Heureusement, il y a un expert qui r\u00e9alise cela avec d\u00e9licatesse, c'est Richard Galli, de la soci\u00e9t\u00e9 EOS For Astro<\/span><\/p>\r\n<p><span style=\"font-size: 12pt;\"><a href=\"http:\/\/www.eosforastro.com\/\" target=\"_blank\" rel=\"noopener\">http:\/\/www.eosforastro.com\/<\/a><\/span><\/p>\r\n<p><span style=\"font-size: 12pt;\">On peut le voir \u00e0 l'\u0153uvre ici :<\/span><\/p>\r\n<p><span style=\"font-size: 12pt;\"><a href=\"https:\/\/www.youtube.com\/watch?v=5DYaprtyZXk\" target=\"_blank\" rel=\"noopener\">https:\/\/www.youtube.com\/watch?v=5DYaprtyZXk<\/a><\/span><\/p>\r\n<p><span style=\"font-size: 12pt;\"><a href=\"http:\/\/astrodan.fr\/site\/?page_id=771\">Haut de page<\/a><\/span><\/p>","_et_gb_content_width":"","ngg_post_thumbnail":0,"footnotes":""},"_links":{"self":[{"href":"http:\/\/astrodan.fr\/site\/wp-json\/wp\/v2\/pages\/771"}],"collection":[{"href":"http:\/\/astrodan.fr\/site\/wp-json\/wp\/v2\/pages"}],"about":[{"href":"http:\/\/astrodan.fr\/site\/wp-json\/wp\/v2\/types\/page"}],"author":[{"embeddable":true,"href":"http:\/\/astrodan.fr\/site\/wp-json\/wp\/v2\/users\/1"}],"replies":[{"embeddable":true,"href":"http:\/\/astrodan.fr\/site\/wp-json\/wp\/v2\/comments?post=771"}],"version-history":[{"count":3,"href":"http:\/\/astrodan.fr\/site\/wp-json\/wp\/v2\/pages\/771\/revisions"}],"predecessor-version":[{"id":6525,"href":"http:\/\/astrodan.fr\/site\/wp-json\/wp\/v2\/pages\/771\/revisions\/6525"}],"up":[{"embeddable":true,"href":"http:\/\/astrodan.fr\/site\/wp-json\/wp\/v2\/pages\/41"}],"wp:attachment":[{"href":"http:\/\/astrodan.fr\/site\/wp-json\/wp\/v2\/media?parent=771"}],"curies":[{"name":"wp","href":"https:\/\/api.w.org\/{rel}","templated":true}]}}