{"id":7647,"date":"2025-11-20T14:24:12","date_gmt":"2025-11-20T13:24:12","guid":{"rendered":"http:\/\/astrodan.fr\/site\/?page_id=7647"},"modified":"2025-11-20T14:57:23","modified_gmt":"2025-11-20T13:57:23","slug":"c-2025-k1-atlas","status":"publish","type":"page","link":"http:\/\/astrodan.fr\/site\/cometes-2-2\/c-2025-k1-atlas\/","title":{"rendered":"C\/2025 K1 Atlas"},"content":{"rendered":"<p>[et_pb_section fb_built=\u00a0\u00bb1&Prime; _builder_version=\u00a0\u00bb4.24.2&Prime; background_color=\u00a0\u00bb#100a3f\u00a0\u00bb global_colors_info=\u00a0\u00bb{}\u00a0\u00bb][et_pb_row _builder_version=\u00a0\u00bb4.16&Prime; background_size=\u00a0\u00bbinitial\u00a0\u00bb background_position=\u00a0\u00bbtop_left\u00a0\u00bb background_repeat=\u00a0\u00bbrepeat\u00a0\u00bb global_colors_info=\u00a0\u00bb{}\u00a0\u00bb][et_pb_column type=\u00a0\u00bb4_4&Prime; _builder_version=\u00a0\u00bb4.16&Prime; custom_padding=\u00a0\u00bb|||\u00a0\u00bb global_colors_info=\u00a0\u00bb{}\u00a0\u00bb custom_padding__hover=\u00a0\u00bb|||\u00a0\u00bb][et_pb_text _builder_version=\u00a0\u00bb4.16&Prime; background_size=\u00a0\u00bbinitial\u00a0\u00bb background_position=\u00a0\u00bbtop_left\u00a0\u00bb background_repeat=\u00a0\u00bbrepeat\u00a0\u00bb global_colors_info=\u00a0\u00bb{}\u00a0\u00bb]<\/p>\n<p><span style=\"text-decoration: underline;\"><span style=\"font-size: 12pt;\">Com\u00e8te C\/2025 K1 Atlas le 24 ao\u00fbt 2025<\/span><\/span><\/p>\n<p><span style=\"text-decoration: underline;\"><span style=\"font-size: 12pt;\">Lunette 80ED + r\u00e9ducteur x0.85 + Canon 1200D<\/span><\/span><\/p>\n<p><span style=\"text-decoration: underline;\"><span style=\"font-size: 12pt;\">Tr\u00e8s mauvaise conditions, ciel couvert<\/span><\/span><\/p>\n<p><span style=\"text-decoration: underline;\"><span style=\"font-size: 12pt;\">Addition de 20 poses de 1mn<\/span><\/span><\/p>\n<p><img loading=\"lazy\" decoding=\"async\" class=\"alignnone size-full wp-image-7665\" src=\"http:\/\/astrodan.fr\/site\/wp-content\/uploads\/Comete\/C_2025_K1-Atlas\/addition_20p_noyau_SW.jpg\" alt=\"\" width=\"1500\" height=\"940\" \/><\/p>\n<p>&nbsp;<\/p>\n<p>&nbsp;<\/p>\n<p>[\/et_pb_text][\/et_pb_column][\/et_pb_row][\/et_pb_section]<\/p>\n","protected":false},"excerpt":{"rendered":"<p>Com\u00e8te C\/2025 K1 Atlas le 24 ao\u00fbt 2025 Lunette 80ED + r\u00e9ducteur x0.85 + Canon 1200D Tr\u00e8s mauvaise conditions, ciel couvert Addition de 20 poses de 1mn &nbsp; &nbsp;<\/p>\n","protected":false},"author":1,"featured_media":0,"parent":5997,"menu_order":10,"comment_status":"closed","ping_status":"closed","template":"","meta":{"_et_pb_use_builder":"on","_et_pb_old_content":"<p><span style=\"text-decoration: underline;\"><span style=\"font-size: 12pt;\">Com\u00e8te c\/2025 K1 Atlas le 24 ao\u00fbt 2025<\/span><\/span><\/p>\r\n<p><span style=\"text-decoration: underline;\"><span style=\"font-size: 12pt;\">Lunette 80ED + r\u00e9ducteur x0.85 + Canon 1200D<\/span><\/span><\/p>\r\n<p><span style=\"text-decoration: underline;\"><span style=\"font-size: 12pt;\">Tr\u00e8s mauvaise conditions, ciel couvert<\/span><\/span><\/p>\r\n<p><span style=\"text-decoration: underline;\"><span style=\"font-size: 12pt;\">Addition de 20 poses de 1mn<\/span><\/span><\/p>\r\n<p><img class=\"alignnone size-full wp-image-7665\" src=\"http:\/\/astrodan.fr\/site\/wp-content\/uploads\/Comete\/C_2025_K1-Atlas\/addition_20p_noyau_SW.jpg\" alt=\"\" width=\"1500\" height=\"940\"><\/p>\r\n<p>\u00a0<\/p>\r\n<p>\u00a0<\/p>","_et_gb_content_width":"","ngg_post_thumbnail":0,"footnotes":""},"_links":{"self":[{"href":"http:\/\/astrodan.fr\/site\/wp-json\/wp\/v2\/pages\/7647"}],"collection":[{"href":"http:\/\/astrodan.fr\/site\/wp-json\/wp\/v2\/pages"}],"about":[{"href":"http:\/\/astrodan.fr\/site\/wp-json\/wp\/v2\/types\/page"}],"author":[{"embeddable":true,"href":"http:\/\/astrodan.fr\/site\/wp-json\/wp\/v2\/users\/1"}],"replies":[{"embeddable":true,"href":"http:\/\/astrodan.fr\/site\/wp-json\/wp\/v2\/comments?post=7647"}],"version-history":[{"count":3,"href":"http:\/\/astrodan.fr\/site\/wp-json\/wp\/v2\/pages\/7647\/revisions"}],"predecessor-version":[{"id":7675,"href":"http:\/\/astrodan.fr\/site\/wp-json\/wp\/v2\/pages\/7647\/revisions\/7675"}],"up":[{"embeddable":true,"href":"http:\/\/astrodan.fr\/site\/wp-json\/wp\/v2\/pages\/5997"}],"wp:attachment":[{"href":"http:\/\/astrodan.fr\/site\/wp-json\/wp\/v2\/media?parent=7647"}],"curies":[{"name":"wp","href":"https:\/\/api.w.org\/{rel}","templated":true}]}}