{"id":7608,"date":"2025-10-25T16:57:21","date_gmt":"2025-10-25T14:57:21","guid":{"rendered":"http:\/\/astrodan.fr\/site\/?page_id=7608"},"modified":"2025-11-20T13:59:34","modified_gmt":"2025-11-20T12:59:34","slug":"comete-c-2025-a6-lemmon","status":"publish","type":"page","link":"http:\/\/astrodan.fr\/site\/cometes-2-2\/comete-c-2025-a6-lemmon\/","title":{"rendered":"C\/2025 A6 Lemmon"},"content":{"rendered":"<p>[et_pb_section fb_built=\u00a0\u00bb1&Prime; admin_label=\u00a0\u00bbsection\u00a0\u00bb _builder_version=\u00a0\u00bb4.24.2&Prime; background_color=\u00a0\u00bb#100a3f\u00a0\u00bb global_colors_info=\u00a0\u00bb{}\u00a0\u00bb][et_pb_row admin_label=\u00a0\u00bbrow\u00a0\u00bb _builder_version=\u00a0\u00bb4.16&Prime; background_size=\u00a0\u00bbinitial\u00a0\u00bb background_position=\u00a0\u00bbtop_left\u00a0\u00bb background_repeat=\u00a0\u00bbrepeat\u00a0\u00bb global_colors_info=\u00a0\u00bb{}\u00a0\u00bb][et_pb_column type=\u00a0\u00bb4_4&Prime; _builder_version=\u00a0\u00bb4.16&Prime; custom_padding=\u00a0\u00bb|||\u00a0\u00bb global_colors_info=\u00a0\u00bb{}\u00a0\u00bb custom_padding__hover=\u00a0\u00bb|||\u00a0\u00bb][et_pb_text admin_label=\u00a0\u00bbText\u00a0\u00bb _builder_version=\u00a0\u00bb4.16&Prime; background_size=\u00a0\u00bbinitial\u00a0\u00bb background_position=\u00a0\u00bbtop_left\u00a0\u00bb background_repeat=\u00a0\u00bbrepeat\u00a0\u00bb global_colors_info=\u00a0\u00bb{}\u00a0\u00bb]<\/p>\n<p><span style=\"text-decoration: underline;\"><span style=\"font-size: 12pt;\">Premi\u00e8res images de la com\u00e8te C\/2025 A6 Lemmon le 02\/10\/2025 \u00e0 4h du matin<\/span><\/span><\/p>\n<p><span style=\"text-decoration: underline;\"><span style=\"font-size: 12pt;\">Lunette 80ED + Canon 1200D sur les hauteurs de Petit-Ebersviller<\/span><\/span><\/p>\n<p><span style=\"text-decoration: underline; font-size: 12pt;\">Addition sur le noyau de la com\u00e8te<\/span><\/p>\n<p><img loading=\"lazy\" decoding=\"async\" class=\"alignnone size-full wp-image-7614\" src=\"http:\/\/astrodan.fr\/site\/wp-content\/uploads\/Comete\/C_2025_A6_Lemmon\/traitement_24poses_R_GraXpert.jpg\" alt=\"\" width=\"1500\" height=\"977\"><\/p>\n<p><span style=\"text-decoration: underline;\"><span style=\"font-size: 12pt;\">Double traitement, addition des \u00e9toiles puis de la com\u00e8te<\/span><\/span>&nbsp;<\/p>\n<p><img loading=\"lazy\" decoding=\"async\" class=\"alignnone size-full wp-image-7611\" src=\"http:\/\/astrodan.fr\/site\/wp-content\/uploads\/Comete\/C_2025_A6_Lemmon\/addition_pixel_etoiles_GraXpert.jpg\" alt=\"\" width=\"1500\" height=\"993\"><\/p>\n<p><span style=\"text-decoration: underline;\"><span style=\"font-size: 12pt;\">Double animation, avec le d\u00e9placement de la com\u00e8te sur fond de ciel et d\u00e9placement des \u00e9toiles et com\u00e8te fixe<\/span><\/span><\/p>\n<p><img loading=\"lazy\" decoding=\"async\" class=\"alignnone size-full wp-image-7612\" src=\"http:\/\/astrodan.fr\/site\/wp-content\/uploads\/Comete\/C_2025_A6_Lemmon\/double-anim.gif\" alt=\"\" width=\"750\" height=\"1000\"><\/p>\n<p>&nbsp;<\/p>\n<p>[\/et_pb_text][\/et_pb_column][\/et_pb_row][\/et_pb_section]<\/p>\n","protected":false},"excerpt":{"rendered":"<p>Premi\u00e8res images de la com\u00e8te C\/2025 A6 Lemmon le 02\/10\/2025 \u00e0 4h du matin Lunette 80ED + Canon 1200D sur les hauteurs de Petit-Ebersviller Addition sur le noyau de la com\u00e8te Double traitement, addition des \u00e9toiles puis de la com\u00e8te&nbsp; Double animation, avec le d\u00e9placement de la com\u00e8te sur fond de ciel et d\u00e9placement des [&hellip;]<\/p>\n","protected":false},"author":1,"featured_media":0,"parent":5997,"menu_order":8,"comment_status":"closed","ping_status":"closed","template":"","meta":{"_et_pb_use_builder":"on","_et_pb_old_content":"<p><span style=\"text-decoration: underline;\"><span style=\"font-size: 12pt;\">Premi\u00e8res images de la com\u00e8te C\/2025 A6 Lemmon le 02\/10\/2025 \u00e0 4h du matin<\/span><\/span><\/p>\r\n<p><span style=\"text-decoration: underline;\"><span style=\"font-size: 12pt;\">Lunette 80ED + Canon 1200D sur les hauteurs de Petit-Ebersviller<\/span><\/span><\/p>\r\n<p><span style=\"text-decoration: underline; font-size: 12pt;\">Addition sur le noyau de la com\u00e8te<\/span><\/p>\r\n<p><img class=\"alignnone size-full wp-image-7614\" src=\"http:\/\/astrodan.fr\/site\/wp-content\/uploads\/Comete\/C_2025_A6_Lemmon\/traitement_24poses_R_GraXpert.jpg\" alt=\"\" width=\"1500\" height=\"977\"><\/p>\r\n<p><span style=\"text-decoration: underline;\"><span style=\"font-size: 12pt;\">Double traitement, addition des \u00e9toiles puis de la com\u00e8te<\/span><\/span>\u00a0<\/p>\r\n<p><img class=\"alignnone size-full wp-image-7611\" src=\"http:\/\/astrodan.fr\/site\/wp-content\/uploads\/Comete\/C_2025_A6_Lemmon\/addition_pixel_etoiles_GraXpert.jpg\" alt=\"\" width=\"1500\" height=\"993\"><\/p>\r\n<p><span style=\"text-decoration: underline;\"><span style=\"font-size: 12pt;\">Double animation, avec le d\u00e9placement de la com\u00e8te sur fond de ciel et d\u00e9placement des \u00e9toiles et com\u00e8te fixe<\/span><\/span><\/p>\r\n<p><img class=\"alignnone size-full wp-image-7612\" src=\"http:\/\/astrodan.fr\/site\/wp-content\/uploads\/Comete\/C_2025_A6_Lemmon\/double-anim.gif\" alt=\"\" width=\"750\" height=\"1000\"><\/p>\r\n<p>\u00a0<\/p>","_et_gb_content_width":"","ngg_post_thumbnail":0,"footnotes":""},"_links":{"self":[{"href":"http:\/\/astrodan.fr\/site\/wp-json\/wp\/v2\/pages\/7608"}],"collection":[{"href":"http:\/\/astrodan.fr\/site\/wp-json\/wp\/v2\/pages"}],"about":[{"href":"http:\/\/astrodan.fr\/site\/wp-json\/wp\/v2\/types\/page"}],"author":[{"embeddable":true,"href":"http:\/\/astrodan.fr\/site\/wp-json\/wp\/v2\/users\/1"}],"replies":[{"embeddable":true,"href":"http:\/\/astrodan.fr\/site\/wp-json\/wp\/v2\/comments?post=7608"}],"version-history":[{"count":3,"href":"http:\/\/astrodan.fr\/site\/wp-json\/wp\/v2\/pages\/7608\/revisions"}],"predecessor-version":[{"id":7635,"href":"http:\/\/astrodan.fr\/site\/wp-json\/wp\/v2\/pages\/7608\/revisions\/7635"}],"up":[{"embeddable":true,"href":"http:\/\/astrodan.fr\/site\/wp-json\/wp\/v2\/pages\/5997"}],"wp:attachment":[{"href":"http:\/\/astrodan.fr\/site\/wp-json\/wp\/v2\/media?parent=7608"}],"curies":[{"name":"wp","href":"https:\/\/api.w.org\/{rel}","templated":true}]}}