{"id":747,"date":"2017-02-25T11:45:33","date_gmt":"2017-02-25T10:45:33","guid":{"rendered":"http:\/\/astrodan.fr\/site\/?page_id=747"},"modified":"2024-01-24T17:30:51","modified_gmt":"2024-01-24T16:30:51","slug":"bricolages","status":"publish","type":"page","link":"http:\/\/astrodan.fr\/site\/materiel\/bricolages\/","title":{"rendered":"Bricolages"},"content":{"rendered":"<p>[et_pb_section fb_built=\u00a0\u00bb1&Prime; _builder_version=\u00a0\u00bb4.23.4&Prime; hover_enabled=\u00a0\u00bb0&Prime; global_colors_info=\u00a0\u00bb{}\u00a0\u00bb background_color=\u00a0\u00bb#100a3f\u00a0\u00bb sticky_enabled=\u00a0\u00bb0&Prime;][et_pb_row _builder_version=\u00a0\u00bb4.16&Prime; background_size=\u00a0\u00bbinitial\u00a0\u00bb background_position=\u00a0\u00bbtop_left\u00a0\u00bb background_repeat=\u00a0\u00bbrepeat\u00a0\u00bb global_colors_info=\u00a0\u00bb{}\u00a0\u00bb][et_pb_column type=\u00a0\u00bb4_4&Prime; _builder_version=\u00a0\u00bb4.16&Prime; custom_padding=\u00a0\u00bb|||\u00a0\u00bb global_colors_info=\u00a0\u00bb{}\u00a0\u00bb custom_padding__hover=\u00a0\u00bb|||\u00a0\u00bb][et_pb_text _builder_version=\u00a0\u00bb4.16&Prime; background_size=\u00a0\u00bbinitial\u00a0\u00bb background_position=\u00a0\u00bbtop_left\u00a0\u00bb background_repeat=\u00a0\u00bbrepeat\u00a0\u00bb global_colors_info=\u00a0\u00bb{}\u00a0\u00bb]<\/p>\n<p><a id=\"hdep\" name=\"hdep\"><\/a><\/p>\n<p>Sur cette page sont d\u00e9crits mes diff\u00e9rents bricolages et modifications que j&rsquo;apporte \u00e0 mon mat\u00e9riel.<\/p>\n<p>Le zoom Canon 70-200 F\/4 utilis\u00e9 en visuel, pour un rep\u00e9rage d&rsquo;objets ou une observation en mode \u00a0\u00bb l\u00e9ger \u00a0\u00bb :<\/p>\n<p><img loading=\"lazy\" decoding=\"async\" class=\"alignnone wp-image-5022 size-full\" src=\"http:\/\/astrodan.fr\/site\/wp-content\/uploads\/2023\/materiel\/bricolage\/IMG_2526.jpg\" alt=\"\" width=\"1200\" height=\"800\" data-wpmflightbox=\"0\" data-wpmf_image_lightbox=\"http:\/\/astrodan.fr\/site\/wp-content\/uploads\/2023\/materiel\/bricolage\/IMG_2526.jpg\" srcset=\"http:\/\/astrodan.fr\/site\/wp-content\/uploads\/2023\/materiel\/bricolage\/IMG_2526.jpg 1200w, http:\/\/astrodan.fr\/site\/wp-content\/uploads\/2023\/materiel\/bricolage\/IMG_2526-980x653.jpg 980w, http:\/\/astrodan.fr\/site\/wp-content\/uploads\/2023\/materiel\/bricolage\/IMG_2526-480x320.jpg 480w\" sizes=\"(min-width: 0px) and (max-width: 480px) 480px, (min-width: 481px) and (max-width: 980px) 980px, (min-width: 981px) 1200px, 100vw\" \/><\/p>\n<p><img loading=\"lazy\" decoding=\"async\" class=\"alignnone wp-image-5023 size-full\" src=\"http:\/\/astrodan.fr\/site\/wp-content\/uploads\/2023\/materiel\/bricolage\/IMG_2527.jpg\" alt=\"\" width=\"1200\" height=\"800\" data-wpmflightbox=\"0\" data-wpmf_image_lightbox=\"http:\/\/astrodan.fr\/site\/wp-content\/uploads\/2023\/materiel\/bricolage\/IMG_2527.jpg\" srcset=\"http:\/\/astrodan.fr\/site\/wp-content\/uploads\/2023\/materiel\/bricolage\/IMG_2527.jpg 1200w, http:\/\/astrodan.fr\/site\/wp-content\/uploads\/2023\/materiel\/bricolage\/IMG_2527-980x653.jpg 980w, http:\/\/astrodan.fr\/site\/wp-content\/uploads\/2023\/materiel\/bricolage\/IMG_2527-480x320.jpg 480w\" sizes=\"(min-width: 0px) and (max-width: 480px) 480px, (min-width: 481px) and (max-width: 980px) 980px, (min-width: 981px) 1200px, 100vw\" \/><\/p>\n<p>Un bouchon arri\u00e8re d&rsquo;objectif photo est perc\u00e9, on colle un raccord d&rsquo;oculaire 1&Prime; 1\/4, plus 2 vis pour bloquer l&rsquo;oculaire !<\/p>\n<p><img loading=\"lazy\" decoding=\"async\" class=\"alignnone wp-image-5024 size-full\" src=\"http:\/\/astrodan.fr\/site\/wp-content\/uploads\/2023\/materiel\/bricolage\/IMG_2528.jpg\" alt=\"\" width=\"1200\" height=\"800\" data-wpmflightbox=\"0\" data-wpmf_image_lightbox=\"http:\/\/astrodan.fr\/site\/wp-content\/uploads\/2023\/materiel\/bricolage\/IMG_2528.jpg\" srcset=\"http:\/\/astrodan.fr\/site\/wp-content\/uploads\/2023\/materiel\/bricolage\/IMG_2528.jpg 1200w, http:\/\/astrodan.fr\/site\/wp-content\/uploads\/2023\/materiel\/bricolage\/IMG_2528-980x653.jpg 980w, http:\/\/astrodan.fr\/site\/wp-content\/uploads\/2023\/materiel\/bricolage\/IMG_2528-480x320.jpg 480w\" sizes=\"(min-width: 0px) and (max-width: 480px) 480px, (min-width: 481px) and (max-width: 980px) 980px, (min-width: 981px) 1200px, 100vw\" \/><\/p>\n<p><img loading=\"lazy\" decoding=\"async\" class=\"alignnone wp-image-5025 size-full\" src=\"http:\/\/astrodan.fr\/site\/wp-content\/uploads\/2023\/materiel\/bricolage\/IMG_2529.jpg\" alt=\"\" width=\"1200\" height=\"800\" data-wpmflightbox=\"0\" data-wpmf_image_lightbox=\"http:\/\/astrodan.fr\/site\/wp-content\/uploads\/2023\/materiel\/bricolage\/IMG_2529.jpg\" srcset=\"http:\/\/astrodan.fr\/site\/wp-content\/uploads\/2023\/materiel\/bricolage\/IMG_2529.jpg 1200w, http:\/\/astrodan.fr\/site\/wp-content\/uploads\/2023\/materiel\/bricolage\/IMG_2529-980x653.jpg 980w, http:\/\/astrodan.fr\/site\/wp-content\/uploads\/2023\/materiel\/bricolage\/IMG_2529-480x320.jpg 480w\" sizes=\"(min-width: 0px) and (max-width: 480px) 480px, (min-width: 481px) and (max-width: 980px) 980px, (min-width: 981px) 1200px, 100vw\" \/><\/p>\n<p><img loading=\"lazy\" decoding=\"async\" class=\"alignnone wp-image-5026 size-full\" src=\"http:\/\/astrodan.fr\/site\/wp-content\/uploads\/2023\/materiel\/bricolage\/IMG_2530.jpg\" alt=\"\" width=\"1200\" height=\"800\" data-wpmflightbox=\"0\" data-wpmf_image_lightbox=\"http:\/\/astrodan.fr\/site\/wp-content\/uploads\/2023\/materiel\/bricolage\/IMG_2530.jpg\" srcset=\"http:\/\/astrodan.fr\/site\/wp-content\/uploads\/2023\/materiel\/bricolage\/IMG_2530.jpg 1200w, http:\/\/astrodan.fr\/site\/wp-content\/uploads\/2023\/materiel\/bricolage\/IMG_2530-980x653.jpg 980w, http:\/\/astrodan.fr\/site\/wp-content\/uploads\/2023\/materiel\/bricolage\/IMG_2530-480x320.jpg 480w\" sizes=\"(min-width: 0px) and (max-width: 480px) 480px, (min-width: 481px) and (max-width: 980px) 980px, (min-width: 981px) 1200px, 100vw\" \/><\/p>\n<p>Le montage ci-dessus permet aussi d&rsquo;installer une camera \u00e0 l&rsquo;arri\u00e8re de l&rsquo;objectif !<\/p>\n<p>&nbsp;<\/p>\n<p><img loading=\"lazy\" decoding=\"async\" class=\"alignnone wp-image-5027 size-full\" src=\"http:\/\/astrodan.fr\/site\/wp-content\/uploads\/2023\/materiel\/bricolage\/IMG_2533.jpg\" alt=\"\" width=\"1200\" height=\"1200\" data-wpmflightbox=\"0\" data-wpmf_image_lightbox=\"http:\/\/astrodan.fr\/site\/wp-content\/uploads\/2023\/materiel\/bricolage\/IMG_2533.jpg\" srcset=\"http:\/\/astrodan.fr\/site\/wp-content\/uploads\/2023\/materiel\/bricolage\/IMG_2533.jpg 1200w, http:\/\/astrodan.fr\/site\/wp-content\/uploads\/2023\/materiel\/bricolage\/IMG_2533-980x980.jpg 980w, http:\/\/astrodan.fr\/site\/wp-content\/uploads\/2023\/materiel\/bricolage\/IMG_2533-480x480.jpg 480w\" sizes=\"(min-width: 0px) and (max-width: 480px) 480px, (min-width: 481px) and (max-width: 980px) 980px, (min-width: 981px) 1200px, 100vw\" \/><\/p>\n<p>&nbsp;<\/p>\n<p>Recyclage de l&rsquo;ojectif Canon 18-55mm HS<\/p>\n<p>Disposant d&rsquo;un canon18-55mm dont l&rsquo;AF est HS,&nbsp; cet objectif dispose d&rsquo;une excroissance qui emp\u00eache l&#8217;emploi d&rsquo;un filtre type \u00ab\u00a0clip\u00a0\u00bb dans le boitier APN,<\/p>\n<p>en supprimant ce bossage, le filtre pourra se monter dans le boitier \ud83d\ude42<\/p>\n<p>ci-dessous, \u00e0 gauche, l&rsquo;objectif normal, \u00e0 droite la collerette supprim\u00e9e<\/p>\n<p><img loading=\"lazy\" decoding=\"async\" class=\"alignnone size-full wp-image-5020\" src=\"http:\/\/astrodan.fr\/site\/wp-content\/uploads\/2023\/materiel\/bricolage\/18-55_mod.jpg\" alt=\"\" width=\"1200\" height=\"800\" srcset=\"http:\/\/astrodan.fr\/site\/wp-content\/uploads\/2023\/materiel\/bricolage\/18-55_mod.jpg 1200w, http:\/\/astrodan.fr\/site\/wp-content\/uploads\/2023\/materiel\/bricolage\/18-55_mod-980x653.jpg 980w, http:\/\/astrodan.fr\/site\/wp-content\/uploads\/2023\/materiel\/bricolage\/18-55_mod-480x320.jpg 480w\" sizes=\"(min-width: 0px) and (max-width: 480px) 480px, (min-width: 481px) and (max-width: 980px) 980px, (min-width: 981px) 1200px, 100vw\" \/><\/p>\n<p>Am\u00e9lioration de la qualit\u00e9 des photos.<\/p>\n<p>L&rsquo;objectif Canon 70-200 f\/4 est d\u00e9j\u00e0 excellent, m\u00eame utilis\u00e9 \u00e0 pleine ouverture,<\/p>\n<p>par contre, on peut encore am\u00e9liorer la qualit\u00e9 des images prises avec cette optique en fermant un peu le diaphragme, mais cela va cr\u00e9er des aigrettes (ou roues de charriots ) sur les \u00e9toiles,<\/p>\n<p>ce qui n&rsquo;est pas tr\u00e8s esth\u00e9tique !<\/p>\n<p>la solution consiste \u00e0 garder l&rsquo;objectif \u00e0 pleine ouverture, mais \u00e0 r\u00e9duire l\u00e9g\u00e8rement le diam\u00e8tre d&rsquo;entr\u00e9e de l&rsquo;optique, en vissant un diaphragme devant la lentille frontale !<\/p>\n<p><img loading=\"lazy\" decoding=\"async\" class=\"alignnone size-full wp-image-5021\" src=\"http:\/\/astrodan.fr\/site\/wp-content\/uploads\/2023\/materiel\/bricolage\/diaph-canon.jpg\" alt=\"\" width=\"1200\" height=\"731\" srcset=\"http:\/\/astrodan.fr\/site\/wp-content\/uploads\/2023\/materiel\/bricolage\/diaph-canon.jpg 1200w, http:\/\/astrodan.fr\/site\/wp-content\/uploads\/2023\/materiel\/bricolage\/diaph-canon-980x597.jpg 980w, http:\/\/astrodan.fr\/site\/wp-content\/uploads\/2023\/materiel\/bricolage\/diaph-canon-480x292.jpg 480w\" sizes=\"(min-width: 0px) and (max-width: 480px) 480px, (min-width: 481px) and (max-width: 980px) 980px, (min-width: 981px) 1200px, 100vw\" \/><\/p>\n<p>Montage du r\u00e9ducteur de focale apr\u00e8s le porte oculaire Crayford sur le Celestron 8<\/p>\n<p><img loading=\"lazy\" decoding=\"async\" src=\"http:\/\/astrodan.fr\/site\/wp-content\/uploads\/_thumbs\/Images\/materiel\/red1.jpg\" width=\"1500\" height=\"1000\"> <img loading=\"lazy\" decoding=\"async\" src=\"http:\/\/astrodan.fr\/site\/wp-content\/uploads\/_thumbs\/Images\/materiel\/red2.jpg\" width=\"1500\" height=\"1000\"> <img loading=\"lazy\" decoding=\"async\" src=\"http:\/\/astrodan.fr\/site\/wp-content\/uploads\/_thumbs\/Images\/materiel\/red3.jpg\" width=\"1500\" height=\"1000\"> <img loading=\"lazy\" decoding=\"async\" src=\"http:\/\/astrodan.fr\/site\/wp-content\/uploads\/_thumbs\/Images\/materiel\/red4.jpg\" width=\"1500\" height=\"1000\"><\/p>\n<p><span style=\"text-decoration: underline;\">Masque de Bahtinov pour la mise au point<\/span><\/p>\n<p>Le masque de Bahtinov est un dispositif permettant de faciliter la mise au point des instruments astronomiques. Il a \u00e9t\u00e9 nomm\u00e9 d&rsquo;apr\u00e8s son inventeur, Pavel Bahtinov .<\/p>\n<p>Le masque est constitu\u00e9 de trois grilles distinctes, orient\u00e9es selon trois angles diff\u00e9rents, de fa\u00e7on \u00e0 produire une l\u00e9g\u00e8re diffraction pour chaque grille, \u00e0 la focale de l&rsquo;instrument lorsque celui-ci pointe une \u00e9toile suffisamment brillante.<\/p>\n<p>Lorsque la mise au point est modifi\u00e9e, les \u00e9l\u00e9ments de diffraction forment des petits \u00ab&nbsp;traits&nbsp;\u00bb en forme de \u00ab&nbsp;X&nbsp;\u00bb qui partent de l&rsquo;\u00e9toile, et le trait central semble se d\u00e9placer de haut en bas. La mise au point est optimale lorsque le trait central est centr\u00e9 sur l&rsquo;\u00e9toile et positionn\u00e9 sym\u00e9triquement par rapport aux deux autres traits. De ce fait, les mises au point approximatives sont rapidement d\u00e9cel\u00e9es.<\/p>\n<p><img loading=\"lazy\" decoding=\"async\" src=\"http:\/\/astrodan.fr\/site\/wp-content\/uploads\/_thumbs\/Images\/materiel\/IMG_9159.JPG\" width=\"1500\" height=\"1000\"> <img loading=\"lazy\" decoding=\"async\" src=\"http:\/\/astrodan.fr\/site\/wp-content\/uploads\/_thumbs\/Images\/materiel\/IMG_9160.JPG\" width=\"1500\" height=\"1000\"> <img loading=\"lazy\" decoding=\"async\" src=\"http:\/\/astrodan.fr\/site\/wp-content\/uploads\/_thumbs\/Images\/materiel\/IMG_9162.JPG\" width=\"1500\" height=\"1000\"><\/p>\n<p><span style=\"text-decoration: underline;\">Mise au point intra focale<\/span><\/p>\n<p><img loading=\"lazy\" decoding=\"async\" class=\"alignnone size-full wp-image-6438\" src=\"http:\/\/astrodan.fr\/site\/wp-content\/uploads\/Materiel\/intra_F.jpg\" alt=\"\" width=\"500\" height=\"500\"><\/p>\n<p><span style=\"text-decoration: underline;\">Mise au point extra focale<\/span><\/p>\n<p><img loading=\"lazy\" decoding=\"async\" class=\"alignnone size-full wp-image-6437\" src=\"http:\/\/astrodan.fr\/site\/wp-content\/uploads\/Materiel\/extra_F.jpg\" alt=\"\" width=\"500\" height=\"500\"><\/p>\n<p><span style=\"text-decoration: underline;\">Mise au point correcte<\/span><\/p>\n<p><img loading=\"lazy\" decoding=\"async\" class=\"alignnone size-full wp-image-6436\" src=\"http:\/\/astrodan.fr\/site\/wp-content\/uploads\/Materiel\/centre_F.jpg\" alt=\"\" width=\"500\" height=\"500\"><\/p>\n<p>&nbsp;<\/p>\n<p><a href=\"http:\/\/astrodan.fr\/site\/?page_id=747#hdep\">Haut de page<\/a><\/p>\n<p>&nbsp;<\/p>\n<p>&nbsp;<\/p>\n<p>&nbsp;<\/p>\n<p>&nbsp;<\/p>\n<p>[\/et_pb_text][\/et_pb_column][\/et_pb_row][\/et_pb_section]<\/p>\n","protected":false},"excerpt":{"rendered":"<p>Sur cette page sont d\u00e9crits mes diff\u00e9rents bricolages et modifications que j&rsquo;apporte \u00e0 mon mat\u00e9riel. Le zoom Canon 70-200 F\/4 utilis\u00e9 en visuel, pour un rep\u00e9rage d&rsquo;objets ou une observation en mode \u00a0\u00bb l\u00e9ger \u00a0\u00bb : Un bouchon arri\u00e8re d&rsquo;objectif photo est perc\u00e9, on colle un raccord d&rsquo;oculaire 1&Prime; 1\/4, plus 2 vis pour bloquer [&hellip;]<\/p>\n","protected":false},"author":1,"featured_media":0,"parent":41,"menu_order":5,"comment_status":"closed","ping_status":"closed","template":"","meta":{"_et_pb_use_builder":"on","_et_pb_old_content":"<p><a id=\"hdep\" name=\"hdep\"><\/a><\/p>\r\n<p>Sur cette page sont d\u00e9crits mes diff\u00e9rents bricolages et modifications que j'apporte \u00e0 mon mat\u00e9riel.<\/p>\r\n<p>Le zoom Canon 70-200 F\/4 utilis\u00e9 en visuel, pour un rep\u00e9rage d'objets ou une observation en mode \" l\u00e9ger \" :<\/p>\r\n<p><img class=\"alignnone wp-image-5022 size-full\" src=\"http:\/\/astrodan.fr\/site\/wp-content\/uploads\/2023\/materiel\/bricolage\/IMG_2526.jpg\" alt=\"\" width=\"1200\" height=\"800\" data-wpmflightbox=\"0\" data-wpmf_image_lightbox=\"http:\/\/astrodan.fr\/site\/wp-content\/uploads\/2023\/materiel\/bricolage\/IMG_2526.jpg\"><\/p>\r\n<p><img class=\"alignnone wp-image-5023 size-full\" src=\"http:\/\/astrodan.fr\/site\/wp-content\/uploads\/2023\/materiel\/bricolage\/IMG_2527.jpg\" alt=\"\" width=\"1200\" height=\"800\" data-wpmflightbox=\"0\" data-wpmf_image_lightbox=\"http:\/\/astrodan.fr\/site\/wp-content\/uploads\/2023\/materiel\/bricolage\/IMG_2527.jpg\"><\/p>\r\n<p>Un bouchon arri\u00e8re d'objectif photo est perc\u00e9, on colle un raccord d'oculaire 1\" 1\/4, plus 2 vis pour bloquer l'oculaire !<\/p>\r\n<p><img class=\"alignnone wp-image-5024 size-full\" src=\"http:\/\/astrodan.fr\/site\/wp-content\/uploads\/2023\/materiel\/bricolage\/IMG_2528.jpg\" alt=\"\" width=\"1200\" height=\"800\" data-wpmflightbox=\"0\" data-wpmf_image_lightbox=\"http:\/\/astrodan.fr\/site\/wp-content\/uploads\/2023\/materiel\/bricolage\/IMG_2528.jpg\"><\/p>\r\n<p><img class=\"alignnone wp-image-5025 size-full\" src=\"http:\/\/astrodan.fr\/site\/wp-content\/uploads\/2023\/materiel\/bricolage\/IMG_2529.jpg\" alt=\"\" width=\"1200\" height=\"800\" data-wpmflightbox=\"0\" data-wpmf_image_lightbox=\"http:\/\/astrodan.fr\/site\/wp-content\/uploads\/2023\/materiel\/bricolage\/IMG_2529.jpg\"><\/p>\r\n<p><img class=\"alignnone wp-image-5026 size-full\" src=\"http:\/\/astrodan.fr\/site\/wp-content\/uploads\/2023\/materiel\/bricolage\/IMG_2530.jpg\" alt=\"\" width=\"1200\" height=\"800\" data-wpmflightbox=\"0\" data-wpmf_image_lightbox=\"http:\/\/astrodan.fr\/site\/wp-content\/uploads\/2023\/materiel\/bricolage\/IMG_2530.jpg\"><\/p>\r\n<p>Le montage ci-dessus permet aussi d'installer une camera \u00e0 l'arri\u00e8re de l'objectif !<\/p>\r\n<p>\u00a0<\/p>\r\n<p><img class=\"alignnone wp-image-5027 size-full\" src=\"http:\/\/astrodan.fr\/site\/wp-content\/uploads\/2023\/materiel\/bricolage\/IMG_2533.jpg\" alt=\"\" width=\"1200\" height=\"1200\" data-wpmflightbox=\"0\" data-wpmf_image_lightbox=\"http:\/\/astrodan.fr\/site\/wp-content\/uploads\/2023\/materiel\/bricolage\/IMG_2533.jpg\"><\/p>\r\n<p>\u00a0<\/p>\r\n<p>Recyclage de l'ojectif Canon 18-55mm HS<\/p>\r\n<p>Disposant d'un canon18-55mm dont l'AF est HS,\u00a0 cet objectif dispose d'une excroissance qui emp\u00eache l'emploi d'un filtre type \"clip\" dans le boitier APN,<\/p>\r\n<p>en supprimant ce bossage, le filtre pourra se monter dans le boitier :)<\/p>\r\n<p>ci-dessous, \u00e0 gauche, l'objectif normal, \u00e0 droite la collerette supprim\u00e9e<\/p>\r\n<p><img class=\"alignnone size-full wp-image-5020\" src=\"http:\/\/astrodan.fr\/site\/wp-content\/uploads\/2023\/materiel\/bricolage\/18-55_mod.jpg\" alt=\"\" width=\"1200\" height=\"800\"><\/p>\r\n<p>Am\u00e9lioration de la qualit\u00e9 des photos.<\/p>\r\n<p>L'objectif Canon 70-200 f\/4 est d\u00e9j\u00e0 excellent, m\u00eame utilis\u00e9 \u00e0 pleine ouverture,<\/p>\r\n<p>par contre, on peut encore am\u00e9liorer la qualit\u00e9 des images prises avec cette optique en fermant un peu le diaphragme, mais cela va cr\u00e9er des aigrettes (ou roues de charriots ) sur les \u00e9toiles,<\/p>\r\n<p>ce qui n'est pas tr\u00e8s esth\u00e9tique !<\/p>\r\n<p>la solution consiste \u00e0 garder l'objectif \u00e0 pleine ouverture, mais \u00e0 r\u00e9duire l\u00e9g\u00e8rement le diam\u00e8tre d'entr\u00e9e de l'optique, en vissant un diaphragme devant la lentille frontale !<\/p>\r\n<p><img class=\"alignnone size-full wp-image-5021\" src=\"http:\/\/astrodan.fr\/site\/wp-content\/uploads\/2023\/materiel\/bricolage\/diaph-canon.jpg\" alt=\"\" width=\"1200\" height=\"731\"><\/p>\r\n<p>Montage du r\u00e9ducteur de focale apr\u00e8s le porte oculaire Crayford sur le Celestron 8<\/p>\r\n<p><img src=\"http:\/\/astrodan.fr\/site\/wp-content\/uploads\/_thumbs\/Images\/materiel\/red1.jpg\" width=\"1500\" height=\"1000\"> <img src=\"http:\/\/astrodan.fr\/site\/wp-content\/uploads\/_thumbs\/Images\/materiel\/red2.jpg\" width=\"1500\" height=\"1000\"> <img src=\"http:\/\/astrodan.fr\/site\/wp-content\/uploads\/_thumbs\/Images\/materiel\/red3.jpg\" width=\"1500\" height=\"1000\"> <img src=\"http:\/\/astrodan.fr\/site\/wp-content\/uploads\/_thumbs\/Images\/materiel\/red4.jpg\" width=\"1500\" height=\"1000\"><\/p>\r\n<p><span style=\"text-decoration: underline;\">Masque de Bahtinov pour la mise au point<\/span><\/p>\r\n<p>Le masque de Bahtinov est un dispositif permettant de faciliter la mise au point des instruments astronomiques. Il a \u00e9t\u00e9 nomm\u00e9 d'apr\u00e8s son inventeur, Pavel Bahtinov .<\/p>\r\n<p>Le masque est constitu\u00e9 de trois grilles distinctes, orient\u00e9es selon trois angles diff\u00e9rents, de fa\u00e7on \u00e0 produire une l\u00e9g\u00e8re diffraction pour chaque grille, \u00e0 la focale de l'instrument lorsque celui-ci pointe une \u00e9toile suffisamment brillante.<\/p>\r\n<p>Lorsque la mise au point est modifi\u00e9e, les \u00e9l\u00e9ments de diffraction forment des petits \u00ab\u00a0traits\u00a0\u00bb en forme de \u00ab\u00a0X\u00a0\u00bb qui partent de l'\u00e9toile, et le trait central semble se d\u00e9placer de haut en bas. La mise au point est optimale lorsque le trait central est centr\u00e9 sur l'\u00e9toile et positionn\u00e9 sym\u00e9triquement par rapport aux deux autres traits. De ce fait, les mises au point approximatives sont rapidement d\u00e9cel\u00e9es.<\/p>\r\n<p><img src=\"http:\/\/astrodan.fr\/site\/wp-content\/uploads\/_thumbs\/Images\/materiel\/IMG_9159.JPG\" width=\"1500\" height=\"1000\"> <img src=\"http:\/\/astrodan.fr\/site\/wp-content\/uploads\/_thumbs\/Images\/materiel\/IMG_9160.JPG\" width=\"1500\" height=\"1000\"> <img src=\"http:\/\/astrodan.fr\/site\/wp-content\/uploads\/_thumbs\/Images\/materiel\/IMG_9162.JPG\" width=\"1500\" height=\"1000\"><\/p>\r\n<p><span style=\"text-decoration: underline;\">Mise au point intra focale<\/span><\/p>\r\n<p><img class=\"alignnone size-full wp-image-6438\" src=\"http:\/\/astrodan.fr\/site\/wp-content\/uploads\/Materiel\/intra_F.jpg\" alt=\"\" width=\"500\" height=\"500\"><\/p>\r\n<p><span style=\"text-decoration: underline;\">Mise au point extra focale<\/span><\/p>\r\n<p><img class=\"alignnone size-full wp-image-6437\" src=\"http:\/\/astrodan.fr\/site\/wp-content\/uploads\/Materiel\/extra_F.jpg\" alt=\"\" width=\"500\" height=\"500\"><\/p>\r\n<p><span style=\"text-decoration: underline;\">Mise au point correcte<\/span><\/p>\r\n<p><img class=\"alignnone size-full wp-image-6436\" src=\"http:\/\/astrodan.fr\/site\/wp-content\/uploads\/Materiel\/centre_F.jpg\" alt=\"\" width=\"500\" height=\"500\"><\/p>\r\n<p>\u00a0<\/p>\r\n<p><a href=\"http:\/\/astrodan.fr\/site\/?page_id=747#hdep\">Haut de page<\/a><\/p>\r\n<p>\u00a0<\/p>\r\n<p>\u00a0<\/p>\r\n<p>\u00a0<\/p>\r\n<p>\u00a0<\/p>","_et_gb_content_width":"","ngg_post_thumbnail":0,"footnotes":""},"_links":{"self":[{"href":"http:\/\/astrodan.fr\/site\/wp-json\/wp\/v2\/pages\/747"}],"collection":[{"href":"http:\/\/astrodan.fr\/site\/wp-json\/wp\/v2\/pages"}],"about":[{"href":"http:\/\/astrodan.fr\/site\/wp-json\/wp\/v2\/types\/page"}],"author":[{"embeddable":true,"href":"http:\/\/astrodan.fr\/site\/wp-json\/wp\/v2\/users\/1"}],"replies":[{"embeddable":true,"href":"http:\/\/astrodan.fr\/site\/wp-json\/wp\/v2\/comments?post=747"}],"version-history":[{"count":3,"href":"http:\/\/astrodan.fr\/site\/wp-json\/wp\/v2\/pages\/747\/revisions"}],"predecessor-version":[{"id":6442,"href":"http:\/\/astrodan.fr\/site\/wp-json\/wp\/v2\/pages\/747\/revisions\/6442"}],"up":[{"embeddable":true,"href":"http:\/\/astrodan.fr\/site\/wp-json\/wp\/v2\/pages\/41"}],"wp:attachment":[{"href":"http:\/\/astrodan.fr\/site\/wp-json\/wp\/v2\/media?parent=747"}],"curies":[{"name":"wp","href":"https:\/\/api.w.org\/{rel}","templated":true}]}}