{"id":7370,"date":"2025-02-01T14:02:08","date_gmt":"2025-02-01T13:02:08","guid":{"rendered":"http:\/\/astrodan.fr\/site\/?page_id=7370"},"modified":"2025-03-06T11:57:33","modified_gmt":"2025-03-06T10:57:33","slug":"images-fevrier-2025","status":"publish","type":"page","link":"http:\/\/astrodan.fr\/site\/solex\/images-2025\/images-fevrier-2025\/","title":{"rendered":"Images f\u00e9vrier 2025"},"content":{"rendered":"<p>[et_pb_section fb_built=\u00a0\u00bb1&Prime; _builder_version=\u00a0\u00bb4.24.2&Prime; hover_enabled=\u00a0\u00bb0&Prime; global_colors_info=\u00a0\u00bb{}\u00a0\u00bb background_color=\u00a0\u00bb#100a3f\u00a0\u00bb sticky_enabled=\u00a0\u00bb0&Prime;][et_pb_row _builder_version=\u00a0\u00bb4.16&Prime; background_size=\u00a0\u00bbinitial\u00a0\u00bb background_position=\u00a0\u00bbtop_left\u00a0\u00bb background_repeat=\u00a0\u00bbrepeat\u00a0\u00bb global_colors_info=\u00a0\u00bb{}\u00a0\u00bb][et_pb_column type=\u00a0\u00bb4_4&Prime; _builder_version=\u00a0\u00bb4.16&Prime; custom_padding=\u00a0\u00bb|||\u00a0\u00bb global_colors_info=\u00a0\u00bb{}\u00a0\u00bb custom_padding__hover=\u00a0\u00bb|||\u00a0\u00bb][et_pb_text _builder_version=\u00a0\u00bb4.16&Prime; background_size=\u00a0\u00bbinitial\u00a0\u00bb background_position=\u00a0\u00bbtop_left\u00a0\u00bb background_repeat=\u00a0\u00bbrepeat\u00a0\u00bb global_colors_info=\u00a0\u00bb{}\u00a0\u00bb]<\/p>\n<p><span style=\"text-decoration: underline;\"><span style=\"font-size: 12pt;\">Le Soleil le 1 f\u00e9vrier 2025<\/span><\/span><\/p>\n<p><img loading=\"lazy\" decoding=\"async\" class=\"alignnone size-full wp-image-7384\" src=\"http:\/\/astrodan.fr\/site\/wp-content\/uploads\/Sol039Ex\/images-2025\/2025-02-01-1010_2-K-Line-Sun_conv_F_Leger.jpg\" alt=\"\" width=\"1750\" height=\"1750\"><\/p>\n<p><span style=\"text-decoration: underline;\"><span style=\"font-size: 12pt;\">Et les images en H alpha&nbsp;<\/span><\/span><\/p>\n<p><a href=\"http:\/\/www.astrosurf.com\/topic\/173879-le-soleil-le-1-f%C3%A9vrier-2025\/\" target=\"_blank\" rel=\"noopener\"><span style=\"text-decoration: underline;\"><span style=\"font-size: 12pt;\">Lien vers le forum d&rsquo;Astrosurf<\/span><\/span><\/a><\/p>\n<p><span style=\"text-decoration: underline;\"><span style=\"font-size: 12pt;\">Le Soleil le 11 f\u00e9vrier 2025<\/span><\/span><\/p>\n<p><img loading=\"lazy\" decoding=\"async\" class=\"alignnone size-full wp-image-7435\" src=\"http:\/\/astrodan.fr\/site\/wp-content\/uploads\/Sol039Ex\/images-2025\/Soleil_11_02_2025\/13_39_05_2025-02-11T123905_autostretch_0_00.jpg\" alt=\"\" width=\"1500\" height=\"1500\"> <img loading=\"lazy\" decoding=\"async\" class=\"alignnone size-full wp-image-7436\" src=\"http:\/\/astrodan.fr\/site\/wp-content\/uploads\/Sol039Ex\/images-2025\/Soleil_11_02_2025\/13_39_05_2025-02-11T123905_colorized_0_00.jpg\" alt=\"\" width=\"1500\" height=\"1500\"> <img loading=\"lazy\" decoding=\"async\" class=\"alignnone size-full wp-image-7437\" src=\"http:\/\/astrodan.fr\/site\/wp-content\/uploads\/Sol039Ex\/images-2025\/Soleil_11_02_2025\/13_39_05_2025-02-11T123905_doppler-eclipse.jpg\" alt=\"\" width=\"1501\" height=\"1501\"> <img loading=\"lazy\" decoding=\"async\" class=\"alignnone size-full wp-image-7438\" src=\"http:\/\/astrodan.fr\/site\/wp-content\/uploads\/Sol039Ex\/images-2025\/Soleil_11_02_2025\/13_39_05_2025-02-11T123905_protus_0_00.jpg\" alt=\"\" width=\"1500\" height=\"1500\"> <img loading=\"lazy\" decoding=\"async\" class=\"alignnone size-full wp-image-7439\" src=\"http:\/\/astrodan.fr\/site\/wp-content\/uploads\/Sol039Ex\/images-2025\/Soleil_11_02_2025\/2025-02-11-1230_Line-Sun_Leger.jpg\" alt=\"\" width=\"1800\" height=\"1800\"><\/p>\n<p><span style=\"text-decoration: underline;\"><span style=\"font-size: 12pt;\">Le Soleil le 18 f\u00e9vrier 2025<\/span><\/span><\/p>\n<p><img loading=\"lazy\" decoding=\"async\" class=\"alignnone size-full wp-image-7441\" src=\"http:\/\/astrodan.fr\/site\/wp-content\/uploads\/Sol039Ex\/images-2025\/Soleil_18_02_2025\/2025-02-18-0912_1-K-Line-Sun_lapl3_ap1_conv_Leger.jpg\" alt=\"\" width=\"1500\" height=\"1500\"> <img loading=\"lazy\" decoding=\"async\" class=\"alignnone size-full wp-image-7442\" src=\"http:\/\/astrodan.fr\/site\/wp-content\/uploads\/Sol039Ex\/images-2025\/Soleil_18_02_2025\/2025-02-18T091653_autostretch_0_00.jpg\" alt=\"\" width=\"1500\" height=\"1500\"> <img loading=\"lazy\" decoding=\"async\" class=\"alignnone size-full wp-image-7443\" src=\"http:\/\/astrodan.fr\/site\/wp-content\/uploads\/Sol039Ex\/images-2025\/Soleil_18_02_2025\/2025-02-18T091653_colorized_0_00.jpg\" alt=\"\" width=\"1500\" height=\"1500\"> <img loading=\"lazy\" decoding=\"async\" class=\"alignnone size-full wp-image-7444\" src=\"http:\/\/astrodan.fr\/site\/wp-content\/uploads\/Sol039Ex\/images-2025\/Soleil_18_02_2025\/2025-02-18T091653_doppler-eclipse.jpg\" alt=\"\" width=\"1500\" height=\"1500\"><\/p>\n<p>[\/et_pb_text][\/et_pb_column][\/et_pb_row][\/et_pb_section]<\/p>\n","protected":false},"excerpt":{"rendered":"<p>Le Soleil le 1 f\u00e9vrier 2025 Et les images en H alpha&nbsp; Lien vers le forum d&rsquo;Astrosurf Le Soleil le 11 f\u00e9vrier 2025 Le Soleil le 18 f\u00e9vrier 2025<\/p>\n","protected":false},"author":1,"featured_media":0,"parent":7309,"menu_order":1,"comment_status":"closed","ping_status":"closed","template":"","meta":{"_et_pb_use_builder":"on","_et_pb_old_content":"<p><span style=\"text-decoration: underline;\"><span style=\"font-size: 12pt;\">Le Soleil le 1 f\u00e9vrier 2025<\/span><\/span><\/p>\r\n<p><img class=\"alignnone size-full wp-image-7384\" src=\"http:\/\/astrodan.fr\/site\/wp-content\/uploads\/Sol039Ex\/images-2025\/2025-02-01-1010_2-K-Line-Sun_conv_F_Leger.jpg\" alt=\"\" width=\"1750\" height=\"1750\"><\/p>\r\n<p><span style=\"text-decoration: underline;\"><span style=\"font-size: 12pt;\">Et les images en H alpha\u00a0<\/span><\/span><\/p>\r\n<p><a href=\"http:\/\/www.astrosurf.com\/topic\/173879-le-soleil-le-1-f%C3%A9vrier-2025\/\" target=\"_blank\" rel=\"noopener\"><span style=\"text-decoration: underline;\"><span style=\"font-size: 12pt;\">Lien vers le forum d'Astrosurf<\/span><\/span><\/a><\/p>\r\n<p><span style=\"text-decoration: underline;\"><span style=\"font-size: 12pt;\">Le Soleil le 11 f\u00e9vrier 2025<\/span><\/span><\/p>\r\n<p><img class=\"alignnone size-full wp-image-7435\" src=\"http:\/\/astrodan.fr\/site\/wp-content\/uploads\/Sol039Ex\/images-2025\/Soleil_11_02_2025\/13_39_05_2025-02-11T123905_autostretch_0_00.jpg\" alt=\"\" width=\"1500\" height=\"1500\"> <img class=\"alignnone size-full wp-image-7436\" src=\"http:\/\/astrodan.fr\/site\/wp-content\/uploads\/Sol039Ex\/images-2025\/Soleil_11_02_2025\/13_39_05_2025-02-11T123905_colorized_0_00.jpg\" alt=\"\" width=\"1500\" height=\"1500\"> <img class=\"alignnone size-full wp-image-7437\" src=\"http:\/\/astrodan.fr\/site\/wp-content\/uploads\/Sol039Ex\/images-2025\/Soleil_11_02_2025\/13_39_05_2025-02-11T123905_doppler-eclipse.jpg\" alt=\"\" width=\"1501\" height=\"1501\"> <img class=\"alignnone size-full wp-image-7438\" src=\"http:\/\/astrodan.fr\/site\/wp-content\/uploads\/Sol039Ex\/images-2025\/Soleil_11_02_2025\/13_39_05_2025-02-11T123905_protus_0_00.jpg\" alt=\"\" width=\"1500\" height=\"1500\"> <img class=\"alignnone size-full wp-image-7439\" src=\"http:\/\/astrodan.fr\/site\/wp-content\/uploads\/Sol039Ex\/images-2025\/Soleil_11_02_2025\/2025-02-11-1230_Line-Sun_Leger.jpg\" alt=\"\" width=\"1800\" height=\"1800\"><\/p>\r\n<p><span style=\"text-decoration: underline;\"><span style=\"font-size: 12pt;\">Le Soleil le 18 f\u00e9vrier 2025<\/span><\/span><\/p>\r\n<p><img class=\"alignnone size-full wp-image-7441\" src=\"http:\/\/astrodan.fr\/site\/wp-content\/uploads\/Sol039Ex\/images-2025\/Soleil_18_02_2025\/2025-02-18-0912_1-K-Line-Sun_lapl3_ap1_conv_Leger.jpg\" alt=\"\" width=\"1500\" height=\"1500\"> <img class=\"alignnone size-full wp-image-7442\" src=\"http:\/\/astrodan.fr\/site\/wp-content\/uploads\/Sol039Ex\/images-2025\/Soleil_18_02_2025\/2025-02-18T091653_autostretch_0_00.jpg\" alt=\"\" width=\"1500\" height=\"1500\"> <img class=\"alignnone size-full wp-image-7443\" src=\"http:\/\/astrodan.fr\/site\/wp-content\/uploads\/Sol039Ex\/images-2025\/Soleil_18_02_2025\/2025-02-18T091653_colorized_0_00.jpg\" alt=\"\" width=\"1500\" height=\"1500\"> <img class=\"alignnone size-full wp-image-7444\" src=\"http:\/\/astrodan.fr\/site\/wp-content\/uploads\/Sol039Ex\/images-2025\/Soleil_18_02_2025\/2025-02-18T091653_doppler-eclipse.jpg\" alt=\"\" width=\"1500\" height=\"1500\"><\/p>","_et_gb_content_width":"","ngg_post_thumbnail":0,"footnotes":""},"_links":{"self":[{"href":"http:\/\/astrodan.fr\/site\/wp-json\/wp\/v2\/pages\/7370"}],"collection":[{"href":"http:\/\/astrodan.fr\/site\/wp-json\/wp\/v2\/pages"}],"about":[{"href":"http:\/\/astrodan.fr\/site\/wp-json\/wp\/v2\/types\/page"}],"author":[{"embeddable":true,"href":"http:\/\/astrodan.fr\/site\/wp-json\/wp\/v2\/users\/1"}],"replies":[{"embeddable":true,"href":"http:\/\/astrodan.fr\/site\/wp-json\/wp\/v2\/comments?post=7370"}],"version-history":[{"count":3,"href":"http:\/\/astrodan.fr\/site\/wp-json\/wp\/v2\/pages\/7370\/revisions"}],"predecessor-version":[{"id":7448,"href":"http:\/\/astrodan.fr\/site\/wp-json\/wp\/v2\/pages\/7370\/revisions\/7448"}],"up":[{"embeddable":true,"href":"http:\/\/astrodan.fr\/site\/wp-json\/wp\/v2\/pages\/7309"}],"wp:attachment":[{"href":"http:\/\/astrodan.fr\/site\/wp-json\/wp\/v2\/media?parent=7370"}],"curies":[{"name":"wp","href":"https:\/\/api.w.org\/{rel}","templated":true}]}}