{"id":7312,"date":"2025-01-04T16:58:07","date_gmt":"2025-01-04T15:58:07","guid":{"rendered":"http:\/\/astrodan.fr\/site\/?page_id=7312"},"modified":"2025-01-20T13:03:44","modified_gmt":"2025-01-20T12:03:44","slug":"images-janvier-2025","status":"publish","type":"page","link":"http:\/\/astrodan.fr\/site\/solex\/images-2025\/images-janvier-2025\/","title":{"rendered":"Images janvier 2025"},"content":{"rendered":"<p>[et_pb_section fb_built=\u00a0\u00bb1&Prime; _builder_version=\u00a0\u00bb4.24.2&Prime; hover_enabled=\u00a0\u00bb0&Prime; global_colors_info=\u00a0\u00bb{}\u00a0\u00bb background_color=\u00a0\u00bb#100a3f\u00a0\u00bb sticky_enabled=\u00a0\u00bb0&Prime;][et_pb_row _builder_version=\u00a0\u00bb4.16&Prime; background_size=\u00a0\u00bbinitial\u00a0\u00bb background_position=\u00a0\u00bbtop_left\u00a0\u00bb background_repeat=\u00a0\u00bbrepeat\u00a0\u00bb global_colors_info=\u00a0\u00bb{}\u00a0\u00bb][et_pb_column type=\u00a0\u00bb4_4&Prime; _builder_version=\u00a0\u00bb4.16&Prime; custom_padding=\u00a0\u00bb|||\u00a0\u00bb global_colors_info=\u00a0\u00bb{}\u00a0\u00bb custom_padding__hover=\u00a0\u00bb|||\u00a0\u00bb][et_pb_text _builder_version=\u00a0\u00bb4.16&Prime; background_size=\u00a0\u00bbinitial\u00a0\u00bb background_position=\u00a0\u00bbtop_left\u00a0\u00bb background_repeat=\u00a0\u00bbrepeat\u00a0\u00bb global_colors_info=\u00a0\u00bb{}\u00a0\u00bb]<\/p>\n<p><span style=\"text-decoration: underline;\"><span style=\"font-size: 12pt;\">Le Soleil le 4 janvier 2025 en lumi\u00e8re blanche<\/span><\/span><\/p>\n<p><span style=\"text-decoration: underline;\"><span style=\"font-size: 12pt;\">Lunette 80ED + astrosolar 3.8 + r\u00e9ducteur x0.6 + ZWO 178 mm + Baader KLine&nbsp;<\/span><\/span><\/p>\n<p><img loading=\"lazy\" decoding=\"async\" class=\"alignnone size-full wp-image-7313\" src=\"http:\/\/astrodan.fr\/site\/wp-content\/uploads\/Sol039Ex\/images-2025\/2025-01-04-1049_KLine-Sun_Optimiseur.jpg\" alt=\"\" width=\"1500\" height=\"1500\"><\/p>\n<p><span style=\"text-decoration: underline;\"><span style=\"font-size: 12pt;\">Quelques minutes apr\u00e8s, avec la lunette 72ED + cam\u00e9ra couleur, les nuages sont d\u00e9j\u00e0 de retour !<\/span><\/span><\/p>\n<p><span style=\"text-decoration: underline;\"><span style=\"font-size: 12pt;\">Lunette 72ED + astrosolar 3.8 + r\u00e9ducteur x0.6 + ZWO 462MC + IR<\/span><\/span><\/p>\n<div style=\"width: 1080px;\" class=\"wp-video\"><!--[if lt IE 9]><script>document.createElement('video');<\/script><![endif]-->\n<video class=\"wp-video-shortcode\" id=\"video-7312-1\" width=\"1080\" height=\"608\" preload=\"metadata\" controls=\"controls\"><source type=\"video\/mp4\" src=\"http:\/\/astrodan.fr\/site\/wp-content\/uploads\/Sol039Ex\/images-2025\/soleil_04_01_25.mp4?_=1\" \/><a href=\"http:\/\/astrodan.fr\/site\/wp-content\/uploads\/Sol039Ex\/images-2025\/soleil_04_01_25.mp4\">http:\/\/astrodan.fr\/site\/wp-content\/uploads\/Sol039Ex\/images-2025\/soleil_04_01_25.mp4<\/a><\/video><\/div>\n<p><img loading=\"lazy\" decoding=\"async\" class=\"alignnone size-full wp-image-7314\" src=\"http:\/\/astrodan.fr\/site\/wp-content\/uploads\/Sol039Ex\/images-2025\/2025-01-04-1106_8-K-Line-Sun_lapl3_ap1_conv.jpg\" alt=\"\" width=\"1000\" height=\"1000\"><\/p>\n<p><span style=\"text-decoration: underline;\"><span style=\"font-size: 12pt;\">Le Soleil le 11 janvier 2025<\/span><\/span><\/p>\n<p><a href=\"http:\/\/www.astrosurf.com\/topic\/173446-jupiter-mars-le-soleil-et-transit-surprise-gros-post\/?tab=comments#comment-2476675\" target=\"_blank\" rel=\"noopener\"><span style=\"text-decoration: underline;\"><span style=\"font-size: 12pt;\">Lien vers le forum d&rsquo;Astrosurf<\/span><\/span><\/a><\/p>\n<p><span style=\"text-decoration: underline;\"><span style=\"font-size: 12pt;\">Le Soleil le 18 janvier 2025<\/span><\/span><\/p>\n<p><a href=\"http:\/\/www.astrosurf.com\/topic\/173687-soleil-lune-et-plan%C3%A8tes-du-18-janvier\/?tab=comments#comment-2480275\" target=\"_blank\" rel=\"noopener\"><span style=\"text-decoration: underline;\"><span style=\"font-size: 12pt;\">Lien vers le forum d&rsquo;Astrosurf<\/span><\/span><\/a><\/p>\n<p>&nbsp;<\/p>\n<p>[\/et_pb_text][\/et_pb_column][\/et_pb_row][\/et_pb_section]<\/p>\n","protected":false},"excerpt":{"rendered":"<p>Le Soleil le 4 janvier 2025 en lumi\u00e8re blanche Lunette 80ED + astrosolar 3.8 + r\u00e9ducteur x0.6 + ZWO 178 mm + Baader KLine&nbsp; Quelques minutes apr\u00e8s, avec la lunette 72ED + cam\u00e9ra couleur, les nuages sont d\u00e9j\u00e0 de retour ! Lunette 72ED + astrosolar 3.8 + r\u00e9ducteur x0.6 + ZWO 462MC + IR <div style=\"width: 640px;\" class=\"wp-video\"><video class=\"wp-video-shortcode\" id=\"video-7312-2\" width=\"640\" height=\"360\" preload=\"metadata\" controls=\"controls\"><source type=\"video\/mp4\" src=\"http:\/\/astrodan.fr\/site\/wp-content\/uploads\/Sol039Ex\/images-2025\/soleil_04_01_25.mp4?_=2\" \/><a href=\"http:\/\/astrodan.fr\/site\/wp-content\/uploads\/Sol039Ex\/images-2025\/soleil_04_01_25.mp4\">http:\/\/astrodan.fr\/site\/wp-content\/uploads\/Sol039Ex\/images-2025\/soleil_04_01_25.mp4<\/a><\/video><\/div><\/p>\n","protected":false},"author":1,"featured_media":0,"parent":7309,"menu_order":0,"comment_status":"closed","ping_status":"closed","template":"","meta":{"_et_pb_use_builder":"on","_et_pb_old_content":"<p><span style=\"text-decoration: underline;\"><span style=\"font-size: 12pt;\">Le Soleil le 4 janvier 2025 en lumi\u00e8re blanche<\/span><\/span><\/p>\r\n<p><span style=\"text-decoration: underline;\"><span style=\"font-size: 12pt;\">Lunette 80ED + astrosolar 3.8 + r\u00e9ducteur x0.6 + ZWO 178 mm + Baader KLine\u00a0<\/span><\/span><\/p>\r\n<p><img class=\"alignnone size-full wp-image-7313\" src=\"http:\/\/astrodan.fr\/site\/wp-content\/uploads\/Sol039Ex\/images-2025\/2025-01-04-1049_KLine-Sun_Optimiseur.jpg\" alt=\"\" width=\"1500\" height=\"1500\"><\/p>\r\n<p><span style=\"text-decoration: underline;\"><span style=\"font-size: 12pt;\">Quelques minutes apr\u00e8s, avec la lunette 72ED + cam\u00e9ra couleur, les nuages sont d\u00e9j\u00e0 de retour !<\/span><\/span><\/p>\r\n<p><span style=\"text-decoration: underline;\"><span style=\"font-size: 12pt;\">Lunette 72ED + astrosolar 3.8 + r\u00e9ducteur x0.6 + ZWO 462MC + IR<\/span><\/span><\/p>\r\n<p>[video width=\"1920\" height=\"1080\" mp4=\"http:\/\/astrodan.fr\/site\/wp-content\/uploads\/Sol039Ex\/images-2025\/soleil_04_01_25.mp4\"][\/video]<\/p>\r\n<p><img class=\"alignnone size-full wp-image-7314\" src=\"http:\/\/astrodan.fr\/site\/wp-content\/uploads\/Sol039Ex\/images-2025\/2025-01-04-1106_8-K-Line-Sun_lapl3_ap1_conv.jpg\" alt=\"\" width=\"1000\" height=\"1000\"><\/p>\r\n<p><span style=\"text-decoration: underline;\"><span style=\"font-size: 12pt;\">Le Soleil le 11 janvier 2025<\/span><\/span><\/p>\r\n<p><a href=\"http:\/\/www.astrosurf.com\/topic\/173446-jupiter-mars-le-soleil-et-transit-surprise-gros-post\/?tab=comments#comment-2476675\" target=\"_blank\" rel=\"noopener\"><span style=\"text-decoration: underline;\"><span style=\"font-size: 12pt;\">Lien vers le forum d'Astrosurf<\/span><\/span><\/a><\/p>\r\n<p><span style=\"text-decoration: underline;\"><span style=\"font-size: 12pt;\">Le Soleil le 18 janvier 2025<\/span><\/span><\/p>\r\n<p><a href=\"http:\/\/www.astrosurf.com\/topic\/173687-soleil-lune-et-plan%C3%A8tes-du-18-janvier\/?tab=comments#comment-2480275\" target=\"_blank\" rel=\"noopener\"><span style=\"text-decoration: underline;\"><span style=\"font-size: 12pt;\">Lien vers le forum d'Astrosurf<\/span><\/span><\/a><\/p>\r\n<p>\u00a0<\/p>","_et_gb_content_width":"","ngg_post_thumbnail":0,"footnotes":""},"_links":{"self":[{"href":"http:\/\/astrodan.fr\/site\/wp-json\/wp\/v2\/pages\/7312"}],"collection":[{"href":"http:\/\/astrodan.fr\/site\/wp-json\/wp\/v2\/pages"}],"about":[{"href":"http:\/\/astrodan.fr\/site\/wp-json\/wp\/v2\/types\/page"}],"author":[{"embeddable":true,"href":"http:\/\/astrodan.fr\/site\/wp-json\/wp\/v2\/users\/1"}],"replies":[{"embeddable":true,"href":"http:\/\/astrodan.fr\/site\/wp-json\/wp\/v2\/comments?post=7312"}],"version-history":[{"count":3,"href":"http:\/\/astrodan.fr\/site\/wp-json\/wp\/v2\/pages\/7312\/revisions"}],"predecessor-version":[{"id":7361,"href":"http:\/\/astrodan.fr\/site\/wp-json\/wp\/v2\/pages\/7312\/revisions\/7361"}],"up":[{"embeddable":true,"href":"http:\/\/astrodan.fr\/site\/wp-json\/wp\/v2\/pages\/7309"}],"wp:attachment":[{"href":"http:\/\/astrodan.fr\/site\/wp-json\/wp\/v2\/media?parent=7312"}],"curies":[{"name":"wp","href":"https:\/\/api.w.org\/{rel}","templated":true}]}}