{"id":7184,"date":"2024-10-20T15:03:45","date_gmt":"2024-10-20T13:03:45","guid":{"rendered":"http:\/\/astrodan.fr\/site\/?page_id=7184"},"modified":"2025-11-20T13:58:08","modified_gmt":"2025-11-20T12:58:08","slug":"comete-c-2023-a3-tsuchinshan-atlas","status":"publish","type":"page","link":"http:\/\/astrodan.fr\/site\/cometes-2-2\/comete-c-2023-a3-tsuchinshan-atlas\/","title":{"rendered":"C\/2023 A3 Tsuchinshan-Atlas"},"content":{"rendered":"<p>[et_pb_section fb_built=\u00a0\u00bb1&Prime; _builder_version=\u00a0\u00bb4.24.2&Prime; background_color=\u00a0\u00bb#100a3f\u00a0\u00bb global_colors_info=\u00a0\u00bb{}\u00a0\u00bb][et_pb_row _builder_version=\u00a0\u00bb4.16&Prime; background_size=\u00a0\u00bbinitial\u00a0\u00bb background_position=\u00a0\u00bbtop_left\u00a0\u00bb background_repeat=\u00a0\u00bbrepeat\u00a0\u00bb global_colors_info=\u00a0\u00bb{}\u00a0\u00bb][et_pb_column type=\u00a0\u00bb4_4&Prime; _builder_version=\u00a0\u00bb4.16&Prime; custom_padding=\u00a0\u00bb|||\u00a0\u00bb global_colors_info=\u00a0\u00bb{}\u00a0\u00bb custom_padding__hover=\u00a0\u00bb|||\u00a0\u00bb][et_pb_text _builder_version=\u00a0\u00bb4.16&Prime; background_size=\u00a0\u00bbinitial\u00a0\u00bb background_position=\u00a0\u00bbtop_left\u00a0\u00bb background_repeat=\u00a0\u00bbrepeat\u00a0\u00bb global_colors_info=\u00a0\u00bb{}\u00a0\u00bb]<\/p>\n<p><span style=\"text-decoration: underline;\"><span style=\"font-size: 12pt;\">La com\u00e8te C\/2023 A3 Tsuchinshan-Atlas le 19 octobre 2024<\/span><\/span><\/p>\n<p><a href=\"http:\/\/www.astrosurf.com\/topic\/171887-com%C3%A8te-tsuchinshan-sous-un-ciel-clair\/\" target=\"_blank\" rel=\"noopener\"><span style=\"text-decoration: underline;\"><span style=\"font-size: 12pt;\">Lien vers le forum d&rsquo;Astrosurf&nbsp;<\/span><\/span><\/a><\/p>\n<p><span style=\"text-decoration: underline;\"><span style=\"font-size: 12pt;\">La com\u00e8te le 23 octobre 2024<\/span><\/span><\/p>\n<p><a href=\"http:\/\/www.astrosurf.com\/topic\/171986-soleil-et-com%C3%A8te-du-23-octobre\/\" target=\"_blank\" rel=\"noopener\"><span style=\"text-decoration: underline;\"><span style=\"font-size: 12pt;\">Lien vers le forum d&rsquo;Astrosurf<\/span><\/span><\/a><\/p>\n<p><span style=\"text-decoration: underline;\"><span style=\"font-size: 12pt;\">La com\u00e8te le 24 octobre 2024<\/span><\/span><\/p>\n<p><a href=\"http:\/\/www.astrosurf.com\/topic\/172022-soleil-et-com%C3%A8te-tsuchinshan-du-24-octobre\/\" target=\"_blank\" rel=\"noopener\"><span style=\"text-decoration: underline;\"><span style=\"font-size: 12pt;\">Lien vers le forum d&rsquo;Astrosurf<\/span><\/span><\/a><\/p>\n<p><span style=\"text-decoration: underline;\"><span style=\"font-size: 12pt;\">La com\u00e8te le 25 octobre 2024<\/span><\/span><\/p>\n<p><a href=\"http:\/\/www.astrosurf.com\/topic\/172070-le-soleil-et-la-com%C3%A8te-le-25-octobre-gros-post\/\" target=\"_blank\" rel=\"noopener\"><span style=\"text-decoration: underline;\"><span style=\"font-size: 12pt;\">Lien vers le forum d&rsquo;Astrosurf<\/span><\/span><\/a><\/p>\n<p><span style=\"text-decoration: underline;\"><span style=\"font-size: 12pt;\">La com\u00e8te le 27 octobre 2024<\/span><\/span><\/p>\n<p><a href=\"http:\/\/www.astrosurf.com\/topic\/172117-la-com%C3%A8te-du-27-et-le-soleil-du-28-octobre-gros-post\/\" target=\"_blank\" rel=\"noopener\"><span style=\"text-decoration: underline;\"><span style=\"font-size: 12pt;\">Lien vers le forum d&rsquo;Astrosurf<\/span><\/span><\/a><\/p>\n<p><span style=\"text-decoration: underline;\"><span style=\"font-size: 12pt;\">La com\u00e8te le 3 novembre 2024<\/span><\/span><\/p>\n<p><a href=\"http:\/\/www.astrosurf.com\/topic\/172268-com%C3%A8te-tsuchinshan-%C3%A7a-sent-la-fin\/\" target=\"_blank\" rel=\"noopener\"><span style=\"text-decoration: underline;\"><span style=\"font-size: 12pt;\">Lien vers le forum&nbsp; d&rsquo;Astrosurf<\/span><\/span><\/a><\/p>\n<p>[\/et_pb_text][\/et_pb_column][\/et_pb_row][\/et_pb_section]<\/p>\n","protected":false},"excerpt":{"rendered":"<p>La com\u00e8te C\/2023 A3 Tsuchinshan-Atlas le 19 octobre 2024 Lien vers le forum d&rsquo;Astrosurf&nbsp; La com\u00e8te le 23 octobre 2024 Lien vers le forum d&rsquo;Astrosurf La com\u00e8te le 24 octobre 2024 Lien vers le forum d&rsquo;Astrosurf La com\u00e8te le 25 octobre 2024 Lien vers le forum d&rsquo;Astrosurf La com\u00e8te le 27 octobre 2024 Lien vers [&hellip;]<\/p>\n","protected":false},"author":1,"featured_media":0,"parent":5997,"menu_order":7,"comment_status":"closed","ping_status":"closed","template":"","meta":{"_et_pb_use_builder":"on","_et_pb_old_content":"<p><span style=\"text-decoration: underline;\"><span style=\"font-size: 12pt;\">La com\u00e8te C\/2023 A3 Tsuchinshan-Atlas le 19 octobre 2024<\/span><\/span><\/p>\r\n<p><a href=\"http:\/\/www.astrosurf.com\/topic\/171887-com%C3%A8te-tsuchinshan-sous-un-ciel-clair\/\" target=\"_blank\" rel=\"noopener\"><span style=\"text-decoration: underline;\"><span style=\"font-size: 12pt;\">Lien vers le forum d'Astrosurf\u00a0<\/span><\/span><\/a><\/p>\r\n<p><span style=\"text-decoration: underline;\"><span style=\"font-size: 12pt;\">La com\u00e8te le 23 octobre 2024<\/span><\/span><\/p>\r\n<p><a href=\"http:\/\/www.astrosurf.com\/topic\/171986-soleil-et-com%C3%A8te-du-23-octobre\/\" target=\"_blank\" rel=\"noopener\"><span style=\"text-decoration: underline;\"><span style=\"font-size: 12pt;\">Lien vers le forum d'Astrosurf<\/span><\/span><\/a><\/p>\r\n<p><span style=\"text-decoration: underline;\"><span style=\"font-size: 12pt;\">La com\u00e8te le 24 octobre 2024<\/span><\/span><\/p>\r\n<p><a href=\"http:\/\/www.astrosurf.com\/topic\/172022-soleil-et-com%C3%A8te-tsuchinshan-du-24-octobre\/\" target=\"_blank\" rel=\"noopener\"><span style=\"text-decoration: underline;\"><span style=\"font-size: 12pt;\">Lien vers le forum d'Astrosurf<\/span><\/span><\/a><\/p>\r\n<p><span style=\"text-decoration: underline;\"><span style=\"font-size: 12pt;\">La com\u00e8te le 25 octobre 2024<\/span><\/span><\/p>\r\n<p><a href=\"http:\/\/www.astrosurf.com\/topic\/172070-le-soleil-et-la-com%C3%A8te-le-25-octobre-gros-post\/\" target=\"_blank\" rel=\"noopener\"><span style=\"text-decoration: underline;\"><span style=\"font-size: 12pt;\">Lien vers le forum d'Astrosurf<\/span><\/span><\/a><\/p>\r\n<p><span style=\"text-decoration: underline;\"><span style=\"font-size: 12pt;\">La com\u00e8te le 27 octobre 2024<\/span><\/span><\/p>\r\n<p><a href=\"http:\/\/www.astrosurf.com\/topic\/172117-la-com%C3%A8te-du-27-et-le-soleil-du-28-octobre-gros-post\/\" target=\"_blank\" rel=\"noopener\"><span style=\"text-decoration: underline;\"><span style=\"font-size: 12pt;\">Lien vers le forum d'Astrosurf<\/span><\/span><\/a><\/p>\r\n<p><span style=\"text-decoration: underline;\"><span style=\"font-size: 12pt;\">La com\u00e8te le 3 novembre 2024<\/span><\/span><\/p>\r\n<p><a href=\"http:\/\/www.astrosurf.com\/topic\/172268-com%C3%A8te-tsuchinshan-%C3%A7a-sent-la-fin\/\" target=\"_blank\" rel=\"noopener\"><span style=\"text-decoration: underline;\"><span style=\"font-size: 12pt;\">Lien vers le forum\u00a0 d'Astrosurf<\/span><\/span><\/a><\/p>","_et_gb_content_width":"","ngg_post_thumbnail":0,"footnotes":""},"_links":{"self":[{"href":"http:\/\/astrodan.fr\/site\/wp-json\/wp\/v2\/pages\/7184"}],"collection":[{"href":"http:\/\/astrodan.fr\/site\/wp-json\/wp\/v2\/pages"}],"about":[{"href":"http:\/\/astrodan.fr\/site\/wp-json\/wp\/v2\/types\/page"}],"author":[{"embeddable":true,"href":"http:\/\/astrodan.fr\/site\/wp-json\/wp\/v2\/users\/1"}],"replies":[{"embeddable":true,"href":"http:\/\/astrodan.fr\/site\/wp-json\/wp\/v2\/comments?post=7184"}],"version-history":[{"count":3,"href":"http:\/\/astrodan.fr\/site\/wp-json\/wp\/v2\/pages\/7184\/revisions"}],"predecessor-version":[{"id":7633,"href":"http:\/\/astrodan.fr\/site\/wp-json\/wp\/v2\/pages\/7184\/revisions\/7633"}],"up":[{"embeddable":true,"href":"http:\/\/astrodan.fr\/site\/wp-json\/wp\/v2\/pages\/5997"}],"wp:attachment":[{"href":"http:\/\/astrodan.fr\/site\/wp-json\/wp\/v2\/media?parent=7184"}],"curies":[{"name":"wp","href":"https:\/\/api.w.org\/{rel}","templated":true}]}}