{"id":6854,"date":"2024-05-15T17:19:01","date_gmt":"2024-05-15T15:19:01","guid":{"rendered":"http:\/\/astrodan.fr\/site\/?page_id=6854"},"modified":"2024-05-15T17:20:59","modified_gmt":"2024-05-15T15:20:59","slug":"aurores-boreales","status":"publish","type":"page","link":"http:\/\/astrodan.fr\/site\/soleil-2\/aurores-boreales\/","title":{"rendered":"Aurores bor\u00e9ales"},"content":{"rendered":"<p>[et_pb_section fb_built=\u00a0\u00bb1&Prime; admin_label=\u00a0\u00bbsection\u00a0\u00bb _builder_version=\u00a0\u00bb4.24.2&Prime; hover_enabled=\u00a0\u00bb0&Prime; global_colors_info=\u00a0\u00bb{}\u00a0\u00bb background_color=\u00a0\u00bb#100a3f\u00a0\u00bb sticky_enabled=\u00a0\u00bb0&Prime;][et_pb_row admin_label=\u00a0\u00bbrow\u00a0\u00bb _builder_version=\u00a0\u00bb4.16&Prime; background_size=\u00a0\u00bbinitial\u00a0\u00bb background_position=\u00a0\u00bbtop_left\u00a0\u00bb background_repeat=\u00a0\u00bbrepeat\u00a0\u00bb global_colors_info=\u00a0\u00bb{}\u00a0\u00bb][et_pb_column type=\u00a0\u00bb4_4&Prime; _builder_version=\u00a0\u00bb4.16&Prime; custom_padding=\u00a0\u00bb|||\u00a0\u00bb global_colors_info=\u00a0\u00bb{}\u00a0\u00bb custom_padding__hover=\u00a0\u00bb|||\u00a0\u00bb][et_pb_text admin_label=\u00a0\u00bbText\u00a0\u00bb _builder_version=\u00a0\u00bb4.16&Prime; background_size=\u00a0\u00bbinitial\u00a0\u00bb background_position=\u00a0\u00bbtop_left\u00a0\u00bb background_repeat=\u00a0\u00bbrepeat\u00a0\u00bb global_colors_info=\u00a0\u00bb{}\u00a0\u00bb]<\/p>\n<p><span style=\"text-decoration: underline;\"><span style=\"font-size: 12pt;\">Durant la nuit du 10 au 11 mai 2024, des aurores bor\u00e9ales \u00e9taient visibles depuis la France,<\/span><\/span><\/p>\n<p><span style=\"text-decoration: underline;\"><span style=\"font-size: 12pt;\">Mais c&rsquo;est durant la nuit suivante, que j&rsquo;ai pu capter la fin du ph\u00e9nom\u00e8ne, c&rsquo;est juste magique !<\/span><\/span><\/p>\n<p><span style=\"text-decoration: underline;\"><span style=\"font-size: 12pt;\">Le ciel au couch\u00e9 , Canon 1200D + Samyang 8mm<\/span><\/span><\/p>\n<p><img loading=\"lazy\" decoding=\"async\" class=\"alignnone size-full wp-image-6855\" src=\"http:\/\/astrodan.fr\/site\/wp-content\/uploads\/Aurores-boreales\/IMG_2098_W.jpg\" alt=\"\" width=\"1000\" height=\"667\"><\/p>\n<p><img loading=\"lazy\" decoding=\"async\" class=\"alignnone size-full wp-image-6864\" src=\"http:\/\/astrodan.fr\/site\/wp-content\/uploads\/Aurores-boreales\/IMG_2107_W.jpg\" alt=\"\" width=\"1000\" height=\"667\"> <img loading=\"lazy\" decoding=\"async\" class=\"alignnone size-full wp-image-6863\" src=\"http:\/\/astrodan.fr\/site\/wp-content\/uploads\/Aurores-boreales\/IMG_2106_W.jpg\" alt=\"\" width=\"1000\" height=\"667\"> <img loading=\"lazy\" decoding=\"async\" class=\"alignnone size-full wp-image-6862\" src=\"http:\/\/astrodan.fr\/site\/wp-content\/uploads\/Aurores-boreales\/IMG_2105_W.jpg\" alt=\"\" width=\"1000\" height=\"667\"> <img loading=\"lazy\" decoding=\"async\" class=\"alignnone size-full wp-image-6861\" src=\"http:\/\/astrodan.fr\/site\/wp-content\/uploads\/Aurores-boreales\/IMG_2104_W.jpg\" alt=\"\" width=\"1000\" height=\"667\"> <img loading=\"lazy\" decoding=\"async\" class=\"alignnone size-full wp-image-6860\" src=\"http:\/\/astrodan.fr\/site\/wp-content\/uploads\/Aurores-boreales\/IMG_2103_W.jpg\" alt=\"\" width=\"1000\" height=\"667\"> <img loading=\"lazy\" decoding=\"async\" class=\"alignnone size-full wp-image-6859\" src=\"http:\/\/astrodan.fr\/site\/wp-content\/uploads\/Aurores-boreales\/IMG_2102_W.jpg\" alt=\"\" width=\"1000\" height=\"667\"> <img loading=\"lazy\" decoding=\"async\" class=\"alignnone size-full wp-image-6858\" src=\"http:\/\/astrodan.fr\/site\/wp-content\/uploads\/Aurores-boreales\/IMG_2101_W.jpg\" alt=\"\" width=\"1000\" height=\"667\"> <img loading=\"lazy\" decoding=\"async\" class=\"alignnone size-full wp-image-6857\" src=\"http:\/\/astrodan.fr\/site\/wp-content\/uploads\/Aurores-boreales\/IMG_2100_W.jpg\" alt=\"\" width=\"1000\" height=\"667\"><\/p>\n<p><img loading=\"lazy\" decoding=\"async\" class=\"alignnone size-full wp-image-6856\" src=\"http:\/\/astrodan.fr\/site\/wp-content\/uploads\/Aurores-boreales\/IMG_2099__W.jpg\" alt=\"\" width=\"1000\" height=\"667\"><\/p>\n<p><span style=\"text-decoration: underline;\"><span style=\"font-size: 12pt;\">Une animation durant une dizaine de minute<\/span><\/span><\/p>\n<p><img loading=\"lazy\" decoding=\"async\" class=\"alignnone size-full wp-image-6866\" src=\"http:\/\/astrodan.fr\/site\/wp-content\/uploads\/Aurores-boreales\/Sans-titre1.gif\" alt=\"\" width=\"1000\" height=\"667\"><\/p>\n<p>&nbsp;<\/p>\n<p>[\/et_pb_text][\/et_pb_column][\/et_pb_row][\/et_pb_section]<\/p>\n","protected":false},"excerpt":{"rendered":"<p>Durant la nuit du 10 au 11 mai 2024, des aurores bor\u00e9ales \u00e9taient visibles depuis la France, Mais c&rsquo;est durant la nuit suivante, que j&rsquo;ai pu capter la fin du ph\u00e9nom\u00e8ne, c&rsquo;est juste magique ! Le ciel au couch\u00e9 , Canon 1200D + Samyang 8mm Une animation durant une dizaine de minute &nbsp;<\/p>\n","protected":false},"author":1,"featured_media":0,"parent":118,"menu_order":4,"comment_status":"closed","ping_status":"closed","template":"","meta":{"_et_pb_use_builder":"on","_et_pb_old_content":"<p><span style=\"text-decoration: underline;\"><span style=\"font-size: 12pt;\">Durant la nuit du 10 au 11 mai 2024, des aurores bor\u00e9ales \u00e9taient visibles depuis la France,<\/span><\/span><\/p>\r\n<p><span style=\"text-decoration: underline;\"><span style=\"font-size: 12pt;\">Mais c'est durant la nuit suivante, que j'ai pu capter la fin du ph\u00e9nom\u00e8ne, c'est juste magique !<\/span><\/span><\/p>\r\n<p><span style=\"text-decoration: underline;\"><span style=\"font-size: 12pt;\">Le ciel au couch\u00e9 , Canon 1200D + Samyang 8mm<\/span><\/span><\/p>\r\n<p><img class=\"alignnone size-full wp-image-6855\" src=\"http:\/\/astrodan.fr\/site\/wp-content\/uploads\/Aurores-boreales\/IMG_2098_W.jpg\" alt=\"\" width=\"1000\" height=\"667\"><\/p>\r\n<p><img class=\"alignnone size-full wp-image-6864\" src=\"http:\/\/astrodan.fr\/site\/wp-content\/uploads\/Aurores-boreales\/IMG_2107_W.jpg\" alt=\"\" width=\"1000\" height=\"667\"> <img class=\"alignnone size-full wp-image-6863\" src=\"http:\/\/astrodan.fr\/site\/wp-content\/uploads\/Aurores-boreales\/IMG_2106_W.jpg\" alt=\"\" width=\"1000\" height=\"667\"> <img class=\"alignnone size-full wp-image-6862\" src=\"http:\/\/astrodan.fr\/site\/wp-content\/uploads\/Aurores-boreales\/IMG_2105_W.jpg\" alt=\"\" width=\"1000\" height=\"667\"> <img class=\"alignnone size-full wp-image-6861\" src=\"http:\/\/astrodan.fr\/site\/wp-content\/uploads\/Aurores-boreales\/IMG_2104_W.jpg\" alt=\"\" width=\"1000\" height=\"667\"> <img class=\"alignnone size-full wp-image-6860\" src=\"http:\/\/astrodan.fr\/site\/wp-content\/uploads\/Aurores-boreales\/IMG_2103_W.jpg\" alt=\"\" width=\"1000\" height=\"667\"> <img class=\"alignnone size-full wp-image-6859\" src=\"http:\/\/astrodan.fr\/site\/wp-content\/uploads\/Aurores-boreales\/IMG_2102_W.jpg\" alt=\"\" width=\"1000\" height=\"667\"> <img class=\"alignnone size-full wp-image-6858\" src=\"http:\/\/astrodan.fr\/site\/wp-content\/uploads\/Aurores-boreales\/IMG_2101_W.jpg\" alt=\"\" width=\"1000\" height=\"667\"> <img class=\"alignnone size-full wp-image-6857\" src=\"http:\/\/astrodan.fr\/site\/wp-content\/uploads\/Aurores-boreales\/IMG_2100_W.jpg\" alt=\"\" width=\"1000\" height=\"667\"><\/p>\r\n<p><img class=\"alignnone size-full wp-image-6856\" src=\"http:\/\/astrodan.fr\/site\/wp-content\/uploads\/Aurores-boreales\/IMG_2099__W.jpg\" alt=\"\" width=\"1000\" height=\"667\"><\/p>\r\n<p><span style=\"text-decoration: underline;\"><span style=\"font-size: 12pt;\">Une animation durant une dizaine de minute<\/span><\/span><\/p>\r\n<p><img class=\"alignnone size-full wp-image-6866\" src=\"http:\/\/astrodan.fr\/site\/wp-content\/uploads\/Aurores-boreales\/Sans-titre1.gif\" alt=\"\" width=\"1000\" height=\"667\"><\/p>\r\n<p>&nbsp;<\/p>","_et_gb_content_width":"","ngg_post_thumbnail":0,"footnotes":""},"_links":{"self":[{"href":"http:\/\/astrodan.fr\/site\/wp-json\/wp\/v2\/pages\/6854"}],"collection":[{"href":"http:\/\/astrodan.fr\/site\/wp-json\/wp\/v2\/pages"}],"about":[{"href":"http:\/\/astrodan.fr\/site\/wp-json\/wp\/v2\/types\/page"}],"author":[{"embeddable":true,"href":"http:\/\/astrodan.fr\/site\/wp-json\/wp\/v2\/users\/1"}],"replies":[{"embeddable":true,"href":"http:\/\/astrodan.fr\/site\/wp-json\/wp\/v2\/comments?post=6854"}],"version-history":[{"count":3,"href":"http:\/\/astrodan.fr\/site\/wp-json\/wp\/v2\/pages\/6854\/revisions"}],"predecessor-version":[{"id":6870,"href":"http:\/\/astrodan.fr\/site\/wp-json\/wp\/v2\/pages\/6854\/revisions\/6870"}],"up":[{"embeddable":true,"href":"http:\/\/astrodan.fr\/site\/wp-json\/wp\/v2\/pages\/118"}],"wp:attachment":[{"href":"http:\/\/astrodan.fr\/site\/wp-json\/wp\/v2\/media?parent=6854"}],"curies":[{"name":"wp","href":"https:\/\/api.w.org\/{rel}","templated":true}]}}