{"id":6566,"date":"2024-02-19T13:53:42","date_gmt":"2024-02-19T12:53:42","guid":{"rendered":"http:\/\/astrodan.fr\/site\/?page_id=6566"},"modified":"2024-03-02T11:45:33","modified_gmt":"2024-03-02T10:45:33","slug":"images-fevrier-2024","status":"publish","type":"page","link":"http:\/\/astrodan.fr\/site\/solex\/images-2024\/images-fevrier-2024\/","title":{"rendered":"Images f\u00e9vrier 2024"},"content":{"rendered":"<p>[et_pb_section fb_built=\u00a0\u00bb1&Prime; _builder_version=\u00a0\u00bb4.23.4&Prime; hover_enabled=\u00a0\u00bb0&Prime; global_colors_info=\u00a0\u00bb{}\u00a0\u00bb background_color=\u00a0\u00bb#100a3f\u00a0\u00bb sticky_enabled=\u00a0\u00bb0&Prime;][et_pb_row _builder_version=\u00a0\u00bb4.16&Prime; background_size=\u00a0\u00bbinitial\u00a0\u00bb background_position=\u00a0\u00bbtop_left\u00a0\u00bb background_repeat=\u00a0\u00bbrepeat\u00a0\u00bb global_colors_info=\u00a0\u00bb{}\u00a0\u00bb][et_pb_column type=\u00a0\u00bb4_4&Prime; _builder_version=\u00a0\u00bb4.16&Prime; custom_padding=\u00a0\u00bb|||\u00a0\u00bb global_colors_info=\u00a0\u00bb{}\u00a0\u00bb custom_padding__hover=\u00a0\u00bb|||\u00a0\u00bb][et_pb_text _builder_version=\u00a0\u00bb4.16&Prime; background_size=\u00a0\u00bbinitial\u00a0\u00bb background_position=\u00a0\u00bbtop_left\u00a0\u00bb background_repeat=\u00a0\u00bbrepeat\u00a0\u00bb global_colors_info=\u00a0\u00bb{}\u00a0\u00bb]<\/p>\n<p><span style=\"text-decoration: underline;\"><span style=\"font-size: 12pt;\">Le Soleil le 17 f\u00e9vrier 2024&nbsp;<\/span><\/span><\/p>\n<p><a href=\"http:\/\/www.astrosurf.com\/topic\/166976-grues-soleil-et-lune-du-17-f%C3%A9vrier\/\" target=\"_blank\" rel=\"noopener\"><span style=\"text-decoration: underline;\"><span style=\"font-size: 12pt;\">Lien vers le forum d&rsquo;Astrosurf&nbsp;<\/span><\/span><\/a><\/p>\n<p><span style=\"text-decoration: underline;\"><span style=\"font-size: 12pt;\">Le Soleil le 27 f\u00e9vrier 2024&nbsp;<\/span><\/span><\/p>\n<p><a href=\"http:\/\/www.astrosurf.com\/topic\/167166-soleil-du-27-f%C3%A9vrier-2024\/\" target=\"_blank\" rel=\"noopener\"><span style=\"text-decoration: underline;\"><span style=\"font-size: 12pt;\">Lien vers le forum d&rsquo;Astrosurf&nbsp;<\/span><\/span><\/a><\/p>\n<p><span style=\"text-decoration: underline;\"><span style=\"font-size: 12pt;\">Le Soleil le 29 f\u00e9vrier 2024<\/span><\/span><\/p>\n<p><a href=\"http:\/\/www.astrosurf.com\/topic\/167193-le-soleil-le-29-f%C3%A9vrier-2024\/\" target=\"_blank\" rel=\"noopener\"><span style=\"text-decoration: underline;\"><span style=\"font-size: 12pt;\">Lien vers le forum d&rsquo;Astrosurf&nbsp;<\/span><\/span><\/a><\/p>\n<p>&nbsp;<\/p>\n<p>[\/et_pb_text][\/et_pb_column][\/et_pb_row][\/et_pb_section]<\/p>\n","protected":false},"excerpt":{"rendered":"<p>Le Soleil le 17 f\u00e9vrier 2024&nbsp; Lien vers le forum d&rsquo;Astrosurf&nbsp; Le Soleil le 27 f\u00e9vrier 2024&nbsp; Lien vers le forum d&rsquo;Astrosurf&nbsp; Le Soleil le 29 f\u00e9vrier 2024 Lien vers le forum d&rsquo;Astrosurf&nbsp; &nbsp;<\/p>\n","protected":false},"author":1,"featured_media":0,"parent":6467,"menu_order":1,"comment_status":"closed","ping_status":"closed","template":"","meta":{"_et_pb_use_builder":"on","_et_pb_old_content":"<p><span style=\"text-decoration: underline;\"><span style=\"font-size: 12pt;\">Le Soleil le 17 f\u00e9vrier 2024\u00a0<\/span><\/span><\/p>\r\n<p><a href=\"http:\/\/www.astrosurf.com\/topic\/166976-grues-soleil-et-lune-du-17-f%C3%A9vrier\/\" target=\"_blank\" rel=\"noopener\"><span style=\"text-decoration: underline;\"><span style=\"font-size: 12pt;\">Lien vers le forum d'Astrosurf\u00a0<\/span><\/span><\/a><\/p>\r\n<p><span style=\"text-decoration: underline;\"><span style=\"font-size: 12pt;\">Le Soleil le 27 f\u00e9vrier 2024\u00a0<\/span><\/span><\/p>\r\n<p><a href=\"http:\/\/www.astrosurf.com\/topic\/167166-soleil-du-27-f%C3%A9vrier-2024\/\" target=\"_blank\" rel=\"noopener\"><span style=\"text-decoration: underline;\"><span style=\"font-size: 12pt;\">Lien vers le forum d'Astrosurf\u00a0<\/span><\/span><\/a><\/p>\r\n<p><span style=\"text-decoration: underline;\"><span style=\"font-size: 12pt;\">Le Soleil le 29 f\u00e9vrier 2024<\/span><\/span><\/p>\r\n<p><a href=\"http:\/\/www.astrosurf.com\/topic\/167193-le-soleil-le-29-f%C3%A9vrier-2024\/\" target=\"_blank\" rel=\"noopener\"><span style=\"text-decoration: underline;\"><span style=\"font-size: 12pt;\">Lien vers le forum d'Astrosurf\u00a0<\/span><\/span><\/a><\/p>\r\n<p>\u00a0<\/p>","_et_gb_content_width":"","ngg_post_thumbnail":0,"footnotes":""},"_links":{"self":[{"href":"http:\/\/astrodan.fr\/site\/wp-json\/wp\/v2\/pages\/6566"}],"collection":[{"href":"http:\/\/astrodan.fr\/site\/wp-json\/wp\/v2\/pages"}],"about":[{"href":"http:\/\/astrodan.fr\/site\/wp-json\/wp\/v2\/types\/page"}],"author":[{"embeddable":true,"href":"http:\/\/astrodan.fr\/site\/wp-json\/wp\/v2\/users\/1"}],"replies":[{"embeddable":true,"href":"http:\/\/astrodan.fr\/site\/wp-json\/wp\/v2\/comments?post=6566"}],"version-history":[{"count":3,"href":"http:\/\/astrodan.fr\/site\/wp-json\/wp\/v2\/pages\/6566\/revisions"}],"predecessor-version":[{"id":6641,"href":"http:\/\/astrodan.fr\/site\/wp-json\/wp\/v2\/pages\/6566\/revisions\/6641"}],"up":[{"embeddable":true,"href":"http:\/\/astrodan.fr\/site\/wp-json\/wp\/v2\/pages\/6467"}],"wp:attachment":[{"href":"http:\/\/astrodan.fr\/site\/wp-json\/wp\/v2\/media?parent=6566"}],"curies":[{"name":"wp","href":"https:\/\/api.w.org\/{rel}","templated":true}]}}