{"id":6486,"date":"2024-02-07T16:16:39","date_gmt":"2024-02-07T15:16:39","guid":{"rendered":"http:\/\/astrodan.fr\/site\/?page_id=6486"},"modified":"2026-03-18T18:01:15","modified_gmt":"2026-03-18T17:01:15","slug":"documents-et-cartes","status":"publish","type":"page","link":"http:\/\/astrodan.fr\/site\/materiel\/documents-et-cartes\/","title":{"rendered":"Documents et cartes"},"content":{"rendered":"<p>[et_pb_section fb_built=\u00a0\u00bb1&Prime; _builder_version=\u00a0\u00bb4.24.2&Prime; background_color=\u00a0\u00bb#100a3f\u00a0\u00bb global_colors_info=\u00a0\u00bb{}\u00a0\u00bb][et_pb_row _builder_version=\u00a0\u00bb4.16&Prime; background_size=\u00a0\u00bbinitial\u00a0\u00bb background_position=\u00a0\u00bbtop_left\u00a0\u00bb background_repeat=\u00a0\u00bbrepeat\u00a0\u00bb global_colors_info=\u00a0\u00bb{}\u00a0\u00bb][et_pb_column type=\u00a0\u00bb4_4&Prime; _builder_version=\u00a0\u00bb4.16&Prime; custom_padding=\u00a0\u00bb|||\u00a0\u00bb global_colors_info=\u00a0\u00bb{}\u00a0\u00bb custom_padding__hover=\u00a0\u00bb|||\u00a0\u00bb][et_pb_text _builder_version=\u00a0\u00bb4.16&Prime; background_size=\u00a0\u00bbinitial\u00a0\u00bb background_position=\u00a0\u00bbtop_left\u00a0\u00bb background_repeat=\u00a0\u00bbrepeat\u00a0\u00bb global_colors_info=\u00a0\u00bb{}\u00a0\u00bb]<\/p>\n<p><span style=\"text-decoration: underline; font-size: 12pt;\">Vous trouverez sur cette page des cartes et atlas du ciel au format PDF ( \u00e0 t\u00e9l\u00e9charger )<\/span><\/p>\n<p><span style=\"text-decoration: underline; font-size: 12pt;\">Cartes du ciel \u00a0\u00bb Mini atlas du ciel \u00a0\u00bb ( Nicolas Desmoulins )<\/span><\/p>\n<p><span style=\"font-size: 12pt;\"><a href=\"http:\/\/astrodan.fr\/site\/wp-content\/uploads\/Materiel\/Documents\/MiniAtlasDuCielNormand_v2.0.4.pdf\" target=\"_blank\" rel=\"noopener\">MiniAtlasDuCielNormand V2.0.4<\/a><\/span><\/p>\n<p><span style=\"text-decoration: underline; font-size: 12pt;\">Catalogue Messier par num\u00e9ro :<\/span><\/p>\n<p><span style=\"font-size: 12pt;\"><a href=\"http:\/\/astrodan.fr\/site\/wp-content\/uploads\/Materiel\/Documents\/Messier_Numero.pdf\" target=\"_blank\" rel=\"noopener\">Messier Numero<\/a><\/span><\/p>\n<p><span style=\"text-decoration: underline; font-size: 12pt;\">Catalogue Messier par constellation :<\/span><\/p>\n<p><span style=\"font-size: 12pt;\"><a href=\"http:\/\/astrodan.fr\/site\/wp-content\/uploads\/Materiel\/Documents\/Messier_Constellation.pdf\" target=\"\" rel=\"noopener\">Messier Constellation<\/a><\/span><\/p>\n<p><span style=\"text-decoration: underline; font-size: 12pt;\">Catalogue Messier par magnitude :<\/span><\/p>\n<p><span style=\"font-size: 12pt;\"><a href=\"http:\/\/astrodan.fr\/site\/wp-content\/uploads\/Materiel\/Documents\/Messier_Magnitude.pdf\" target=\"\" rel=\"noopener\">Messier Magnitude<\/a><\/span><\/p>\n<p><span style=\"text-decoration: underline; font-size: 12pt;\">Catalogue Messier par saison :<\/span><\/p>\n<p><span style=\"font-size: 12pt;\"><a href=\"http:\/\/astrodan.fr\/site\/wp-content\/uploads\/Materiel\/Documents\/Messier_Saison.pdf\" target=\"_blank\" rel=\"noopener\">Messier Saison<\/a><\/span><\/p>\n<p><span style=\"text-decoration: underline; font-size: 12pt;\">Catalogue NGC par num\u00e9ro :<\/span><\/p>\n<p><span style=\"font-size: 12pt;\"><a href=\"http:\/\/astrodan.fr\/site\/wp-content\/uploads\/Materiel\/Documents\/Numero_NGC.pdf\" target=\"_blank\" rel=\"noopener\">Numero NGC<\/a><\/span><\/p>\n<p><span style=\"text-decoration: underline; font-size: 12pt;\">Catalogue NGC par constellation<\/span><\/p>\n<p><span style=\"font-size: 12pt;\"><a href=\"http:\/\/astrodan.fr\/site\/wp-content\/uploads\/Materiel\/Documents\/Constellation_NGC.pdf\" target=\"_blank\" rel=\"noopener\">Constellation NGC<\/a><\/span><\/p>\n<p><span style=\"text-decoration: underline; font-size: 12pt;\">Catalogue NGC par classe d&rsquo;objets :<\/span><\/p>\n<p><span style=\"font-size: 12pt;\"><a href=\"http:\/\/astrodan.fr\/site\/wp-content\/uploads\/Materiel\/Documents\/Classe_NGC.pdf\" target=\"_blank\" rel=\"noopener\">Classe NGC<\/a><\/span><\/p>\n<p><span style=\"font-size: 12pt;\"><u>Catalogue objets IC :<\/u><\/span><\/p>\n<p><span style=\"font-size: 12pt;\"><a href=\"http:\/\/astrodan.fr\/site\/wp-content\/uploads\/Materiel\/Documents\/IC.pdf\" target=\"_blank\" rel=\"noopener\">IC<\/a><\/span><\/p>\n<p><span style=\"text-decoration: underline; font-size: 12pt;\">Catalogue objets divers :<\/span><\/p>\n<p><span style=\"font-size: 12pt;\"><a href=\"http:\/\/astrodan.fr\/site\/wp-content\/uploads\/Materiel\/Documents\/Divers.pdf\" target=\"_blank\" rel=\"noopener\">Divers<\/a><\/span><\/p>\n<p><span style=\"text-decoration: underline; font-size: 12pt;\">Catalogue de 387 \u00e9toiles doubles ( Guy Morlet &#8211; Pierre Durand )<\/span><\/p>\n<p><span style=\"font-size: 12pt;\"><a href=\"http:\/\/astrodan.fr\/site\/wp-content\/uploads\/Materiel\/Documents\/387_DOUBLES.pdf\" target=\"_blank\" rel=\"noopener\">387 DOUBLES<\/a><\/span><\/p>\n<p><span style=\"text-decoration: underline; font-size: 12pt;\">Cartes pour l&rsquo;alignement Goto\u00a0 ( raquette SynScan Skywatcher )<\/span><\/p>\n<p><span style=\"font-size: 12pt;\"><a href=\"http:\/\/astrodan.fr\/site\/wp-content\/uploads\/Materiel\/Documents\/SkyScan_Alignment_Stars.pdf\" target=\"_blank\" rel=\"noopener\">SkyScan Alignment Stars<\/a><\/span><\/p>\n<p>&nbsp;<\/p>\n<p>&nbsp;<\/p>\n<p>&nbsp;<\/p>\n<p>&nbsp;<\/p>\n<p>&nbsp;<\/p>\n<p>&nbsp;<\/p>\n<p>&nbsp;<\/p>\n<p>&nbsp;<\/p>\n<p>&nbsp;<\/p>\n<p>&nbsp;<\/p>\n<p>&nbsp;<\/p>\n<p>&nbsp;<\/p>\n<p>&nbsp;<\/p>\n<p>&nbsp;<\/p>\n<p>&nbsp;<\/p>\n<p>[\/et_pb_text][\/et_pb_column][\/et_pb_row][\/et_pb_section]<\/p>\n","protected":false},"excerpt":{"rendered":"<p>Vous trouverez sur cette page des cartes et atlas du ciel au format PDF ( \u00e0 t\u00e9l\u00e9charger ) Cartes du ciel \u00a0\u00bb Mini atlas du ciel \u00a0\u00bb ( Nicolas Desmoulins ) MiniAtlasDuCielNormand V2.0.4 Catalogue Messier par num\u00e9ro : Messier Numero Catalogue Messier par constellation : Messier Constellation Catalogue Messier par magnitude : Messier Magnitude Catalogue [&hellip;]<\/p>\n","protected":false},"author":1,"featured_media":0,"parent":41,"menu_order":9,"comment_status":"closed","ping_status":"closed","template":"","meta":{"_et_pb_use_builder":"on","_et_pb_old_content":"<p><span style=\"text-decoration: underline; font-size: 12pt;\">Vous trouverez sur cette page des cartes et atlas du ciel au format PDF ( \u00e0 t\u00e9l\u00e9charger )<\/span><\/p>\r\n<p><span style=\"text-decoration: underline; font-size: 12pt;\">Cartes du ciel \" Mini atlas du ciel \" ( Nicolas Desmoulins )<\/span><\/p>\r\n<p><span style=\"font-size: 12pt;\"><a href=\"http:\/\/astrodan.fr\/site\/wp-content\/uploads\/Materiel\/Documents\/MiniAtlasDuCielNormand_v2.0.4.pdf\" target=\"_blank\" rel=\"noopener\">MiniAtlasDuCielNormand V2.0.4<\/a><\/span><\/p>\r\n<p><span style=\"text-decoration: underline; font-size: 12pt;\">Catalogue Messier par num\u00e9ro :<\/span><\/p>\r\n<p><span style=\"font-size: 12pt;\"><a href=\"http:\/\/astrodan.fr\/site\/wp-content\/uploads\/Materiel\/Documents\/Messier_Numero.pdf\" target=\"_blank\" rel=\"noopener\">Messier Numero<\/a><\/span><\/p>\r\n<p><span style=\"text-decoration: underline; font-size: 12pt;\">Catalogue Messier par constellation :<\/span><\/p>\r\n<p><span style=\"font-size: 12pt;\"><a href=\"http:\/\/astrodan.fr\/site\/wp-content\/uploads\/Materiel\/Documents\/Messier_Constellation.pdf\" target=\"\" rel=\"noopener\">Messier Constellation<\/a><\/span><\/p>\r\n<p><span style=\"text-decoration: underline; font-size: 12pt;\">Catalogue Messier par magnitude :<\/span><\/p>\r\n<p><span style=\"font-size: 12pt;\"><a href=\"http:\/\/astrodan.fr\/site\/wp-content\/uploads\/Materiel\/Documents\/Messier_Magnitude.pdf\" target=\"\" rel=\"noopener\">Messier Magnitude<\/a><\/span><\/p>\r\n<p><span style=\"text-decoration: underline; font-size: 12pt;\">Catalogue Messier par saison :<\/span><\/p>\r\n<p><span style=\"font-size: 12pt;\"><a href=\"http:\/\/astrodan.fr\/site\/wp-content\/uploads\/Materiel\/Documents\/Messier_Saison.pdf\" target=\"_blank\" rel=\"noopener\">Messier Saison<\/a><\/span><\/p>\r\n<p><span style=\"text-decoration: underline; font-size: 12pt;\">Catalogue NGC par num\u00e9ro :<\/span><\/p>\r\n<p><span style=\"font-size: 12pt;\"><a href=\"http:\/\/astrodan.fr\/site\/wp-content\/uploads\/Materiel\/Documents\/Numero_NGC.pdf\" target=\"_blank\" rel=\"noopener\">Numero NGC<\/a><\/span><\/p>\r\n<p><span style=\"text-decoration: underline; font-size: 12pt;\">Catalogue NGC par constellation<\/span><\/p>\r\n<p><span style=\"font-size: 12pt;\"><a href=\"http:\/\/astrodan.fr\/site\/wp-content\/uploads\/Materiel\/Documents\/Constellation_NGC.pdf\" target=\"_blank\" rel=\"noopener\">Constellation NGC<\/a><\/span><\/p>\r\n<p><span style=\"text-decoration: underline; font-size: 12pt;\">Catalogue NGC par classe d'objets :<\/span><\/p>\r\n<p><span style=\"font-size: 12pt;\"><a href=\"http:\/\/astrodan.fr\/site\/wp-content\/uploads\/Materiel\/Documents\/Classe_NGC.pdf\" target=\"_blank\" rel=\"noopener\">Classe NGC<\/a><\/span><\/p>\r\n<p><span style=\"font-size: 12pt;\"><u>Catalogue objets IC :<\/u><\/span><\/p>\r\n<p><span style=\"font-size: 12pt;\"><a href=\"http:\/\/astrodan.fr\/site\/wp-content\/uploads\/Materiel\/Documents\/IC.pdf\" target=\"_blank\" rel=\"noopener\">IC<\/a><\/span><\/p>\r\n<p><span style=\"text-decoration: underline; font-size: 12pt;\">Catalogue objets divers :<\/span><\/p>\r\n<p><span style=\"font-size: 12pt;\"><a href=\"http:\/\/astrodan.fr\/site\/wp-content\/uploads\/Materiel\/Documents\/Divers.pdf\" target=\"_blank\" rel=\"noopener\">Divers<\/a><\/span><\/p>\r\n<p><span style=\"text-decoration: underline; font-size: 12pt;\">Catalogue de 387 \u00e9toiles doubles ( Guy Morlet - Pierre Durand )<\/span><\/p>\r\n<p><span style=\"font-size: 12pt;\"><a href=\"http:\/\/astrodan.fr\/site\/wp-content\/uploads\/Materiel\/Documents\/387_DOUBLES.pdf\" target=\"_blank\" rel=\"noopener\">387 DOUBLES<\/a><\/span><\/p>\r\n<p><span style=\"text-decoration: underline; font-size: 12pt;\">Cartes pour l'alignement Goto\u00a0 ( raquette SynScan Skywatcher )<\/span><\/p>\r\n<p><span style=\"font-size: 12pt;\"><a href=\"http:\/\/astrodan.fr\/site\/wp-content\/uploads\/Materiel\/Documents\/SkyScan_Alignment_Stars.pdf\" target=\"_blank\" rel=\"noopener\">SkyScan Alignment Stars<\/a><\/span><\/p>\r\n<p><span style=\"text-decoration: underline;\"><span style=\"font-size: 12pt;\">Cartes de localisation de la com\u00e8te C\/2023 A3 (Tsuchinshan-ATLAS)<img class=\"alignnone size-full wp-image-7170\" src=\"http:\/\/astrodan.fr\/site\/wp-content\/uploads\/Cartes\/carte-A3-Atlas.jpg\" alt=\"\" width=\"2520\" height=\"1680\"><\/span><\/span><\/p>\r\n<p>\u00a0<\/p>\r\n<p><span style=\"text-decoration: underline;\"><span style=\"font-size: 12pt;\"> <img class=\"alignnone size-full wp-image-7171\" src=\"http:\/\/astrodan.fr\/site\/wp-content\/uploads\/Cartes\/comete-A3.jpg\" alt=\"\" width=\"2520\" height=\"1944\"><\/span><\/span><\/p>\r\n<p>\u00a0<\/p>\r\n<p>\u00a0<\/p>\r\n<p>\u00a0<\/p>\r\n<p>\u00a0<\/p>\r\n<p>\u00a0<\/p>\r\n<p>\u00a0<\/p>\r\n<p>\u00a0<\/p>\r\n<p>\u00a0<\/p>\r\n<p>\u00a0<\/p>\r\n<p>\u00a0<\/p>","_et_gb_content_width":"","ngg_post_thumbnail":0,"footnotes":""},"_links":{"self":[{"href":"http:\/\/astrodan.fr\/site\/wp-json\/wp\/v2\/pages\/6486"}],"collection":[{"href":"http:\/\/astrodan.fr\/site\/wp-json\/wp\/v2\/pages"}],"about":[{"href":"http:\/\/astrodan.fr\/site\/wp-json\/wp\/v2\/types\/page"}],"author":[{"embeddable":true,"href":"http:\/\/astrodan.fr\/site\/wp-json\/wp\/v2\/users\/1"}],"replies":[{"embeddable":true,"href":"http:\/\/astrodan.fr\/site\/wp-json\/wp\/v2\/comments?post=6486"}],"version-history":[{"count":3,"href":"http:\/\/astrodan.fr\/site\/wp-json\/wp\/v2\/pages\/6486\/revisions"}],"predecessor-version":[{"id":7875,"href":"http:\/\/astrodan.fr\/site\/wp-json\/wp\/v2\/pages\/6486\/revisions\/7875"}],"up":[{"embeddable":true,"href":"http:\/\/astrodan.fr\/site\/wp-json\/wp\/v2\/pages\/41"}],"wp:attachment":[{"href":"http:\/\/astrodan.fr\/site\/wp-json\/wp\/v2\/media?parent=6486"}],"curies":[{"name":"wp","href":"https:\/\/api.w.org\/{rel}","templated":true}]}}