{"id":6258,"date":"2023-10-13T12:01:01","date_gmt":"2023-10-13T10:01:01","guid":{"rendered":"http:\/\/astrodan.fr\/site\/?page_id=6258"},"modified":"2025-11-20T13:53:15","modified_gmt":"2025-11-20T12:53:15","slug":"comete-12p-pons-brooks","status":"publish","type":"page","link":"http:\/\/astrodan.fr\/site\/cometes-2-2\/comete-12p-pons-brooks\/","title":{"rendered":"12P Pons-Brooks"},"content":{"rendered":"<p>[et_pb_section fb_built=\u00a0\u00bb1&Prime; _builder_version=\u00a0\u00bb4.24.2&Prime; background_color=\u00a0\u00bb#100a3f\u00a0\u00bb global_colors_info=\u00a0\u00bb{}\u00a0\u00bb][et_pb_row _builder_version=\u00a0\u00bb4.16&Prime; background_size=\u00a0\u00bbinitial\u00a0\u00bb background_position=\u00a0\u00bbtop_left\u00a0\u00bb background_repeat=\u00a0\u00bbrepeat\u00a0\u00bb global_colors_info=\u00a0\u00bb{}\u00a0\u00bb][et_pb_column type=\u00a0\u00bb4_4&Prime; _builder_version=\u00a0\u00bb4.16&Prime; custom_padding=\u00a0\u00bb|||\u00a0\u00bb global_colors_info=\u00a0\u00bb{}\u00a0\u00bb custom_padding__hover=\u00a0\u00bb|||\u00a0\u00bb][et_pb_text _builder_version=\u00a0\u00bb4.16&Prime; background_size=\u00a0\u00bbinitial\u00a0\u00bb background_position=\u00a0\u00bbtop_left\u00a0\u00bb background_repeat=\u00a0\u00bbrepeat\u00a0\u00bb global_colors_info=\u00a0\u00bb{}\u00a0\u00bb]<\/p>\n<p><span style=\"text-decoration: underline;\"><span style=\"font-size: 12pt;\">Com\u00e8te 12P Pons-Brooks le 08\/10\/2023<\/span><\/span><\/p>\n<p><span style=\"text-decoration: underline;\"><span style=\"font-size: 12pt;\">Lunette 80ED+ Canon 1200D<\/span><\/span><\/p>\n<p><span style=\"text-decoration: underline;\"><span style=\"font-size: 12pt;\">D\u00e9placement de la com\u00e8te durant 45 mn<\/span><\/span><\/p>\n<p><img loading=\"lazy\" decoding=\"async\" class=\"alignnone size-full wp-image-6241\" src=\"http:\/\/astrodan.fr\/site\/wp-content\/uploads\/Comete\/12P_Pons_Brooks\/dep_45mn.gif\" alt=\"\" width=\"1500\" height=\"1000\"> <img loading=\"lazy\" decoding=\"async\" class=\"alignnone size-full wp-image-6242\" src=\"http:\/\/astrodan.fr\/site\/wp-content\/uploads\/Comete\/12P_Pons_Brooks\/pons_brooks_F-scaled.jpg\" alt=\"\" width=\"2560\" height=\"1707\" srcset=\"http:\/\/astrodan.fr\/site\/wp-content\/uploads\/Comete\/12P_Pons_Brooks\/pons_brooks_F-scaled.jpg 2560w, http:\/\/astrodan.fr\/site\/wp-content\/uploads\/Comete\/12P_Pons_Brooks\/pons_brooks_F-1280x854.jpg 1280w, http:\/\/astrodan.fr\/site\/wp-content\/uploads\/Comete\/12P_Pons_Brooks\/pons_brooks_F-980x653.jpg 980w, http:\/\/astrodan.fr\/site\/wp-content\/uploads\/Comete\/12P_Pons_Brooks\/pons_brooks_F-480x320.jpg 480w\" sizes=\"(min-width: 0px) and (max-width: 480px) 480px, (min-width: 481px) and (max-width: 980px) 980px, (min-width: 981px) and (max-width: 1280px) 1280px, (min-width: 1281px) 2560px, 100vw\" \/> <img loading=\"lazy\" decoding=\"async\" class=\"alignnone size-full wp-image-6245\" src=\"http:\/\/astrodan.fr\/site\/wp-content\/uploads\/Comete\/12P_Pons_Brooks\/pons_brooks_redim_Ast.png\" alt=\"\" width=\"1500\" height=\"999\" srcset=\"http:\/\/astrodan.fr\/site\/wp-content\/uploads\/Comete\/12P_Pons_Brooks\/pons_brooks_redim_Ast.png 1500w, http:\/\/astrodan.fr\/site\/wp-content\/uploads\/Comete\/12P_Pons_Brooks\/pons_brooks_redim_Ast-1280x852.png 1280w, http:\/\/astrodan.fr\/site\/wp-content\/uploads\/Comete\/12P_Pons_Brooks\/pons_brooks_redim_Ast-980x653.png 980w, http:\/\/astrodan.fr\/site\/wp-content\/uploads\/Comete\/12P_Pons_Brooks\/pons_brooks_redim_Ast-480x320.png 480w\" sizes=\"(min-width: 0px) and (max-width: 480px) 480px, (min-width: 481px) and (max-width: 980px) 980px, (min-width: 981px) and (max-width: 1280px) 1280px, (min-width: 1281px) 1500px, 100vw\" \/><\/p>\n<p><span style=\"text-decoration: underline;\"><span style=\"font-size: 12pt;\">Rencontre le 15\/10\/2023 entre 12P \/ Pons-Brooks et Messier 92<\/span><\/span><\/p>\n<p><a href=\"http:\/\/www.astrosurf.com\/topic\/164902-rencontre-entre-une-com%C3%A8te-et-un-amas-globulaire\/\" target=\"_blank\" rel=\"noopener\"><span style=\"text-decoration: underline;\"><span style=\"font-size: 12pt;\">Lien vers le forum d&rsquo;Astrosurf&nbsp;<\/span><\/span><\/a><\/p>\n<p><span style=\"text-decoration: underline;\"><span style=\"font-size: 12pt;\">La com\u00e8te le 17 d\u00e9cembre 2023&nbsp;<\/span><\/span><\/p>\n<p><a href=\"http:\/\/www.astrosurf.com\/topic\/165930-soleil-lune-et-ciel-profond-gros-post\/\" target=\"_blank\" rel=\"noopener\"><span style=\"text-decoration: underline;\"><span style=\"font-size: 12pt;\">Lien vers le forum d&rsquo;Astrosurf&nbsp;<\/span><\/span><\/a><\/p>\n<p><span style=\"text-decoration: underline;\"><span style=\"font-size: 12pt;\">La com\u00e8te le 29 f\u00e9vrier 2024&nbsp;<\/span><\/span><\/p>\n<p><img loading=\"lazy\" decoding=\"async\" class=\"alignnone size-full wp-image-6630\" src=\"http:\/\/astrodan.fr\/site\/wp-content\/uploads\/Comete\/12P_Pons_Brooks\/Etoiles_12P-scaled.jpg\" alt=\"\" width=\"2560\" height=\"1705\"> <img loading=\"lazy\" decoding=\"async\" class=\"alignnone size-full wp-image-6631\" src=\"http:\/\/astrodan.fr\/site\/wp-content\/uploads\/Comete\/12P_Pons_Brooks\/Noyau_12P-scaled.jpg\" alt=\"\" width=\"2560\" height=\"1695\"><\/p>\n<p><span style=\"font-size: 12pt;\">Animation durant 15mn<\/span><\/p>\n<p><img loading=\"lazy\" decoding=\"async\" class=\"alignnone size-full wp-image-6629\" src=\"http:\/\/astrodan.fr\/site\/wp-content\/uploads\/Comete\/12P_Pons_Brooks\/deplacement_15mn.gif\" alt=\"\" width=\"999\" height=\"666\"><\/p>\n<p><a href=\"http:\/\/www.astrosurf.com\/topic\/167218-com%C3%A8te-12p_pons-brooks-entre-les-nuages\/\" target=\"_blank\" rel=\"noopener\"><span style=\"text-decoration: underline;\"><span style=\"font-size: 12pt;\">Lien vers le forum d&rsquo;Astrosurf<\/span><\/span><\/a><\/p>\n<p><span style=\"text-decoration: underline;\"><span style=\"font-size: 12pt;\">La com\u00e8te le 7 mars 2024 \u00e0 la 80ED, sous un ciel voil\u00e9,&nbsp;<\/span><\/span><\/p>\n<p><span style=\"text-decoration: underline;\"><span style=\"font-size: 12pt;\">Addition de 34 poses de 30s<\/span><\/span><\/p>\n<p><img loading=\"lazy\" decoding=\"async\" class=\"alignnone size-full wp-image-6657\" src=\"http:\/\/astrodan.fr\/site\/wp-content\/uploads\/Comete\/12P_Pons_Brooks\/Add_etoiles_F-scaled.jpg\" alt=\"\" width=\"2560\" height=\"1695\"> <img loading=\"lazy\" decoding=\"async\" class=\"alignnone size-full wp-image-6658\" src=\"http:\/\/astrodan.fr\/site\/wp-content\/uploads\/Comete\/12P_Pons_Brooks\/Add_noyau_MRF-scaled.jpg\" alt=\"\" width=\"2560\" height=\"1707\"><\/p>\n<p><span style=\"text-decoration: underline;\"><span style=\"font-size: 12pt;\">La com\u00e8te le 24 mars 2024<\/span><\/span><\/p>\n<p><span style=\"text-decoration: underline;\"><span style=\"font-size: 12pt;\">Lunette 80ED + r\u00e9ducteur x0.85 + Canon 1200D<\/span><\/span><\/p>\n<p><span style=\"text-decoration: underline;\"><span style=\"font-size: 12pt;\">Addition de 31 poses de 30s&nbsp;<\/span><\/span><\/p>\n<p><img loading=\"lazy\" decoding=\"async\" class=\"alignnone size-full wp-image-6710\" src=\"http:\/\/astrodan.fr\/site\/wp-content\/uploads\/Comete\/12P_Pons_Brooks\/12p_2_w.jpg\" alt=\"\" width=\"1920\" height=\"1280\"><\/p>\n<p><span style=\"text-decoration: underline;\"><span style=\"font-size: 12pt;\">La com\u00e8te le 25 mars 2024<\/span><\/span><\/p>\n<p><span style=\"text-decoration: underline;\"><span style=\"font-size: 12pt;\">Lunette 80ED + r\u00e9ducteur x0.85 + Canon 1200D<\/span><\/span><\/p>\n<p><span style=\"text-decoration: underline;\"><span style=\"font-size: 12pt;\">Addition de 78 poses de 30s&nbsp;<\/span><\/span><\/p>\n<p><img loading=\"lazy\" decoding=\"async\" class=\"alignnone size-full wp-image-6711\" src=\"http:\/\/astrodan.fr\/site\/wp-content\/uploads\/Comete\/12P_Pons_Brooks\/stacked_78_v3_w.png\" alt=\"\" width=\"1920\" height=\"1280\"><\/p>\n<p><span style=\"text-decoration: underline;\"><span style=\"font-size: 12pt;\">D\u00e9placement de la com\u00e8te durant 39 mn<\/span><\/span>&nbsp;<\/p>\n<p><img loading=\"lazy\" decoding=\"async\" class=\"alignnone size-full wp-image-6732\" src=\"http:\/\/astrodan.fr\/site\/wp-content\/uploads\/Comete\/12P_Pons_Brooks\/depl_noyau.gif\" alt=\"\" width=\"640\" height=\"427\"><\/p>\n<p><span style=\"text-decoration: underline;\"><span style=\"font-size: 12pt;\">La com\u00e8te le 28 mars 2024<\/span><\/span><\/p>\n<p><span style=\"text-decoration: underline;\"><span style=\"font-size: 12pt;\">Lunette 80ED + r\u00e9ducteur x0.85 + Canon 1200D<\/span><\/span><\/p>\n<p><span style=\"text-decoration: underline;\"><span style=\"font-size: 12pt;\">Addition de 38 poses de 30s&nbsp;<\/span><\/span><\/p>\n<p><img loading=\"lazy\" decoding=\"async\" class=\"alignnone size-full wp-image-6759\" src=\"http:\/\/astrodan.fr\/site\/wp-content\/uploads\/Comete\/12P_Pons_Brooks\/total_stacked_38_F2_.jpg\" alt=\"\" width=\"2000\" height=\"1333\"><\/p>\n<p><span style=\"text-decoration: underline;\"><span style=\"font-size: 12pt;\">La com\u00e8te le 10 avril 2024 au Canon 70-200mm f\/4 + 1200d<\/span><\/span><\/p>\n<p><img loading=\"lazy\" decoding=\"async\" class=\"alignnone size-full wp-image-6810\" src=\"http:\/\/astrodan.fr\/site\/wp-content\/uploads\/Comete\/12P_Pons_Brooks\/comete_12pF_.jpg\" alt=\"\" width=\"1500\" height=\"1000\"> <img loading=\"lazy\" decoding=\"async\" class=\"alignnone size-full wp-image-6811\" src=\"http:\/\/astrodan.fr\/site\/wp-content\/uploads\/Comete\/12P_Pons_Brooks\/IMG_1510_w.jpg\" alt=\"\" width=\"1500\" height=\"1000\"> <img loading=\"lazy\" decoding=\"async\" class=\"alignnone size-full wp-image-6812\" src=\"http:\/\/astrodan.fr\/site\/wp-content\/uploads\/Comete\/12P_Pons_Brooks\/IMG_1510_wa.jpg\" alt=\"\" width=\"1500\" height=\"1000\"><\/p>\n<p><a href=\"http:\/\/astrodan.fr\/site\/cometes-2-2\/comete-12p-pons-brooks\/\"><span style=\"text-decoration: underline;\"><span style=\"font-size: 12pt;\">Haut de page<\/span><\/span><\/a><\/p>\n<p>[\/et_pb_text][\/et_pb_column][\/et_pb_row][\/et_pb_section]<\/p>\n","protected":false},"excerpt":{"rendered":"<p>Com\u00e8te 12P Pons-Brooks le 08\/10\/2023 Lunette 80ED+ Canon 1200D D\u00e9placement de la com\u00e8te durant 45 mn Rencontre le 15\/10\/2023 entre 12P \/ Pons-Brooks et Messier 92 Lien vers le forum d&rsquo;Astrosurf&nbsp; La com\u00e8te le 17 d\u00e9cembre 2023&nbsp; Lien vers le forum d&rsquo;Astrosurf&nbsp; La com\u00e8te le 29 f\u00e9vrier 2024&nbsp; Animation durant 15mn Lien vers le forum [&hellip;]<\/p>\n","protected":false},"author":1,"featured_media":0,"parent":5997,"menu_order":2,"comment_status":"closed","ping_status":"closed","template":"","meta":{"_et_pb_use_builder":"on","_et_pb_old_content":"<p><span style=\"text-decoration: underline;\"><span style=\"font-size: 12pt;\">Com\u00e8te 12P Pons-Brooks le 08\/10\/2023<\/span><\/span><\/p>\r\n<p><span style=\"text-decoration: underline;\"><span style=\"font-size: 12pt;\">Lunette 80ED+ Canon 1200D<\/span><\/span><\/p>\r\n<p><span style=\"text-decoration: underline;\"><span style=\"font-size: 12pt;\">D\u00e9placement de la com\u00e8te durant 45 mn<\/span><\/span><\/p>\r\n<p><img class=\"alignnone size-full wp-image-6241\" src=\"http:\/\/astrodan.fr\/site\/wp-content\/uploads\/Comete\/12P_Pons_Brooks\/dep_45mn.gif\" alt=\"\" width=\"1500\" height=\"1000\"> <img class=\"alignnone size-full wp-image-6242\" src=\"http:\/\/astrodan.fr\/site\/wp-content\/uploads\/Comete\/12P_Pons_Brooks\/pons_brooks_F-scaled.jpg\" alt=\"\" width=\"2560\" height=\"1707\"> <img class=\"alignnone size-full wp-image-6245\" src=\"http:\/\/astrodan.fr\/site\/wp-content\/uploads\/Comete\/12P_Pons_Brooks\/pons_brooks_redim_Ast.png\" alt=\"\" width=\"1500\" height=\"999\"><\/p>\r\n<p><span style=\"text-decoration: underline;\"><span style=\"font-size: 12pt;\">Rencontre le 15\/10\/2023 entre 12P \/ Pons-Brooks et Messier 92<\/span><\/span><\/p>\r\n<p><a href=\"http:\/\/www.astrosurf.com\/topic\/164902-rencontre-entre-une-com%C3%A8te-et-un-amas-globulaire\/\" target=\"_blank\" rel=\"noopener\"><span style=\"text-decoration: underline;\"><span style=\"font-size: 12pt;\">Lien vers le forum d'Astrosurf\u00a0<\/span><\/span><\/a><\/p>\r\n<p><span style=\"text-decoration: underline;\"><span style=\"font-size: 12pt;\">La com\u00e8te le 17 d\u00e9cembre 2023\u00a0<\/span><\/span><\/p>\r\n<p><a href=\"http:\/\/www.astrosurf.com\/topic\/165930-soleil-lune-et-ciel-profond-gros-post\/\" target=\"_blank\" rel=\"noopener\"><span style=\"text-decoration: underline;\"><span style=\"font-size: 12pt;\">Lien vers le forum d'Astrosurf\u00a0<\/span><\/span><\/a><\/p>\r\n<p><span style=\"text-decoration: underline;\"><span style=\"font-size: 12pt;\">La com\u00e8te le 29 f\u00e9vrier 2024\u00a0<\/span><\/span><\/p>\r\n<p><img class=\"alignnone size-full wp-image-6630\" src=\"http:\/\/astrodan.fr\/site\/wp-content\/uploads\/Comete\/12P_Pons_Brooks\/Etoiles_12P-scaled.jpg\" alt=\"\" width=\"2560\" height=\"1705\"> <img class=\"alignnone size-full wp-image-6631\" src=\"http:\/\/astrodan.fr\/site\/wp-content\/uploads\/Comete\/12P_Pons_Brooks\/Noyau_12P-scaled.jpg\" alt=\"\" width=\"2560\" height=\"1695\"><\/p>\r\n<p><span style=\"font-size: 12pt;\">Animation durant 15mn<\/span><\/p>\r\n<p><img class=\"alignnone size-full wp-image-6629\" src=\"http:\/\/astrodan.fr\/site\/wp-content\/uploads\/Comete\/12P_Pons_Brooks\/deplacement_15mn.gif\" alt=\"\" width=\"999\" height=\"666\"><\/p>\r\n<p><a href=\"http:\/\/www.astrosurf.com\/topic\/167218-com%C3%A8te-12p_pons-brooks-entre-les-nuages\/\" target=\"_blank\" rel=\"noopener\"><span style=\"text-decoration: underline;\"><span style=\"font-size: 12pt;\">Lien vers le forum d'Astrosurf<\/span><\/span><\/a><\/p>\r\n<p><span style=\"text-decoration: underline;\"><span style=\"font-size: 12pt;\">La com\u00e8te le 7 mars 2024 \u00e0 la 80ED, sous un ciel voil\u00e9,\u00a0<\/span><\/span><\/p>\r\n<p><span style=\"text-decoration: underline;\"><span style=\"font-size: 12pt;\">Addition de 34 poses de 30s<\/span><\/span><\/p>\r\n<p><img class=\"alignnone size-full wp-image-6657\" src=\"http:\/\/astrodan.fr\/site\/wp-content\/uploads\/Comete\/12P_Pons_Brooks\/Add_etoiles_F-scaled.jpg\" alt=\"\" width=\"2560\" height=\"1695\"> <img class=\"alignnone size-full wp-image-6658\" src=\"http:\/\/astrodan.fr\/site\/wp-content\/uploads\/Comete\/12P_Pons_Brooks\/Add_noyau_MRF-scaled.jpg\" alt=\"\" width=\"2560\" height=\"1707\"><\/p>\r\n<p><span style=\"text-decoration: underline;\"><span style=\"font-size: 12pt;\">La com\u00e8te le 24 mars 2024<\/span><\/span><\/p>\r\n<p><span style=\"text-decoration: underline;\"><span style=\"font-size: 12pt;\">Lunette 80ED + r\u00e9ducteur x0.85 + Canon 1200D<\/span><\/span><\/p>\r\n<p><span style=\"text-decoration: underline;\"><span style=\"font-size: 12pt;\">Addition de 31 poses de 30s\u00a0<\/span><\/span><\/p>\r\n<p><img class=\"alignnone size-full wp-image-6710\" src=\"http:\/\/astrodan.fr\/site\/wp-content\/uploads\/Comete\/12P_Pons_Brooks\/12p_2_w.jpg\" alt=\"\" width=\"1920\" height=\"1280\"><\/p>\r\n<p><span style=\"text-decoration: underline;\"><span style=\"font-size: 12pt;\">La com\u00e8te le 25 mars 2024<\/span><\/span><\/p>\r\n<p><span style=\"text-decoration: underline;\"><span style=\"font-size: 12pt;\">Lunette 80ED + r\u00e9ducteur x0.85 + Canon 1200D<\/span><\/span><\/p>\r\n<p><span style=\"text-decoration: underline;\"><span style=\"font-size: 12pt;\">Addition de 78 poses de 30s\u00a0<\/span><\/span><\/p>\r\n<p><img class=\"alignnone size-full wp-image-6711\" src=\"http:\/\/astrodan.fr\/site\/wp-content\/uploads\/Comete\/12P_Pons_Brooks\/stacked_78_v3_w.png\" alt=\"\" width=\"1920\" height=\"1280\"><\/p>\r\n<p><span style=\"text-decoration: underline;\"><span style=\"font-size: 12pt;\">D\u00e9placement de la com\u00e8te durant 39 mn<\/span><\/span>\u00a0<\/p>\r\n<p><img class=\"alignnone size-full wp-image-6732\" src=\"http:\/\/astrodan.fr\/site\/wp-content\/uploads\/Comete\/12P_Pons_Brooks\/depl_noyau.gif\" alt=\"\" width=\"640\" height=\"427\"><\/p>\r\n<p><span style=\"text-decoration: underline;\"><span style=\"font-size: 12pt;\">La com\u00e8te le 28 mars 2024<\/span><\/span><\/p>\r\n<p><span style=\"text-decoration: underline;\"><span style=\"font-size: 12pt;\">Lunette 80ED + r\u00e9ducteur x0.85 + Canon 1200D<\/span><\/span><\/p>\r\n<p><span style=\"text-decoration: underline;\"><span style=\"font-size: 12pt;\">Addition de 38 poses de 30s\u00a0<\/span><\/span><\/p>\r\n<p><img class=\"alignnone size-full wp-image-6759\" src=\"http:\/\/astrodan.fr\/site\/wp-content\/uploads\/Comete\/12P_Pons_Brooks\/total_stacked_38_F2_.jpg\" alt=\"\" width=\"2000\" height=\"1333\"><\/p>\r\n<p><span style=\"text-decoration: underline;\"><span style=\"font-size: 12pt;\">La com\u00e8te le 10 avril 2024 au Canon 70-200mm f\/4 + 1200d<\/span><\/span><\/p>\r\n<p><img class=\"alignnone size-full wp-image-6810\" src=\"http:\/\/astrodan.fr\/site\/wp-content\/uploads\/Comete\/12P_Pons_Brooks\/comete_12pF_.jpg\" alt=\"\" width=\"1500\" height=\"1000\"> <img class=\"alignnone size-full wp-image-6811\" src=\"http:\/\/astrodan.fr\/site\/wp-content\/uploads\/Comete\/12P_Pons_Brooks\/IMG_1510_w.jpg\" alt=\"\" width=\"1500\" height=\"1000\"> <img class=\"alignnone size-full wp-image-6812\" src=\"http:\/\/astrodan.fr\/site\/wp-content\/uploads\/Comete\/12P_Pons_Brooks\/IMG_1510_wa.jpg\" alt=\"\" width=\"1500\" height=\"1000\"><\/p>\r\n<p><a href=\"http:\/\/astrodan.fr\/site\/cometes-2-2\/comete-12p-pons-brooks\/\"><span style=\"text-decoration: underline;\"><span style=\"font-size: 12pt;\">Haut de page<\/span><\/span><\/a><\/p>","_et_gb_content_width":"","ngg_post_thumbnail":0,"footnotes":""},"_links":{"self":[{"href":"http:\/\/astrodan.fr\/site\/wp-json\/wp\/v2\/pages\/6258"}],"collection":[{"href":"http:\/\/astrodan.fr\/site\/wp-json\/wp\/v2\/pages"}],"about":[{"href":"http:\/\/astrodan.fr\/site\/wp-json\/wp\/v2\/types\/page"}],"author":[{"embeddable":true,"href":"http:\/\/astrodan.fr\/site\/wp-json\/wp\/v2\/users\/1"}],"replies":[{"embeddable":true,"href":"http:\/\/astrodan.fr\/site\/wp-json\/wp\/v2\/comments?post=6258"}],"version-history":[{"count":3,"href":"http:\/\/astrodan.fr\/site\/wp-json\/wp\/v2\/pages\/6258\/revisions"}],"predecessor-version":[{"id":7623,"href":"http:\/\/astrodan.fr\/site\/wp-json\/wp\/v2\/pages\/6258\/revisions\/7623"}],"up":[{"embeddable":true,"href":"http:\/\/astrodan.fr\/site\/wp-json\/wp\/v2\/pages\/5997"}],"wp:attachment":[{"href":"http:\/\/astrodan.fr\/site\/wp-json\/wp\/v2\/media?parent=6258"}],"curies":[{"name":"wp","href":"https:\/\/api.w.org\/{rel}","templated":true}]}}