{"id":562,"date":"2015-10-01T23:36:03","date_gmt":"2015-10-01T21:36:03","guid":{"rendered":"http:\/\/astrodan.fr\/site\/?page_id=562"},"modified":"2023-02-28T16:19:00","modified_gmt":"2023-02-28T15:19:00","slug":"eclipse-totale-de-lune-du-28-septembre-2015","status":"publish","type":"page","link":"http:\/\/astrodan.fr\/site\/fille\/eclipse-totale-de-lune-du-28-septembre-2015\/","title":{"rendered":"Totale de Lune du 27 juillet 2018"},"content":{"rendered":"<p>[et_pb_section fb_built=\u00a0\u00bb1&Prime; admin_label=\u00a0\u00bbsection\u00a0\u00bb _builder_version=\u00a0\u00bb4.20.0&Prime; hover_enabled=\u00a0\u00bb0&Prime; global_colors_info=\u00a0\u00bb{}\u00a0\u00bb background_color=\u00a0\u00bb#100a3f\u00a0\u00bb sticky_enabled=\u00a0\u00bb0&Prime;][et_pb_row admin_label=\u00a0\u00bbrow\u00a0\u00bb _builder_version=\u00a0\u00bb4.16&Prime; background_size=\u00a0\u00bbinitial\u00a0\u00bb background_position=\u00a0\u00bbtop_left\u00a0\u00bb background_repeat=\u00a0\u00bbrepeat\u00a0\u00bb global_colors_info=\u00a0\u00bb{}\u00a0\u00bb][et_pb_column type=\u00a0\u00bb4_4&Prime; _builder_version=\u00a0\u00bb4.16&Prime; custom_padding=\u00a0\u00bb|||\u00a0\u00bb global_colors_info=\u00a0\u00bb{}\u00a0\u00bb custom_padding__hover=\u00a0\u00bb|||\u00a0\u00bb][et_pb_text admin_label=\u00a0\u00bbText\u00a0\u00bb _builder_version=\u00a0\u00bb4.16&Prime; background_size=\u00a0\u00bbinitial\u00a0\u00bb background_position=\u00a0\u00bbtop_left\u00a0\u00bb background_repeat=\u00a0\u00bbrepeat\u00a0\u00bb global_colors_info=\u00a0\u00bb{}\u00a0\u00bb]<\/p>\n<p><img loading=\"lazy\" decoding=\"async\" src=\"http:\/\/astrodan.fr\/site\/wp-content\/uploads\/_thumbs\/Images\/%C3%A9clipses\/%C3%A9clipse%202018\/diagramme%20eclipse.jpg\" width=\"980\" height=\"660\"><\/p>\n<p><img loading=\"lazy\" decoding=\"async\" src=\"http:\/\/astrodan.fr\/site\/wp-content\/uploads\/_thumbs\/Images\/%C3%A9clipses\/%C3%A9clipse%202018\/Capture_eclipse.JPG\" width=\"1389\" height=\"805\"><\/p>\n<p><img loading=\"lazy\" decoding=\"async\" src=\"http:\/\/astrodan.fr\/site\/wp-content\/uploads\/_thumbs\/Images\/%C3%A9clipses\/%C3%A9clipse%202018\/systeme%20sol_ter_lun.jpg\" width=\"1200\" height=\"800\"><\/p>\n<p><span style=\"text-decoration: underline;\">La Lune \u00e9clips\u00e9e \u00e0 21h54<\/span><\/p>\n<p><img loading=\"lazy\" decoding=\"async\" src=\"http:\/\/astrodan.fr\/site\/wp-content\/uploads\/_thumbs\/Images\/%C3%A9clipses\/%C3%A9clipse%202018\/Max_21h54.jpg\" width=\"1280\" height=\"853\"><\/p>\n<p>&nbsp;<\/p>\n<p><span style=\"text-decoration: underline;\">Petite animation<\/span><\/p>\n<p><a href=\"https:\/\/youtu.be\/QIhIXzQXw_A\" target=\"_blank\" rel=\"noopener\">https:\/\/youtu.be\/QIhIXzQXw_A<\/a><\/p>\n<p>&nbsp;<\/p>\n<p>&nbsp;<\/p>\n<p>&nbsp;<\/p>\n<p>&nbsp;<\/p>\n<p>[\/et_pb_text][\/et_pb_column][\/et_pb_row][\/et_pb_section]<\/p>\n","protected":false},"excerpt":{"rendered":"<p>La Lune \u00e9clips\u00e9e \u00e0 21h54 &nbsp; Petite animation https:\/\/youtu.be\/QIhIXzQXw_A &nbsp; &nbsp; &nbsp; &nbsp;<\/p>\n","protected":false},"author":1,"featured_media":0,"parent":10,"menu_order":5,"comment_status":"closed","ping_status":"closed","template":"","meta":{"_et_pb_use_builder":"on","_et_pb_old_content":"<p><img src=\"http:\/\/astrodan.fr\/site\/wp-content\/uploads\/_thumbs\/Images\/%C3%A9clipses\/%C3%A9clipse%202018\/diagramme%20eclipse.jpg\" width=\"980\" height=\"660\"><\/p>\r\n<p><img src=\"http:\/\/astrodan.fr\/site\/wp-content\/uploads\/_thumbs\/Images\/%C3%A9clipses\/%C3%A9clipse%202018\/Capture_eclipse.JPG\" width=\"1389\" height=\"805\"><\/p>\r\n<p><img src=\"http:\/\/astrodan.fr\/site\/wp-content\/uploads\/_thumbs\/Images\/%C3%A9clipses\/%C3%A9clipse%202018\/systeme%20sol_ter_lun.jpg\" width=\"1200\" height=\"800\"><\/p>\r\n<p><span style=\"text-decoration: underline;\">La Lune \u00e9clips\u00e9e \u00e0 21h54<\/span><\/p>\r\n<p><img src=\"http:\/\/astrodan.fr\/site\/wp-content\/uploads\/_thumbs\/Images\/%C3%A9clipses\/%C3%A9clipse%202018\/Max_21h54.jpg\" width=\"1280\" height=\"853\"><\/p>\r\n<p>&nbsp;<\/p>\r\n<p><span style=\"text-decoration: underline;\">Petite animation<\/span><\/p>\r\n<p><a href=\"https:\/\/youtu.be\/QIhIXzQXw_A\" target=\"_blank\" rel=\"noopener\">https:\/\/youtu.be\/QIhIXzQXw_A<\/a><\/p>\r\n<p>&nbsp;<\/p>\r\n<p>&nbsp;<\/p>\r\n<p>&nbsp;<\/p>\r\n<p>&nbsp;<\/p>","_et_gb_content_width":"","ngg_post_thumbnail":0,"footnotes":""},"_links":{"self":[{"href":"http:\/\/astrodan.fr\/site\/wp-json\/wp\/v2\/pages\/562"}],"collection":[{"href":"http:\/\/astrodan.fr\/site\/wp-json\/wp\/v2\/pages"}],"about":[{"href":"http:\/\/astrodan.fr\/site\/wp-json\/wp\/v2\/types\/page"}],"author":[{"embeddable":true,"href":"http:\/\/astrodan.fr\/site\/wp-json\/wp\/v2\/users\/1"}],"replies":[{"embeddable":true,"href":"http:\/\/astrodan.fr\/site\/wp-json\/wp\/v2\/comments?post=562"}],"version-history":[{"count":3,"href":"http:\/\/astrodan.fr\/site\/wp-json\/wp\/v2\/pages\/562\/revisions"}],"predecessor-version":[{"id":4976,"href":"http:\/\/astrodan.fr\/site\/wp-json\/wp\/v2\/pages\/562\/revisions\/4976"}],"up":[{"embeddable":true,"href":"http:\/\/astrodan.fr\/site\/wp-json\/wp\/v2\/pages\/10"}],"wp:attachment":[{"href":"http:\/\/astrodan.fr\/site\/wp-json\/wp\/v2\/media?parent=562"}],"curies":[{"name":"wp","href":"https:\/\/api.w.org\/{rel}","templated":true}]}}