{"id":528,"date":"2015-07-02T16:26:09","date_gmt":"2015-07-02T14:26:09","guid":{"rendered":"http:\/\/astrodan.fr\/site\/?page_id=528"},"modified":"2023-03-08T20:33:27","modified_gmt":"2023-03-08T19:33:27","slug":"venus","status":"publish","type":"page","link":"http:\/\/astrodan.fr\/site\/toutes-les-planetes\/venus\/","title":{"rendered":"V\u00e9nus"},"content":{"rendered":"<p>[et_pb_section fb_built=\u00a0\u00bb1&Prime; admin_label=\u00a0\u00bbsection\u00a0\u00bb _builder_version=\u00a0\u00bb4.20.0&Prime; hover_enabled=\u00a0\u00bb0&Prime; global_colors_info=\u00a0\u00bb{}\u00a0\u00bb background_color=\u00a0\u00bb#100a3f\u00a0\u00bb sticky_enabled=\u00a0\u00bb0&Prime;][et_pb_row admin_label=\u00a0\u00bbrow\u00a0\u00bb _builder_version=\u00a0\u00bb4.16&Prime; background_size=\u00a0\u00bbinitial\u00a0\u00bb background_position=\u00a0\u00bbtop_left\u00a0\u00bb background_repeat=\u00a0\u00bbrepeat\u00a0\u00bb global_colors_info=\u00a0\u00bb{}\u00a0\u00bb][et_pb_column type=\u00a0\u00bb4_4&Prime; _builder_version=\u00a0\u00bb4.16&Prime; custom_padding=\u00a0\u00bb|||\u00a0\u00bb global_colors_info=\u00a0\u00bb{}\u00a0\u00bb custom_padding__hover=\u00a0\u00bb|||\u00a0\u00bb][et_pb_text admin_label=\u00a0\u00bbText\u00a0\u00bb _builder_version=\u00a0\u00bb4.16&Prime; background_size=\u00a0\u00bbinitial\u00a0\u00bb background_position=\u00a0\u00bbtop_left\u00a0\u00bb background_repeat=\u00a0\u00bbrepeat\u00a0\u00bb global_colors_info=\u00a0\u00bb{}\u00a0\u00bb]<\/p>\n<p><u><strong>V\u00e9nus<\/strong><\/u><\/p>\n<p><img loading=\"lazy\" decoding=\"async\" class=\"alignnone size-full wp-image-5195\" src=\"http:\/\/astrodan.fr\/site\/wp-content\/uploads\/planetes\/1-venus.jpg\" alt=\"\" width=\"590\" height=\"590\" srcset=\"http:\/\/astrodan.fr\/site\/wp-content\/uploads\/planetes\/1-venus.jpg 590w, http:\/\/astrodan.fr\/site\/wp-content\/uploads\/planetes\/1-venus-480x480.jpg 480w\" sizes=\"(min-width: 0px) and (max-width: 480px) 480px, (min-width: 481px) 590px, 100vw\" \/><\/p>\n<p><span style=\"text-decoration: underline;\">V\u00e9nus au soir du 24 mars 2020 au C8 + Bx2 + Asi 120mm + IR<\/span><\/p>\n<p><img loading=\"lazy\" decoding=\"async\" src=\"http:\/\/astrodan.fr\/site\/wp-content\/uploads\/_thumbs\/Images\/Plan%C3%A8tes\/V%C3%A9nus_24_03_20_C8_B2_ASI120.jpg\" width=\"441\" height=\"441\"><\/p>\n<p><span style=\"text-decoration: underline;\">V\u00e9nus le 27 mars au C8 + Asi 120 mm +W47 +IR<br \/>\n<\/span><\/p>\n<p><img loading=\"lazy\" decoding=\"async\" src=\"http:\/\/astrodan.fr\/site\/wp-content\/uploads\/_thumbs\/Images\/Plan%C3%A8tes\/V%C3%A9nus%2027%20mars%202020.jpg\" width=\"1417\" height=\"945\"><\/p>\n<p><span style=\"text-decoration: underline;\">V\u00e9nus le 30 mars 2020 au c8 + DMK41<\/span><\/p>\n<p><img loading=\"lazy\" decoding=\"async\" src=\"http:\/\/astrodan.fr\/site\/wp-content\/uploads\/_thumbs\/Images\/Plan%C3%A8tes\/212325_30032020.jpg\" width=\"512\" height=\"400\"><\/p>\n<p><a href=\"http:\/\/astrodan.fr\/site\/?page_id=528\"><span style=\"text-decoration: underline;\">Haut de page<\/span><\/a><\/p>\n<p>&nbsp;<\/p>\n<p>[\/et_pb_text][\/et_pb_column][\/et_pb_row][\/et_pb_section]<\/p>\n","protected":false},"excerpt":{"rendered":"<p>V\u00e9nus V\u00e9nus au soir du 24 mars 2020 au C8 + Bx2 + Asi 120mm + IR V\u00e9nus le 27 mars au C8 + Asi 120 mm +W47 +IR V\u00e9nus le 30 mars 2020 au c8 + DMK41 Haut de page &nbsp;<\/p>\n","protected":false},"author":1,"featured_media":0,"parent":283,"menu_order":2,"comment_status":"closed","ping_status":"closed","template":"","meta":{"_et_pb_use_builder":"on","_et_pb_old_content":"<p><u><strong>V\u00e9nus<\/strong><\/u><\/p>\r\n<p><img class=\"alignnone size-full wp-image-5195\" src=\"http:\/\/astrodan.fr\/site\/wp-content\/uploads\/planetes\/1-venus.jpg\" alt=\"\" width=\"590\" height=\"590\"><\/p>\r\n<p><span style=\"text-decoration: underline;\">V\u00e9nus au soir du 24 mars 2020 au C8 + Bx2 + Asi 120mm + IR<\/span><\/p>\r\n<p><img src=\"http:\/\/astrodan.fr\/site\/wp-content\/uploads\/_thumbs\/Images\/Plan%C3%A8tes\/V%C3%A9nus_24_03_20_C8_B2_ASI120.jpg\" width=\"441\" height=\"441\"><\/p>\r\n<p><span style=\"text-decoration: underline;\">V\u00e9nus le 27 mars au C8 + Asi 120 mm +W47 +IR<br>\r\n<\/span><\/p>\r\n<p><img src=\"http:\/\/astrodan.fr\/site\/wp-content\/uploads\/_thumbs\/Images\/Plan%C3%A8tes\/V%C3%A9nus%2027%20mars%202020.jpg\" width=\"1417\" height=\"945\"><\/p>\r\n<p><span style=\"text-decoration: underline;\">V\u00e9nus le 30 mars 2020 au c8 + DMK41<\/span><\/p>\r\n<p><img src=\"http:\/\/astrodan.fr\/site\/wp-content\/uploads\/_thumbs\/Images\/Plan%C3%A8tes\/212325_30032020.jpg\" width=\"512\" height=\"400\"><\/p>\r\n<p><a href=\"http:\/\/astrodan.fr\/site\/?page_id=528\"><span style=\"text-decoration: underline;\">Haut de page<\/span><\/a><\/p>\r\n<p>&nbsp;<\/p>","_et_gb_content_width":"","ngg_post_thumbnail":0,"footnotes":""},"_links":{"self":[{"href":"http:\/\/astrodan.fr\/site\/wp-json\/wp\/v2\/pages\/528"}],"collection":[{"href":"http:\/\/astrodan.fr\/site\/wp-json\/wp\/v2\/pages"}],"about":[{"href":"http:\/\/astrodan.fr\/site\/wp-json\/wp\/v2\/types\/page"}],"author":[{"embeddable":true,"href":"http:\/\/astrodan.fr\/site\/wp-json\/wp\/v2\/users\/1"}],"replies":[{"embeddable":true,"href":"http:\/\/astrodan.fr\/site\/wp-json\/wp\/v2\/comments?post=528"}],"version-history":[{"count":3,"href":"http:\/\/astrodan.fr\/site\/wp-json\/wp\/v2\/pages\/528\/revisions"}],"predecessor-version":[{"id":5198,"href":"http:\/\/astrodan.fr\/site\/wp-json\/wp\/v2\/pages\/528\/revisions\/5198"}],"up":[{"embeddable":true,"href":"http:\/\/astrodan.fr\/site\/wp-json\/wp\/v2\/pages\/283"}],"wp:attachment":[{"href":"http:\/\/astrodan.fr\/site\/wp-json\/wp\/v2\/media?parent=528"}],"curies":[{"name":"wp","href":"https:\/\/api.w.org\/{rel}","templated":true}]}}