{"id":3828,"date":"2022-12-27T23:55:59","date_gmt":"2022-12-27T22:55:59","guid":{"rendered":"http:\/\/astrodan.fr\/site\/?page_id=3828"},"modified":"2026-03-24T12:13:30","modified_gmt":"2026-03-24T11:13:30","slug":"lune-cendree","status":"publish","type":"page","link":"http:\/\/astrodan.fr\/site\/toutes-les-planetes\/lune\/lune-cendree\/","title":{"rendered":"Lune cendr\u00e9e"},"content":{"rendered":"<p>[et_pb_section fb_built=\u00a0\u00bb1&Prime; _builder_version=\u00a0\u00bb4.24.2&Prime; hover_enabled=\u00a0\u00bb0&Prime; global_colors_info=\u00a0\u00bb{}\u00a0\u00bb background_color=\u00a0\u00bb#100a3f\u00a0\u00bb sticky_enabled=\u00a0\u00bb0&Prime;][et_pb_row _builder_version=\u00a0\u00bb4.16&Prime; background_size=\u00a0\u00bbinitial\u00a0\u00bb background_position=\u00a0\u00bbtop_left\u00a0\u00bb background_repeat=\u00a0\u00bbrepeat\u00a0\u00bb global_colors_info=\u00a0\u00bb{}\u00a0\u00bb][et_pb_column type=\u00a0\u00bb4_4&Prime; _builder_version=\u00a0\u00bb4.16&Prime; custom_padding=\u00a0\u00bb|||\u00a0\u00bb global_colors_info=\u00a0\u00bb{}\u00a0\u00bb custom_padding__hover=\u00a0\u00bb|||\u00a0\u00bb][et_pb_text _builder_version=\u00a0\u00bb4.16&Prime; background_size=\u00a0\u00bbinitial\u00a0\u00bb background_position=\u00a0\u00bbtop_left\u00a0\u00bb background_repeat=\u00a0\u00bbrepeat\u00a0\u00bb global_colors_info=\u00a0\u00bb{}\u00a0\u00bb]<\/p>\n<p><span style=\"text-decoration: underline;\">Lune cendr\u00e9e du 27 d\u00e9cembre 2022<\/span><\/p>\n<p><span style=\"text-decoration: underline;\">Addition de 20 poses&nbsp;<\/span><\/p>\n<p><span style=\"text-decoration: underline;\">80ED + Canon M50&nbsp;<\/span><\/p>\n<p><img loading=\"lazy\" decoding=\"async\" class=\"alignnone size-full wp-image-3832\" src=\"http:\/\/astrodan.fr\/site\/wp-content\/uploads\/Lune\/cendree20_pauses_finale_sw.png\" alt=\"\" width=\"1000\" height=\"1000\" srcset=\"http:\/\/astrodan.fr\/site\/wp-content\/uploads\/Lune\/cendree20_pauses_finale_sw.png 1000w, http:\/\/astrodan.fr\/site\/wp-content\/uploads\/Lune\/cendree20_pauses_finale_sw-300x300.png 300w, http:\/\/astrodan.fr\/site\/wp-content\/uploads\/Lune\/cendree20_pauses_finale_sw-150x150.png 150w, http:\/\/astrodan.fr\/site\/wp-content\/uploads\/Lune\/cendree20_pauses_finale_sw-768x768.png 768w\" sizes=\"(max-width: 1000px) 100vw, 1000px\" \/><\/p>\n<p><span style=\"text-decoration: underline;\">Animation des 20 images&nbsp;<\/span><\/p>\n<p><img loading=\"lazy\" decoding=\"async\" class=\"alignnone wp-image-3835 size-full\" src=\"http:\/\/astrodan.fr\/site\/wp-content\/uploads\/Lune\/anim_cendree.gif\" alt=\"\" width=\"800\" height=\"800\" data-wpmflightbox=\"0\" data-wpmf_image_lightbox=\"http:\/\/astrodan.fr\/site\/wp-content\/uploads\/Lune\/anim_cendree.gif\"><\/p>\n<p><img loading=\"lazy\" decoding=\"async\" class=\"alignnone wp-image-3839 size-full\" src=\"http:\/\/astrodan.fr\/site\/wp-content\/uploads\/Lune\/full_fusion_20P.png\" alt=\"\" width=\"1400\" height=\"933\" data-wpmflightbox=\"0\" data-wpmf_image_lightbox=\"http:\/\/astrodan.fr\/site\/wp-content\/uploads\/Lune\/full_fusion_20P.png\" srcset=\"http:\/\/astrodan.fr\/site\/wp-content\/uploads\/Lune\/full_fusion_20P.png 2658w, http:\/\/astrodan.fr\/site\/wp-content\/uploads\/Lune\/full_fusion_20P-300x200.png 300w, http:\/\/astrodan.fr\/site\/wp-content\/uploads\/Lune\/full_fusion_20P-1024x682.png 1024w, http:\/\/astrodan.fr\/site\/wp-content\/uploads\/Lune\/full_fusion_20P-150x100.png 150w, http:\/\/astrodan.fr\/site\/wp-content\/uploads\/Lune\/full_fusion_20P-768x512.png 768w, http:\/\/astrodan.fr\/site\/wp-content\/uploads\/Lune\/full_fusion_20P-1536x1023.png 1536w, http:\/\/astrodan.fr\/site\/wp-content\/uploads\/Lune\/full_fusion_20P-2048x1365.png 2048w\" sizes=\"(max-width: 1400px) 100vw, 1400px\" \/><\/p>\n<p><span style=\"text-decoration: underline;\"><span style=\"font-size: 12pt;\">Lune cendr\u00e9e du 17 d\u00e9cembre 2023,<\/span><\/span><\/p>\n<p><span style=\"text-decoration: underline;\"><span style=\"font-size: 12pt;\">Addition de 18 poses diff\u00e9rentes au Canon M50 + Barlow x1.5 + Lunette 80ED<\/span><\/span><\/p>\n<p><img loading=\"lazy\" decoding=\"async\" class=\"alignnone size-full wp-image-6369\" src=\"http:\/\/astrodan.fr\/site\/wp-content\/uploads\/Lune\/Cendree_V2-scaled.jpg\" alt=\"\" width=\"2560\" height=\"2560\" srcset=\"http:\/\/astrodan.fr\/site\/wp-content\/uploads\/Lune\/Cendree_V2-scaled.jpg 2560w, http:\/\/astrodan.fr\/site\/wp-content\/uploads\/Lune\/Cendree_V2-1280x1280.jpg 1280w, http:\/\/astrodan.fr\/site\/wp-content\/uploads\/Lune\/Cendree_V2-980x980.jpg 980w, http:\/\/astrodan.fr\/site\/wp-content\/uploads\/Lune\/Cendree_V2-480x480.jpg 480w\" sizes=\"(min-width: 0px) and (max-width: 480px) 480px, (min-width: 481px) and (max-width: 980px) 980px, (min-width: 981px) and (max-width: 1280px) 1280px, (min-width: 1281px) 2560px, 100vw\" \/><\/p>\n<p><span style=\"text-decoration: underline;\"><span style=\"font-size: 12pt;\">Lune cendr\u00e9e du 2 mars 2025<\/span><\/span><\/p>\n<p><span style=\"text-decoration: underline;\"><span style=\"font-size: 12pt;\">Canon R7 + 80ed, fusion HDR de 10 poses d&rsquo;expositions diff\u00e9rentes<\/span><\/span><\/p>\n<p><img loading=\"lazy\" decoding=\"async\" class=\"alignnone size-full wp-image-7404\" src=\"http:\/\/astrodan.fr\/site\/wp-content\/uploads\/Lune\/291A7751_alignedAnd9more_Interieur-2_.jpg\" alt=\"\" width=\"2500\" height=\"2500\" srcset=\"http:\/\/astrodan.fr\/site\/wp-content\/uploads\/Lune\/291A7751_alignedAnd9more_Interieur-2_.jpg 2500w, http:\/\/astrodan.fr\/site\/wp-content\/uploads\/Lune\/291A7751_alignedAnd9more_Interieur-2_-1280x1280.jpg 1280w, http:\/\/astrodan.fr\/site\/wp-content\/uploads\/Lune\/291A7751_alignedAnd9more_Interieur-2_-980x980.jpg 980w, http:\/\/astrodan.fr\/site\/wp-content\/uploads\/Lune\/291A7751_alignedAnd9more_Interieur-2_-480x480.jpg 480w\" sizes=\"(min-width: 0px) and (max-width: 480px) 480px, (min-width: 481px) and (max-width: 980px) 980px, (min-width: 981px) and (max-width: 1280px) 1280px, (min-width: 1281px) 2500px, 100vw\" \/><\/p>\n<p><span style=\"text-decoration: underline;\"><span style=\"font-size: 12pt;\">Lune cendr\u00e9e du 30 avril 2025,&nbsp;<\/span><\/span><\/p>\n<p><span style=\"text-decoration: underline;\"><span style=\"font-size: 12pt;\">C8 + r\u00e9ducteur 0.63x + Canon 1200D , addition de 10 poses d&rsquo;expositions diff\u00e9rentes<\/span><\/span><\/p>\n<p><a href=\"http:\/\/www.astrosurf.com\/topic\/176165-lune-cendr%C3%A9e-et-chaine-de-markarian_-mise-%C3%A0-jour-soleil\/\" target=\"_blank\" rel=\"noopener\"><span style=\"text-decoration: underline;\"><span style=\"font-size: 12pt;\">Lien vers le forum d&rsquo;Astrosurf<\/span><\/span><\/a><\/p>\n<p><span style=\"text-decoration: underline;\"><span style=\"font-size: 12pt;\">Lune cendr\u00e9e du 22 mars 2026<\/span><\/span><\/p>\n<p><span style=\"text-decoration: underline;\"><span style=\"font-size: 12pt;\">Lunette 80ED + Canon 1200D, addition de 6 poses d&rsquo;expositions diff\u00e9rentes<\/span><\/span><\/p>\n<p><img loading=\"lazy\" decoding=\"async\" class=\"alignnone size-full wp-image-7888\" src=\"http:\/\/astrodan.fr\/site\/wp-content\/uploads\/Lune\/IMG_4213_6_9_28_33_39_Naturel_R.jpg\" alt=\"\" width=\"1500\" height=\"1000\" srcset=\"http:\/\/astrodan.fr\/site\/wp-content\/uploads\/Lune\/IMG_4213_6_9_28_33_39_Naturel_R.jpg 1500w, http:\/\/astrodan.fr\/site\/wp-content\/uploads\/Lune\/IMG_4213_6_9_28_33_39_Naturel_R-1280x853.jpg 1280w, http:\/\/astrodan.fr\/site\/wp-content\/uploads\/Lune\/IMG_4213_6_9_28_33_39_Naturel_R-980x653.jpg 980w, http:\/\/astrodan.fr\/site\/wp-content\/uploads\/Lune\/IMG_4213_6_9_28_33_39_Naturel_R-480x320.jpg 480w\" sizes=\"(min-width: 0px) and (max-width: 480px) 480px, (min-width: 481px) and (max-width: 980px) 980px, (min-width: 981px) and (max-width: 1280px) 1280px, (min-width: 1281px) 1500px, 100vw\" \/><\/p>\n<p><span style=\"text-decoration: underline;\"><span style=\"font-size: 12pt;\">Haut de page<\/span><\/span><\/p>\n<p>&nbsp;<\/p>\n<p>[\/et_pb_text][\/et_pb_column][\/et_pb_row][\/et_pb_section]<\/p>\n","protected":false},"excerpt":{"rendered":"<p>Lune cendr\u00e9e du 27 d\u00e9cembre 2022 Addition de 20 poses&nbsp; 80ED + Canon M50&nbsp; Animation des 20 images&nbsp; Lune cendr\u00e9e du 17 d\u00e9cembre 2023, Addition de 18 poses diff\u00e9rentes au Canon M50 + Barlow x1.5 + Lunette 80ED Lune cendr\u00e9e du 2 mars 2025 Canon R7 + 80ed, fusion HDR de 10 poses d&rsquo;expositions diff\u00e9rentes [&hellip;]<\/p>\n","protected":false},"author":1,"featured_media":0,"parent":116,"menu_order":4,"comment_status":"closed","ping_status":"closed","template":"","meta":{"_et_pb_use_builder":"on","_et_pb_old_content":"<p><span style=\"text-decoration: underline;\">Lune cendr\u00e9e du 27 d\u00e9cembre 2022<\/span><\/p>\r\n<p><span style=\"text-decoration: underline;\">Addition de 20 poses\u00a0<\/span><\/p>\r\n<p><span style=\"text-decoration: underline;\">80ED + Canon M50\u00a0<\/span><\/p>\r\n<p><img class=\"alignnone size-full wp-image-3832\" src=\"http:\/\/astrodan.fr\/site\/wp-content\/uploads\/Lune\/cendree20_pauses_finale_sw.png\" alt=\"\" width=\"1000\" height=\"1000\"><\/p>\r\n<p><span style=\"text-decoration: underline;\">Animation des 20 images\u00a0<\/span><\/p>\r\n<p><img class=\"alignnone wp-image-3835 size-full\" src=\"http:\/\/astrodan.fr\/site\/wp-content\/uploads\/Lune\/anim_cendree.gif\" alt=\"\" width=\"800\" height=\"800\" data-wpmflightbox=\"0\" data-wpmf_image_lightbox=\"http:\/\/astrodan.fr\/site\/wp-content\/uploads\/Lune\/anim_cendree.gif\"><\/p>\r\n<p><img class=\"alignnone wp-image-3839 size-full\" src=\"http:\/\/astrodan.fr\/site\/wp-content\/uploads\/Lune\/full_fusion_20P.png\" alt=\"\" width=\"1400\" height=\"933\" data-wpmflightbox=\"0\" data-wpmf_image_lightbox=\"http:\/\/astrodan.fr\/site\/wp-content\/uploads\/Lune\/full_fusion_20P.png\"><\/p>\r\n<p><span style=\"text-decoration: underline;\"><span style=\"font-size: 12pt;\">Lune cendr\u00e9e du 17 d\u00e9cembre 2023,<\/span><\/span><\/p>\r\n<p><span style=\"text-decoration: underline;\"><span style=\"font-size: 12pt;\">Addition de 18 poses diff\u00e9rentes au Canon M50 + Barlow x1.5 + Lunette 80ED<\/span><\/span><\/p>\r\n<p><img class=\"alignnone size-full wp-image-6369\" src=\"http:\/\/astrodan.fr\/site\/wp-content\/uploads\/Lune\/Cendree_V2-scaled.jpg\" alt=\"\" width=\"2560\" height=\"2560\"><\/p>\r\n<p><span style=\"text-decoration: underline;\"><span style=\"font-size: 12pt;\">Lune cendr\u00e9e du 2 mars 2025<\/span><\/span><\/p>\r\n<p><span style=\"text-decoration: underline;\"><span style=\"font-size: 12pt;\">Canon R7 + 80ed, fusion HDR de 10 poses d'expositions diff\u00e9rentes<\/span><\/span><\/p>\r\n<p><img class=\"alignnone size-full wp-image-7404\" src=\"http:\/\/astrodan.fr\/site\/wp-content\/uploads\/Lune\/291A7751_alignedAnd9more_Interieur-2_.jpg\" alt=\"\" width=\"2500\" height=\"2500\"><\/p>\r\n<p><span style=\"text-decoration: underline;\"><span style=\"font-size: 12pt;\">Lune cendr\u00e9e du 30 avril 2025,\u00a0<\/span><\/span><\/p>\r\n<p><span style=\"text-decoration: underline;\"><span style=\"font-size: 12pt;\">C8 + r\u00e9ducteur 0.63x + Canon 1200D , addition de 10 poses d'expositions diff\u00e9rentes<\/span><\/span><\/p>\r\n<p><a href=\"http:\/\/www.astrosurf.com\/topic\/176165-lune-cendr%C3%A9e-et-chaine-de-markarian_-mise-%C3%A0-jour-soleil\/\" target=\"_blank\" rel=\"noopener\"><span style=\"text-decoration: underline;\"><span style=\"font-size: 12pt;\">Lien vers le forum d'Astrosurf<\/span><\/span><\/a><\/p>\r\n<p><span style=\"text-decoration: underline;\"><span style=\"font-size: 12pt;\">Lune cendr\u00e9e du 22 mars 2026<\/span><\/span><\/p>\r\n<p><span style=\"text-decoration: underline;\"><span style=\"font-size: 12pt;\">Lunette 80ED + Canon 1200D, addition de 6 poses d'expositions diff\u00e9rentes<\/span><\/span><\/p>\r\n<p><img class=\"alignnone size-full wp-image-7888\" src=\"http:\/\/astrodan.fr\/site\/wp-content\/uploads\/Lune\/IMG_4213_6_9_28_33_39_Naturel_R.jpg\" alt=\"\" width=\"1500\" height=\"1000\"><\/p>\r\n<p><span style=\"text-decoration: underline;\"><span style=\"font-size: 12pt;\">Haut de page<\/span><\/span><\/p>\r\n<p>\u00a0<\/p>","_et_gb_content_width":"","ngg_post_thumbnail":0,"footnotes":""},"_links":{"self":[{"href":"http:\/\/astrodan.fr\/site\/wp-json\/wp\/v2\/pages\/3828"}],"collection":[{"href":"http:\/\/astrodan.fr\/site\/wp-json\/wp\/v2\/pages"}],"about":[{"href":"http:\/\/astrodan.fr\/site\/wp-json\/wp\/v2\/types\/page"}],"author":[{"embeddable":true,"href":"http:\/\/astrodan.fr\/site\/wp-json\/wp\/v2\/users\/1"}],"replies":[{"embeddable":true,"href":"http:\/\/astrodan.fr\/site\/wp-json\/wp\/v2\/comments?post=3828"}],"version-history":[{"count":3,"href":"http:\/\/astrodan.fr\/site\/wp-json\/wp\/v2\/pages\/3828\/revisions"}],"predecessor-version":[{"id":7892,"href":"http:\/\/astrodan.fr\/site\/wp-json\/wp\/v2\/pages\/3828\/revisions\/7892"}],"up":[{"embeddable":true,"href":"http:\/\/astrodan.fr\/site\/wp-json\/wp\/v2\/pages\/116"}],"wp:attachment":[{"href":"http:\/\/astrodan.fr\/site\/wp-json\/wp\/v2\/media?parent=3828"}],"curies":[{"name":"wp","href":"https:\/\/api.w.org\/{rel}","templated":true}]}}