{"id":3772,"date":"2022-11-14T05:10:16","date_gmt":"2022-11-14T04:10:16","guid":{"rendered":"http:\/\/astrodan.fr\/site\/?page_id=3772"},"modified":"2023-03-09T16:59:24","modified_gmt":"2023-03-09T15:59:24","slug":"image-novembre-2022","status":"publish","type":"page","link":"http:\/\/astrodan.fr\/site\/solex\/image-novembre-2022\/","title":{"rendered":"Images novembre 2022"},"content":{"rendered":"<p>[et_pb_section fb_built=\u00a0\u00bb1&Prime; admin_label=\u00a0\u00bbsection\u00a0\u00bb _builder_version=\u00a0\u00bb4.20.0&Prime; background_color=\u00a0\u00bb#100a3f\u00a0\u00bb global_colors_info=\u00a0\u00bb{}\u00a0\u00bb][et_pb_row admin_label=\u00a0\u00bbrow\u00a0\u00bb _builder_version=\u00a0\u00bb4.16&Prime; background_size=\u00a0\u00bbinitial\u00a0\u00bb background_position=\u00a0\u00bbtop_left\u00a0\u00bb background_repeat=\u00a0\u00bbrepeat\u00a0\u00bb global_colors_info=\u00a0\u00bb{}\u00a0\u00bb][et_pb_column type=\u00a0\u00bb4_4&Prime; _builder_version=\u00a0\u00bb4.16&Prime; custom_padding=\u00a0\u00bb|||\u00a0\u00bb global_colors_info=\u00a0\u00bb{}\u00a0\u00bb custom_padding__hover=\u00a0\u00bb|||\u00a0\u00bb][et_pb_text admin_label=\u00a0\u00bbText\u00a0\u00bb _builder_version=\u00a0\u00bb4.16&Prime; background_size=\u00a0\u00bbinitial\u00a0\u00bb background_position=\u00a0\u00bbtop_left\u00a0\u00bb background_repeat=\u00a0\u00bbrepeat\u00a0\u00bb global_colors_info=\u00a0\u00bb{}\u00a0\u00bb]<\/p>\n<p><span style=\"text-decoration: underline;\">Le Soleil le 13 novembre 2022 sous un ciel magnifique.<\/span><\/p>\n<p><img loading=\"lazy\" decoding=\"async\" class=\"alignnone size-full wp-image-3775\" src=\"http:\/\/astrodan.fr\/site\/wp-content\/uploads\/Sol039Ex\/soleil_13_11_22\/14_12_03_claheMR.png\" alt=\"\" width=\"1000\" height=\"1000\" srcset=\"http:\/\/astrodan.fr\/site\/wp-content\/uploads\/Sol039Ex\/soleil_13_11_22\/14_12_03_claheMR.png 1000w, http:\/\/astrodan.fr\/site\/wp-content\/uploads\/Sol039Ex\/soleil_13_11_22\/14_12_03_claheMR-300x300.png 300w, http:\/\/astrodan.fr\/site\/wp-content\/uploads\/Sol039Ex\/soleil_13_11_22\/14_12_03_claheMR-150x150.png 150w, http:\/\/astrodan.fr\/site\/wp-content\/uploads\/Sol039Ex\/soleil_13_11_22\/14_12_03_claheMR-768x768.png 768w\" sizes=\"(max-width: 1000px) 100vw, 1000px\" \/><\/p>\n<p><img loading=\"lazy\" decoding=\"async\" class=\"alignnone wp-image-3777 size-full\" src=\"http:\/\/astrodan.fr\/site\/wp-content\/uploads\/Sol039Ex\/soleil_13_11_22\/14_12_03_diskMR.png\" alt=\"\" width=\"1000\" height=\"1000\" data-wpmflightbox=\"0\" data-wpmf_image_lightbox=\"http:\/\/astrodan.fr\/site\/wp-content\/uploads\/Sol039Ex\/soleil_13_11_22\/14_12_03_diskMR.png\" srcset=\"http:\/\/astrodan.fr\/site\/wp-content\/uploads\/Sol039Ex\/soleil_13_11_22\/14_12_03_diskMR.png 1000w, http:\/\/astrodan.fr\/site\/wp-content\/uploads\/Sol039Ex\/soleil_13_11_22\/14_12_03_diskMR-300x300.png 300w, http:\/\/astrodan.fr\/site\/wp-content\/uploads\/Sol039Ex\/soleil_13_11_22\/14_12_03_diskMR-150x150.png 150w, http:\/\/astrodan.fr\/site\/wp-content\/uploads\/Sol039Ex\/soleil_13_11_22\/14_12_03_diskMR-768x768.png 768w\" sizes=\"(max-width: 1000px) 100vw, 1000px\" \/><\/p>\n<p><img loading=\"lazy\" decoding=\"async\" class=\"alignnone wp-image-3779 size-full\" src=\"http:\/\/astrodan.fr\/site\/wp-content\/uploads\/Sol039Ex\/soleil_13_11_22\/14_12_03_dp15_contMR.png\" alt=\"\" width=\"1000\" height=\"1000\" data-wpmflightbox=\"0\" data-wpmf_image_lightbox=\"http:\/\/astrodan.fr\/site\/wp-content\/uploads\/Sol039Ex\/soleil_13_11_22\/14_12_03_dp15_contMR.png\" srcset=\"http:\/\/astrodan.fr\/site\/wp-content\/uploads\/Sol039Ex\/soleil_13_11_22\/14_12_03_dp15_contMR.png 1000w, http:\/\/astrodan.fr\/site\/wp-content\/uploads\/Sol039Ex\/soleil_13_11_22\/14_12_03_dp15_contMR-300x300.png 300w, http:\/\/astrodan.fr\/site\/wp-content\/uploads\/Sol039Ex\/soleil_13_11_22\/14_12_03_dp15_contMR-150x150.png 150w, http:\/\/astrodan.fr\/site\/wp-content\/uploads\/Sol039Ex\/soleil_13_11_22\/14_12_03_dp15_contMR-768x768.png 768w\" sizes=\"(max-width: 1000px) 100vw, 1000px\" \/> <img loading=\"lazy\" decoding=\"async\" class=\"alignnone wp-image-3780 size-full\" src=\"http:\/\/astrodan.fr\/site\/wp-content\/uploads\/Sol039Ex\/soleil_13_11_22\/14_12_03_protusMR.png\" alt=\"\" width=\"1000\" height=\"1000\" data-wpmflightbox=\"0\" data-wpmf_image_lightbox=\"http:\/\/astrodan.fr\/site\/wp-content\/uploads\/Sol039Ex\/soleil_13_11_22\/14_12_03_protusMR.png\" srcset=\"http:\/\/astrodan.fr\/site\/wp-content\/uploads\/Sol039Ex\/soleil_13_11_22\/14_12_03_protusMR.png 1000w, http:\/\/astrodan.fr\/site\/wp-content\/uploads\/Sol039Ex\/soleil_13_11_22\/14_12_03_protusMR-300x300.png 300w, http:\/\/astrodan.fr\/site\/wp-content\/uploads\/Sol039Ex\/soleil_13_11_22\/14_12_03_protusMR-150x150.png 150w, http:\/\/astrodan.fr\/site\/wp-content\/uploads\/Sol039Ex\/soleil_13_11_22\/14_12_03_protusMR-768x768.png 768w\" sizes=\"(max-width: 1000px) 100vw, 1000px\" \/> <img loading=\"lazy\" decoding=\"async\" class=\"alignnone wp-image-3778 size-full\" src=\"http:\/\/astrodan.fr\/site\/wp-content\/uploads\/Sol039Ex\/soleil_13_11_22\/14_12_03_doppler3MR.png\" alt=\"\" width=\"1000\" height=\"1000\" data-wpmflightbox=\"0\" data-wpmf_image_lightbox=\"http:\/\/astrodan.fr\/site\/wp-content\/uploads\/Sol039Ex\/soleil_13_11_22\/14_12_03_doppler3MR.png\" srcset=\"http:\/\/astrodan.fr\/site\/wp-content\/uploads\/Sol039Ex\/soleil_13_11_22\/14_12_03_doppler3MR.png 1000w, http:\/\/astrodan.fr\/site\/wp-content\/uploads\/Sol039Ex\/soleil_13_11_22\/14_12_03_doppler3MR-300x300.png 300w, http:\/\/astrodan.fr\/site\/wp-content\/uploads\/Sol039Ex\/soleil_13_11_22\/14_12_03_doppler3MR-150x150.png 150w, http:\/\/astrodan.fr\/site\/wp-content\/uploads\/Sol039Ex\/soleil_13_11_22\/14_12_03_doppler3MR-768x768.png 768w\" sizes=\"(max-width: 1000px) 100vw, 1000px\" \/> <img loading=\"lazy\" decoding=\"async\" class=\"alignnone size-full wp-image-3776\" src=\"http:\/\/astrodan.fr\/site\/wp-content\/uploads\/Sol039Ex\/soleil_13_11_22\/14_12_03_diskHCMR.png\" alt=\"\" width=\"1000\" height=\"1000\" srcset=\"http:\/\/astrodan.fr\/site\/wp-content\/uploads\/Sol039Ex\/soleil_13_11_22\/14_12_03_diskHCMR.png 1000w, http:\/\/astrodan.fr\/site\/wp-content\/uploads\/Sol039Ex\/soleil_13_11_22\/14_12_03_diskHCMR-300x300.png 300w, http:\/\/astrodan.fr\/site\/wp-content\/uploads\/Sol039Ex\/soleil_13_11_22\/14_12_03_diskHCMR-150x150.png 150w, http:\/\/astrodan.fr\/site\/wp-content\/uploads\/Sol039Ex\/soleil_13_11_22\/14_12_03_diskHCMR-768x768.png 768w\" sizes=\"(max-width: 1000px) 100vw, 1000px\" \/><\/p>\n<p><img loading=\"lazy\" decoding=\"async\" class=\"alignnone wp-image-3782 size-full\" src=\"http:\/\/astrodan.fr\/site\/wp-content\/uploads\/Sol039Ex\/soleil_13_11_22\/neg_C.jpg\" alt=\"\" width=\"1000\" height=\"1000\" data-wpmflightbox=\"0\" data-wpmf_image_lightbox=\"http:\/\/astrodan.fr\/site\/wp-content\/uploads\/Sol039Ex\/soleil_13_11_22\/neg_C.jpg\" srcset=\"http:\/\/astrodan.fr\/site\/wp-content\/uploads\/Sol039Ex\/soleil_13_11_22\/neg_C.jpg 1000w, http:\/\/astrodan.fr\/site\/wp-content\/uploads\/Sol039Ex\/soleil_13_11_22\/neg_C-300x300.jpg 300w, http:\/\/astrodan.fr\/site\/wp-content\/uploads\/Sol039Ex\/soleil_13_11_22\/neg_C-150x150.jpg 150w, http:\/\/astrodan.fr\/site\/wp-content\/uploads\/Sol039Ex\/soleil_13_11_22\/neg_C-768x768.jpg 768w\" sizes=\"(max-width: 1000px) 100vw, 1000px\" \/><\/p>\n<p><span style=\"text-decoration: underline;\">Animation en H alpha<\/span><\/p>\n<p><img loading=\"lazy\" decoding=\"async\" class=\"alignnone wp-image-3781 size-full\" src=\"http:\/\/astrodan.fr\/site\/wp-content\/uploads\/Sol039Ex\/soleil_13_11_22\/animation.gif\" alt=\"\" width=\"800\" height=\"800\" data-wpmflightbox=\"0\" data-wpmf_image_lightbox=\"http:\/\/astrodan.fr\/site\/wp-content\/uploads\/Sol039Ex\/soleil_13_11_22\/animation.gif\" \/><\/p>\n<p><span style=\"text-decoration: underline;\">Et en lumi\u00e8re blanche avec la 80 Ed + filtre astrosolar densit\u00e9 5 + dmk 41 + Baader K Line, mosa\u00efque de 2 tuiles<\/span><\/p>\n<p>\u00a0<img loading=\"lazy\" decoding=\"async\" class=\"alignnone wp-image-3783 size-full\" src=\"http:\/\/astrodan.fr\/site\/wp-content\/uploads\/Sol039Ex\/soleil_13_11_22\/pano_fT.png\" alt=\"\" width=\"1400\" height=\"1400\" data-wpmflightbox=\"0\" data-wpmf_image_lightbox=\"http:\/\/astrodan.fr\/site\/wp-content\/uploads\/Sol039Ex\/soleil_13_11_22\/pano_fT.png\" srcset=\"http:\/\/astrodan.fr\/site\/wp-content\/uploads\/Sol039Ex\/soleil_13_11_22\/pano_fT.png 1400w, http:\/\/astrodan.fr\/site\/wp-content\/uploads\/Sol039Ex\/soleil_13_11_22\/pano_fT-300x300.png 300w, http:\/\/astrodan.fr\/site\/wp-content\/uploads\/Sol039Ex\/soleil_13_11_22\/pano_fT-1024x1024.png 1024w, http:\/\/astrodan.fr\/site\/wp-content\/uploads\/Sol039Ex\/soleil_13_11_22\/pano_fT-150x150.png 150w, http:\/\/astrodan.fr\/site\/wp-content\/uploads\/Sol039Ex\/soleil_13_11_22\/pano_fT-768x768.png 768w\" sizes=\"(max-width: 1400px) 100vw, 1400px\" \/><\/p>\n<p><span style=\"text-decoration: underline;\">Le Soleil du 23 novembre 2022<\/span><\/p>\n<h4><a href=\"http:\/\/www.astrosurf.com\/topic\/158490-belle-s%C3%A9rie-solaire-du-23-novembre-gros-post\/\" target=\"_blank\" rel=\"noopener\"><span style=\"text-decoration: underline; color: #0000ff;\"><span style=\"color: #3366ff; text-decoration: underline;\">Lien vers le forum d&rsquo;Astrosurf\u00a0<\/span><\/span><\/a><\/h4>\n<p>[\/et_pb_text][\/et_pb_column][\/et_pb_row][\/et_pb_section]<\/p>\n","protected":false},"excerpt":{"rendered":"<p>Le Soleil le 13 novembre 2022 sous un ciel magnifique. Animation en H alpha Et en lumi\u00e8re blanche avec la 80 Ed + filtre astrosolar densit\u00e9 5 + dmk 41 + Baader K Line, mosa\u00efque de 2 tuiles \u00a0 Le Soleil du 23 novembre 2022 Lien vers le forum d&rsquo;Astrosurf\u00a0<\/p>\n","protected":false},"author":1,"featured_media":0,"parent":2123,"menu_order":13,"comment_status":"closed","ping_status":"closed","template":"","meta":{"_et_pb_use_builder":"on","_et_pb_old_content":"<p><span style=\"text-decoration: underline;\">Le Soleil le 13 novembre 2022 sous un ciel magnifique.<\/span><\/p>\r\n<p><img class=\"alignnone size-full wp-image-3775\" src=\"http:\/\/astrodan.fr\/site\/wp-content\/uploads\/Sol039Ex\/soleil_13_11_22\/14_12_03_claheMR.png\" alt=\"\" width=\"1000\" height=\"1000\" \/><\/p>\r\n<p><img class=\"alignnone wp-image-3777 size-full\" src=\"http:\/\/astrodan.fr\/site\/wp-content\/uploads\/Sol039Ex\/soleil_13_11_22\/14_12_03_diskMR.png\" alt=\"\" width=\"1000\" height=\"1000\" data-wpmflightbox=\"0\" data-wpmf_image_lightbox=\"http:\/\/astrodan.fr\/site\/wp-content\/uploads\/Sol039Ex\/soleil_13_11_22\/14_12_03_diskMR.png\" \/><\/p>\r\n<p><img class=\"alignnone wp-image-3779 size-full\" src=\"http:\/\/astrodan.fr\/site\/wp-content\/uploads\/Sol039Ex\/soleil_13_11_22\/14_12_03_dp15_contMR.png\" alt=\"\" width=\"1000\" height=\"1000\" data-wpmflightbox=\"0\" data-wpmf_image_lightbox=\"http:\/\/astrodan.fr\/site\/wp-content\/uploads\/Sol039Ex\/soleil_13_11_22\/14_12_03_dp15_contMR.png\" \/> <img class=\"alignnone wp-image-3780 size-full\" src=\"http:\/\/astrodan.fr\/site\/wp-content\/uploads\/Sol039Ex\/soleil_13_11_22\/14_12_03_protusMR.png\" alt=\"\" width=\"1000\" height=\"1000\" data-wpmflightbox=\"0\" data-wpmf_image_lightbox=\"http:\/\/astrodan.fr\/site\/wp-content\/uploads\/Sol039Ex\/soleil_13_11_22\/14_12_03_protusMR.png\" \/> <img class=\"alignnone wp-image-3778 size-full\" src=\"http:\/\/astrodan.fr\/site\/wp-content\/uploads\/Sol039Ex\/soleil_13_11_22\/14_12_03_doppler3MR.png\" alt=\"\" width=\"1000\" height=\"1000\" data-wpmflightbox=\"0\" data-wpmf_image_lightbox=\"http:\/\/astrodan.fr\/site\/wp-content\/uploads\/Sol039Ex\/soleil_13_11_22\/14_12_03_doppler3MR.png\" \/> <img class=\"alignnone size-full wp-image-3776\" src=\"http:\/\/astrodan.fr\/site\/wp-content\/uploads\/Sol039Ex\/soleil_13_11_22\/14_12_03_diskHCMR.png\" alt=\"\" width=\"1000\" height=\"1000\" \/><\/p>\r\n<p><img class=\"alignnone wp-image-3782 size-full\" src=\"http:\/\/astrodan.fr\/site\/wp-content\/uploads\/Sol039Ex\/soleil_13_11_22\/neg_C.jpg\" alt=\"\" width=\"1000\" height=\"1000\" data-wpmflightbox=\"0\" data-wpmf_image_lightbox=\"http:\/\/astrodan.fr\/site\/wp-content\/uploads\/Sol039Ex\/soleil_13_11_22\/neg_C.jpg\" \/><\/p>\r\n<p><span style=\"text-decoration: underline;\">Animation en H alpha<\/span><\/p>\r\n<p><img class=\"alignnone wp-image-3781 size-full\" src=\"http:\/\/astrodan.fr\/site\/wp-content\/uploads\/Sol039Ex\/soleil_13_11_22\/animation.gif\" alt=\"\" width=\"800\" height=\"800\" data-wpmflightbox=\"0\" data-wpmf_image_lightbox=\"http:\/\/astrodan.fr\/site\/wp-content\/uploads\/Sol039Ex\/soleil_13_11_22\/animation.gif\" \/><\/p>\r\n<p><span style=\"text-decoration: underline;\">Et en lumi\u00e8re blanche avec la 80 Ed + filtre astrosolar densit\u00e9 5 + dmk 41 + Baader K Line, mosa\u00efque de 2 tuiles<\/span><\/p>\r\n<p>\u00a0<img class=\"alignnone wp-image-3783 size-full\" src=\"http:\/\/astrodan.fr\/site\/wp-content\/uploads\/Sol039Ex\/soleil_13_11_22\/pano_fT.png\" alt=\"\" width=\"1400\" height=\"1400\" data-wpmflightbox=\"0\" data-wpmf_image_lightbox=\"http:\/\/astrodan.fr\/site\/wp-content\/uploads\/Sol039Ex\/soleil_13_11_22\/pano_fT.png\" \/><\/p>\r\n<p><span style=\"text-decoration: underline;\">Le Soleil du 23 novembre 2022<\/span><\/p>\r\n<h4><a href=\"http:\/\/www.astrosurf.com\/topic\/158490-belle-s%C3%A9rie-solaire-du-23-novembre-gros-post\/\" target=\"_blank\" rel=\"noopener\"><span style=\"text-decoration: underline; color: #0000ff;\"><span style=\"color: #3366ff; text-decoration: underline;\">Lien vers le forum d'Astrosurf\u00a0<\/span><\/span><\/a><\/h4>","_et_gb_content_width":"","ngg_post_thumbnail":0,"footnotes":""},"_links":{"self":[{"href":"http:\/\/astrodan.fr\/site\/wp-json\/wp\/v2\/pages\/3772"}],"collection":[{"href":"http:\/\/astrodan.fr\/site\/wp-json\/wp\/v2\/pages"}],"about":[{"href":"http:\/\/astrodan.fr\/site\/wp-json\/wp\/v2\/types\/page"}],"author":[{"embeddable":true,"href":"http:\/\/astrodan.fr\/site\/wp-json\/wp\/v2\/users\/1"}],"replies":[{"embeddable":true,"href":"http:\/\/astrodan.fr\/site\/wp-json\/wp\/v2\/comments?post=3772"}],"version-history":[{"count":3,"href":"http:\/\/astrodan.fr\/site\/wp-json\/wp\/v2\/pages\/3772\/revisions"}],"predecessor-version":[{"id":5768,"href":"http:\/\/astrodan.fr\/site\/wp-json\/wp\/v2\/pages\/3772\/revisions\/5768"}],"up":[{"embeddable":true,"href":"http:\/\/astrodan.fr\/site\/wp-json\/wp\/v2\/pages\/2123"}],"wp:attachment":[{"href":"http:\/\/astrodan.fr\/site\/wp-json\/wp\/v2\/media?parent=3772"}],"curies":[{"name":"wp","href":"https:\/\/api.w.org\/{rel}","templated":true}]}}