{"id":3739,"date":"2022-10-26T16:06:33","date_gmt":"2022-10-26T14:06:33","guid":{"rendered":"http:\/\/astrodan.fr\/site\/?page_id=3739"},"modified":"2023-02-28T16:06:32","modified_gmt":"2023-02-28T15:06:32","slug":"eclipse-partielle-du-25-octobre-2022","status":"publish","type":"page","link":"http:\/\/astrodan.fr\/site\/fille\/eclipse-partielle-du-25-octobre-2022\/","title":{"rendered":"Partielle du 25 octobre 2022"},"content":{"rendered":"<p>[et_pb_section fb_built=\u00a0\u00bb1&Prime; admin_label=\u00a0\u00bbsection\u00a0\u00bb _builder_version=\u00a0\u00bb4.20.0&Prime; hover_enabled=\u00a0\u00bb0&Prime; global_colors_info=\u00a0\u00bb{}\u00a0\u00bb background_color=\u00a0\u00bb#100a3f\u00a0\u00bb sticky_enabled=\u00a0\u00bb0&Prime;][et_pb_row admin_label=\u00a0\u00bbrow\u00a0\u00bb _builder_version=\u00a0\u00bb4.16&Prime; background_size=\u00a0\u00bbinitial\u00a0\u00bb background_position=\u00a0\u00bbtop_left\u00a0\u00bb background_repeat=\u00a0\u00bbrepeat\u00a0\u00bb global_colors_info=\u00a0\u00bb{}\u00a0\u00bb][et_pb_column type=\u00a0\u00bb4_4&Prime; _builder_version=\u00a0\u00bb4.16&Prime; custom_padding=\u00a0\u00bb|||\u00a0\u00bb global_colors_info=\u00a0\u00bb{}\u00a0\u00bb custom_padding__hover=\u00a0\u00bb|||\u00a0\u00bb][et_pb_text admin_label=\u00a0\u00bbText\u00a0\u00bb _builder_version=\u00a0\u00bb4.16&Prime; background_size=\u00a0\u00bbinitial\u00a0\u00bb background_position=\u00a0\u00bbtop_left\u00a0\u00bb background_repeat=\u00a0\u00bbrepeat\u00a0\u00bb global_colors_info=\u00a0\u00bb{}\u00a0\u00bb]<\/p>\n<p><span style=\"text-decoration: underline;\">C&rsquo;est sous une \u00e9paisse couche de nuages que l&rsquo;\u00e9clipse a commenc\u00e9, puis quelques trou\u00e9es sont apparues \ud83d\ude42&nbsp;<\/span><\/p>\n<p><span style=\"text-decoration: underline;\">Circonstances de l&rsquo;\u00e9clipse \u00e0 domicile&nbsp;<\/span><\/p>\n<p><img loading=\"lazy\" decoding=\"async\" class=\"alignnone size-full wp-image-3742\" src=\"http:\/\/astrodan.fr\/site\/wp-content\/uploads\/Eclipses\/eclipse_25_10_22\/2022-10-25-0912.0-Soleil.gif\" alt=\"\" width=\"600\" height=\"600\"><\/p>\n<p><img loading=\"lazy\" decoding=\"async\" class=\"alignnone wp-image-3743 size-full\" src=\"http:\/\/astrodan.fr\/site\/wp-content\/uploads\/Eclipses\/eclipse_25_10_22\/Capture.png\" alt=\"\" width=\"484\" height=\"155\" data-wpmflightbox=\"0\" data-wpmf_image_lightbox=\"http:\/\/astrodan.fr\/site\/wp-content\/uploads\/Eclipses\/eclipse_25_10_22\/Capture.png\" srcset=\"http:\/\/astrodan.fr\/site\/wp-content\/uploads\/Eclipses\/eclipse_25_10_22\/Capture.png 484w, http:\/\/astrodan.fr\/site\/wp-content\/uploads\/Eclipses\/eclipse_25_10_22\/Capture-300x96.png 300w, http:\/\/astrodan.fr\/site\/wp-content\/uploads\/Eclipses\/eclipse_25_10_22\/Capture-150x48.png 150w\" sizes=\"(max-width: 484px) 100vw, 484px\" \/><\/p>\n<p><span style=\"text-decoration: underline;\">Et les images prises avec la 80ED + filtre astrosolar D=3.8 + Canon M50<\/span><\/p>\n<p><span style=\"text-decoration: underline;\">\u00c0 12h38, l&rsquo;effet 3D de la lune avec le filtrage des nuages&nbsp;<\/span><\/p>\n<p><img loading=\"lazy\" decoding=\"async\" class=\"alignnone size-full wp-image-3745\" src=\"http:\/\/astrodan.fr\/site\/wp-content\/uploads\/Eclipses\/eclipse_25_10_22\/12h38.png\" alt=\"\" width=\"1400\" height=\"933\" srcset=\"http:\/\/astrodan.fr\/site\/wp-content\/uploads\/Eclipses\/eclipse_25_10_22\/12h38.png 1500w, http:\/\/astrodan.fr\/site\/wp-content\/uploads\/Eclipses\/eclipse_25_10_22\/12h38-300x200.png 300w, http:\/\/astrodan.fr\/site\/wp-content\/uploads\/Eclipses\/eclipse_25_10_22\/12h38-1024x683.png 1024w, http:\/\/astrodan.fr\/site\/wp-content\/uploads\/Eclipses\/eclipse_25_10_22\/12h38-150x100.png 150w, http:\/\/astrodan.fr\/site\/wp-content\/uploads\/Eclipses\/eclipse_25_10_22\/12h38-768x512.png 768w\" sizes=\"(max-width: 1400px) 100vw, 1400px\" \/><\/p>\n<p><span style=\"text-decoration: underline;\">Au moment du maximun \u00e0 12h07 HL<\/span><\/p>\n<p><img loading=\"lazy\" decoding=\"async\" class=\"alignnone wp-image-3747 size-full\" src=\"http:\/\/astrodan.fr\/site\/wp-content\/uploads\/Eclipses\/eclipse_25_10_22\/IMG_0082_maxi_w.png\" alt=\"\" width=\"1400\" height=\"933\" data-wpmflightbox=\"0\" data-wpmf_image_lightbox=\"http:\/\/astrodan.fr\/site\/wp-content\/uploads\/Eclipses\/eclipse_25_10_22\/IMG_0082_maxi_w.png\" srcset=\"http:\/\/astrodan.fr\/site\/wp-content\/uploads\/Eclipses\/eclipse_25_10_22\/IMG_0082_maxi_w.png 1500w, http:\/\/astrodan.fr\/site\/wp-content\/uploads\/Eclipses\/eclipse_25_10_22\/IMG_0082_maxi_w-300x200.png 300w, http:\/\/astrodan.fr\/site\/wp-content\/uploads\/Eclipses\/eclipse_25_10_22\/IMG_0082_maxi_w-1024x683.png 1024w, http:\/\/astrodan.fr\/site\/wp-content\/uploads\/Eclipses\/eclipse_25_10_22\/IMG_0082_maxi_w-150x100.png 150w, http:\/\/astrodan.fr\/site\/wp-content\/uploads\/Eclipses\/eclipse_25_10_22\/IMG_0082_maxi_w-768x512.png 768w\" sizes=\"(max-width: 1400px) 100vw, 1400px\" \/><\/p>\n<p><span style=\"text-decoration: underline;\">Et l&rsquo;animation avec les images&nbsp;<\/span><\/p>\n<p><img loading=\"lazy\" decoding=\"async\" class=\"alignnone size-full wp-image-3746\" src=\"http:\/\/astrodan.fr\/site\/wp-content\/uploads\/Eclipses\/eclipse_25_10_22\/anim_eclipse_.gif\" alt=\"\" width=\"800\" height=\"800\"><\/p>\n<p><span style=\"text-decoration: underline;\">Une planche avec les diff\u00e9rentes phases de l&rsquo;\u00e9clipse&nbsp;<\/span><\/p>\n<p><img loading=\"lazy\" decoding=\"async\" class=\"alignnone size-full wp-image-3754\" src=\"http:\/\/astrodan.fr\/site\/wp-content\/uploads\/Eclipses\/eclipse_25_10_22\/pano_eclipse_C_T.png\" alt=\"\" width=\"1400\" height=\"933\" srcset=\"http:\/\/astrodan.fr\/site\/wp-content\/uploads\/Eclipses\/eclipse_25_10_22\/pano_eclipse_C_T.png 6000w, http:\/\/astrodan.fr\/site\/wp-content\/uploads\/Eclipses\/eclipse_25_10_22\/pano_eclipse_C_T-300x200.png 300w, http:\/\/astrodan.fr\/site\/wp-content\/uploads\/Eclipses\/eclipse_25_10_22\/pano_eclipse_C_T-1024x683.png 1024w, http:\/\/astrodan.fr\/site\/wp-content\/uploads\/Eclipses\/eclipse_25_10_22\/pano_eclipse_C_T-150x100.png 150w, http:\/\/astrodan.fr\/site\/wp-content\/uploads\/Eclipses\/eclipse_25_10_22\/pano_eclipse_C_T-768x512.png 768w, http:\/\/astrodan.fr\/site\/wp-content\/uploads\/Eclipses\/eclipse_25_10_22\/pano_eclipse_C_T-1536x1024.png 1536w, http:\/\/astrodan.fr\/site\/wp-content\/uploads\/Eclipses\/eclipse_25_10_22\/pano_eclipse_C_T-2048x1365.png 2048w\" sizes=\"(max-width: 1400px) 100vw, 1400px\" \/><\/p>\n<p><img loading=\"lazy\" decoding=\"async\" class=\"alignnone size-full wp-image-3758\" src=\"http:\/\/astrodan.fr\/site\/wp-content\/uploads\/Eclipses\/eclipse_25_10_22\/pano_G_C.png\" alt=\"\" width=\"1400\" height=\"933\" srcset=\"http:\/\/astrodan.fr\/site\/wp-content\/uploads\/Eclipses\/eclipse_25_10_22\/pano_G_C.png 7087w, http:\/\/astrodan.fr\/site\/wp-content\/uploads\/Eclipses\/eclipse_25_10_22\/pano_G_C-300x200.png 300w, http:\/\/astrodan.fr\/site\/wp-content\/uploads\/Eclipses\/eclipse_25_10_22\/pano_G_C-1024x683.png 1024w, http:\/\/astrodan.fr\/site\/wp-content\/uploads\/Eclipses\/eclipse_25_10_22\/pano_G_C-150x100.png 150w, http:\/\/astrodan.fr\/site\/wp-content\/uploads\/Eclipses\/eclipse_25_10_22\/pano_G_C-768x512.png 768w, http:\/\/astrodan.fr\/site\/wp-content\/uploads\/Eclipses\/eclipse_25_10_22\/pano_G_C-1536x1024.png 1536w, http:\/\/astrodan.fr\/site\/wp-content\/uploads\/Eclipses\/eclipse_25_10_22\/pano_G_C-2048x1365.png 2048w\" sizes=\"(max-width: 1400px) 100vw, 1400px\" \/><\/p>\n<p>&nbsp;<\/p>\n<p>[\/et_pb_text][\/et_pb_column][\/et_pb_row][\/et_pb_section]<\/p>\n","protected":false},"excerpt":{"rendered":"<p>C&rsquo;est sous une \u00e9paisse couche de nuages que l&rsquo;\u00e9clipse a commenc\u00e9, puis quelques trou\u00e9es sont apparues \ud83d\ude42&nbsp; Circonstances de l&rsquo;\u00e9clipse \u00e0 domicile&nbsp; Et les images prises avec la 80ED + filtre astrosolar D=3.8 + Canon M50 \u00c0 12h38, l&rsquo;effet 3D de la lune avec le filtrage des nuages&nbsp; Au moment du maximun \u00e0 12h07 HL [&hellip;]<\/p>\n","protected":false},"author":1,"featured_media":0,"parent":10,"menu_order":9,"comment_status":"closed","ping_status":"closed","template":"","meta":{"_et_pb_use_builder":"on","_et_pb_old_content":"<p><span style=\"text-decoration: underline;\">C'est sous une \u00e9paisse couche de nuages que l'\u00e9clipse a commenc\u00e9, puis quelques trou\u00e9es sont apparues :-)&nbsp;<\/span><\/p>\r\n<p><span style=\"text-decoration: underline;\">Circonstances de l'\u00e9clipse \u00e0 domicile&nbsp;<\/span><\/p>\r\n<p><img class=\"alignnone size-full wp-image-3742\" src=\"http:\/\/astrodan.fr\/site\/wp-content\/uploads\/Eclipses\/eclipse_25_10_22\/2022-10-25-0912.0-Soleil.gif\" alt=\"\" width=\"600\" height=\"600\"><\/p>\r\n<p><img class=\"alignnone wp-image-3743 size-full\" src=\"http:\/\/astrodan.fr\/site\/wp-content\/uploads\/Eclipses\/eclipse_25_10_22\/Capture.png\" alt=\"\" width=\"484\" height=\"155\" data-wpmflightbox=\"0\" data-wpmf_image_lightbox=\"http:\/\/astrodan.fr\/site\/wp-content\/uploads\/Eclipses\/eclipse_25_10_22\/Capture.png\"><\/p>\r\n<p><span style=\"text-decoration: underline;\">Et les images prises avec la 80ED + filtre astrosolar D=3.8 + Canon M50<\/span><\/p>\r\n<p><span style=\"text-decoration: underline;\">\u00c0 12h38, l'effet 3D de la lune avec le filtrage des nuages&nbsp;<\/span><\/p>\r\n<p><img class=\"alignnone size-full wp-image-3745\" src=\"http:\/\/astrodan.fr\/site\/wp-content\/uploads\/Eclipses\/eclipse_25_10_22\/12h38.png\" alt=\"\" width=\"1400\" height=\"933\"><\/p>\r\n<p><span style=\"text-decoration: underline;\">Au moment du maximun \u00e0 12h07 HL<\/span><\/p>\r\n<p><img class=\"alignnone wp-image-3747 size-full\" src=\"http:\/\/astrodan.fr\/site\/wp-content\/uploads\/Eclipses\/eclipse_25_10_22\/IMG_0082_maxi_w.png\" alt=\"\" width=\"1400\" height=\"933\" data-wpmflightbox=\"0\" data-wpmf_image_lightbox=\"http:\/\/astrodan.fr\/site\/wp-content\/uploads\/Eclipses\/eclipse_25_10_22\/IMG_0082_maxi_w.png\"><\/p>\r\n<p><span style=\"text-decoration: underline;\">Et l'animation avec les images&nbsp;<\/span><\/p>\r\n<p><img class=\"alignnone size-full wp-image-3746\" src=\"http:\/\/astrodan.fr\/site\/wp-content\/uploads\/Eclipses\/eclipse_25_10_22\/anim_eclipse_.gif\" alt=\"\" width=\"800\" height=\"800\"><\/p>\r\n<p><span style=\"text-decoration: underline;\">Une planche avec les diff\u00e9rentes phases de l'\u00e9clipse&nbsp;<\/span><\/p>\r\n<p><img class=\"alignnone size-full wp-image-3754\" src=\"http:\/\/astrodan.fr\/site\/wp-content\/uploads\/Eclipses\/eclipse_25_10_22\/pano_eclipse_C_T.png\" alt=\"\" width=\"1400\" height=\"933\"><\/p>\r\n<p><img class=\"alignnone size-full wp-image-3758\" src=\"http:\/\/astrodan.fr\/site\/wp-content\/uploads\/Eclipses\/eclipse_25_10_22\/pano_G_C.png\" alt=\"\" width=\"1400\" height=\"933\"><\/p>\r\n<p>&nbsp;<\/p>","_et_gb_content_width":"","ngg_post_thumbnail":0,"footnotes":""},"_links":{"self":[{"href":"http:\/\/astrodan.fr\/site\/wp-json\/wp\/v2\/pages\/3739"}],"collection":[{"href":"http:\/\/astrodan.fr\/site\/wp-json\/wp\/v2\/pages"}],"about":[{"href":"http:\/\/astrodan.fr\/site\/wp-json\/wp\/v2\/types\/page"}],"author":[{"embeddable":true,"href":"http:\/\/astrodan.fr\/site\/wp-json\/wp\/v2\/users\/1"}],"replies":[{"embeddable":true,"href":"http:\/\/astrodan.fr\/site\/wp-json\/wp\/v2\/comments?post=3739"}],"version-history":[{"count":3,"href":"http:\/\/astrodan.fr\/site\/wp-json\/wp\/v2\/pages\/3739\/revisions"}],"predecessor-version":[{"id":4957,"href":"http:\/\/astrodan.fr\/site\/wp-json\/wp\/v2\/pages\/3739\/revisions\/4957"}],"up":[{"embeddable":true,"href":"http:\/\/astrodan.fr\/site\/wp-json\/wp\/v2\/pages\/10"}],"wp:attachment":[{"href":"http:\/\/astrodan.fr\/site\/wp-json\/wp\/v2\/media?parent=3739"}],"curies":[{"name":"wp","href":"https:\/\/api.w.org\/{rel}","templated":true}]}}