{"id":360,"date":"2015-04-25T09:21:05","date_gmt":"2015-04-25T07:21:05","guid":{"rendered":"http:\/\/astrodan.fr\/site\/?page_id=360"},"modified":"2024-02-19T17:15:55","modified_gmt":"2024-02-19T16:15:55","slug":"animations","status":"publish","type":"page","link":"http:\/\/astrodan.fr\/site\/soleil-2\/animations\/","title":{"rendered":"Animations"},"content":{"rendered":"<p>[et_pb_section fb_built=\u00a0\u00bb1&Prime; _builder_version=\u00a0\u00bb4.23.4&Prime; hover_enabled=\u00a0\u00bb0&Prime; global_colors_info=\u00a0\u00bb{}\u00a0\u00bb background_color=\u00a0\u00bb#100a3f\u00a0\u00bb sticky_enabled=\u00a0\u00bb0&Prime;][et_pb_row _builder_version=\u00a0\u00bb4.16&Prime; background_size=\u00a0\u00bbinitial\u00a0\u00bb background_position=\u00a0\u00bbtop_left\u00a0\u00bb background_repeat=\u00a0\u00bbrepeat\u00a0\u00bb global_colors_info=\u00a0\u00bb{}\u00a0\u00bb][et_pb_column type=\u00a0\u00bb4_4&Prime; _builder_version=\u00a0\u00bb4.16&Prime; custom_padding=\u00a0\u00bb|||\u00a0\u00bb global_colors_info=\u00a0\u00bb{}\u00a0\u00bb custom_padding__hover=\u00a0\u00bb|||\u00a0\u00bb][et_pb_text _builder_version=\u00a0\u00bb4.16&Prime; background_size=\u00a0\u00bbinitial\u00a0\u00bb background_position=\u00a0\u00bbtop_left\u00a0\u00bb background_repeat=\u00a0\u00bbrepeat\u00a0\u00bb global_colors_info=\u00a0\u00bb{}\u00a0\u00bb]<\/p>\n<p><a id=\"hdep\" name=\"hdep\"><\/a><\/p>\n<p><span style=\"text-decoration: underline;\"><span style=\"font-size: 12pt;\"><b>Film<\/b>&nbsp;r\u00e9alis\u00e9 \u00e0 la m\u00e9moire de&nbsp;<b>Bernard Lyot<\/b>, astronome, membre de l&rsquo;Acad\u00e9mie des sciences et inventeur du coronographe. <\/span><\/span><\/p>\n<p><span style=\"text-decoration: underline;\"><span style=\"font-size: 12pt;\">Paul Couderc, astronome \u00e0 l&rsquo;Observatoire de Paris, commente les images que&nbsp;<b>Bernard Lyot<\/b>&nbsp;a r\u00e9alis\u00e9es d\u00e8s 1935.<\/span><\/span><\/p>\n<p><span style=\"text-decoration: underline;\"><a href=\"https:\/\/images.cnrs.fr\/video\/1348\" target=\"_blank\" rel=\"noopener\"><span style=\"font-size: 12pt;\">Lien vers le site du CNRS&nbsp;<\/span><\/a><\/span><\/p>\n<p>&nbsp;<\/p>\n<p><span style=\"font-size: 12pt;\"><u>Animation d&rsquo;une protub\u00e9rance solaire sur 33 minutes, Lunt LS 35 + Cam\u00e9ra ZWO 120mm<\/u><\/span><\/p>\n<p><img loading=\"lazy\" decoding=\"async\" class=\"alignnone wp-image-5704 size-full\" src=\"http:\/\/astrodan.fr\/site\/wp-content\/uploads\/eruption\/soleil_24_04_15.gif\" alt=\"\" width=\"1076\" height=\"539\" data-wpmflightbox=\"0\" data-wpmf_image_lightbox=\"http:\/\/astrodan.fr\/site\/wp-content\/uploads\/eruption\/soleil_24_04_15.gif\"><\/p>\n<p><span style=\"font-size: 12pt;\"><u>Animation solaire sur 6 jours <\/u><\/span><\/p>\n<p><img loading=\"lazy\" decoding=\"async\" class=\"alignnone wp-image-5705 size-full\" src=\"http:\/\/astrodan.fr\/site\/wp-content\/uploads\/eruption\/anim_6_jours_ar_c.gif\" alt=\"\" width=\"900\" height=\"900\" data-wpmflightbox=\"0\" data-wpmf_image_lightbox=\"http:\/\/astrodan.fr\/site\/wp-content\/uploads\/eruption\/anim_6_jours_ar_c.gif\"><\/p>\n<p><span style=\"font-size: 12pt;\"><u>Animation sur 2 jours<\/u><\/span><\/p>\n<p><img loading=\"lazy\" decoding=\"async\" class=\"alignnone wp-image-5706 size-full\" src=\"http:\/\/astrodan.fr\/site\/wp-content\/uploads\/eruption\/soleil_16-et-17_04_14.gif\" alt=\"\" width=\"1000\" height=\"1000\" data-wpmflightbox=\"0\" data-wpmf_image_lightbox=\"http:\/\/astrodan.fr\/site\/wp-content\/uploads\/eruption\/soleil_16-et-17_04_14.gif\"><\/p>\n<p><span style=\"font-size: 12pt;\"><u>Animation d&rsquo;une protub\u00e9rance solaire sur 30 minutes<\/u><\/span><\/p>\n<p><img loading=\"lazy\" decoding=\"async\" class=\"alignnone wp-image-5707 size-full\" src=\"http:\/\/astrodan.fr\/site\/wp-content\/uploads\/eruption\/soleil_16_09_14.gif\" alt=\"\" width=\"1055\" height=\"841\" data-wpmflightbox=\"0\" data-wpmf_image_lightbox=\"http:\/\/astrodan.fr\/site\/wp-content\/uploads\/eruption\/soleil_16_09_14.gif\"><\/p>\n<p><span style=\"font-size: 12pt;\"><u>Transition de lumi\u00e8re blanche en H alpha, Soleil du 13 mai 2015<\/u><\/span><\/p>\n<p><img loading=\"lazy\" decoding=\"async\" class=\"alignnone wp-image-5708 size-full\" src=\"http:\/\/astrodan.fr\/site\/wp-content\/uploads\/eruption\/13_05_15_LB_H.gif\" alt=\"\" width=\"1000\" height=\"952\" data-wpmflightbox=\"0\" data-wpmf_image_lightbox=\"http:\/\/astrodan.fr\/site\/wp-content\/uploads\/eruption\/13_05_15_LB_H.gif\"><\/p>\n<p><span style=\"font-size: 12pt;\"><u>Transition de lumi\u00e8re blanche en H alpha, Soleil du 18 mai 2015 coloris\u00e9e<\/u><\/span><\/p>\n<p><img loading=\"lazy\" decoding=\"async\" class=\"alignnone wp-image-5709 size-full\" src=\"http:\/\/astrodan.fr\/site\/wp-content\/uploads\/eruption\/anim_c_soleil_18_05_15.gif\" alt=\"\" width=\"1000\" height=\"975\" data-wpmflightbox=\"0\" data-wpmf_image_lightbox=\"http:\/\/astrodan.fr\/site\/wp-content\/uploads\/eruption\/anim_c_soleil_18_05_15.gif\"><\/p>\n<p><span style=\"font-size: 12pt;\"><u>Animation protub\u00e9rances sur une 1h<\/u><\/span><\/p>\n<p><img loading=\"lazy\" decoding=\"async\" class=\"alignnone wp-image-5710 size-full\" src=\"http:\/\/astrodan.fr\/site\/wp-content\/uploads\/eruption\/animation_29_08_15.gif\" alt=\"\" width=\"700\" height=\"700\" data-wpmflightbox=\"0\" data-wpmf_image_lightbox=\"http:\/\/astrodan.fr\/site\/wp-content\/uploads\/eruption\/animation_29_08_15.gif\"><\/p>\n<p><a href=\"http:\/\/astrodan.fr\/site\/?page_id=360\"><u>Haut de page<\/u><\/a><\/p>\n<p>[\/et_pb_text][\/et_pb_column][\/et_pb_row][\/et_pb_section]<\/p>\n","protected":false},"excerpt":{"rendered":"<p>Film&nbsp;r\u00e9alis\u00e9 \u00e0 la m\u00e9moire de&nbsp;Bernard Lyot, astronome, membre de l&rsquo;Acad\u00e9mie des sciences et inventeur du coronographe. Paul Couderc, astronome \u00e0 l&rsquo;Observatoire de Paris, commente les images que&nbsp;Bernard Lyot&nbsp;a r\u00e9alis\u00e9es d\u00e8s 1935. Lien vers le site du CNRS&nbsp; &nbsp; Animation d&rsquo;une protub\u00e9rance solaire sur 33 minutes, Lunt LS 35 + Cam\u00e9ra ZWO 120mm Animation solaire sur [&hellip;]<\/p>\n","protected":false},"author":1,"featured_media":0,"parent":118,"menu_order":3,"comment_status":"closed","ping_status":"closed","template":"","meta":{"_et_pb_use_builder":"on","_et_pb_old_content":"<p><a id=\"hdep\" name=\"hdep\"><\/a><\/p>\r\n<p><span style=\"text-decoration: underline;\"><span style=\"font-size: 12pt;\"><b>Film<\/b>\u00a0r\u00e9alis\u00e9 \u00e0 la m\u00e9moire de\u00a0<b>Bernard Lyot<\/b>, astronome, membre de l'Acad\u00e9mie des sciences et inventeur du coronographe. <\/span><\/span><\/p>\r\n<p><span style=\"text-decoration: underline;\"><span style=\"font-size: 12pt;\">Paul Couderc, astronome \u00e0 l'Observatoire de Paris, commente les images que\u00a0<b>Bernard Lyot<\/b>\u00a0a r\u00e9alis\u00e9es d\u00e8s 1935.<\/span><\/span><\/p>\r\n<p><span style=\"text-decoration: underline;\"><a href=\"https:\/\/images.cnrs.fr\/video\/1348\" target=\"_blank\" rel=\"noopener\"><span style=\"font-size: 12pt;\">Lien vers le site du CNRS\u00a0<\/span><\/a><\/span><\/p>\r\n<p>\u00a0<\/p>\r\n<p><span style=\"font-size: 12pt;\"><u>Animation d'une protub\u00e9rance solaire sur 33 minutes, Lunt LS 35 + Cam\u00e9ra ZWO 120mm<\/u><\/span><\/p>\r\n<p><img class=\"alignnone wp-image-5704 size-full\" src=\"http:\/\/astrodan.fr\/site\/wp-content\/uploads\/eruption\/soleil_24_04_15.gif\" alt=\"\" width=\"1076\" height=\"539\" data-wpmflightbox=\"0\" data-wpmf_image_lightbox=\"http:\/\/astrodan.fr\/site\/wp-content\/uploads\/eruption\/soleil_24_04_15.gif\"><\/p>\r\n<p><span style=\"font-size: 12pt;\"><u>Animation solaire sur 6 jours <\/u><\/span><\/p>\r\n<p><img class=\"alignnone wp-image-5705 size-full\" src=\"http:\/\/astrodan.fr\/site\/wp-content\/uploads\/eruption\/anim_6_jours_ar_c.gif\" alt=\"\" width=\"900\" height=\"900\" data-wpmflightbox=\"0\" data-wpmf_image_lightbox=\"http:\/\/astrodan.fr\/site\/wp-content\/uploads\/eruption\/anim_6_jours_ar_c.gif\"><\/p>\r\n<p><span style=\"font-size: 12pt;\"><u>Animation sur 2 jours<\/u><\/span><\/p>\r\n<p><img class=\"alignnone wp-image-5706 size-full\" src=\"http:\/\/astrodan.fr\/site\/wp-content\/uploads\/eruption\/soleil_16-et-17_04_14.gif\" alt=\"\" width=\"1000\" height=\"1000\" data-wpmflightbox=\"0\" data-wpmf_image_lightbox=\"http:\/\/astrodan.fr\/site\/wp-content\/uploads\/eruption\/soleil_16-et-17_04_14.gif\"><\/p>\r\n<p><span style=\"font-size: 12pt;\"><u>Animation d'une protub\u00e9rance solaire sur 30 minutes<\/u><\/span><\/p>\r\n<p><img class=\"alignnone wp-image-5707 size-full\" src=\"http:\/\/astrodan.fr\/site\/wp-content\/uploads\/eruption\/soleil_16_09_14.gif\" alt=\"\" width=\"1055\" height=\"841\" data-wpmflightbox=\"0\" data-wpmf_image_lightbox=\"http:\/\/astrodan.fr\/site\/wp-content\/uploads\/eruption\/soleil_16_09_14.gif\"><\/p>\r\n<p><span style=\"font-size: 12pt;\"><u>Transition de lumi\u00e8re blanche en H alpha, Soleil du 13 mai 2015<\/u><\/span><\/p>\r\n<p><img class=\"alignnone wp-image-5708 size-full\" src=\"http:\/\/astrodan.fr\/site\/wp-content\/uploads\/eruption\/13_05_15_LB_H.gif\" alt=\"\" width=\"1000\" height=\"952\" data-wpmflightbox=\"0\" data-wpmf_image_lightbox=\"http:\/\/astrodan.fr\/site\/wp-content\/uploads\/eruption\/13_05_15_LB_H.gif\"><\/p>\r\n<p><span style=\"font-size: 12pt;\"><u>Transition de lumi\u00e8re blanche en H alpha, Soleil du 18 mai 2015 coloris\u00e9e<\/u><\/span><\/p>\r\n<p><img class=\"alignnone wp-image-5709 size-full\" src=\"http:\/\/astrodan.fr\/site\/wp-content\/uploads\/eruption\/anim_c_soleil_18_05_15.gif\" alt=\"\" width=\"1000\" height=\"975\" data-wpmflightbox=\"0\" data-wpmf_image_lightbox=\"http:\/\/astrodan.fr\/site\/wp-content\/uploads\/eruption\/anim_c_soleil_18_05_15.gif\"><\/p>\r\n<p><span style=\"font-size: 12pt;\"><u>Animation protub\u00e9rances sur une 1h<\/u><\/span><\/p>\r\n<p><img class=\"alignnone wp-image-5710 size-full\" src=\"http:\/\/astrodan.fr\/site\/wp-content\/uploads\/eruption\/animation_29_08_15.gif\" alt=\"\" width=\"700\" height=\"700\" data-wpmflightbox=\"0\" data-wpmf_image_lightbox=\"http:\/\/astrodan.fr\/site\/wp-content\/uploads\/eruption\/animation_29_08_15.gif\"><\/p>\r\n<p><a href=\"http:\/\/astrodan.fr\/site\/?page_id=360\"><u>Haut de page<\/u><\/a><\/p>","_et_gb_content_width":"","ngg_post_thumbnail":0,"footnotes":""},"_links":{"self":[{"href":"http:\/\/astrodan.fr\/site\/wp-json\/wp\/v2\/pages\/360"}],"collection":[{"href":"http:\/\/astrodan.fr\/site\/wp-json\/wp\/v2\/pages"}],"about":[{"href":"http:\/\/astrodan.fr\/site\/wp-json\/wp\/v2\/types\/page"}],"author":[{"embeddable":true,"href":"http:\/\/astrodan.fr\/site\/wp-json\/wp\/v2\/users\/1"}],"replies":[{"embeddable":true,"href":"http:\/\/astrodan.fr\/site\/wp-json\/wp\/v2\/comments?post=360"}],"version-history":[{"count":3,"href":"http:\/\/astrodan.fr\/site\/wp-json\/wp\/v2\/pages\/360\/revisions"}],"predecessor-version":[{"id":6583,"href":"http:\/\/astrodan.fr\/site\/wp-json\/wp\/v2\/pages\/360\/revisions\/6583"}],"up":[{"embeddable":true,"href":"http:\/\/astrodan.fr\/site\/wp-json\/wp\/v2\/pages\/118"}],"wp:attachment":[{"href":"http:\/\/astrodan.fr\/site\/wp-json\/wp\/v2\/media?parent=360"}],"curies":[{"name":"wp","href":"https:\/\/api.w.org\/{rel}","templated":true}]}}