{"id":358,"date":"2015-04-25T09:16:20","date_gmt":"2015-04-25T07:16:20","guid":{"rendered":"http:\/\/astrodan.fr\/site\/?page_id=358"},"modified":"2023-03-08T14:47:38","modified_gmt":"2023-03-08T13:47:38","slug":"animations","status":"publish","type":"page","link":"http:\/\/astrodan.fr\/site\/toutes-les-planetes\/lune\/animations\/","title":{"rendered":"Animations et librations"},"content":{"rendered":"<p>[et_pb_section fb_built=\u00a0\u00bb1&Prime; _builder_version=\u00a0\u00bb4.20.0&Prime; hover_enabled=\u00a0\u00bb0&Prime; global_colors_info=\u00a0\u00bb{}\u00a0\u00bb background_color=\u00a0\u00bb#100a3f\u00a0\u00bb sticky_enabled=\u00a0\u00bb0&Prime;][et_pb_row _builder_version=\u00a0\u00bb4.16&Prime; background_size=\u00a0\u00bbinitial\u00a0\u00bb background_position=\u00a0\u00bbtop_left\u00a0\u00bb background_repeat=\u00a0\u00bbrepeat\u00a0\u00bb global_colors_info=\u00a0\u00bb{}\u00a0\u00bb][et_pb_column type=\u00a0\u00bb4_4&Prime; _builder_version=\u00a0\u00bb4.16&Prime; custom_padding=\u00a0\u00bb|||\u00a0\u00bb global_colors_info=\u00a0\u00bb{}\u00a0\u00bb custom_padding__hover=\u00a0\u00bb|||\u00a0\u00bb][et_pb_text _builder_version=\u00a0\u00bb4.16&Prime; background_size=\u00a0\u00bbinitial\u00a0\u00bb background_position=\u00a0\u00bbtop_left\u00a0\u00bb background_repeat=\u00a0\u00bbrepeat\u00a0\u00bb global_colors_info=\u00a0\u00bb{}\u00a0\u00bb]<\/p>\n<p><u>D\u00e9placement de la lune sur le fond du ciel<\/u><\/p>\n<p><img loading=\"lazy\" decoding=\"async\" class=\"alignnone wp-image-5171 size-full\" src=\"http:\/\/astrodan.fr\/site\/wp-content\/uploads\/Images-Lune\/animation.gif\" alt=\"\" width=\"1200\" height=\"800\" data-wpmflightbox=\"0\" data-wpmf_image_lightbox=\"http:\/\/astrodan.fr\/site\/wp-content\/uploads\/Images-Lune\/animation.gif\"><\/p>\n<p><u>Libration lunaire<\/u><\/p>\n<p><img loading=\"lazy\" decoding=\"async\" class=\"alignnone size-full wp-image-5170\" src=\"http:\/\/astrodan.fr\/site\/wp-content\/uploads\/Images-Lune\/anim-1.gif\" alt=\"\" width=\"1000\" height=\"990\"><\/p>\n<p><span style=\"text-decoration: underline;\">Lune cendr\u00e9e du 10 janvier 2021 au Canon 70-200 + Canon M50<br \/>\n<\/span><\/p>\n<p><img loading=\"lazy\" decoding=\"async\" class=\"alignnone wp-image-5169 size-full\" src=\"http:\/\/astrodan.fr\/site\/wp-content\/uploads\/Images-Lune\/cendree.gif\" alt=\"\" width=\"1500\" height=\"1000\" data-wpmflightbox=\"0\" data-wpmf_image_lightbox=\"http:\/\/astrodan.fr\/site\/wp-content\/uploads\/Images-Lune\/cendree.gif\"><\/p>\n<p><span style=\"text-decoration: underline;\">Animation montrant la libration lunaire, entre 2 pleines Lunes (26 f\u00e9vrier 2021 et 27 avril 2021 )<\/span><\/p>\n<p><img loading=\"lazy\" decoding=\"async\" src=\"http:\/\/astrodan.fr\/site\/wp-content\/uploads\/_thumbs\/Images\/Lune\/Lune%202021\/libration\/2021-04-27_023754.gif\" width=\"1600\" height=\"1066\"> <img loading=\"lazy\" decoding=\"async\" src=\"http:\/\/astrodan.fr\/site\/wp-content\/uploads\/_thumbs\/Images\/Lune\/Lune%202021\/libration\/2021-04-27_023824.gif\" width=\"1600\" height=\"1066\"><\/p>\n<p><img loading=\"lazy\" decoding=\"async\" class=\"alignnone size-full wp-image-3700\" src=\"http:\/\/astrodan.fr\/site\/wp-content\/uploads\/Lune\/anim_12_8__14_7.gif\" alt=\"\" width=\"1000\" height=\"1000\"><\/p>\n<p><img loading=\"lazy\" decoding=\"async\" class=\"alignnone size-full wp-image-3699\" src=\"http:\/\/astrodan.fr\/site\/wp-content\/uploads\/Lune\/anim_12_8__9_10.gif\" alt=\"\" width=\"1000\" height=\"1000\"><\/p>\n<p><img loading=\"lazy\" decoding=\"async\" class=\"alignnone size-full wp-image-3698\" src=\"http:\/\/astrodan.fr\/site\/wp-content\/uploads\/Lune\/anim_9_10__14_7.gif\" alt=\"\" width=\"1000\" height=\"1000\"><\/p>\n<p><span style=\"text-decoration: underline;\">Variation du diam\u00e8tre apparent en fonction de la distance de la Lune<\/span><\/p>\n<p><img loading=\"lazy\" decoding=\"async\" class=\"alignnone wp-image-3703 size-full\" src=\"http:\/\/astrodan.fr\/site\/wp-content\/uploads\/Lune\/diametre.png\" alt=\"\" width=\"1400\" height=\"933\" data-wpmflightbox=\"0\" data-wpmf_image_lightbox=\"http:\/\/astrodan.fr\/site\/wp-content\/uploads\/Lune\/diametre.png\" srcset=\"http:\/\/astrodan.fr\/site\/wp-content\/uploads\/Lune\/diametre.png 3543w, http:\/\/astrodan.fr\/site\/wp-content\/uploads\/Lune\/diametre-300x200.png 300w, http:\/\/astrodan.fr\/site\/wp-content\/uploads\/Lune\/diametre-1024x683.png 1024w, http:\/\/astrodan.fr\/site\/wp-content\/uploads\/Lune\/diametre-150x100.png 150w, http:\/\/astrodan.fr\/site\/wp-content\/uploads\/Lune\/diametre-768x512.png 768w, http:\/\/astrodan.fr\/site\/wp-content\/uploads\/Lune\/diametre-1536x1024.png 1536w, http:\/\/astrodan.fr\/site\/wp-content\/uploads\/Lune\/diametre-2048x1365.png 2048w\" sizes=\"(max-width: 1400px) 100vw, 1400px\" \/><\/p>\n<p><a href=\"http:\/\/astrodan.fr\/site\/?page_id=358\"><span style=\"text-decoration: underline;\">Haut de page<\/span><\/a><\/p>\n<p>&nbsp;<\/p>\n<p>&nbsp;<\/p>\n<p>&nbsp;<\/p>\n<p>[\/et_pb_text][\/et_pb_column][\/et_pb_row][\/et_pb_section]<\/p>\n","protected":false},"excerpt":{"rendered":"<p>D\u00e9placement de la lune sur le fond du ciel Libration lunaire Lune cendr\u00e9e du 10 janvier 2021 au Canon 70-200 + Canon M50 Animation montrant la libration lunaire, entre 2 pleines Lunes (26 f\u00e9vrier 2021 et 27 avril 2021 ) Variation du diam\u00e8tre apparent en fonction de la distance de la Lune Haut de page [&hellip;]<\/p>\n","protected":false},"author":1,"featured_media":0,"parent":116,"menu_order":2,"comment_status":"closed","ping_status":"closed","template":"","meta":{"_et_pb_use_builder":"on","_et_pb_old_content":"<p><u>D\u00e9placement de la lune sur le fond du ciel<\/u><\/p>\r\n<p><img class=\"alignnone wp-image-5171 size-full\" src=\"http:\/\/astrodan.fr\/site\/wp-content\/uploads\/Images-Lune\/animation.gif\" alt=\"\" width=\"1200\" height=\"800\" data-wpmflightbox=\"0\" data-wpmf_image_lightbox=\"http:\/\/astrodan.fr\/site\/wp-content\/uploads\/Images-Lune\/animation.gif\"><\/p>\r\n<p><u>Libration lunaire<\/u><\/p>\r\n<p><img class=\"alignnone size-full wp-image-5170\" src=\"http:\/\/astrodan.fr\/site\/wp-content\/uploads\/Images-Lune\/anim-1.gif\" alt=\"\" width=\"1000\" height=\"990\"><\/p>\r\n<p><span style=\"text-decoration: underline;\">Lune cendr\u00e9e du 10 janvier 2021 au Canon 70-200 + Canon M50<br><\/span><\/p>\r\n<p><img class=\"alignnone wp-image-5169 size-full\" src=\"http:\/\/astrodan.fr\/site\/wp-content\/uploads\/Images-Lune\/cendree.gif\" alt=\"\" width=\"1500\" height=\"1000\" data-wpmflightbox=\"0\" data-wpmf_image_lightbox=\"http:\/\/astrodan.fr\/site\/wp-content\/uploads\/Images-Lune\/cendree.gif\"><\/p>\r\n<p><span style=\"text-decoration: underline;\">Animation montrant la libration lunaire, entre 2 pleines Lunes (26 f\u00e9vrier 2021 et 27 avril 2021 )<\/span><\/p>\r\n<p><img src=\"http:\/\/astrodan.fr\/site\/wp-content\/uploads\/_thumbs\/Images\/Lune\/Lune%202021\/libration\/2021-04-27_023754.gif\" width=\"1600\" height=\"1066\"> <img src=\"http:\/\/astrodan.fr\/site\/wp-content\/uploads\/_thumbs\/Images\/Lune\/Lune%202021\/libration\/2021-04-27_023824.gif\" width=\"1600\" height=\"1066\"><\/p>\r\n<p><img class=\"alignnone size-full wp-image-3700\" src=\"http:\/\/astrodan.fr\/site\/wp-content\/uploads\/Lune\/anim_12_8__14_7.gif\" alt=\"\" width=\"1000\" height=\"1000\"><\/p>\r\n<p><img class=\"alignnone size-full wp-image-3699\" src=\"http:\/\/astrodan.fr\/site\/wp-content\/uploads\/Lune\/anim_12_8__9_10.gif\" alt=\"\" width=\"1000\" height=\"1000\"><\/p>\r\n<p><img class=\"alignnone size-full wp-image-3698\" src=\"http:\/\/astrodan.fr\/site\/wp-content\/uploads\/Lune\/anim_9_10__14_7.gif\" alt=\"\" width=\"1000\" height=\"1000\"><\/p>\r\n<p><span style=\"text-decoration: underline;\">Variation du diam\u00e8tre apparent en fonction de la distance de la Lune<\/span><\/p>\r\n<p><img class=\"alignnone wp-image-3703 size-full\" src=\"http:\/\/astrodan.fr\/site\/wp-content\/uploads\/Lune\/diametre.png\" alt=\"\" width=\"1400\" height=\"933\" data-wpmflightbox=\"0\" data-wpmf_image_lightbox=\"http:\/\/astrodan.fr\/site\/wp-content\/uploads\/Lune\/diametre.png\"><\/p>\r\n<p><a href=\"http:\/\/astrodan.fr\/site\/?page_id=358\"><span style=\"text-decoration: underline;\">Haut de page<\/span><\/a><\/p>\r\n<p>\u00a0<\/p>\r\n<p>\u00a0<\/p>\r\n<p>\u00a0<\/p>","_et_gb_content_width":"","ngg_post_thumbnail":0,"footnotes":""},"_links":{"self":[{"href":"http:\/\/astrodan.fr\/site\/wp-json\/wp\/v2\/pages\/358"}],"collection":[{"href":"http:\/\/astrodan.fr\/site\/wp-json\/wp\/v2\/pages"}],"about":[{"href":"http:\/\/astrodan.fr\/site\/wp-json\/wp\/v2\/types\/page"}],"author":[{"embeddable":true,"href":"http:\/\/astrodan.fr\/site\/wp-json\/wp\/v2\/users\/1"}],"replies":[{"embeddable":true,"href":"http:\/\/astrodan.fr\/site\/wp-json\/wp\/v2\/comments?post=358"}],"version-history":[{"count":3,"href":"http:\/\/astrodan.fr\/site\/wp-json\/wp\/v2\/pages\/358\/revisions"}],"predecessor-version":[{"id":5183,"href":"http:\/\/astrodan.fr\/site\/wp-json\/wp\/v2\/pages\/358\/revisions\/5183"}],"up":[{"embeddable":true,"href":"http:\/\/astrodan.fr\/site\/wp-json\/wp\/v2\/pages\/116"}],"wp:attachment":[{"href":"http:\/\/astrodan.fr\/site\/wp-json\/wp\/v2\/media?parent=358"}],"curies":[{"name":"wp","href":"https:\/\/api.w.org\/{rel}","templated":true}]}}