{"id":317,"date":"2015-04-19T16:33:07","date_gmt":"2015-04-19T14:33:07","guid":{"rendered":"http:\/\/astrodan.fr\/site\/?page_id=317"},"modified":"2026-04-13T12:00:49","modified_gmt":"2026-04-13T10:00:49","slug":"autres","status":"publish","type":"page","link":"http:\/\/astrodan.fr\/site\/ciel-profond\/autres\/","title":{"rendered":"Autres objets, circumpolaires"},"content":{"rendered":"<p>[et_pb_section fb_built=\u00a0\u00bb1&Prime; _builder_version=\u00a0\u00bb4.24.2&Prime; hover_enabled=\u00a0\u00bb0&Prime; global_colors_info=\u00a0\u00bb{}\u00a0\u00bb background_color=\u00a0\u00bb#100a3f\u00a0\u00bb sticky_enabled=\u00a0\u00bb0&Prime;][et_pb_row _builder_version=\u00a0\u00bb4.16&Prime; background_size=\u00a0\u00bbinitial\u00a0\u00bb background_position=\u00a0\u00bbtop_left\u00a0\u00bb background_repeat=\u00a0\u00bbrepeat\u00a0\u00bb global_colors_info=\u00a0\u00bb{}\u00a0\u00bb][et_pb_column type=\u00a0\u00bb4_4&Prime; _builder_version=\u00a0\u00bb4.16&Prime; custom_padding=\u00a0\u00bb|||\u00a0\u00bb global_colors_info=\u00a0\u00bb{}\u00a0\u00bb custom_padding__hover=\u00a0\u00bb|||\u00a0\u00bb][et_pb_text _builder_version=\u00a0\u00bb4.16&Prime; background_size=\u00a0\u00bbinitial\u00a0\u00bb background_position=\u00a0\u00bbtop_left\u00a0\u00bb background_repeat=\u00a0\u00bbrepeat\u00a0\u00bb global_colors_info=\u00a0\u00bb{}\u00a0\u00bb]<\/p>\n<p><a id=\"hdep\" name=\"hdep\"><\/a><\/p>\n<p><u><span style=\"font-size: 26px;\">Quasar 3C 273<\/span><\/u><\/p>\n<p>3C 273 est un quasar situ\u00e9 dans la constellation de la Vierge. C&rsquo;est le quasar le plus brillant du ciel, avec une magnitude apparente de +12,9, et l&rsquo;un des plus proches, son d\u00e9calage vers le rouge valant 0,158. Sa distance de luminosit\u00e9 est 2,44 milliards d&rsquo;ann\u00e9e-lumi\u00e8res. Ce quasar est l&rsquo;un des objets les plus lumineux du ciel, avec une magnitude absolue \u00e9gale \u00e0 -26,7 d\u00e9duite gr\u00e2ce au module de distance.<\/p>\n<p><img loading=\"lazy\" decoding=\"async\" class=\"alignnone wp-image-4388 size-full\" src=\"http:\/\/astrodan.fr\/site\/wp-content\/uploads\/2023\/autres-objets\/quasar_3c273_.jpg\" alt=\"\" width=\"1200\" height=\"888\" data-wpmflightbox=\"0\" data-wpmf_image_lightbox=\"http:\/\/astrodan.fr\/site\/wp-content\/uploads\/2023\/autres-objets\/quasar_3c273_.jpg\" srcset=\"http:\/\/astrodan.fr\/site\/wp-content\/uploads\/2023\/autres-objets\/quasar_3c273_.jpg 1200w, http:\/\/astrodan.fr\/site\/wp-content\/uploads\/2023\/autres-objets\/quasar_3c273_-980x725.jpg 980w, http:\/\/astrodan.fr\/site\/wp-content\/uploads\/2023\/autres-objets\/quasar_3c273_-480x355.jpg 480w\" sizes=\"(min-width: 0px) and (max-width: 480px) 480px, (min-width: 481px) and (max-width: 980px) 980px, (min-width: 981px) 1200px, 100vw\" \/><\/p>\n<p><u>Calibration astrom\u00e9trique avec Aladin<\/u><\/p>\n<p><img loading=\"lazy\" decoding=\"async\" class=\"alignnone wp-image-4383 size-full\" src=\"http:\/\/astrodan.fr\/site\/wp-content\/uploads\/2023\/autres-objets\/Q1_.jpg\" alt=\"\" width=\"1200\" height=\"656\" data-wpmflightbox=\"0\" data-wpmf_image_lightbox=\"http:\/\/astrodan.fr\/site\/wp-content\/uploads\/2023\/autres-objets\/Q1_.jpg\" srcset=\"http:\/\/astrodan.fr\/site\/wp-content\/uploads\/2023\/autres-objets\/Q1_.jpg 1200w, http:\/\/astrodan.fr\/site\/wp-content\/uploads\/2023\/autres-objets\/Q1_-980x536.jpg 980w, http:\/\/astrodan.fr\/site\/wp-content\/uploads\/2023\/autres-objets\/Q1_-480x262.jpg 480w\" sizes=\"(min-width: 0px) and (max-width: 480px) 480px, (min-width: 481px) and (max-width: 980px) 980px, (min-width: 981px) 1200px, 100vw\" \/><\/p>\n<p><img loading=\"lazy\" decoding=\"async\" class=\"alignnone wp-image-4384 size-full\" src=\"http:\/\/astrodan.fr\/site\/wp-content\/uploads\/2023\/autres-objets\/Q2_.jpg\" alt=\"\" width=\"1200\" height=\"656\" data-wpmflightbox=\"0\" data-wpmf_image_lightbox=\"http:\/\/astrodan.fr\/site\/wp-content\/uploads\/2023\/autres-objets\/Q2_.jpg\" srcset=\"http:\/\/astrodan.fr\/site\/wp-content\/uploads\/2023\/autres-objets\/Q2_.jpg 1200w, http:\/\/astrodan.fr\/site\/wp-content\/uploads\/2023\/autres-objets\/Q2_-980x536.jpg 980w, http:\/\/astrodan.fr\/site\/wp-content\/uploads\/2023\/autres-objets\/Q2_-480x262.jpg 480w\" sizes=\"(min-width: 0px) and (max-width: 480px) 480px, (min-width: 481px) and (max-width: 980px) 980px, (min-width: 981px) 1200px, 100vw\" \/><\/p>\n<p><img loading=\"lazy\" decoding=\"async\" class=\"alignnone wp-image-4385 size-full\" src=\"http:\/\/astrodan.fr\/site\/wp-content\/uploads\/2023\/autres-objets\/Q2_-1.jpg\" alt=\"\" width=\"1200\" height=\"656\" data-wpmflightbox=\"0\" data-wpmf_image_lightbox=\"http:\/\/astrodan.fr\/site\/wp-content\/uploads\/2023\/autres-objets\/Q2_-1.jpg\" srcset=\"http:\/\/astrodan.fr\/site\/wp-content\/uploads\/2023\/autres-objets\/Q2_-1.jpg 1200w, http:\/\/astrodan.fr\/site\/wp-content\/uploads\/2023\/autres-objets\/Q2_-1-980x536.jpg 980w, http:\/\/astrodan.fr\/site\/wp-content\/uploads\/2023\/autres-objets\/Q2_-1-480x262.jpg 480w\" sizes=\"(min-width: 0px) and (max-width: 480px) 480px, (min-width: 481px) and (max-width: 980px) 980px, (min-width: 981px) 1200px, 100vw\" \/><\/p>\n<p><img loading=\"lazy\" decoding=\"async\" class=\"alignnone wp-image-4386 size-full\" src=\"http:\/\/astrodan.fr\/site\/wp-content\/uploads\/2023\/autres-objets\/Q3_.jpg\" alt=\"\" width=\"1200\" height=\"661\" data-wpmflightbox=\"0\" data-wpmf_image_lightbox=\"http:\/\/astrodan.fr\/site\/wp-content\/uploads\/2023\/autres-objets\/Q3_.jpg\" srcset=\"http:\/\/astrodan.fr\/site\/wp-content\/uploads\/2023\/autres-objets\/Q3_.jpg 1200w, http:\/\/astrodan.fr\/site\/wp-content\/uploads\/2023\/autres-objets\/Q3_-980x540.jpg 980w, http:\/\/astrodan.fr\/site\/wp-content\/uploads\/2023\/autres-objets\/Q3_-480x264.jpg 480w\" sizes=\"(min-width: 0px) and (max-width: 480px) 480px, (min-width: 481px) and (max-width: 980px) 980px, (min-width: 981px) 1200px, 100vw\" \/><\/p>\n<p><img loading=\"lazy\" decoding=\"async\" class=\"alignnone wp-image-4387 size-full\" src=\"http:\/\/astrodan.fr\/site\/wp-content\/uploads\/2023\/autres-objets\/q4_.jpg\" alt=\"\" width=\"1200\" height=\"661\" data-wpmflightbox=\"0\" data-wpmf_image_lightbox=\"http:\/\/astrodan.fr\/site\/wp-content\/uploads\/2023\/autres-objets\/q4_.jpg\" srcset=\"http:\/\/astrodan.fr\/site\/wp-content\/uploads\/2023\/autres-objets\/q4_.jpg 1200w, http:\/\/astrodan.fr\/site\/wp-content\/uploads\/2023\/autres-objets\/q4_-980x540.jpg 980w, http:\/\/astrodan.fr\/site\/wp-content\/uploads\/2023\/autres-objets\/q4_-480x264.jpg 480w\" sizes=\"(min-width: 0px) and (max-width: 480px) 480px, (min-width: 481px) and (max-width: 980px) 980px, (min-width: 981px) 1200px, 100vw\" \/><\/p>\n<p><u>Qausar APM 08279+5255 situ\u00e9 dans le Lynx, distance : plus de 11 milliards d&rsquo;ann\u00e9es lumi\u00e8re <\/u><\/p>\n<p><img loading=\"lazy\" decoding=\"async\" class=\"alignnone size-full wp-image-4380\" src=\"http:\/\/astrodan.fr\/site\/wp-content\/uploads\/2023\/autres-objets\/anim_quasar_site.gif\" alt=\"\" width=\"1200\" height=\"675\"><\/p>\n<p><u>Rotation polaire pris de Calvi<\/u><\/p>\n<p><img loading=\"lazy\" decoding=\"async\" class=\"alignnone size-full wp-image-4378\" src=\"http:\/\/astrodan.fr\/site\/wp-content\/uploads\/2023\/autres-objets\/155852polairew.jpg\" alt=\"\" width=\"1200\" height=\"800\" srcset=\"http:\/\/astrodan.fr\/site\/wp-content\/uploads\/2023\/autres-objets\/155852polairew.jpg 1200w, http:\/\/astrodan.fr\/site\/wp-content\/uploads\/2023\/autres-objets\/155852polairew-980x653.jpg 980w, http:\/\/astrodan.fr\/site\/wp-content\/uploads\/2023\/autres-objets\/155852polairew-480x320.jpg 480w\" sizes=\"(min-width: 0px) and (max-width: 480px) 480px, (min-width: 481px) and (max-width: 980px) 980px, (min-width: 981px) 1200px, 100vw\" \/><\/p>\n<p><u>La galaxie Messier 51 en 3D<\/u><\/p>\n<p><img loading=\"lazy\" decoding=\"async\" class=\"alignnone wp-image-4382 size-full\" src=\"http:\/\/astrodan.fr\/site\/wp-content\/uploads\/2023\/autres-objets\/M51_3D.jpg\" alt=\"\" width=\"1106\" height=\"751\" data-wpmflightbox=\"0\" data-wpmf_image_lightbox=\"http:\/\/astrodan.fr\/site\/wp-content\/uploads\/2023\/autres-objets\/M51_3D.jpg\" srcset=\"http:\/\/astrodan.fr\/site\/wp-content\/uploads\/2023\/autres-objets\/M51_3D.jpg 1106w, http:\/\/astrodan.fr\/site\/wp-content\/uploads\/2023\/autres-objets\/M51_3D-980x665.jpg 980w, http:\/\/astrodan.fr\/site\/wp-content\/uploads\/2023\/autres-objets\/M51_3D-480x326.jpg 480w\" sizes=\"(min-width: 0px) and (max-width: 480px) 480px, (min-width: 481px) and (max-width: 980px) 980px, (min-width: 981px) 1106px, 100vw\" \/><\/p>\n<p><u>Animation en 3D<\/u><\/p>\n<p><iframe loading=\"lazy\" title=\"Messier51 3D\" width=\"1080\" height=\"810\" src=\"https:\/\/www.youtube.com\/embed\/5C1XwR3gFc8?feature=oembed\"  allow=\"accelerometer; autoplay; clipboard-write; encrypted-media; gyroscope; picture-in-picture; web-share\" referrerpolicy=\"strict-origin-when-cross-origin\" allowfullscreen><\/iframe><\/p>\n<p><u>Amas de galaxies dans la Couronne Bor\u00e9ale<\/u><\/p>\n<p><img loading=\"lazy\" decoding=\"async\" class=\"alignnone size-full wp-image-7940\" src=\"http:\/\/astrodan.fr\/site\/wp-content\/uploads\/Non-classe\/Amas-couro_Bor\/amas_gal_2-scaled.jpg\" alt=\"\" width=\"2560\" height=\"1706\"><\/p>\n<p><img loading=\"lazy\" decoding=\"async\" class=\"alignnone size-full wp-image-7941\" src=\"http:\/\/astrodan.fr\/site\/wp-content\/uploads\/Non-classe\/Amas-couro_Bor\/amas_gal_2_Annotated-scaled.jpg\" alt=\"\" width=\"2560\" height=\"1705\"><\/p>\n<p><u>Le coeur de l&rsquo;amas de galaxies<\/u><\/p>\n<p><img loading=\"lazy\" decoding=\"async\" class=\"alignnone size-full wp-image-7942\" src=\"http:\/\/astrodan.fr\/site\/wp-content\/uploads\/Non-classe\/Amas-couro_Bor\/centre_amas_gal_.jpg\" alt=\"\" width=\"1500\" height=\"1000\"><\/p>\n<p><u>Magnitude limite de l&rsquo;image !<\/u><\/p>\n<p><img loading=\"lazy\" decoding=\"async\" class=\"alignnone size-full wp-image-4376\" src=\"http:\/\/astrodan.fr\/site\/wp-content\/uploads\/2023\/autres-objets\/1.jpg\" alt=\"\" width=\"1200\" height=\"627\" srcset=\"http:\/\/astrodan.fr\/site\/wp-content\/uploads\/2023\/autres-objets\/1.jpg 1200w, http:\/\/astrodan.fr\/site\/wp-content\/uploads\/2023\/autres-objets\/1-980x512.jpg 980w, http:\/\/astrodan.fr\/site\/wp-content\/uploads\/2023\/autres-objets\/1-480x251.jpg 480w\" sizes=\"(min-width: 0px) and (max-width: 480px) 480px, (min-width: 481px) and (max-width: 980px) 980px, (min-width: 981px) 1200px, 100vw\" \/><\/p>\n<p><img loading=\"lazy\" decoding=\"async\" class=\"alignnone size-full wp-image-4377\" src=\"http:\/\/astrodan.fr\/site\/wp-content\/uploads\/2023\/autres-objets\/2.jpg\" alt=\"\" width=\"1200\" height=\"627\" srcset=\"http:\/\/astrodan.fr\/site\/wp-content\/uploads\/2023\/autres-objets\/2.jpg 1200w, http:\/\/astrodan.fr\/site\/wp-content\/uploads\/2023\/autres-objets\/2-980x512.jpg 980w, http:\/\/astrodan.fr\/site\/wp-content\/uploads\/2023\/autres-objets\/2-480x251.jpg 480w\" sizes=\"(min-width: 0px) and (max-width: 480px) 480px, (min-width: 481px) and (max-width: 980px) 980px, (min-width: 981px) 1200px, 100vw\" \/><\/p>\n<p>&nbsp;<span style=\"text-decoration: underline;\">Ast\u00e9risme Collinder 399 \u00ab\u00a0le cintre\u00a0\u00bb, \u00e0 la 80ED<\/span><\/p>\n<p><img loading=\"lazy\" decoding=\"async\" src=\"http:\/\/astrodan.fr\/site\/wp-content\/uploads\/_thumbs\/Images\/ciel%20profond\/divers\/collinder399_cintre.jpg\" width=\"1500\" height=\"1000\"> <img loading=\"lazy\" decoding=\"async\" src=\"http:\/\/astrodan.fr\/site\/wp-content\/uploads\/_thumbs\/Images\/ciel%20profond\/divers\/collinder399_w.jpg\" width=\"1800\" height=\"1200\"><\/p>\n<p>Voie Lact\u00e9e en entier au fisheye Samyang 8mm<\/p>\n<p><img loading=\"lazy\" decoding=\"async\" src=\"http:\/\/astrodan.fr\/site\/wp-content\/uploads\/_thumbs\/Images\/ciel%20profond\/divers\/voie%20lact%C3%A9e_w.jpg\" width=\"1800\" height=\"923\"><\/p>\n<p><span style=\"text-decoration: underline;\">Quelques \u00e9toiles doubles :<\/span><\/p>\n<p>Albir\u00e9o dans le Cygne<\/p>\n<p><img loading=\"lazy\" decoding=\"async\" src=\"http:\/\/astrodan.fr\/site\/wp-content\/uploads\/_thumbs\/Images\/ciel%20profond\/%C3%A9toiles\/albireo.jpg\" width=\"1500\" height=\"1000\"><\/p>\n<p><span style=\"text-decoration: underline;\">La double de la Lyre<\/span><\/p>\n<p><img loading=\"lazy\" decoding=\"async\" src=\"http:\/\/astrodan.fr\/site\/wp-content\/uploads\/_thumbs\/Images\/ciel%20profond\/%C3%A9toiles\/lyre.jpg\" width=\"1500\" height=\"999\"><\/p>\n<p>Le couple Mizar&nbsp; et Alcor de la Grande Ourse<\/p>\n<p><img loading=\"lazy\" decoding=\"async\" src=\"http:\/\/astrodan.fr\/site\/wp-content\/uploads\/_thumbs\/Images\/ciel%20profond\/%C3%A9toiles\/mizar%20alcor.jpg\" width=\"1500\" height=\"999\"><\/p>\n<p><span style=\"text-decoration: underline;\">Circumpolaire de 30mn<\/span><\/p>\n<p><img loading=\"lazy\" decoding=\"async\" src=\"http:\/\/astrodan.fr\/site\/wp-content\/uploads\/_thumbs\/Images\/ciel%20profond\/divers\/circumpolaire_rot_w.jpg\" width=\"1500\" height=\"1000\"><\/p>\n<p><img loading=\"lazy\" decoding=\"async\" src=\"http:\/\/astrodan.fr\/site\/wp-content\/uploads\/_thumbs\/Images\/ciel%20profond\/divers\/anim_circum.gif\" width=\"1000\" height=\"667\"><\/p>\n<p><img loading=\"lazy\" decoding=\"async\" src=\"http:\/\/astrodan.fr\/site\/wp-content\/uploads\/_thumbs\/Images\/ciel%20profond\/divers\/img7410_Annotated_F.jpg\" width=\"1500\" height=\"1000\"><\/p>\n<p><img loading=\"lazy\" decoding=\"async\" src=\"http:\/\/astrodan.fr\/site\/wp-content\/uploads\/_thumbs\/Images\/ciel%20profond\/divers\/reperage_PNC.jpg\" width=\"1500\" height=\"1060\"><\/p>\n<p><span style=\"text-decoration: underline;\">Abell 39 au Newton 200mm<\/span><\/p>\n<p><img loading=\"lazy\" decoding=\"async\" src=\"http:\/\/astrodan.fr\/site\/wp-content\/uploads\/_thumbs\/Images\/ciel%20profond\/divers\/abell39_m_finale_w.jpg\" width=\"1500\" height=\"999\"> <img loading=\"lazy\" decoding=\"async\" src=\"http:\/\/astrodan.fr\/site\/wp-content\/uploads\/_thumbs\/Images\/ciel%20profond\/divers\/abell39_m_Z.jpg\" width=\"1000\" height=\"667\"> <img loading=\"lazy\" decoding=\"async\" src=\"http:\/\/astrodan.fr\/site\/wp-content\/uploads\/_thumbs\/Images\/ciel%20profond\/divers\/abell39_neg.jpg\" width=\"1500\" height=\"999\"><\/p>\n<p><span style=\"text-decoration: underline;\">Amas globulaire Palomar 2<\/span><\/p>\n<p><img loading=\"lazy\" decoding=\"async\" src=\"http:\/\/astrodan.fr\/site\/wp-content\/uploads\/_thumbs\/Images\/ciel%20profond\/divers\/i1.JPG\" width=\"1921\" height=\"1027\"> <img loading=\"lazy\" decoding=\"async\" src=\"http:\/\/astrodan.fr\/site\/wp-content\/uploads\/_thumbs\/Images\/ciel%20profond\/divers\/i2.JPG\" width=\"1905\" height=\"1027\"> <img loading=\"lazy\" decoding=\"async\" src=\"http:\/\/astrodan.fr\/site\/wp-content\/uploads\/_thumbs\/Images\/ciel%20profond\/divers\/i3.JPG\" width=\"1923\" height=\"1050\"> <img loading=\"lazy\" decoding=\"async\" src=\"http:\/\/astrodan.fr\/site\/wp-content\/uploads\/_thumbs\/Images\/ciel%20profond\/divers\/pal_2_m.jpg\" width=\"1500\" height=\"996\"> <img loading=\"lazy\" decoding=\"async\" src=\"http:\/\/astrodan.fr\/site\/wp-content\/uploads\/_thumbs\/Images\/ciel%20profond\/divers\/pal_2_Z.jpg\" width=\"1000\" height=\"667\"><\/p>\n<p><span style=\"text-decoration: underline;\">Ast\u00e9risme \u00ab\u00a0La cascade de Kemble\u00a0\u00bb \u00e0 la lunette 80ED + Canon 1000D<\/span><\/p>\n<p><img loading=\"lazy\" decoding=\"async\" src=\"http:\/\/astrodan.fr\/site\/wp-content\/uploads\/_thumbs\/Images\/ciel%20profond\/divers\/cascadeFE.jpg\" width=\"1500\" height=\"998\"><\/p>\n<p><span style=\"text-decoration: underline;\">Circumpolaire du 15 avril 2020, Canon 700 + Samyang 8mm, addition de 148 poses de 30s , 400 iso<\/span><\/p>\n<p><img loading=\"lazy\" decoding=\"async\" src=\"http:\/\/astrodan.fr\/site\/wp-content\/uploads\/_thumbs\/Images\/ciel%20profond\/divers\/proc.jpg\" width=\"1500\" height=\"1001\"><\/p>\n<p>Animations visibles sur Youtube<\/p>\n<p><iframe loading=\"lazy\" title=\"animation\" width=\"1080\" height=\"810\" src=\"https:\/\/www.youtube.com\/embed\/qWK4iBOUg0E?feature=oembed\"  allow=\"accelerometer; autoplay; clipboard-write; encrypted-media; gyroscope; picture-in-picture; web-share\" referrerpolicy=\"strict-origin-when-cross-origin\" allowfullscreen><\/iframe><\/p>\n<p>&nbsp;<\/p>\n<p>&nbsp;<a href=\"http:\/\/astrodan.fr\/site\/?page_id=317\">Haut de page<\/a><\/p>\n<p>&nbsp;<\/p>\n<p>[\/et_pb_text][\/et_pb_column][\/et_pb_row][\/et_pb_section]<\/p>\n","protected":false},"excerpt":{"rendered":"<p>Quasar 3C 273 3C 273 est un quasar situ\u00e9 dans la constellation de la Vierge. C&rsquo;est le quasar le plus brillant du ciel, avec une magnitude apparente de +12,9, et l&rsquo;un des plus proches, son d\u00e9calage vers le rouge valant 0,158. Sa distance de luminosit\u00e9 est 2,44 milliards d&rsquo;ann\u00e9e-lumi\u00e8res. Ce quasar est l&rsquo;un des objets [&hellip;]<\/p>\n","protected":false},"author":1,"featured_media":0,"parent":79,"menu_order":5,"comment_status":"closed","ping_status":"closed","template":"","meta":{"_et_pb_use_builder":"on","_et_pb_old_content":"<p><a id=\"hdep\" name=\"hdep\"><\/a><\/p>\r\n<p><u><span style=\"font-size: 26px;\">Quasar 3C 273<\/span><\/u><\/p>\r\n<p>3C 273 est un quasar situ\u00e9 dans la constellation de la Vierge. C'est le quasar le plus brillant du ciel, avec une magnitude apparente de +12,9, et l'un des plus proches, son d\u00e9calage vers le rouge valant 0,158. Sa distance de luminosit\u00e9 est 2,44 milliards d'ann\u00e9e-lumi\u00e8res. Ce quasar est l'un des objets les plus lumineux du ciel, avec une magnitude absolue \u00e9gale \u00e0 -26,7 d\u00e9duite gr\u00e2ce au module de distance.<\/p>\r\n<p><img class=\"alignnone wp-image-4388 size-full\" src=\"http:\/\/astrodan.fr\/site\/wp-content\/uploads\/2023\/autres-objets\/quasar_3c273_.jpg\" alt=\"\" width=\"1200\" height=\"888\" data-wpmflightbox=\"0\" data-wpmf_image_lightbox=\"http:\/\/astrodan.fr\/site\/wp-content\/uploads\/2023\/autres-objets\/quasar_3c273_.jpg\"><\/p>\r\n<p><u>Calibration astrom\u00e9trique avec Aladin<\/u><\/p>\r\n<p><img class=\"alignnone wp-image-4383 size-full\" src=\"http:\/\/astrodan.fr\/site\/wp-content\/uploads\/2023\/autres-objets\/Q1_.jpg\" alt=\"\" width=\"1200\" height=\"656\" data-wpmflightbox=\"0\" data-wpmf_image_lightbox=\"http:\/\/astrodan.fr\/site\/wp-content\/uploads\/2023\/autres-objets\/Q1_.jpg\"><\/p>\r\n<p><img class=\"alignnone wp-image-4384 size-full\" src=\"http:\/\/astrodan.fr\/site\/wp-content\/uploads\/2023\/autres-objets\/Q2_.jpg\" alt=\"\" width=\"1200\" height=\"656\" data-wpmflightbox=\"0\" data-wpmf_image_lightbox=\"http:\/\/astrodan.fr\/site\/wp-content\/uploads\/2023\/autres-objets\/Q2_.jpg\"><\/p>\r\n<p><img class=\"alignnone wp-image-4385 size-full\" src=\"http:\/\/astrodan.fr\/site\/wp-content\/uploads\/2023\/autres-objets\/Q2_-1.jpg\" alt=\"\" width=\"1200\" height=\"656\" data-wpmflightbox=\"0\" data-wpmf_image_lightbox=\"http:\/\/astrodan.fr\/site\/wp-content\/uploads\/2023\/autres-objets\/Q2_-1.jpg\"><\/p>\r\n<p><img class=\"alignnone wp-image-4386 size-full\" src=\"http:\/\/astrodan.fr\/site\/wp-content\/uploads\/2023\/autres-objets\/Q3_.jpg\" alt=\"\" width=\"1200\" height=\"661\" data-wpmflightbox=\"0\" data-wpmf_image_lightbox=\"http:\/\/astrodan.fr\/site\/wp-content\/uploads\/2023\/autres-objets\/Q3_.jpg\"><\/p>\r\n<p><img class=\"alignnone wp-image-4387 size-full\" src=\"http:\/\/astrodan.fr\/site\/wp-content\/uploads\/2023\/autres-objets\/q4_.jpg\" alt=\"\" width=\"1200\" height=\"661\" data-wpmflightbox=\"0\" data-wpmf_image_lightbox=\"http:\/\/astrodan.fr\/site\/wp-content\/uploads\/2023\/autres-objets\/q4_.jpg\"><\/p>\r\n<p><u>Qausar APM 08279+5255 situ\u00e9 dans le Lynx, distance : plus de 11 milliards d'ann\u00e9es lumi\u00e8re <\/u><\/p>\r\n<p><img class=\"alignnone size-full wp-image-4380\" src=\"http:\/\/astrodan.fr\/site\/wp-content\/uploads\/2023\/autres-objets\/anim_quasar_site.gif\" alt=\"\" width=\"1200\" height=\"675\"><\/p>\r\n<p><u>Rotation polaire pris de Calvi<\/u><\/p>\r\n<p><img class=\"alignnone size-full wp-image-4378\" src=\"http:\/\/astrodan.fr\/site\/wp-content\/uploads\/2023\/autres-objets\/155852polairew.jpg\" alt=\"\" width=\"1200\" height=\"800\"><\/p>\r\n<p><u>La galaxie Messier 51 en 3D<\/u><\/p>\r\n<p><img class=\"alignnone wp-image-4382 size-full\" src=\"http:\/\/astrodan.fr\/site\/wp-content\/uploads\/2023\/autres-objets\/M51_3D.jpg\" alt=\"\" width=\"1106\" height=\"751\" data-wpmflightbox=\"0\" data-wpmf_image_lightbox=\"http:\/\/astrodan.fr\/site\/wp-content\/uploads\/2023\/autres-objets\/M51_3D.jpg\"><\/p>\r\n<p><u>Animation en 3D<\/u><\/p>\r\n<p>https:\/\/youtu.be\/5C1XwR3gFc8<\/p>\r\n<p><u>Amas de galaxies dans la Couronne Bor\u00e9ale<\/u><\/p>\r\n<p><img class=\"alignnone size-full wp-image-7940\" src=\"http:\/\/astrodan.fr\/site\/wp-content\/uploads\/Non-classe\/Amas-couro_Bor\/amas_gal_2-scaled.jpg\" alt=\"\" width=\"2560\" height=\"1706\"><\/p>\r\n<p><img class=\"alignnone size-full wp-image-7941\" src=\"http:\/\/astrodan.fr\/site\/wp-content\/uploads\/Non-classe\/Amas-couro_Bor\/amas_gal_2_Annotated-scaled.jpg\" alt=\"\" width=\"2560\" height=\"1705\"><\/p>\r\n<p><u>Le coeur de l'amas de galaxies<\/u><\/p>\r\n<p><img class=\"alignnone size-full wp-image-7942\" src=\"http:\/\/astrodan.fr\/site\/wp-content\/uploads\/Non-classe\/Amas-couro_Bor\/centre_amas_gal_.jpg\" alt=\"\" width=\"1500\" height=\"1000\"><\/p>\r\n<p><u>Magnitude limite de l'image !<\/u><\/p>\r\n<p><img class=\"alignnone size-full wp-image-4376\" src=\"http:\/\/astrodan.fr\/site\/wp-content\/uploads\/2023\/autres-objets\/1.jpg\" alt=\"\" width=\"1200\" height=\"627\"><\/p>\r\n<p><img class=\"alignnone size-full wp-image-4377\" src=\"http:\/\/astrodan.fr\/site\/wp-content\/uploads\/2023\/autres-objets\/2.jpg\" alt=\"\" width=\"1200\" height=\"627\"><\/p>\r\n<p>\u00a0<span style=\"text-decoration: underline;\">Ast\u00e9risme Collinder 399 \"le cintre\", \u00e0 la 80ED<\/span><\/p>\r\n<p><img src=\"http:\/\/astrodan.fr\/site\/wp-content\/uploads\/_thumbs\/Images\/ciel%20profond\/divers\/collinder399_cintre.jpg\" width=\"1500\" height=\"1000\"> <img src=\"http:\/\/astrodan.fr\/site\/wp-content\/uploads\/_thumbs\/Images\/ciel%20profond\/divers\/collinder399_w.jpg\" width=\"1800\" height=\"1200\"><\/p>\r\n<p>Voie Lact\u00e9e en entier au fisheye Samyang 8mm<\/p>\r\n<p><img src=\"http:\/\/astrodan.fr\/site\/wp-content\/uploads\/_thumbs\/Images\/ciel%20profond\/divers\/voie%20lact%C3%A9e_w.jpg\" width=\"1800\" height=\"923\"><\/p>\r\n<p><span style=\"text-decoration: underline;\">Quelques \u00e9toiles doubles :<\/span><\/p>\r\n<p>Albir\u00e9o dans le Cygne<\/p>\r\n<p><img src=\"http:\/\/astrodan.fr\/site\/wp-content\/uploads\/_thumbs\/Images\/ciel%20profond\/%C3%A9toiles\/albireo.jpg\" width=\"1500\" height=\"1000\"><\/p>\r\n<p><span style=\"text-decoration: underline;\">La double de la Lyre<\/span><\/p>\r\n<p><img src=\"http:\/\/astrodan.fr\/site\/wp-content\/uploads\/_thumbs\/Images\/ciel%20profond\/%C3%A9toiles\/lyre.jpg\" width=\"1500\" height=\"999\"><\/p>\r\n<p>Le couple Mizar\u00a0 et Alcor de la Grande Ourse<\/p>\r\n<p><img src=\"http:\/\/astrodan.fr\/site\/wp-content\/uploads\/_thumbs\/Images\/ciel%20profond\/%C3%A9toiles\/mizar%20alcor.jpg\" width=\"1500\" height=\"999\"><\/p>\r\n<p><span style=\"text-decoration: underline;\">Circumpolaire de 30mn<\/span><\/p>\r\n<p><img src=\"http:\/\/astrodan.fr\/site\/wp-content\/uploads\/_thumbs\/Images\/ciel%20profond\/divers\/circumpolaire_rot_w.jpg\" width=\"1500\" height=\"1000\"><\/p>\r\n<p><img src=\"http:\/\/astrodan.fr\/site\/wp-content\/uploads\/_thumbs\/Images\/ciel%20profond\/divers\/anim_circum.gif\" width=\"1000\" height=\"667\"><\/p>\r\n<p><img src=\"http:\/\/astrodan.fr\/site\/wp-content\/uploads\/_thumbs\/Images\/ciel%20profond\/divers\/img7410_Annotated_F.jpg\" width=\"1500\" height=\"1000\"><\/p>\r\n<p><img src=\"http:\/\/astrodan.fr\/site\/wp-content\/uploads\/_thumbs\/Images\/ciel%20profond\/divers\/reperage_PNC.jpg\" width=\"1500\" height=\"1060\"><\/p>\r\n<p><span style=\"text-decoration: underline;\">Abell 39 au Newton 200mm<\/span><\/p>\r\n<p><img src=\"http:\/\/astrodan.fr\/site\/wp-content\/uploads\/_thumbs\/Images\/ciel%20profond\/divers\/abell39_m_finale_w.jpg\" width=\"1500\" height=\"999\"> <img src=\"http:\/\/astrodan.fr\/site\/wp-content\/uploads\/_thumbs\/Images\/ciel%20profond\/divers\/abell39_m_Z.jpg\" width=\"1000\" height=\"667\"> <img src=\"http:\/\/astrodan.fr\/site\/wp-content\/uploads\/_thumbs\/Images\/ciel%20profond\/divers\/abell39_neg.jpg\" width=\"1500\" height=\"999\"><\/p>\r\n<p><span style=\"text-decoration: underline;\">Amas globulaire Palomar 2<\/span><\/p>\r\n<p><img src=\"http:\/\/astrodan.fr\/site\/wp-content\/uploads\/_thumbs\/Images\/ciel%20profond\/divers\/i1.JPG\" width=\"1921\" height=\"1027\"> <img src=\"http:\/\/astrodan.fr\/site\/wp-content\/uploads\/_thumbs\/Images\/ciel%20profond\/divers\/i2.JPG\" width=\"1905\" height=\"1027\"> <img src=\"http:\/\/astrodan.fr\/site\/wp-content\/uploads\/_thumbs\/Images\/ciel%20profond\/divers\/i3.JPG\" width=\"1923\" height=\"1050\"> <img src=\"http:\/\/astrodan.fr\/site\/wp-content\/uploads\/_thumbs\/Images\/ciel%20profond\/divers\/pal_2_m.jpg\" width=\"1500\" height=\"996\"> <img src=\"http:\/\/astrodan.fr\/site\/wp-content\/uploads\/_thumbs\/Images\/ciel%20profond\/divers\/pal_2_Z.jpg\" width=\"1000\" height=\"667\"><\/p>\r\n<p><span style=\"text-decoration: underline;\">Ast\u00e9risme \"La cascade de Kemble\" \u00e0 la lunette 80ED + Canon 1000D<\/span><\/p>\r\n<p><img src=\"http:\/\/astrodan.fr\/site\/wp-content\/uploads\/_thumbs\/Images\/ciel%20profond\/divers\/cascadeFE.jpg\" width=\"1500\" height=\"998\"><\/p>\r\n<p><span style=\"text-decoration: underline;\">Circumpolaire du 15 avril 2020, Canon 700 + Samyang 8mm, addition de 148 poses de 30s , 400 iso<\/span><\/p>\r\n<p><img src=\"http:\/\/astrodan.fr\/site\/wp-content\/uploads\/_thumbs\/Images\/ciel%20profond\/divers\/proc.jpg\" width=\"1500\" height=\"1001\"><\/p>\r\n<p>Animations visibles sur Youtube<\/p>\r\n<p>https:\/\/www.youtube.com\/watch?v=qWK4iBOUg0E&feature=youtu.be<\/p>\r\n<p>\u00a0<\/p>\r\n<p>\u00a0<a href=\"http:\/\/astrodan.fr\/site\/?page_id=317\">Haut de page<\/a><\/p>\r\n<p>\u00a0<\/p>","_et_gb_content_width":"","ngg_post_thumbnail":0,"footnotes":""},"_links":{"self":[{"href":"http:\/\/astrodan.fr\/site\/wp-json\/wp\/v2\/pages\/317"}],"collection":[{"href":"http:\/\/astrodan.fr\/site\/wp-json\/wp\/v2\/pages"}],"about":[{"href":"http:\/\/astrodan.fr\/site\/wp-json\/wp\/v2\/types\/page"}],"author":[{"embeddable":true,"href":"http:\/\/astrodan.fr\/site\/wp-json\/wp\/v2\/users\/1"}],"replies":[{"embeddable":true,"href":"http:\/\/astrodan.fr\/site\/wp-json\/wp\/v2\/comments?post=317"}],"version-history":[{"count":3,"href":"http:\/\/astrodan.fr\/site\/wp-json\/wp\/v2\/pages\/317\/revisions"}],"predecessor-version":[{"id":7946,"href":"http:\/\/astrodan.fr\/site\/wp-json\/wp\/v2\/pages\/317\/revisions\/7946"}],"up":[{"embeddable":true,"href":"http:\/\/astrodan.fr\/site\/wp-json\/wp\/v2\/pages\/79"}],"wp:attachment":[{"href":"http:\/\/astrodan.fr\/site\/wp-json\/wp\/v2\/media?parent=317"}],"curies":[{"name":"wp","href":"https:\/\/api.w.org\/{rel}","templated":true}]}}