{"id":2677,"date":"2022-04-08T11:11:43","date_gmt":"2022-04-08T09:11:43","guid":{"rendered":"http:\/\/astrodan.fr\/site\/?page_id=2677"},"modified":"2023-02-24T16:59:17","modified_gmt":"2023-02-24T15:59:17","slug":"club-polaris","status":"publish","type":"page","link":"http:\/\/astrodan.fr\/site\/divers\/club-polaris\/","title":{"rendered":"Club Polaris"},"content":{"rendered":"<p>[et_pb_section fb_built=\u00a0\u00bb1&Prime; admin_label=\u00a0\u00bbsection\u00a0\u00bb _builder_version=\u00a0\u00bb4.20.0&Prime; hover_enabled=\u00a0\u00bb0&Prime; global_colors_info=\u00a0\u00bb{}\u00a0\u00bb background_color=\u00a0\u00bb#100a3f\u00a0\u00bb sticky_enabled=\u00a0\u00bb0&Prime;][et_pb_row admin_label=\u00a0\u00bbrow\u00a0\u00bb _builder_version=\u00a0\u00bb4.16&Prime; background_size=\u00a0\u00bbinitial\u00a0\u00bb background_position=\u00a0\u00bbtop_left\u00a0\u00bb background_repeat=\u00a0\u00bbrepeat\u00a0\u00bb global_colors_info=\u00a0\u00bb{}\u00a0\u00bb][et_pb_column type=\u00a0\u00bb4_4&Prime; _builder_version=\u00a0\u00bb4.16&Prime; custom_padding=\u00a0\u00bb|||\u00a0\u00bb global_colors_info=\u00a0\u00bb{}\u00a0\u00bb custom_padding__hover=\u00a0\u00bb|||\u00a0\u00bb][et_pb_text admin_label=\u00a0\u00bbText\u00a0\u00bb _builder_version=\u00a0\u00bb4.16&Prime; background_size=\u00a0\u00bbinitial\u00a0\u00bb background_position=\u00a0\u00bbtop_left\u00a0\u00bb background_repeat=\u00a0\u00bbrepeat\u00a0\u00bb global_colors_info=\u00a0\u00bb{}\u00a0\u00bb]<\/p>\n<h1 class=\"art-postheader entry-title\"><span style=\"color: #ffffff;\">Astroclub Polaris<\/span><\/h1>\n<div class=\"art-postcontent clearfix\">\n<p><span style=\"color: #ffffff;\">Comme de nombreux astronomes, je fais partie d\u2019un club d\u2019astronomie, cela permet de rencontrer d\u2019autres passionn\u00e9s, d\u2019\u00e9changer des id\u00e9es, de faire des sorties, de passer de bons moments ensemble<\/span><\/p>\n<p><span style=\"color: #ffffff;\">ASTRO CLUB DU FOYER St MAURICE<\/span><\/p>\n<p><span style=\"color: #ffffff;\"> 114 Av Poincar\u00e9<\/span><\/p>\n<p><span style=\"color: #ffffff;\"> 57800 FREYMING-MERLEBACH<\/span><\/p>\n<p><span style=\"color: #ffffff;\"> Contact : SCHLERNITZAUER Patrice Tel : 03 87 02 60 07<\/span><\/p>\n<p><span style=\"color: #ffffff;\">Nombre de membres : 25<\/span><\/p>\n<p><span style=\"color: #ffffff;\">Description des activit\u00e9s<\/span><\/p>\n<p><span style=\"color: #ffffff;\"> R\u00e9union les 1er et 3\u00e8me vendredi du mois \u00e0 20h<\/span><\/p>\n<p><span style=\"color: #ffffff;\"> observations d\u00e8s que la m\u00e9t\u00e9o le permet ou lors d\u2019\u00e9v\u00e8nements astronomiques importants<\/span><\/p>\n<p><span style=\"color: #ffffff;\">Equipements disponibles<\/span><\/p>\n<p><span style=\"color: #ffffff;\"> lunette 60\/900<\/span><\/p>\n<p><span style=\"color: #ffffff;\"> newton 100\/1000<\/span><\/p>\n<p><span style=\"color: #ffffff;\"> newton solaire 200\/1200<\/span><\/p>\n<p><span style=\"color: #ffffff;\"> newton 210\/1040 (Dobson)<\/span><\/p>\n<p><span style=\"color: #ffffff;\"> newton 260\/1540 (\u00e0 terminer)<\/span><\/p>\n<p>&nbsp;<\/p>\n<\/div>\n<p>[\/et_pb_text][\/et_pb_column][\/et_pb_row][\/et_pb_section]<\/p>\n","protected":false},"excerpt":{"rendered":"<p>Astroclub Polaris Comme de nombreux astronomes, je fais partie d\u2019un club d\u2019astronomie, cela permet de rencontrer d\u2019autres passionn\u00e9s, d\u2019\u00e9changer des id\u00e9es, de faire des sorties, de passer de bons moments ensemble ASTRO CLUB DU FOYER St MAURICE 114 Av Poincar\u00e9 57800 FREYMING-MERLEBACH Contact : SCHLERNITZAUER Patrice Tel : 03 87 02 60 07 Nombre de [&hellip;]<\/p>\n","protected":false},"author":1,"featured_media":0,"parent":2657,"menu_order":2,"comment_status":"closed","ping_status":"closed","template":"","meta":{"_et_pb_use_builder":"on","_et_pb_old_content":"<h1 class=\"art-postheader entry-title\">Astroclub Polaris<\/h1>\r\n<div class=\"art-postcontent clearfix\">\r\n<p>Comme de nombreux astronomes, je fais partie d\u2019un club d\u2019astronomie, cela permet de rencontrer d\u2019autres passionn\u00e9s, d\u2019\u00e9changer des id\u00e9es, de faire des sorties, de passer de bons moments ensemble<\/p>\r\n<p>ASTRO CLUB DU FOYER St MAURICE<br>\r\n114 Av Poincar\u00e9<br>\r\n57800 FREYMING-MERLEBACH<br>\r\nContact : SCHLERNITZAUER Patrice Tel : 03 87 02 60 07<\/p>\r\n<p>Nombre de membres : 25<\/p>\r\n<p>Description des activit\u00e9s<br>\r\nR\u00e9union les 1er et 3\u00e8me vendredi du mois \u00e0 20h<br>\r\nobservations d\u00e8s que la m\u00e9t\u00e9o le permet ou lors d\u2019\u00e9v\u00e8nements astronomiques importants<\/p>\r\n<p>Equipements disponibles<br>\r\nlunette 60\/900<br>\r\nnewton 100\/1000<br>\r\nnewton solaire 200\/1200<br>\r\nnewton 210\/1040 (Dobson)<br>\r\nnewton 260\/1540 (\u00e0 terminer)<\/p>\r\n<p>&nbsp;<\/p>\r\n<\/div>","_et_gb_content_width":"","ngg_post_thumbnail":0,"footnotes":""},"_links":{"self":[{"href":"http:\/\/astrodan.fr\/site\/wp-json\/wp\/v2\/pages\/2677"}],"collection":[{"href":"http:\/\/astrodan.fr\/site\/wp-json\/wp\/v2\/pages"}],"about":[{"href":"http:\/\/astrodan.fr\/site\/wp-json\/wp\/v2\/types\/page"}],"author":[{"embeddable":true,"href":"http:\/\/astrodan.fr\/site\/wp-json\/wp\/v2\/users\/1"}],"replies":[{"embeddable":true,"href":"http:\/\/astrodan.fr\/site\/wp-json\/wp\/v2\/comments?post=2677"}],"version-history":[{"count":2,"href":"http:\/\/astrodan.fr\/site\/wp-json\/wp\/v2\/pages\/2677\/revisions"}],"predecessor-version":[{"id":4817,"href":"http:\/\/astrodan.fr\/site\/wp-json\/wp\/v2\/pages\/2677\/revisions\/4817"}],"up":[{"embeddable":true,"href":"http:\/\/astrodan.fr\/site\/wp-json\/wp\/v2\/pages\/2657"}],"wp:attachment":[{"href":"http:\/\/astrodan.fr\/site\/wp-json\/wp\/v2\/media?parent=2677"}],"curies":[{"name":"wp","href":"https:\/\/api.w.org\/{rel}","templated":true}]}}