{"id":264,"date":"2015-04-13T21:27:41","date_gmt":"2015-04-13T19:27:41","guid":{"rendered":"http:\/\/astrodan.fr\/site\/?page_id=264"},"modified":"2023-03-07T15:37:52","modified_gmt":"2023-03-07T14:37:52","slug":"montages","status":"publish","type":"page","link":"http:\/\/astrodan.fr\/site\/materiel\/montages\/","title":{"rendered":"Diff\u00e9rents montages"},"content":{"rendered":"<p>[et_pb_section fb_built=\u00a0\u00bb1&Prime; admin_label=\u00a0\u00bbsection\u00a0\u00bb _builder_version=\u00a0\u00bb4.20.0&Prime; hover_enabled=\u00a0\u00bb0&Prime; global_colors_info=\u00a0\u00bb{}\u00a0\u00bb background_color=\u00a0\u00bb#100a3f\u00a0\u00bb sticky_enabled=\u00a0\u00bb0&Prime;][et_pb_row admin_label=\u00a0\u00bbrow\u00a0\u00bb _builder_version=\u00a0\u00bb4.16&Prime; background_size=\u00a0\u00bbinitial\u00a0\u00bb background_position=\u00a0\u00bbtop_left\u00a0\u00bb background_repeat=\u00a0\u00bbrepeat\u00a0\u00bb global_colors_info=\u00a0\u00bb{}\u00a0\u00bb][et_pb_column type=\u00a0\u00bb4_4&Prime; _builder_version=\u00a0\u00bb4.16&Prime; custom_padding=\u00a0\u00bb|||\u00a0\u00bb global_colors_info=\u00a0\u00bb{}\u00a0\u00bb custom_padding__hover=\u00a0\u00bb|||\u00a0\u00bb][et_pb_text admin_label=\u00a0\u00bbText\u00a0\u00bb _builder_version=\u00a0\u00bb4.16&Prime; background_size=\u00a0\u00bbinitial\u00a0\u00bb background_position=\u00a0\u00bbtop_left\u00a0\u00bb background_repeat=\u00a0\u00bbrepeat\u00a0\u00bb global_colors_info=\u00a0\u00bb{}\u00a0\u00bb]<\/p>\n<p><a id=\"hdep\" name=\"hdep\"><\/a><\/p>\n<p>Voici mes diff\u00e9rents montages que je peux utiliser.<\/p>\n<p>Le petit Canon 1000D sur la monture EQ6, id\u00e9al pour la photo grand champ.<\/p>\n<p><img loading=\"lazy\" decoding=\"async\" class=\"alignnone wp-image-4904 size-full\" src=\"http:\/\/astrodan.fr\/site\/wp-content\/uploads\/2023\/materiel\/EQ6_apn.jpg\" alt=\"\" width=\"667\" height=\"1000\" data-wpmflightbox=\"0\" data-wpmf_image_lightbox=\"http:\/\/astrodan.fr\/site\/wp-content\/uploads\/2023\/materiel\/EQ6_apn.jpg\" srcset=\"http:\/\/astrodan.fr\/site\/wp-content\/uploads\/2023\/materiel\/EQ6_apn.jpg 667w, http:\/\/astrodan.fr\/site\/wp-content\/uploads\/2023\/materiel\/EQ6_apn-480x720.jpg 480w\" sizes=\"(min-width: 0px) and (max-width: 480px) 480px, (min-width: 481px) 667px, 100vw\" \/><\/p>\n<p>&nbsp;<\/p>\n<p>La Skywatcher 80ED avec filtre Astrosolar pour l&rsquo;observation du Soleil en lumi\u00e8re blanche<\/p>\n<p><img loading=\"lazy\" decoding=\"async\" class=\"alignnone size-full wp-image-4903\" src=\"http:\/\/astrodan.fr\/site\/wp-content\/uploads\/2023\/materiel\/80ED_solaire.jpg\" alt=\"\" width=\"1200\" height=\"800\" srcset=\"http:\/\/astrodan.fr\/site\/wp-content\/uploads\/2023\/materiel\/80ED_solaire.jpg 1200w, http:\/\/astrodan.fr\/site\/wp-content\/uploads\/2023\/materiel\/80ED_solaire-980x653.jpg 980w, http:\/\/astrodan.fr\/site\/wp-content\/uploads\/2023\/materiel\/80ED_solaire-480x320.jpg 480w\" sizes=\"(min-width: 0px) and (max-width: 480px) 480px, (min-width: 481px) and (max-width: 980px) 980px, (min-width: 981px) 1200px, 100vw\" \/><\/p>\n<p><span style=\"text-decoration: underline;\">Montage d&rsquo;un deuxi\u00e8me boitier photo sous la 80ED<\/span><\/p>\n<p><img loading=\"lazy\" decoding=\"async\" src=\"http:\/\/astrodan.fr\/site\/wp-content\/uploads\/_thumbs\/Images\/materiel\/20190726_160310.jpg\" width=\"1500\" height=\"2250\"> <img loading=\"lazy\" decoding=\"async\" src=\"http:\/\/astrodan.fr\/site\/wp-content\/uploads\/_thumbs\/Images\/materiel\/20190726_160349.jpg\" width=\"1500\" height=\"2250\"> <img loading=\"lazy\" decoding=\"async\" src=\"http:\/\/astrodan.fr\/site\/wp-content\/uploads\/_thumbs\/Images\/materiel\/20190726_161309.jpg\" width=\"1500\" height=\"2250\"> <img loading=\"lazy\" decoding=\"async\" src=\"http:\/\/astrodan.fr\/site\/wp-content\/uploads\/_thumbs\/Images\/materiel\/20190726_161523.jpg\" width=\"1500\" height=\"2250\"><\/p>\n<p><span style=\"text-decoration: underline;\">Nouveau montage pour la SW 80ED avec r\u00e9ducteur de focale Celestron x0.63<\/span><\/p>\n<p>La focale passe de 600mm \u00e0 372mm, la Lune et le Soleil entre enti\u00e8rement dans le capteur de l&rsquo;ASI 120 ou de la DMK 41<\/p>\n<p>le f\/d passe de 7,5 \u00e0 4,6 !<\/p>\n<p><img loading=\"lazy\" decoding=\"async\" src=\"http:\/\/astrodan.fr\/site\/wp-content\/uploads\/_thumbs\/Images\/materiel\/r%C3%A9ducteur%20x0.63%2080ED\/i01.jpg\" width=\"1500\" height=\"1026\"> <img loading=\"lazy\" decoding=\"async\" src=\"http:\/\/astrodan.fr\/site\/wp-content\/uploads\/_thumbs\/Images\/materiel\/r%C3%A9ducteur%20x0.63%2080ED\/i02.JPG\" width=\"1500\" height=\"1000\"> <img loading=\"lazy\" decoding=\"async\" src=\"http:\/\/astrodan.fr\/site\/wp-content\/uploads\/_thumbs\/Images\/materiel\/r%C3%A9ducteur%20x0.63%2080ED\/i03.JPG\" width=\"1500\" height=\"1000\"> <img loading=\"lazy\" decoding=\"async\" src=\"http:\/\/astrodan.fr\/site\/wp-content\/uploads\/_thumbs\/Images\/materiel\/r%C3%A9ducteur%20x0.63%2080ED\/i04.JPG\" width=\"1500\" height=\"1000\"> <img loading=\"lazy\" decoding=\"async\" src=\"http:\/\/astrodan.fr\/site\/wp-content\/uploads\/_thumbs\/Images\/materiel\/r%C3%A9ducteur%20x0.63%2080ED\/i05.JPG\" width=\"1500\" height=\"1000\"> <img loading=\"lazy\" decoding=\"async\" src=\"http:\/\/astrodan.fr\/site\/wp-content\/uploads\/_thumbs\/Images\/materiel\/r%C3%A9ducteur%20x0.63%2080ED\/i06.JPG\" width=\"1500\" height=\"1000\"> <img loading=\"lazy\" decoding=\"async\" src=\"http:\/\/astrodan.fr\/site\/wp-content\/uploads\/_thumbs\/Images\/materiel\/r%C3%A9ducteur%20x0.63%2080ED\/i07.JPG\" width=\"1500\" height=\"1000\"> <img loading=\"lazy\" decoding=\"async\" src=\"http:\/\/astrodan.fr\/site\/wp-content\/uploads\/_thumbs\/Images\/materiel\/r%C3%A9ducteur%20x0.63%2080ED\/i08.JPG\" width=\"1500\" height=\"1000\"> <img loading=\"lazy\" decoding=\"async\" src=\"http:\/\/astrodan.fr\/site\/wp-content\/uploads\/_thumbs\/Images\/materiel\/r%C3%A9ducteur%20x0.63%2080ED\/i09.jpg\" width=\"1280\" height=\"960\"> <img loading=\"lazy\" decoding=\"async\" src=\"http:\/\/astrodan.fr\/site\/wp-content\/uploads\/_thumbs\/Images\/materiel\/r%C3%A9ducteur%20x0.63%2080ED\/i10.jpg\" width=\"1280\" height=\"960\"> <img loading=\"lazy\" decoding=\"async\" src=\"http:\/\/astrodan.fr\/site\/wp-content\/uploads\/_thumbs\/Images\/materiel\/r%C3%A9ducteur%20x0.63%2080ED\/i11.jpg\" width=\"1280\" height=\"960\"> <img loading=\"lazy\" decoding=\"async\" src=\"http:\/\/astrodan.fr\/site\/wp-content\/uploads\/_thumbs\/Images\/materiel\/r%C3%A9ducteur%20x0.63%2080ED\/i12.jpg\" width=\"1280\" height=\"960\"><\/p>\n<p><span style=\"text-decoration: underline;\">Montage 80ED + r\u00e9ducteur de focale&nbsp; x0.85 + raccord 31.75 +cam\u00e9ra ZWO&nbsp;<\/span><\/p>\n<p><img loading=\"lazy\" decoding=\"async\" src=\"http:\/\/astrodan.fr\/site\/wp-content\/uploads\/_thumbs\/Images\/materiel\/Montage%201.jpg\" width=\"1500\" height=\"1056\"> <img loading=\"lazy\" decoding=\"async\" src=\"http:\/\/astrodan.fr\/site\/wp-content\/uploads\/_thumbs\/Images\/materiel\/Montage.jpg\" width=\"1073\" height=\"1000\"><\/p>\n<p><a href=\"http:\/\/astrodan.fr\/site\/?page_id=264#hdep\">Haut de page<\/a><\/p>\n<p>&nbsp;<\/p>\n<p>[\/et_pb_text][\/et_pb_column][\/et_pb_row][\/et_pb_section]<\/p>\n","protected":false},"excerpt":{"rendered":"<p>Voici mes diff\u00e9rents montages que je peux utiliser. Le petit Canon 1000D sur la monture EQ6, id\u00e9al pour la photo grand champ. &nbsp; La Skywatcher 80ED avec filtre Astrosolar pour l&rsquo;observation du Soleil en lumi\u00e8re blanche Montage d&rsquo;un deuxi\u00e8me boitier photo sous la 80ED Nouveau montage pour la SW 80ED avec r\u00e9ducteur de focale Celestron [&hellip;]<\/p>\n","protected":false},"author":1,"featured_media":0,"parent":41,"menu_order":2,"comment_status":"closed","ping_status":"closed","template":"","meta":{"_et_pb_use_builder":"on","_et_pb_old_content":"<p><a id=\"hdep\" name=\"hdep\"><\/a><\/p>\r\n<p>Voici mes diff\u00e9rents montages que je peux utiliser.<\/p>\r\n<p>Le petit Canon 1000D sur la monture EQ6, id\u00e9al pour la photo grand champ.<\/p>\r\n<p><img class=\"alignnone wp-image-4904 size-full\" src=\"http:\/\/astrodan.fr\/site\/wp-content\/uploads\/2023\/materiel\/EQ6_apn.jpg\" alt=\"\" width=\"667\" height=\"1000\" data-wpmflightbox=\"0\" data-wpmf_image_lightbox=\"http:\/\/astrodan.fr\/site\/wp-content\/uploads\/2023\/materiel\/EQ6_apn.jpg\"><\/p>\r\n<p>&nbsp;<\/p>\r\n<p>La Skywatcher 80ED avec filtre Astrosolar pour l'observation du Soleil en lumi\u00e8re blanche<\/p>\r\n<p><img class=\"alignnone size-full wp-image-4903\" src=\"http:\/\/astrodan.fr\/site\/wp-content\/uploads\/2023\/materiel\/80ED_solaire.jpg\" alt=\"\" width=\"1200\" height=\"800\"><\/p>\r\n<p><span style=\"text-decoration: underline;\">Montage d'un deuxi\u00e8me boitier photo sous la 80ED<\/span><\/p>\r\n<p><img src=\"http:\/\/astrodan.fr\/site\/wp-content\/uploads\/_thumbs\/Images\/materiel\/20190726_160310.jpg\" width=\"1500\" height=\"2250\"> <img src=\"http:\/\/astrodan.fr\/site\/wp-content\/uploads\/_thumbs\/Images\/materiel\/20190726_160349.jpg\" width=\"1500\" height=\"2250\"> <img src=\"http:\/\/astrodan.fr\/site\/wp-content\/uploads\/_thumbs\/Images\/materiel\/20190726_161309.jpg\" width=\"1500\" height=\"2250\"> <img src=\"http:\/\/astrodan.fr\/site\/wp-content\/uploads\/_thumbs\/Images\/materiel\/20190726_161523.jpg\" width=\"1500\" height=\"2250\"><\/p>\r\n<p><span style=\"text-decoration: underline;\">Nouveau montage pour la SW 80ED avec r\u00e9ducteur de focale Celestron x0.63<\/span><\/p>\r\n<p>La focale passe de 600mm \u00e0 372mm, la Lune et le Soleil entre enti\u00e8rement dans le capteur de l'ASI 120 ou de la DMK 41<\/p>\r\n<p>le f\/d passe de 7,5 \u00e0 4,6 !<\/p>\r\n<p><img src=\"http:\/\/astrodan.fr\/site\/wp-content\/uploads\/_thumbs\/Images\/materiel\/r%C3%A9ducteur%20x0.63%2080ED\/i01.jpg\" width=\"1500\" height=\"1026\"> <img src=\"http:\/\/astrodan.fr\/site\/wp-content\/uploads\/_thumbs\/Images\/materiel\/r%C3%A9ducteur%20x0.63%2080ED\/i02.JPG\" width=\"1500\" height=\"1000\"> <img src=\"http:\/\/astrodan.fr\/site\/wp-content\/uploads\/_thumbs\/Images\/materiel\/r%C3%A9ducteur%20x0.63%2080ED\/i03.JPG\" width=\"1500\" height=\"1000\"> <img src=\"http:\/\/astrodan.fr\/site\/wp-content\/uploads\/_thumbs\/Images\/materiel\/r%C3%A9ducteur%20x0.63%2080ED\/i04.JPG\" width=\"1500\" height=\"1000\"> <img src=\"http:\/\/astrodan.fr\/site\/wp-content\/uploads\/_thumbs\/Images\/materiel\/r%C3%A9ducteur%20x0.63%2080ED\/i05.JPG\" width=\"1500\" height=\"1000\"> <img src=\"http:\/\/astrodan.fr\/site\/wp-content\/uploads\/_thumbs\/Images\/materiel\/r%C3%A9ducteur%20x0.63%2080ED\/i06.JPG\" width=\"1500\" height=\"1000\"> <img src=\"http:\/\/astrodan.fr\/site\/wp-content\/uploads\/_thumbs\/Images\/materiel\/r%C3%A9ducteur%20x0.63%2080ED\/i07.JPG\" width=\"1500\" height=\"1000\"> <img src=\"http:\/\/astrodan.fr\/site\/wp-content\/uploads\/_thumbs\/Images\/materiel\/r%C3%A9ducteur%20x0.63%2080ED\/i08.JPG\" width=\"1500\" height=\"1000\"> <img src=\"http:\/\/astrodan.fr\/site\/wp-content\/uploads\/_thumbs\/Images\/materiel\/r%C3%A9ducteur%20x0.63%2080ED\/i09.jpg\" width=\"1280\" height=\"960\"> <img src=\"http:\/\/astrodan.fr\/site\/wp-content\/uploads\/_thumbs\/Images\/materiel\/r%C3%A9ducteur%20x0.63%2080ED\/i10.jpg\" width=\"1280\" height=\"960\"> <img src=\"http:\/\/astrodan.fr\/site\/wp-content\/uploads\/_thumbs\/Images\/materiel\/r%C3%A9ducteur%20x0.63%2080ED\/i11.jpg\" width=\"1280\" height=\"960\"> <img src=\"http:\/\/astrodan.fr\/site\/wp-content\/uploads\/_thumbs\/Images\/materiel\/r%C3%A9ducteur%20x0.63%2080ED\/i12.jpg\" width=\"1280\" height=\"960\"><\/p>\r\n<p><span style=\"text-decoration: underline;\">Montage 80ED + r\u00e9ducteur de focale&nbsp; x0.85 + raccord 31.75 +cam\u00e9ra ZWO&nbsp;<\/span><\/p>\r\n<p><img src=\"http:\/\/astrodan.fr\/site\/wp-content\/uploads\/_thumbs\/Images\/materiel\/Montage%201.jpg\" width=\"1500\" height=\"1056\"> <img src=\"http:\/\/astrodan.fr\/site\/wp-content\/uploads\/_thumbs\/Images\/materiel\/Montage.jpg\" width=\"1073\" height=\"1000\"><\/p>\r\n<p><a href=\"http:\/\/astrodan.fr\/site\/?page_id=264#hdep\">Haut de page<\/a><\/p>\r\n<p>&nbsp;<\/p>","_et_gb_content_width":"","ngg_post_thumbnail":0,"footnotes":""},"_links":{"self":[{"href":"http:\/\/astrodan.fr\/site\/wp-json\/wp\/v2\/pages\/264"}],"collection":[{"href":"http:\/\/astrodan.fr\/site\/wp-json\/wp\/v2\/pages"}],"about":[{"href":"http:\/\/astrodan.fr\/site\/wp-json\/wp\/v2\/types\/page"}],"author":[{"embeddable":true,"href":"http:\/\/astrodan.fr\/site\/wp-json\/wp\/v2\/users\/1"}],"replies":[{"embeddable":true,"href":"http:\/\/astrodan.fr\/site\/wp-json\/wp\/v2\/comments?post=264"}],"version-history":[{"count":3,"href":"http:\/\/astrodan.fr\/site\/wp-json\/wp\/v2\/pages\/264\/revisions"}],"predecessor-version":[{"id":5015,"href":"http:\/\/astrodan.fr\/site\/wp-json\/wp\/v2\/pages\/264\/revisions\/5015"}],"up":[{"embeddable":true,"href":"http:\/\/astrodan.fr\/site\/wp-json\/wp\/v2\/pages\/41"}],"wp:attachment":[{"href":"http:\/\/astrodan.fr\/site\/wp-json\/wp\/v2\/media?parent=264"}],"curies":[{"name":"wp","href":"https:\/\/api.w.org\/{rel}","templated":true}]}}