{"id":2125,"date":"2021-12-10T04:25:49","date_gmt":"2021-12-10T03:25:49","guid":{"rendered":"http:\/\/astrodan.fr\/site\/?page_id=2125"},"modified":"2023-04-07T13:30:52","modified_gmt":"2023-04-07T11:30:52","slug":"mon-solex","status":"publish","type":"page","link":"http:\/\/astrodan.fr\/site\/solex\/mon-solex\/","title":{"rendered":"Mon Sol&rsquo;Ex"},"content":{"rendered":"<p>[et_pb_section fb_built=\u00a0\u00bb1&Prime; admin_label=\u00a0\u00bbsection\u00a0\u00bb _builder_version=\u00a0\u00bb4.20.2&Prime; hover_enabled=\u00a0\u00bb0&Prime; global_colors_info=\u00a0\u00bb{}\u00a0\u00bb background_color=\u00a0\u00bb#100a3f\u00a0\u00bb sticky_enabled=\u00a0\u00bb0&Prime;][et_pb_row admin_label=\u00a0\u00bbrow\u00a0\u00bb _builder_version=\u00a0\u00bb4.16&Prime; background_size=\u00a0\u00bbinitial\u00a0\u00bb background_position=\u00a0\u00bbtop_left\u00a0\u00bb background_repeat=\u00a0\u00bbrepeat\u00a0\u00bb global_colors_info=\u00a0\u00bb{}\u00a0\u00bb][et_pb_column type=\u00a0\u00bb4_4&Prime; _builder_version=\u00a0\u00bb4.16&Prime; custom_padding=\u00a0\u00bb|||\u00a0\u00bb global_colors_info=\u00a0\u00bb{}\u00a0\u00bb custom_padding__hover=\u00a0\u00bb|||\u00a0\u00bb][et_pb_text admin_label=\u00a0\u00bbText\u00a0\u00bb _builder_version=\u00a0\u00bb4.16&Prime; background_size=\u00a0\u00bbinitial\u00a0\u00bb background_position=\u00a0\u00bbtop_left\u00a0\u00bb background_repeat=\u00a0\u00bbrepeat\u00a0\u00bb global_colors_info=\u00a0\u00bb{}\u00a0\u00bb]<\/p>\n<h3><span style=\"text-decoration: underline; color: #ff0000;\">La fabuleuse invention de Christian Buil pr\u00e9sent\u00e9e ici :<\/span><\/h3>\n<h3><span style=\"text-decoration: underline; color: #ff0000;\">Son site internet consacr\u00e9 au Sol&rsquo;Ex<\/span><\/h3>\n<h3><a href=\"http:\/\/www.astrosurf.com\/solex\/\" target=\"_blank\" rel=\"noopener noreferrer\"><span style=\"color: #ff0000;\"><strong>-&gt;&nbsp; Sol&rsquo;Ex<\/strong><\/span><\/a><\/h3>\n<p><span style=\"text-decoration: underline; font-size: 12pt;\">Le principe est simple, apr\u00e8s avoir s\u00e9lectionn\u00e9 la raie H alpha sur le Sol&rsquo;Ex avec la molette r\u00e9glable, on fait un scan vid\u00e9o du Soleil&nbsp;<\/span><\/p>\n<p><span style=\"text-decoration: underline; font-size: 12pt;\">Exemple d&rsquo;un scan solaire r\u00e9alis\u00e9 par Christian Buil.<\/span><\/p>\n<p><img loading=\"lazy\" decoding=\"async\" class=\"alignnone size-full wp-image-2392\" src=\"http:\/\/astrodan.fr\/site\/wp-content\/uploads\/Sol039Ex\/scan.gif\" alt=\"\" width=\"650\" height=\"115\"><\/p>\n<p><span style=\"text-decoration: underline; font-size: 12pt;\">Puis le scan est trait\u00e9 avec le logiciel INTI, qui peut afficher la reconstruction de l\u2019image H alpha en direct :<\/span><\/p>\n<p><img loading=\"lazy\" decoding=\"async\" class=\"alignnone size-full wp-image-2386\" src=\"http:\/\/astrodan.fr\/site\/wp-content\/uploads\/Sol039Ex\/creation_Halpha.gif\" alt=\"\" width=\"876\" height=\"688\"><\/p>\n<p><span style=\"text-decoration: underline; font-size: 12pt;\">On peut noter que lors du scan , les taches solaires apparaissent et bien s\u00fbr, elles sont reconstruites sur le disque final en H alpha&nbsp;<\/span><\/p>\n<p><img loading=\"lazy\" decoding=\"async\" class=\"alignnone size-full wp-image-2387\" src=\"http:\/\/astrodan.fr\/site\/wp-content\/uploads\/Sol039Ex\/Solex0101_m.jpg\" sizes=\"(max-width: 876px) 100vw, 876px\" srcset=\"http:\/\/astrodan.fr\/site\/wp-content\/uploads\/Sol039Ex\/Solex0101_m.jpg 876w, http:\/\/astrodan.fr\/site\/wp-content\/uploads\/Sol039Ex\/Solex0101_m-300x236.jpg 300w, http:\/\/astrodan.fr\/site\/wp-content\/uploads\/Sol039Ex\/Solex0101_m-150x118.jpg 150w, http:\/\/astrodan.fr\/site\/wp-content\/uploads\/Sol039Ex\/Solex0101_m-768x603.jpg 768w\" alt=\"\" width=\"876\" height=\"688\"><\/p>\n<p><span style=\"text-decoration: underline; font-size: 12pt;\">Et le disque final achev\u00e9&nbsp;<\/span><\/p>\n<p><img loading=\"lazy\" decoding=\"async\" class=\"alignnone size-full wp-image-2388\" src=\"http:\/\/astrodan.fr\/site\/wp-content\/uploads\/Sol039Ex\/Solex0404m.jpg\" sizes=\"(max-width: 597px) 100vw, 597px\" srcset=\"http:\/\/astrodan.fr\/site\/wp-content\/uploads\/Sol039Ex\/Solex0404m.jpg 597w, http:\/\/astrodan.fr\/site\/wp-content\/uploads\/Sol039Ex\/Solex0404m-300x300.jpg 300w, http:\/\/astrodan.fr\/site\/wp-content\/uploads\/Sol039Ex\/Solex0404m-150x150.jpg 150w\" alt=\"\" width=\"597\" height=\"597\"><\/p>\n<p><span style=\"text-decoration: underline; font-size: 12pt;\">Et voici mon Sol\u2019Ex mont\u00e9 :<\/span><\/p>\n<p><img loading=\"lazy\" decoding=\"async\" class=\"alignnone wp-image-5794 size-full\" src=\"http:\/\/astrodan.fr\/site\/wp-content\/uploads\/Sol039Ex\/mon-sol039ex\/mon_solex.jpg\" alt=\"\" width=\"1500\" height=\"1125\" data-wpmflightbox=\"0\" data-wpmf_image_lightbox=\"http:\/\/astrodan.fr\/site\/wp-content\/uploads\/Sol039Ex\/mon-sol039ex\/mon_solex.jpg\" srcset=\"http:\/\/astrodan.fr\/site\/wp-content\/uploads\/Sol039Ex\/mon-sol039ex\/mon_solex.jpg 1500w, http:\/\/astrodan.fr\/site\/wp-content\/uploads\/Sol039Ex\/mon-sol039ex\/mon_solex-1280x960.jpg 1280w, http:\/\/astrodan.fr\/site\/wp-content\/uploads\/Sol039Ex\/mon-sol039ex\/mon_solex-980x735.jpg 980w, http:\/\/astrodan.fr\/site\/wp-content\/uploads\/Sol039Ex\/mon-sol039ex\/mon_solex-480x360.jpg 480w\" sizes=\"(min-width: 0px) and (max-width: 480px) 480px, (min-width: 481px) and (max-width: 980px) 980px, (min-width: 981px) and (max-width: 1280px) 1280px, (min-width: 1281px) 1500px, 100vw\" \/><\/p>\n<p><span style=\"font-size: 12pt;\">\u00c9tant donn\u00e9 que Sol\u2019Ex est imprim\u00e9 en 3D (en mati\u00e8re PETG ), il y a des parties plus fragiles et moins rigides que d\u2019autres.<\/span><\/p>\n<p><span style=\"font-size: 12pt;\">J\u2019ai donc remplac\u00e9 la plaque sup\u00e9rieure qui est pr\u00e9vue pour rigidifier le bloc collimateur par une nouvelle en m\u00e9tal, c\u2019est moins esth\u00e9tique, mais beaucoup plus robuste et stable \u00e0 long terme !<\/span><\/p>\n<p><img loading=\"lazy\" decoding=\"async\" class=\"alignnone wp-image-5803 size-full\" src=\"http:\/\/astrodan.fr\/site\/wp-content\/uploads\/Sol039Ex\/mon-sol039ex\/IMG_4181-1536x1024-1.jpg\" alt=\"\" width=\"1536\" height=\"1024\" data-wpmflightbox=\"0\" data-wpmf_image_lightbox=\"http:\/\/astrodan.fr\/site\/wp-content\/uploads\/Sol039Ex\/mon-sol039ex\/IMG_4181-1536x1024-1.jpg\" srcset=\"http:\/\/astrodan.fr\/site\/wp-content\/uploads\/Sol039Ex\/mon-sol039ex\/IMG_4181-1536x1024-1.jpg 1536w, http:\/\/astrodan.fr\/site\/wp-content\/uploads\/Sol039Ex\/mon-sol039ex\/IMG_4181-1536x1024-1-1280x853.jpg 1280w, http:\/\/astrodan.fr\/site\/wp-content\/uploads\/Sol039Ex\/mon-sol039ex\/IMG_4181-1536x1024-1-980x653.jpg 980w, http:\/\/astrodan.fr\/site\/wp-content\/uploads\/Sol039Ex\/mon-sol039ex\/IMG_4181-1536x1024-1-480x320.jpg 480w\" sizes=\"(min-width: 0px) and (max-width: 480px) 480px, (min-width: 481px) and (max-width: 980px) 980px, (min-width: 981px) and (max-width: 1280px) 1280px, (min-width: 1281px) 1536px, 100vw\" \/><\/p>\n<p><span style=\"text-decoration: underline; font-size: 12pt;\">Et les premiers rep\u00e9rages des raies spectrales du Soleil :<\/span><\/p>\n<p><span style=\"text-decoration: underline; color: #ff0000; font-size: 12pt;\">Les raies K et H du Calcium<\/span><\/p>\n<p><img loading=\"lazy\" decoding=\"async\" class=\"alignnone wp-image-5795 size-full\" src=\"http:\/\/astrodan.fr\/site\/wp-content\/uploads\/Sol039Ex\/mon-sol039ex\/doublet-HK.jpg\" alt=\"\" width=\"1366\" height=\"730\" data-wpmflightbox=\"0\" data-wpmf_image_lightbox=\"http:\/\/astrodan.fr\/site\/wp-content\/uploads\/Sol039Ex\/mon-sol039ex\/doublet-HK.jpg\" srcset=\"http:\/\/astrodan.fr\/site\/wp-content\/uploads\/Sol039Ex\/mon-sol039ex\/doublet-HK.jpg 1366w, http:\/\/astrodan.fr\/site\/wp-content\/uploads\/Sol039Ex\/mon-sol039ex\/doublet-HK-1280x684.jpg 1280w, http:\/\/astrodan.fr\/site\/wp-content\/uploads\/Sol039Ex\/mon-sol039ex\/doublet-HK-980x524.jpg 980w, http:\/\/astrodan.fr\/site\/wp-content\/uploads\/Sol039Ex\/mon-sol039ex\/doublet-HK-480x257.jpg 480w\" sizes=\"(min-width: 0px) and (max-width: 480px) 480px, (min-width: 481px) and (max-width: 980px) 980px, (min-width: 981px) and (max-width: 1280px) 1280px, (min-width: 1281px) 1366px, 100vw\" \/><\/p>\n<p><span style=\"text-decoration: underline; color: #ff0000; font-size: 12pt;\">La raie H beta<\/span><\/p>\n<p><img loading=\"lazy\" decoding=\"async\" class=\"alignnone wp-image-5796 size-full\" src=\"http:\/\/astrodan.fr\/site\/wp-content\/uploads\/Sol039Ex\/mon-sol039ex\/H-beta.jpg\" alt=\"\" width=\"1366\" height=\"730\" data-wpmflightbox=\"0\" data-wpmf_image_lightbox=\"http:\/\/astrodan.fr\/site\/wp-content\/uploads\/Sol039Ex\/mon-sol039ex\/H-beta.jpg\" srcset=\"http:\/\/astrodan.fr\/site\/wp-content\/uploads\/Sol039Ex\/mon-sol039ex\/H-beta.jpg 1366w, http:\/\/astrodan.fr\/site\/wp-content\/uploads\/Sol039Ex\/mon-sol039ex\/H-beta-1280x684.jpg 1280w, http:\/\/astrodan.fr\/site\/wp-content\/uploads\/Sol039Ex\/mon-sol039ex\/H-beta-980x524.jpg 980w, http:\/\/astrodan.fr\/site\/wp-content\/uploads\/Sol039Ex\/mon-sol039ex\/H-beta-480x257.jpg 480w\" sizes=\"(min-width: 0px) and (max-width: 480px) 480px, (min-width: 481px) and (max-width: 980px) 980px, (min-width: 981px) and (max-width: 1280px) 1280px, (min-width: 1281px) 1366px, 100vw\" \/><\/p>\n<p><span style=\"text-decoration: underline; font-size: 12pt;\"><span style=\"color: #ff0000; text-decoration: underline;\">En n\u00e9gatif, la raie est mieux visible<\/span><\/span><\/p>\n<p><img loading=\"lazy\" decoding=\"async\" class=\"alignnone wp-image-5797 size-full\" src=\"http:\/\/astrodan.fr\/site\/wp-content\/uploads\/Sol039Ex\/mon-sol039ex\/H-beta_.jpg\" alt=\"\" width=\"1366\" height=\"730\" data-wpmflightbox=\"0\" data-wpmf_image_lightbox=\"http:\/\/astrodan.fr\/site\/wp-content\/uploads\/Sol039Ex\/mon-sol039ex\/H-beta_.jpg\" srcset=\"http:\/\/astrodan.fr\/site\/wp-content\/uploads\/Sol039Ex\/mon-sol039ex\/H-beta_.jpg 1366w, http:\/\/astrodan.fr\/site\/wp-content\/uploads\/Sol039Ex\/mon-sol039ex\/H-beta_-1280x684.jpg 1280w, http:\/\/astrodan.fr\/site\/wp-content\/uploads\/Sol039Ex\/mon-sol039ex\/H-beta_-980x524.jpg 980w, http:\/\/astrodan.fr\/site\/wp-content\/uploads\/Sol039Ex\/mon-sol039ex\/H-beta_-480x257.jpg 480w\" sizes=\"(min-width: 0px) and (max-width: 480px) 480px, (min-width: 481px) and (max-width: 980px) 980px, (min-width: 981px) and (max-width: 1280px) 1280px, (min-width: 1281px) 1366px, 100vw\" \/><\/p>\n<p><span style=\"text-decoration: underline; font-size: 12pt;\"><span style=\"color: #ff0000; text-decoration: underline;\">Le triplet Magn\u00e9sium<\/span><\/span><\/p>\n<p><img loading=\"lazy\" decoding=\"async\" class=\"alignnone wp-image-5798 size-full\" src=\"http:\/\/astrodan.fr\/site\/wp-content\/uploads\/Sol039Ex\/mon-sol039ex\/triplet-magnesium.jpg\" alt=\"\" width=\"1366\" height=\"730\" data-wpmflightbox=\"0\" data-wpmf_image_lightbox=\"http:\/\/astrodan.fr\/site\/wp-content\/uploads\/Sol039Ex\/mon-sol039ex\/triplet-magnesium.jpg\" srcset=\"http:\/\/astrodan.fr\/site\/wp-content\/uploads\/Sol039Ex\/mon-sol039ex\/triplet-magnesium.jpg 1366w, http:\/\/astrodan.fr\/site\/wp-content\/uploads\/Sol039Ex\/mon-sol039ex\/triplet-magnesium-1280x684.jpg 1280w, http:\/\/astrodan.fr\/site\/wp-content\/uploads\/Sol039Ex\/mon-sol039ex\/triplet-magnesium-980x524.jpg 980w, http:\/\/astrodan.fr\/site\/wp-content\/uploads\/Sol039Ex\/mon-sol039ex\/triplet-magnesium-480x257.jpg 480w\" sizes=\"(min-width: 0px) and (max-width: 480px) 480px, (min-width: 481px) and (max-width: 980px) 980px, (min-width: 981px) and (max-width: 1280px) 1280px, (min-width: 1281px) 1366px, 100vw\" \/><\/p>\n<p><span style=\"text-decoration: underline; font-size: 12pt;\"><span style=\"color: #ff0000; text-decoration: underline;\">Le doublet Sodium<\/span><\/span><\/p>\n<p><img loading=\"lazy\" decoding=\"async\" class=\"alignnone wp-image-5799 size-full\" src=\"http:\/\/astrodan.fr\/site\/wp-content\/uploads\/Sol039Ex\/mon-sol039ex\/doublet-sodium.jpg\" alt=\"\" width=\"1366\" height=\"730\" data-wpmflightbox=\"0\" data-wpmf_image_lightbox=\"http:\/\/astrodan.fr\/site\/wp-content\/uploads\/Sol039Ex\/mon-sol039ex\/doublet-sodium.jpg\" srcset=\"http:\/\/astrodan.fr\/site\/wp-content\/uploads\/Sol039Ex\/mon-sol039ex\/doublet-sodium.jpg 1366w, http:\/\/astrodan.fr\/site\/wp-content\/uploads\/Sol039Ex\/mon-sol039ex\/doublet-sodium-1280x684.jpg 1280w, http:\/\/astrodan.fr\/site\/wp-content\/uploads\/Sol039Ex\/mon-sol039ex\/doublet-sodium-980x524.jpg 980w, http:\/\/astrodan.fr\/site\/wp-content\/uploads\/Sol039Ex\/mon-sol039ex\/doublet-sodium-480x257.jpg 480w\" sizes=\"(min-width: 0px) and (max-width: 480px) 480px, (min-width: 481px) and (max-width: 980px) 980px, (min-width: 981px) and (max-width: 1280px) 1280px, (min-width: 1281px) 1366px, 100vw\" \/><\/p>\n<p><span style=\"text-decoration: underline; color: #ff0000; font-size: 12pt;\">Et enfin la raie la plus int\u00e9ressante : l\u2019H alpha<\/span><\/p>\n<p><img loading=\"lazy\" decoding=\"async\" class=\"alignnone wp-image-5800 size-full\" src=\"http:\/\/astrodan.fr\/site\/wp-content\/uploads\/Sol039Ex\/mon-sol039ex\/H-alpha.jpg\" alt=\"\" width=\"1366\" height=\"730\" data-wpmflightbox=\"0\" data-wpmf_image_lightbox=\"http:\/\/astrodan.fr\/site\/wp-content\/uploads\/Sol039Ex\/mon-sol039ex\/H-alpha.jpg\" srcset=\"http:\/\/astrodan.fr\/site\/wp-content\/uploads\/Sol039Ex\/mon-sol039ex\/H-alpha.jpg 1366w, http:\/\/astrodan.fr\/site\/wp-content\/uploads\/Sol039Ex\/mon-sol039ex\/H-alpha-1280x684.jpg 1280w, http:\/\/astrodan.fr\/site\/wp-content\/uploads\/Sol039Ex\/mon-sol039ex\/H-alpha-980x524.jpg 980w, http:\/\/astrodan.fr\/site\/wp-content\/uploads\/Sol039Ex\/mon-sol039ex\/H-alpha-480x257.jpg 480w\" sizes=\"(min-width: 0px) and (max-width: 480px) 480px, (min-width: 481px) and (max-width: 980px) 980px, (min-width: 981px) and (max-width: 1280px) 1280px, (min-width: 1281px) 1366px, 100vw\" \/><\/p>\n<p><span style=\"text-decoration: underline; font-size: 12pt;\"><span style=\"color: #ff0000; text-decoration: underline;\">Ajout d&rsquo;un filtre Halpha 7nm ( normalement utilis\u00e9 en ciel profond ) pour augmenter le contraste&nbsp;<\/span><\/span><\/p>\n<p><img loading=\"lazy\" decoding=\"async\" class=\"alignnone wp-image-5801 size-full\" src=\"http:\/\/astrodan.fr\/site\/wp-content\/uploads\/Sol039Ex\/mon-sol039ex\/H-alphafiltre-halpha-7nm.jpg\" alt=\"\" width=\"1363\" height=\"730\" data-wpmflightbox=\"0\" data-wpmf_image_lightbox=\"http:\/\/astrodan.fr\/site\/wp-content\/uploads\/Sol039Ex\/mon-sol039ex\/H-alphafiltre-halpha-7nm.jpg\" srcset=\"http:\/\/astrodan.fr\/site\/wp-content\/uploads\/Sol039Ex\/mon-sol039ex\/H-alphafiltre-halpha-7nm.jpg 1363w, http:\/\/astrodan.fr\/site\/wp-content\/uploads\/Sol039Ex\/mon-sol039ex\/H-alphafiltre-halpha-7nm-1280x686.jpg 1280w, http:\/\/astrodan.fr\/site\/wp-content\/uploads\/Sol039Ex\/mon-sol039ex\/H-alphafiltre-halpha-7nm-980x525.jpg 980w, http:\/\/astrodan.fr\/site\/wp-content\/uploads\/Sol039Ex\/mon-sol039ex\/H-alphafiltre-halpha-7nm-480x257.jpg 480w\" sizes=\"(min-width: 0px) and (max-width: 480px) 480px, (min-width: 481px) and (max-width: 980px) 980px, (min-width: 981px) and (max-width: 1280px) 1280px, (min-width: 1281px) 1363px, 100vw\" \/><\/p>\n<p><span style=\"text-decoration: underline; font-size: 12pt;\"><span style=\"color: #ff0000; text-decoration: underline;\">Le spectre complet&nbsp;<\/span><\/span><\/p>\n<p><img loading=\"lazy\" decoding=\"async\" class=\"alignnone wp-image-5802 size-full\" src=\"http:\/\/astrodan.fr\/site\/wp-content\/uploads\/Sol039Ex\/mon-sol039ex\/Spectre-1page_coul.jpg\" alt=\"\" width=\"1200\" height=\"1500\" data-wpmflightbox=\"0\" data-wpmf_image_lightbox=\"http:\/\/astrodan.fr\/site\/wp-content\/uploads\/Sol039Ex\/mon-sol039ex\/Spectre-1page_coul.jpg\" srcset=\"http:\/\/astrodan.fr\/site\/wp-content\/uploads\/Sol039Ex\/mon-sol039ex\/Spectre-1page_coul.jpg 1200w, http:\/\/astrodan.fr\/site\/wp-content\/uploads\/Sol039Ex\/mon-sol039ex\/Spectre-1page_coul-980x1225.jpg 980w, http:\/\/astrodan.fr\/site\/wp-content\/uploads\/Sol039Ex\/mon-sol039ex\/Spectre-1page_coul-480x600.jpg 480w\" sizes=\"(min-width: 0px) and (max-width: 480px) 480px, (min-width: 481px) and (max-width: 980px) 980px, (min-width: 981px) 1200px, 100vw\" \/><\/p>\n<h1 class=\"style-scope ytd-watch-metadata\">Acquisition scan H alpha Sol&rsquo;Ex<\/h1>\n<p><span style=\"text-decoration: underline; font-size: 12pt;\">Lien vers Youtube :<\/span><\/p>\n<p><a href=\"https:\/\/youtu.be\/bFCacmJWSog\" target=\"_blank\" rel=\"noopener\"><span style=\"text-decoration: underline; color: #ff0000;\">-&gt; Captures d&rsquo;images H alpha<\/span><\/a><\/p>\n<p><a href=\"http:\/\/astrodan.fr\/site\/?page_id=2125\"><span style=\"text-decoration: underline;\">Haut de page<\/span><\/a><\/p>\n<p>[\/et_pb_text][\/et_pb_column][\/et_pb_row][\/et_pb_section]<\/p>\n","protected":false},"excerpt":{"rendered":"<p>La fabuleuse invention de Christian Buil pr\u00e9sent\u00e9e ici : Son site internet consacr\u00e9 au Sol&rsquo;Ex -&gt;&nbsp; Sol&rsquo;Ex Le principe est simple, apr\u00e8s avoir s\u00e9lectionn\u00e9 la raie H alpha sur le Sol&rsquo;Ex avec la molette r\u00e9glable, on fait un scan vid\u00e9o du Soleil&nbsp; Exemple d&rsquo;un scan solaire r\u00e9alis\u00e9 par Christian Buil. Puis le scan est trait\u00e9 [&hellip;]<\/p>\n","protected":false},"author":1,"featured_media":0,"parent":2123,"menu_order":0,"comment_status":"closed","ping_status":"closed","template":"","meta":{"_et_pb_use_builder":"on","_et_pb_old_content":"<h3><span style=\"text-decoration: underline; color: #ff0000;\">La fabuleuse invention de Christian Buil pr\u00e9sent\u00e9e ici :<\/span><\/h3>\r\n<h3><span style=\"text-decoration: underline; color: #ff0000;\">Son site internet consacr\u00e9 au Sol'Ex<\/span><\/h3>\r\n<h3><a href=\"http:\/\/www.astrosurf.com\/solex\/\" target=\"_blank\" rel=\"noopener noreferrer\"><span style=\"color: #ff0000;\"><strong>-&gt;&nbsp; Sol'Ex<\/strong><\/span><\/a><\/h3>\r\n<p><span style=\"text-decoration: underline; font-size: 12pt;\">Le principe est simple, apr\u00e8s avoir s\u00e9lectionn\u00e9 la raie H alpha sur le Sol'Ex avec la molette r\u00e9glable, on fait un scan vid\u00e9o du Soleil&nbsp;<\/span><\/p>\r\n<p><span style=\"text-decoration: underline; font-size: 12pt;\">Exemple d'un scan solaire r\u00e9alis\u00e9 par Christian Buil.<\/span><\/p>\r\n<p><img class=\"alignnone size-full wp-image-2392\" src=\"http:\/\/astrodan.fr\/site\/wp-content\/uploads\/Sol039Ex\/scan.gif\" alt=\"\" width=\"650\" height=\"115\"><\/p>\r\n<p><span style=\"text-decoration: underline; font-size: 12pt;\">Puis le scan est trait\u00e9 avec le logiciel INTI, qui peut afficher la reconstruction de l\u2019image H alpha en direct :<\/span><\/p>\r\n<p><img class=\"alignnone size-full wp-image-2386\" src=\"http:\/\/astrodan.fr\/site\/wp-content\/uploads\/Sol039Ex\/creation_Halpha.gif\" alt=\"\" width=\"876\" height=\"688\"><\/p>\r\n<p><span style=\"text-decoration: underline; font-size: 12pt;\">On peut noter que lors du scan , les taches solaires apparaissent et bien s\u00fbr, elles sont reconstruites sur le disque final en H alpha&nbsp;<\/span><\/p>\r\n<p><img class=\"alignnone size-full wp-image-2387\" src=\"http:\/\/astrodan.fr\/site\/wp-content\/uploads\/Sol039Ex\/Solex0101_m.jpg\" sizes=\"(max-width: 876px) 100vw, 876px\" srcset=\"http:\/\/astrodan.fr\/site\/wp-content\/uploads\/Sol039Ex\/Solex0101_m.jpg 876w, http:\/\/astrodan.fr\/site\/wp-content\/uploads\/Sol039Ex\/Solex0101_m-300x236.jpg 300w, http:\/\/astrodan.fr\/site\/wp-content\/uploads\/Sol039Ex\/Solex0101_m-150x118.jpg 150w, http:\/\/astrodan.fr\/site\/wp-content\/uploads\/Sol039Ex\/Solex0101_m-768x603.jpg 768w\" alt=\"\" width=\"876\" height=\"688\"><\/p>\r\n<p><span style=\"text-decoration: underline; font-size: 12pt;\">Et le disque final achev\u00e9&nbsp;<\/span><\/p>\r\n<p><img class=\"alignnone size-full wp-image-2388\" src=\"http:\/\/astrodan.fr\/site\/wp-content\/uploads\/Sol039Ex\/Solex0404m.jpg\" sizes=\"(max-width: 597px) 100vw, 597px\" srcset=\"http:\/\/astrodan.fr\/site\/wp-content\/uploads\/Sol039Ex\/Solex0404m.jpg 597w, http:\/\/astrodan.fr\/site\/wp-content\/uploads\/Sol039Ex\/Solex0404m-300x300.jpg 300w, http:\/\/astrodan.fr\/site\/wp-content\/uploads\/Sol039Ex\/Solex0404m-150x150.jpg 150w\" alt=\"\" width=\"597\" height=\"597\"><\/p>\r\n<p><span style=\"text-decoration: underline; font-size: 12pt;\">Et voici mon Sol\u2019Ex mont\u00e9 :<\/span><\/p>\r\n<p><img class=\"alignnone wp-image-5794 size-full\" src=\"http:\/\/astrodan.fr\/site\/wp-content\/uploads\/Sol039Ex\/mon-sol039ex\/mon_solex.jpg\" alt=\"\" width=\"1500\" height=\"1125\" data-wpmflightbox=\"0\" data-wpmf_image_lightbox=\"http:\/\/astrodan.fr\/site\/wp-content\/uploads\/Sol039Ex\/mon-sol039ex\/mon_solex.jpg\"><\/p>\r\n<p><span style=\"font-size: 12pt;\">\u00c9tant donn\u00e9 que Sol\u2019Ex est imprim\u00e9 en 3D (en mati\u00e8re PETG ), il y a des parties plus fragiles et moins rigides que d\u2019autres.<\/span><\/p>\r\n<p><span style=\"font-size: 12pt;\">J\u2019ai donc remplac\u00e9 la plaque sup\u00e9rieure qui est pr\u00e9vue pour rigidifier le bloc collimateur par une nouvelle en m\u00e9tal, c\u2019est moins esth\u00e9tique, mais beaucoup plus robuste et stable \u00e0 long terme !<\/span><\/p>\r\n<p><img class=\"alignnone wp-image-5803 size-full\" src=\"http:\/\/astrodan.fr\/site\/wp-content\/uploads\/Sol039Ex\/mon-sol039ex\/IMG_4181-1536x1024-1.jpg\" alt=\"\" width=\"1536\" height=\"1024\" data-wpmflightbox=\"0\" data-wpmf_image_lightbox=\"http:\/\/astrodan.fr\/site\/wp-content\/uploads\/Sol039Ex\/mon-sol039ex\/IMG_4181-1536x1024-1.jpg\"><\/p>\r\n<p><span style=\"text-decoration: underline; font-size: 12pt;\">Et les premiers rep\u00e9rages des raies spectrales du Soleil :<\/span><\/p>\r\n<p><span style=\"text-decoration: underline; color: #ff0000; font-size: 12pt;\">Les raies K et H du Calcium<\/span><\/p>\r\n<p><img class=\"alignnone wp-image-5795 size-full\" src=\"http:\/\/astrodan.fr\/site\/wp-content\/uploads\/Sol039Ex\/mon-sol039ex\/doublet-HK.jpg\" alt=\"\" width=\"1366\" height=\"730\" data-wpmflightbox=\"0\" data-wpmf_image_lightbox=\"http:\/\/astrodan.fr\/site\/wp-content\/uploads\/Sol039Ex\/mon-sol039ex\/doublet-HK.jpg\"><\/p>\r\n<p><span style=\"text-decoration: underline; color: #ff0000; font-size: 12pt;\">La raie H beta<\/span><\/p>\r\n<p><img class=\"alignnone wp-image-5796 size-full\" src=\"http:\/\/astrodan.fr\/site\/wp-content\/uploads\/Sol039Ex\/mon-sol039ex\/H-beta.jpg\" alt=\"\" width=\"1366\" height=\"730\" data-wpmflightbox=\"0\" data-wpmf_image_lightbox=\"http:\/\/astrodan.fr\/site\/wp-content\/uploads\/Sol039Ex\/mon-sol039ex\/H-beta.jpg\"><\/p>\r\n<p><span style=\"text-decoration: underline; font-size: 12pt;\"><span style=\"color: #ff0000; text-decoration: underline;\">En n\u00e9gatif, la raie est mieux visible<\/span><\/span><\/p>\r\n<p><img class=\"alignnone wp-image-5797 size-full\" src=\"http:\/\/astrodan.fr\/site\/wp-content\/uploads\/Sol039Ex\/mon-sol039ex\/H-beta_.jpg\" alt=\"\" width=\"1366\" height=\"730\" data-wpmflightbox=\"0\" data-wpmf_image_lightbox=\"http:\/\/astrodan.fr\/site\/wp-content\/uploads\/Sol039Ex\/mon-sol039ex\/H-beta_.jpg\"><\/p>\r\n<p><span style=\"text-decoration: underline; font-size: 12pt;\"><span style=\"color: #ff0000; text-decoration: underline;\">Le triplet Magn\u00e9sium<\/span><\/span><\/p>\r\n<p><img class=\"alignnone wp-image-5798 size-full\" src=\"http:\/\/astrodan.fr\/site\/wp-content\/uploads\/Sol039Ex\/mon-sol039ex\/triplet-magnesium.jpg\" alt=\"\" width=\"1366\" height=\"730\" data-wpmflightbox=\"0\" data-wpmf_image_lightbox=\"http:\/\/astrodan.fr\/site\/wp-content\/uploads\/Sol039Ex\/mon-sol039ex\/triplet-magnesium.jpg\"><\/p>\r\n<p><span style=\"text-decoration: underline; font-size: 12pt;\"><span style=\"color: #ff0000; text-decoration: underline;\">Le doublet Sodium<\/span><\/span><\/p>\r\n<p><img class=\"alignnone wp-image-5799 size-full\" src=\"http:\/\/astrodan.fr\/site\/wp-content\/uploads\/Sol039Ex\/mon-sol039ex\/doublet-sodium.jpg\" alt=\"\" width=\"1366\" height=\"730\" data-wpmflightbox=\"0\" data-wpmf_image_lightbox=\"http:\/\/astrodan.fr\/site\/wp-content\/uploads\/Sol039Ex\/mon-sol039ex\/doublet-sodium.jpg\"><\/p>\r\n<p><span style=\"text-decoration: underline; color: #ff0000; font-size: 12pt;\">Et enfin la raie la plus int\u00e9ressante : l\u2019H alpha<\/span><\/p>\r\n<p><img class=\"alignnone wp-image-5800 size-full\" src=\"http:\/\/astrodan.fr\/site\/wp-content\/uploads\/Sol039Ex\/mon-sol039ex\/H-alpha.jpg\" alt=\"\" width=\"1366\" height=\"730\" data-wpmflightbox=\"0\" data-wpmf_image_lightbox=\"http:\/\/astrodan.fr\/site\/wp-content\/uploads\/Sol039Ex\/mon-sol039ex\/H-alpha.jpg\"><\/p>\r\n<p><span style=\"text-decoration: underline; font-size: 12pt;\"><span style=\"color: #ff0000; text-decoration: underline;\">Ajout d'un filtre Halpha 7nm ( normalement utilis\u00e9 en ciel profond ) pour augmenter le contraste&nbsp;<\/span><\/span><\/p>\r\n<p><img class=\"alignnone wp-image-5801 size-full\" src=\"http:\/\/astrodan.fr\/site\/wp-content\/uploads\/Sol039Ex\/mon-sol039ex\/H-alphafiltre-halpha-7nm.jpg\" alt=\"\" width=\"1363\" height=\"730\" data-wpmflightbox=\"0\" data-wpmf_image_lightbox=\"http:\/\/astrodan.fr\/site\/wp-content\/uploads\/Sol039Ex\/mon-sol039ex\/H-alphafiltre-halpha-7nm.jpg\"><\/p>\r\n<p><span style=\"text-decoration: underline; font-size: 12pt;\"><span style=\"color: #ff0000; text-decoration: underline;\">Le spectre complet&nbsp;<\/span><\/span><\/p>\r\n<p><img class=\"alignnone wp-image-5802 size-full\" src=\"http:\/\/astrodan.fr\/site\/wp-content\/uploads\/Sol039Ex\/mon-sol039ex\/Spectre-1page_coul.jpg\" alt=\"\" width=\"1200\" height=\"1500\" data-wpmflightbox=\"0\" data-wpmf_image_lightbox=\"http:\/\/astrodan.fr\/site\/wp-content\/uploads\/Sol039Ex\/mon-sol039ex\/Spectre-1page_coul.jpg\"><\/p>\r\n<h1 class=\"style-scope ytd-watch-metadata\">Acquisition scan H alpha Sol'Ex<\/h1>\r\n<p><span style=\"text-decoration: underline; font-size: 12pt;\">Lien vers Youtube :<\/span><\/p>\r\n<p><a href=\"https:\/\/youtu.be\/bFCacmJWSog\" target=\"_blank\" rel=\"noopener\"><span style=\"text-decoration: underline; color: #ff0000;\">-&gt; Captures d'images H alpha<\/span><\/a><\/p>\r\n<p><a href=\"http:\/\/astrodan.fr\/site\/?page_id=2125\"><span style=\"text-decoration: underline;\">Haut de page<\/span><\/a><\/p>","_et_gb_content_width":"","ngg_post_thumbnail":0,"footnotes":""},"_links":{"self":[{"href":"http:\/\/astrodan.fr\/site\/wp-json\/wp\/v2\/pages\/2125"}],"collection":[{"href":"http:\/\/astrodan.fr\/site\/wp-json\/wp\/v2\/pages"}],"about":[{"href":"http:\/\/astrodan.fr\/site\/wp-json\/wp\/v2\/types\/page"}],"author":[{"embeddable":true,"href":"http:\/\/astrodan.fr\/site\/wp-json\/wp\/v2\/users\/1"}],"replies":[{"embeddable":true,"href":"http:\/\/astrodan.fr\/site\/wp-json\/wp\/v2\/comments?post=2125"}],"version-history":[{"count":3,"href":"http:\/\/astrodan.fr\/site\/wp-json\/wp\/v2\/pages\/2125\/revisions"}],"predecessor-version":[{"id":5942,"href":"http:\/\/astrodan.fr\/site\/wp-json\/wp\/v2\/pages\/2125\/revisions\/5942"}],"up":[{"embeddable":true,"href":"http:\/\/astrodan.fr\/site\/wp-json\/wp\/v2\/pages\/2123"}],"wp:attachment":[{"href":"http:\/\/astrodan.fr\/site\/wp-json\/wp\/v2\/media?parent=2125"}],"curies":[{"name":"wp","href":"https:\/\/api.w.org\/{rel}","templated":true}]}}