{"id":2020,"date":"2021-09-04T19:53:03","date_gmt":"2021-09-04T17:53:03","guid":{"rendered":"http:\/\/astrodan.fr\/site\/?page_id=2020"},"modified":"2023-02-24T16:56:46","modified_gmt":"2023-02-24T15:56:46","slug":"concours","status":"publish","type":"page","link":"http:\/\/astrodan.fr\/site\/page-d-exemple\/concours\/","title":{"rendered":"Concours photos"},"content":{"rendered":"<p>[et_pb_section fb_built=\u00a0\u00bb1&Prime; admin_label=\u00a0\u00bbsection\u00a0\u00bb _builder_version=\u00a0\u00bb4.20.0&Prime; hover_enabled=\u00a0\u00bb0&Prime; global_colors_info=\u00a0\u00bb{}\u00a0\u00bb background_color=\u00a0\u00bb#100a3f\u00a0\u00bb sticky_enabled=\u00a0\u00bb0&Prime;][et_pb_row admin_label=\u00a0\u00bbrow\u00a0\u00bb _builder_version=\u00a0\u00bb4.16&Prime; background_size=\u00a0\u00bbinitial\u00a0\u00bb background_position=\u00a0\u00bbtop_left\u00a0\u00bb background_repeat=\u00a0\u00bbrepeat\u00a0\u00bb global_colors_info=\u00a0\u00bb{}\u00a0\u00bb][et_pb_column type=\u00a0\u00bb4_4&Prime; _builder_version=\u00a0\u00bb4.16&Prime; custom_padding=\u00a0\u00bb|||\u00a0\u00bb global_colors_info=\u00a0\u00bb{}\u00a0\u00bb custom_padding__hover=\u00a0\u00bb|||\u00a0\u00bb][et_pb_text admin_label=\u00a0\u00bbText\u00a0\u00bb _builder_version=\u00a0\u00bb4.16&Prime; background_size=\u00a0\u00bbinitial\u00a0\u00bb background_position=\u00a0\u00bbtop_left\u00a0\u00bb background_repeat=\u00a0\u00bbrepeat\u00a0\u00bb global_colors_info=\u00a0\u00bb{}\u00a0\u00bb]<\/p>\n<p><span style=\"text-decoration: underline;\"><strong><span style=\"color: #ff0000; text-decoration: underline;\">Pour ma 1\u00e8re participation \u00e0 un concours astrophotos, en l&rsquo;occurence celui de Ciel &amp; Espace,<\/span><\/strong><\/span><\/p>\n<p><span style=\"color: #ffffff;\">Une de mes photos a \u00e9t\u00e9 retenue :<\/span><\/p>\n<p><span style=\"color: #ffffff;\">Transit d&rsquo;ISS devant le Soleil<\/span><\/p>\n<p><img loading=\"lazy\" decoding=\"async\" src=\"http:\/\/astrodan.fr\/site\/wp-content\/uploads\/_thumbs\/Images\/ISS\/transit_ISS.jpg\" width=\"2360\" height=\"1770\" \/><\/p>\n<p><span style=\"text-decoration: underline; color: #ff0000;\"><strong>2\u00e8me participation \u00e0 un concours photos, cette fois \u00e0 l&rsquo;IAU (International Astronomical Union )<\/strong><\/span><\/p>\n<p dir=\"ltr\"><span style=\"color: #ffffff;\">L&rsquo;IAU est l&rsquo;organisation astronomique internationale qui rassemble plus de 12 000 astronomes professionnels actifs de plus de 100 pays \u00e0 travers le monde.\u00a0Sa mission est de promouvoir et de sauvegarder l&rsquo;astronomie sous tous ses aspects, y compris la recherche, la communication, l&rsquo;\u00e9ducation et le d\u00e9veloppement, \u00e0 travers la coop\u00e9ration internationale.\u00a0L&rsquo;IAU sert \u00e9galement d&rsquo;autorit\u00e9 internationalement reconnue pour attribuer des d\u00e9signations aux corps c\u00e9lestes et aux caract\u00e9ristiques de leur surface.\u00a0Fond\u00e9e en 1919, l&rsquo;IAU est le plus grand organisme professionnel au monde pour les astronomes.<\/span><\/p>\n<p dir=\"ltr\"><span style=\"color: #ffffff;\">Le Bureau d&rsquo;Astronomie pour l&rsquo;\u00c9ducation de l&rsquo;AIU est h\u00e9berg\u00e9 \u00e0 Haus der Astronomie (HdA), g\u00e9r\u00e9 par l&rsquo;Institut Max Planck d&rsquo;Astronomie.\u00a0La mission de l&rsquo;OAE est de soutenir et de coordonner l&rsquo;enseignement de l&rsquo;astronomie par les chercheurs et les \u00e9ducateurs en astronomie, destin\u00e9 aux \u00e9coles primaires ou secondaires du monde entier.\u00a0L&rsquo;h\u00e9bergement de l&rsquo;OAE par HdA a \u00e9t\u00e9 rendu possible gr\u00e2ce au soutien des fondations allemandes Klaus Tschira Foundation et Carl Zeiss Foundation.<\/span><\/p>\n<p dir=\"ltr\"><span style=\"color: #ffffff;\">Le\u00a0concours d&rsquo;astrophotographie\u00a0de l&rsquo;Office of Astronomy for Education (\u00a0<strong><a style=\"color: #ffffff;\" href=\"https:\/\/www.haus-der-astronomie.de\/OAE\" target=\"_blank\" rel=\"noopener noreferrer\">OAE<\/a><\/strong>\u00a0)\u00a0annonc\u00e9\u00a0plus t\u00f4t cette ann\u00e9e a pris fin, apr\u00e8s avoir re\u00e7u pr\u00e8s de <strong>700 images de 57 pays<\/strong>.\u00a0Les photos gagnantes, annonc\u00e9es ci-dessous, sont d\u00e9sormais disponibles sous la\u00a0licence internationale Creative Commons Attribution (CC BY) 4.0\u00a0(les auteurs conserveront toujours les droits d&rsquo;auteur sur leurs images).\u00a0Cela permet leur utilisation gratuite tant que les cr\u00e9dits appropri\u00e9s sont attribu\u00e9s (voir chaque image pour le cr\u00e9dit sous la forme auteur\/IAU OAE).\u00a0Ces images servent de ressource \u00e9ducative ouverte au profit des enseignants et des apprenants du monde entier, et peuvent \u00eatre consult\u00e9es\u00a0<strong><a style=\"color: #ffffff;\" href=\"https:\/\/www.iau.org\/public\/images\/?search=ann21047\" target=\"_blank\" rel=\"noopener noreferrer\">ici<\/a><\/strong>\u00a0.<\/span><\/p>\n<p dir=\"ltr\"><span style=\"color: #ffffff;\">Le concours a \u00e9t\u00e9 lanc\u00e9 pour rassembler du mat\u00e9riel \u00e0 valeur \u00e9ducative sur des sujets astronomiques pour lesquels des images et des vid\u00e9os de haute qualit\u00e9 ne sont pas facilement accessibles aux \u00e9ducateurs.\u00a0Les participants ont \u00e9t\u00e9 invit\u00e9s \u00e0 soumettre des images dans 10 cat\u00e9gories diff\u00e9rentes qui ont \u00e9t\u00e9 identifi\u00e9es comme des domaines qui pourraient b\u00e9n\u00e9ficier d&rsquo;un contenu plus \u00e9ducatif : aurores (images de seuil et time-lapses), com\u00e8tes, lunes galil\u00e9ennes en orbite autour de Jupiter (time-lapses), pollution lumineuse, pluies de m\u00e9t\u00e9ores , tra\u00een\u00e9es d&rsquo;\u00e9toiles, halos Soleil\/Lune, \u00e9clipse lunaire totale et champs d&rsquo;\u00e9toiles larges.<\/span><\/p>\n<p dir=\"ltr\"><span style=\"color: #ffffff;\">Alessandra Masi, gagnant du\u00a0premier prix dans la cat\u00e9gorie \u00e9clipse lunaire totale dit: \u00ab\u00a0<em>Astrophotographie me permet d&rsquo;approfondir les ph\u00e9nom\u00e8nes c\u00e9lestes et il est passionnant de pouvoir filmer les \u00e9v\u00e9nements astronomiques dans la superbe territoire o\u00f9 je vis, le Cadore, immerg\u00e9 dans la Dolomites reconnues par l&rsquo;UNESCO comme site du patrimoine mondial.\u00a0<\/em>\u00ab\u00a0<\/span><\/p>\n<p dir=\"ltr\"><span style=\"color: #ffffff;\">Les candidatures ont \u00e9t\u00e9 \u00e9valu\u00e9es par un panel international d&rsquo;astrophotographes et d&rsquo;\u00e9ducateurs en astronomie, qui ont pris en compte non seulement les crit\u00e8res esth\u00e9tiques et techniques, mais aussi la valeur \u00e9ducative de chaque candidature dans le contexte de l&rsquo;enseignement primaire et secondaire.\u00a0Les trois gagnants de chaque cat\u00e9gorie re\u00e7oivent des prix en esp\u00e8ces de 750 \u20ac, 500 \u20ac et 250 \u20ac pour la premi\u00e8re, la deuxi\u00e8me et la troisi\u00e8me place respectivement.<\/span><\/p>\n<p dir=\"ltr\"><span style=\"color: #ffffff;\">Les entr\u00e9es gagnantes dans chaque cat\u00e9gorie sont :\u00a0<\/span><\/p>\n<p dir=\"ltr\"><span style=\"color: #ffffff;\"><strong>Aurores (images fixes) :\u00a0<\/strong><\/span><\/p>\n<p><span style=\"color: #ffffff;\"> Premi\u00e8re place : Aurore multicolore en Islande, par Marco Migliardi au nom de l&rsquo;Associazione Astronomica Cortina, Italie<\/span><\/p>\n<p><span style=\"color: #ffffff;\"> Deuxi\u00e8me place : Northern Light Dragon sur Ersfjordbotn\/Norway, par Rainer Sparenberg, Allemagne<\/span><\/p>\n<p><span style=\"color: #ffffff;\"> Troisi\u00e8me place : Iceland aurora, par Emanuele Balboni , Italie<\/span><\/p>\n<p dir=\"ltr\"><span style=\"color: #ffffff;\"><strong>Com\u00e8tes :\u00a0<\/strong><\/span><\/p>\n<p><span style=\"color: #ffffff;\"> Premi\u00e8re place : Neowise&rsquo;s metamorphosis, par Tom\u00e1\u0161 Slovinsk\u00fd et Petr Hor\u00e1lek, Slovaquie<\/span><\/p>\n<p><span style=\"color: #ffffff;\"> Deuxi\u00e8me place : Comet C\/2020F3 (Neowise) avec des queues s\u00e9par\u00e9es de poussi\u00e8re et de gaz ionique et un coma vert brillant, par Dietmar Gutermuth, Allemagne<\/span><\/p>\n<p><span style=\"color: #ffffff;\"> Troisi\u00e8me place : Hello Comet, allons-nous danser ?, par Robert Barsa, Slovaquie<\/span><\/p>\n<p dir=\"ltr\"><span style=\"color: #ffffff;\"><strong>Pollution lumineuse :\u00a0<\/strong><\/span><\/p>\n<p><span style=\"color: #ffffff;\"> Premi\u00e8re place : Nuit \u00e9toil\u00e9e au-dessus du parc national de l&rsquo;Eifel, par Dong Han, Chine<\/span><\/p>\n<p><span style=\"color: #ffffff;\"> Deuxi\u00e8me place : Real Light Pollution Panorama, par Tom\u00e1\u0161 Slovinsk\u00fd, Slovaquie<\/span><\/p>\n<p><span style=\"color: #ffffff;\"> Troisi\u00e8me place :\u00a0Essaim de\u00a0satellites contre la beaut\u00e9 du ciel nocturne, par Torsten Hansen, Allemagne<\/span><\/p>\n<p dir=\"ltr\">\n<p><span style=\"color: #ffffff;\"> Pluies de m\u00e9t\u00e9ores\u00a0<strong>:\u00a0<\/strong>\u00a0Premi\u00e8re place : Geminid Meteor Shower de Chine, par Dai Jianfeng, Chine<\/span><\/p>\n<p><span style=\"color: #ffffff;\"> Deuxi\u00e8me place : Perseids 2020 over Dark Sky Park Poloniny, par Tom\u00e1\u0161 Slovinsk\u00fd, Slovaquie<\/span><\/p>\n<p><span style=\"color: #ffffff;\"> Troisi\u00e8me place : Gemini\u00a0Meteor Shower\u00a0, de Hao Yin, Chine<\/span><\/p>\n<p dir=\"ltr\"><span style=\"color: #ffffff;\"><strong>Star<\/strong>\u00a0Trails\u00a0<strong>:\u00a0<\/strong><\/span><\/p>\n<p><span style=\"color: #ffffff;\"> Premi\u00e8re place : Exposition d&rsquo;une demi-journ\u00e9e \u00e0 l&rsquo;\u00e9toile du nord, par Fabrizio Melandri, Italie<\/span><\/p>\n<p><span style=\"color: #ffffff;\"> Deuxi\u00e8me place : Stone Star Circles, Star Trails au-dessus de Stonehenge, par Till Credner, Allemagne<\/span><\/p>\n<p><span style=\"color: #ffffff;\"> Troisi\u00e8me place : Star Trails And Lava Plume sur l&rsquo;Etna f\u00e9vrier 2021, Dario Giannobile, Italie<\/span><\/p>\n<p dir=\"ltr\"><span style=\"color: #ffffff;\"><strong>Halos Soleil\/Lune :\u00a0<\/strong><\/span><\/p>\n<p><span style=\"color: #ffffff;\"> Premi\u00e8re place : Selene rencontre la Lune, par Sheila Wiwchar, Canada<\/span><\/p>\n<p><span style=\"color: #ffffff;\"> Deuxi\u00e8me place : Halos hivernaux, par Thomas Gigl, Allemagne<\/span><\/p>\n<p><span style=\"color: #ffffff;\"> Troisi\u00e8me place : Arc-en-ciel lunaire et spectre lunaire de Brocken, par Kouji Ohnishi, Japon<\/span><\/p>\n<p dir=\"ltr\"><span style=\"color: #ffffff;\"><strong>Eclipse totale de Lune :\u00a0<\/strong><\/span><\/p>\n<p><span style=\"color: #ffffff;\"> Premi\u00e8re place : La Lune \u00e9clips\u00e9e se couche pr\u00e8s de la Rochetta di Prendera, Dolomiti Unesco, par Alessandra Masi, Italie<\/span><\/p>\n<p><span style=\"color: #ffffff;\"> Deuxi\u00e8me place : The Eclipse Between Us, de Muhammad Rayhan, Indon\u00e9sie<\/span><\/p>\n<p dir=\"ltr\">\n<p><strong><span style=\"text-decoration: underline;\"><span style=\"color: #ff0000; text-decoration: underline;\">Troisi\u00e8me place : Red Moon, de Daniel Henrion, France<\/span><\/span><\/strong><\/p>\n<p dir=\"ltr\">\u00a0<\/p>\n<p dir=\"ltr\"><img loading=\"lazy\" decoding=\"async\" src=\"http:\/\/astrodan.fr\/site\/wp-content\/uploads\/_thumbs\/Images\/accueil\/publications\/Eclipse%20Lune.jpg\" width=\"1500\" height=\"1000\" \/><\/p>\n<p dir=\"ltr\"><span style=\"color: #ffffff;\"><strong>Larges champs d&rsquo;\u00e9toiles :\u00a0<\/strong><\/span><\/p>\n<p dir=\"ltr\"><span style=\"color: #ffffff;\">Premi\u00e8re place : La Grande Ourse \u00e0 Yellowstone, par Alex Conu, Norv\u00e8ge<\/span><\/p>\n<p><span style=\"color: #ffffff;\"> Deuxi\u00e8me place : Milky Way Arch over Lut Desert, Iran, par Amirreza Kamkar, R\u00e9publique islamique d&rsquo;Iran<\/span><\/p>\n<p><span style=\"color: #ffffff;\"> Troisi\u00e8me place : Observatoires chiliens au bureau \u00e0 domicile, par Robert Barsa , Slovaquie<\/span><\/p>\n<p dir=\"ltr\"><span style=\"color: #ffffff;\"><strong>Lunes galil\u00e9ennes :\u00a0<\/strong><\/span><\/p>\n<p><span style=\"color: #ffffff;\"> Premi\u00e8re place : Jupiter, Io et son ombre, par Ralf Burkart, Allemagne<\/span><\/p>\n<p><span style=\"color: #ffffff;\"> Deuxi\u00e8me place : Jupiter Moon&rsquo;s Movie2, par Nicolas Hurez, Paul-Antoine Matrangolo, et Carl Pennypacker, \u00c9tats-Unis<\/span><\/p>\n<p><span style=\"color: #ffffff;\"> Troisi\u00e8me place : Jupiter&rsquo;s Rotation, par Vishal Sharma, Inde<\/span><\/p>\n<p dir=\"ltr\"><span style=\"color: #ffffff;\"><strong>Aurorae (time-lapses) :\u00a0<\/strong><\/span><\/p>\n<p><span style=\"color: #ffffff;\"> Premi\u00e8re place : Till the End of the World, par Hang Li, Chine<\/span><\/p>\n<p><span style=\"color: #ffffff;\"> Deuxi\u00e8me place : Icelandic Rivers of Light, par Sergio D\u00edaz Ruiz, Espagne<\/span><\/p>\n<p><span style=\"color: #ffffff;\"> Troisi\u00e8me place : Under the Stars avec Steve, par Sheila Wiwchar, Canada<\/span><\/p>\n<p dir=\"ltr\"><span style=\"color: #ffffff;\">Sheila Wiwchar, gagnante de la premi\u00e8re place dans les halos Soleil\/Lune et gagnante de la troisi\u00e8me place dans les cat\u00e9gories Aurorae (time-lapse), d\u00e9clare : \u00ab\u00a0<em>Capturer la beaut\u00e9 et le myst\u00e8re du ciel la nuit est une entreprise universelle, unique \u00e0 un individu.\u00a0Ne jamais savoir \u00e0 moins que j&rsquo;essaye de m&rsquo;attendre \u00e0 l&rsquo;inattendu, me fait regarder les \u00e9toiles\u00a0!\u00a0<\/em>\u00ab\u00a0<\/span><\/p>\n<p dir=\"ltr\"><span style=\"color: #ffffff;\">L&rsquo;astronomie est un sujet passionnant \u00e0 travers lequel engager les gens dans les sciences et les mati\u00e8res STEM (sciences, technologie, ing\u00e9nierie et math\u00e9matiques) et pour en apprendre davantage sur notre place dans l&rsquo;Univers.\u00a0Le mat\u00e9riel recueilli gr\u00e2ce \u00e0 ce concours est d\u00e9sormais disponible gratuitement pour soutenir les \u00e9ducateurs, les apprenants et toute personne int\u00e9ress\u00e9e par l&rsquo;astronomie, en classe et partout.<\/span><\/p>\n<p>&nbsp;<\/p>\n<p>[\/et_pb_text][\/et_pb_column][\/et_pb_row][\/et_pb_section]<\/p>\n","protected":false},"excerpt":{"rendered":"<p>Pour ma 1\u00e8re participation \u00e0 un concours astrophotos, en l&rsquo;occurence celui de Ciel &amp; Espace, Une de mes photos a \u00e9t\u00e9 retenue : Transit d&rsquo;ISS devant le Soleil 2\u00e8me participation \u00e0 un concours photos, cette fois \u00e0 l&rsquo;IAU (International Astronomical Union ) L&rsquo;IAU est l&rsquo;organisation astronomique internationale qui rassemble plus de 12 000 astronomes professionnels [&hellip;]<\/p>\n","protected":false},"author":1,"featured_media":0,"parent":2,"menu_order":2,"comment_status":"closed","ping_status":"closed","template":"","meta":{"_et_pb_use_builder":"on","_et_pb_old_content":"<p><span style=\"text-decoration: underline;\"><strong><span style=\"color: #ff0000; text-decoration: underline;\">Pour ma 1\u00e8re participation \u00e0 un concours astrophotos, en l'occurence celui de Ciel &amp; Espace,<\/span><\/strong><\/span><\/p>\r\n<p>Une de mes photos a \u00e9t\u00e9 retenue :<\/p>\r\n<p>Transit d'ISS devant le Soleil<\/p>\r\n<p><img src=\"http:\/\/astrodan.fr\/site\/wp-content\/uploads\/_thumbs\/Images\/ISS\/transit_ISS.jpg\" width=\"2360\" height=\"1770\"><\/p>\r\n<p><span style=\"text-decoration: underline; color: #ff0000;\"><strong>2\u00e8me participation \u00e0 un concours photos, cette fois \u00e0 l'IAU (International Astronomical Union )<\/strong><\/span><\/p>\r\n<p dir=\"ltr\">L'IAU est l'organisation astronomique internationale qui rassemble plus de 12 000 astronomes professionnels actifs de plus de 100 pays \u00e0 travers le monde.&nbsp;Sa mission est de promouvoir et de sauvegarder l'astronomie sous tous ses aspects, y compris la recherche, la communication, l'\u00e9ducation et le d\u00e9veloppement, \u00e0 travers la coop\u00e9ration internationale.&nbsp;L'IAU sert \u00e9galement d'autorit\u00e9 internationalement reconnue pour attribuer des d\u00e9signations aux corps c\u00e9lestes et aux caract\u00e9ristiques de leur surface.&nbsp;Fond\u00e9e en 1919, l'IAU est le plus grand organisme professionnel au monde pour les astronomes.<\/p>\r\n<p dir=\"ltr\">Le Bureau d'Astronomie pour l'\u00c9ducation de l'AIU est h\u00e9berg\u00e9 \u00e0 Haus der Astronomie (HdA), g\u00e9r\u00e9 par l'Institut Max Planck d'Astronomie.&nbsp;La mission de l'OAE est de soutenir et de coordonner l'enseignement de l'astronomie par les chercheurs et les \u00e9ducateurs en astronomie, destin\u00e9 aux \u00e9coles primaires ou secondaires du monde entier.&nbsp;L'h\u00e9bergement de l'OAE par HdA a \u00e9t\u00e9 rendu possible gr\u00e2ce au soutien des fondations allemandes Klaus Tschira Foundation et Carl Zeiss Foundation.<\/p>\r\n<p dir=\"ltr\">Le&nbsp;concours d'astrophotographie&nbsp;de l'Office of Astronomy for Education (&nbsp;<strong><span style=\"color: #00ffff;\"><a style=\"color: #00ffff;\" href=\"https:\/\/www.haus-der-astronomie.de\/OAE\" target=\"_blank\" rel=\"noopener noreferrer\">OAE<\/a><\/span><\/strong>&nbsp;)&nbsp;annonc\u00e9&nbsp;plus t\u00f4t cette ann\u00e9e a pris fin, apr\u00e8s avoir re\u00e7u pr\u00e8s de <strong>700 images de 57 pays<\/strong>.&nbsp;Les photos gagnantes, annonc\u00e9es ci-dessous, sont d\u00e9sormais disponibles sous la&nbsp;licence internationale Creative Commons Attribution (CC BY) 4.0&nbsp;(les auteurs conserveront toujours les droits d'auteur sur leurs images).&nbsp;Cela permet leur utilisation gratuite tant que les cr\u00e9dits appropri\u00e9s sont attribu\u00e9s (voir chaque image pour le cr\u00e9dit sous la forme auteur\/IAU OAE).&nbsp;Ces images servent de ressource \u00e9ducative ouverte au profit des enseignants et des apprenants du monde entier, et peuvent \u00eatre consult\u00e9es&nbsp;<span style=\"color: #00ffff;\"><strong><a style=\"color: #00ffff;\" href=\"https:\/\/www.iau.org\/public\/images\/?search=ann21047\" target=\"_blank\" rel=\"noopener noreferrer\">ici<\/a><\/strong><\/span>&nbsp;.<\/p>\r\n<p dir=\"ltr\">Le concours a \u00e9t\u00e9 lanc\u00e9 pour rassembler du mat\u00e9riel \u00e0 valeur \u00e9ducative sur des sujets astronomiques pour lesquels des images et des vid\u00e9os de haute qualit\u00e9 ne sont pas facilement accessibles aux \u00e9ducateurs.&nbsp;Les participants ont \u00e9t\u00e9 invit\u00e9s \u00e0 soumettre des images dans 10 cat\u00e9gories diff\u00e9rentes qui ont \u00e9t\u00e9 identifi\u00e9es comme des domaines qui pourraient b\u00e9n\u00e9ficier d'un contenu plus \u00e9ducatif : aurores (images de seuil et time-lapses), com\u00e8tes, lunes galil\u00e9ennes en orbite autour de Jupiter (time-lapses), pollution lumineuse, pluies de m\u00e9t\u00e9ores , tra\u00een\u00e9es d'\u00e9toiles, halos Soleil\/Lune, \u00e9clipse lunaire totale et champs d'\u00e9toiles larges.<\/p>\r\n<p dir=\"ltr\">Alessandra Masi, gagnant du&nbsp;premier prix dans la cat\u00e9gorie \u00e9clipse lunaire totale dit: \u00ab&nbsp;<em>Astrophotographie me permet d'approfondir les ph\u00e9nom\u00e8nes c\u00e9lestes et il est passionnant de pouvoir filmer les \u00e9v\u00e9nements astronomiques dans la superbe territoire o\u00f9 je vis, le Cadore, immerg\u00e9 dans la Dolomites reconnues par l'UNESCO comme site du patrimoine mondial.&nbsp;<\/em>\"<\/p>\r\n<p dir=\"ltr\">Les candidatures ont \u00e9t\u00e9 \u00e9valu\u00e9es par un panel international d'astrophotographes et d'\u00e9ducateurs en astronomie, qui ont pris en compte non seulement les crit\u00e8res esth\u00e9tiques et techniques, mais aussi la valeur \u00e9ducative de chaque candidature dans le contexte de l'enseignement primaire et secondaire.&nbsp;Les trois gagnants de chaque cat\u00e9gorie re\u00e7oivent des prix en esp\u00e8ces de 750 \u20ac, 500 \u20ac et 250 \u20ac pour la premi\u00e8re, la deuxi\u00e8me et la troisi\u00e8me place respectivement.<\/p>\r\n<p dir=\"ltr\">Les entr\u00e9es gagnantes dans chaque cat\u00e9gorie sont :&nbsp;<\/p>\r\n<p dir=\"ltr\"><strong>Aurores (images fixes) :&nbsp;<\/strong><br>\r\nPremi\u00e8re place : Aurore multicolore en Islande, par Marco Migliardi au nom de l'Associazione Astronomica Cortina, Italie<br>\r\nDeuxi\u00e8me place : Northern Light Dragon sur Ersfjordbotn\/Norway, par Rainer Sparenberg, Allemagne<br>\r\nTroisi\u00e8me place : Iceland aurora, par Emanuele Balboni , Italie<\/p>\r\n<p dir=\"ltr\"><strong>Com\u00e8tes :&nbsp;<\/strong><br>\r\nPremi\u00e8re place : Neowise's metamorphosis, par Tom\u00e1\u0161 Slovinsk\u00fd et Petr Hor\u00e1lek, Slovaquie<br>\r\nDeuxi\u00e8me place : Comet C\/2020F3 (Neowise) avec des queues s\u00e9par\u00e9es de poussi\u00e8re et de gaz ionique et un coma vert brillant, par Dietmar Gutermuth, Allemagne<br>\r\nTroisi\u00e8me place : Hello Comet, allons-nous danser ?, par Robert Barsa, Slovaquie<\/p>\r\n<p dir=\"ltr\"><strong>Pollution lumineuse :&nbsp;<\/strong><br>\r\nPremi\u00e8re place : Nuit \u00e9toil\u00e9e au-dessus du parc national de l'Eifel, par Dong Han, Chine<br>\r\nDeuxi\u00e8me place : Real Light Pollution Panorama, par Tom\u00e1\u0161 Slovinsk\u00fd, Slovaquie<br>\r\nTroisi\u00e8me place :&nbsp;Essaim de&nbsp;satellites contre la beaut\u00e9 du ciel nocturne, par Torsten Hansen, Allemagne<\/p>\r\n<p dir=\"ltr\"><br>\r\nPluies de m\u00e9t\u00e9ores&nbsp;<strong>:&nbsp;<\/strong>&nbsp;Premi\u00e8re place : Geminid Meteor Shower de Chine, par Dai Jianfeng, Chine<br>\r\nDeuxi\u00e8me place : Perseids 2020 over Dark Sky Park Poloniny, par Tom\u00e1\u0161 Slovinsk\u00fd, Slovaquie<br>\r\nTroisi\u00e8me place : Gemini&nbsp;Meteor Shower&nbsp;, de Hao Yin, Chine<\/p>\r\n<p dir=\"ltr\"><strong>Star<\/strong>&nbsp;Trails&nbsp;<strong>:&nbsp;<\/strong><br>\r\nPremi\u00e8re place : Exposition d'une demi-journ\u00e9e \u00e0 l'\u00e9toile du nord, par Fabrizio Melandri, Italie<br>\r\nDeuxi\u00e8me place : Stone Star Circles, Star Trails au-dessus de Stonehenge, par Till Credner, Allemagne<br>\r\nTroisi\u00e8me place : Star Trails And Lava Plume sur l'Etna f\u00e9vrier 2021, Dario Giannobile, Italie<\/p>\r\n<p dir=\"ltr\"><strong>Halos Soleil\/Lune :&nbsp;<\/strong><br>\r\nPremi\u00e8re place : Selene rencontre la Lune, par Sheila Wiwchar, Canada<br>\r\nDeuxi\u00e8me place : Halos hivernaux, par Thomas Gigl, Allemagne<br>\r\nTroisi\u00e8me place : Arc-en-ciel lunaire et spectre lunaire de Brocken, par Kouji Ohnishi, Japon<\/p>\r\n<p dir=\"ltr\"><strong>Eclipse totale de Lune :&nbsp;<\/strong><br>\r\nPremi\u00e8re place : La Lune \u00e9clips\u00e9e se couche pr\u00e8s de la Rochetta di Prendera, Dolomiti Unesco, par Alessandra Masi, Italie<br>\r\nDeuxi\u00e8me place : The Eclipse Between Us, de Muhammad Rayhan, Indon\u00e9sie<\/p>\r\n<p dir=\"ltr\"><br>\r\n<strong><span style=\"text-decoration: underline;\"><span style=\"color: #ff0000; text-decoration: underline;\">Troisi\u00e8me place : Red Moon, de Daniel Henrion, France<\/span><\/span><\/strong><\/p>\r\n<p dir=\"ltr\">&nbsp;<\/p>\r\n<p dir=\"ltr\"><img src=\"http:\/\/astrodan.fr\/site\/wp-content\/uploads\/_thumbs\/Images\/accueil\/publications\/Eclipse%20Lune.jpg\" width=\"1500\" height=\"1000\"><\/p>\r\n<p dir=\"ltr\"><strong>Larges champs d'\u00e9toiles :&nbsp;<\/strong><\/p>\r\n<p dir=\"ltr\">Premi\u00e8re place : La Grande Ourse \u00e0 Yellowstone, par Alex Conu, Norv\u00e8ge<br>\r\nDeuxi\u00e8me place : Milky Way Arch over Lut Desert, Iran, par Amirreza Kamkar, R\u00e9publique islamique d'Iran<br>\r\nTroisi\u00e8me place : Observatoires chiliens au bureau \u00e0 domicile, par Robert Barsa , Slovaquie<\/p>\r\n<p dir=\"ltr\"><strong>Lunes galil\u00e9ennes :&nbsp;<\/strong><br>\r\nPremi\u00e8re place : Jupiter, Io et son ombre, par Ralf Burkart, Allemagne<br>\r\nDeuxi\u00e8me place : Jupiter Moon's Movie2, par Nicolas Hurez, Paul-Antoine Matrangolo, et Carl Pennypacker, \u00c9tats-Unis<br>\r\nTroisi\u00e8me place : Jupiter's Rotation, par Vishal Sharma, Inde<\/p>\r\n<p dir=\"ltr\"><strong>Aurorae (time-lapses) :&nbsp;<\/strong><br>\r\nPremi\u00e8re place : Till the End of the World, par Hang Li, Chine<br>\r\nDeuxi\u00e8me place : Icelandic Rivers of Light, par Sergio D\u00edaz Ruiz, Espagne<br>\r\nTroisi\u00e8me place : Under the Stars avec Steve, par Sheila Wiwchar, Canada<\/p>\r\n<p dir=\"ltr\">Sheila Wiwchar, gagnante de la premi\u00e8re place dans les halos Soleil\/Lune et gagnante de la troisi\u00e8me place dans les cat\u00e9gories Aurorae (time-lapse), d\u00e9clare : \u00ab&nbsp;<em>Capturer la beaut\u00e9 et le myst\u00e8re du ciel la nuit est une entreprise universelle, unique \u00e0 un individu.&nbsp;Ne jamais savoir \u00e0 moins que j'essaye de m'attendre \u00e0 l'inattendu, me fait regarder les \u00e9toiles&nbsp;!&nbsp;<\/em>\"<\/p>\r\n<p dir=\"ltr\">L'astronomie est un sujet passionnant \u00e0 travers lequel engager les gens dans les sciences et les mati\u00e8res STEM (sciences, technologie, ing\u00e9nierie et math\u00e9matiques) et pour en apprendre davantage sur notre place dans l'Univers.&nbsp;Le mat\u00e9riel recueilli gr\u00e2ce \u00e0 ce concours est d\u00e9sormais disponible gratuitement pour soutenir les \u00e9ducateurs, les apprenants et toute personne int\u00e9ress\u00e9e par l'astronomie, en classe et partout.<\/p>\r\n<p>&nbsp;<\/p>","_et_gb_content_width":"","ngg_post_thumbnail":0,"footnotes":""},"_links":{"self":[{"href":"http:\/\/astrodan.fr\/site\/wp-json\/wp\/v2\/pages\/2020"}],"collection":[{"href":"http:\/\/astrodan.fr\/site\/wp-json\/wp\/v2\/pages"}],"about":[{"href":"http:\/\/astrodan.fr\/site\/wp-json\/wp\/v2\/types\/page"}],"author":[{"embeddable":true,"href":"http:\/\/astrodan.fr\/site\/wp-json\/wp\/v2\/users\/1"}],"replies":[{"embeddable":true,"href":"http:\/\/astrodan.fr\/site\/wp-json\/wp\/v2\/comments?post=2020"}],"version-history":[{"count":2,"href":"http:\/\/astrodan.fr\/site\/wp-json\/wp\/v2\/pages\/2020\/revisions"}],"predecessor-version":[{"id":4814,"href":"http:\/\/astrodan.fr\/site\/wp-json\/wp\/v2\/pages\/2020\/revisions\/4814"}],"up":[{"embeddable":true,"href":"http:\/\/astrodan.fr\/site\/wp-json\/wp\/v2\/pages\/2"}],"wp:attachment":[{"href":"http:\/\/astrodan.fr\/site\/wp-json\/wp\/v2\/media?parent=2020"}],"curies":[{"name":"wp","href":"https:\/\/api.w.org\/{rel}","templated":true}]}}