{"id":1876,"date":"2021-03-03T17:05:50","date_gmt":"2021-03-03T16:05:50","guid":{"rendered":"http:\/\/astrodan.fr\/site\/?page_id=1876"},"modified":"2023-02-28T14:35:28","modified_gmt":"2023-02-28T13:35:28","slug":"c-2019-l3-atlas","status":"publish","type":"page","link":"http:\/\/astrodan.fr\/site\/cometes-2\/c-2019-l3-atlas\/","title":{"rendered":"C\/2019 L3 Atlas"},"content":{"rendered":"<p>[et_pb_section fb_built=\u00a0\u00bb1&Prime; admin_label=\u00a0\u00bbsection\u00a0\u00bb _builder_version=\u00a0\u00bb4.20.0&Prime; hover_enabled=\u00a0\u00bb0&Prime; global_colors_info=\u00a0\u00bb{}\u00a0\u00bb background_color=\u00a0\u00bb#100a3f\u00a0\u00bb sticky_enabled=\u00a0\u00bb0&Prime;][et_pb_row admin_label=\u00a0\u00bbrow\u00a0\u00bb _builder_version=\u00a0\u00bb4.16&Prime; background_size=\u00a0\u00bbinitial\u00a0\u00bb background_position=\u00a0\u00bbtop_left\u00a0\u00bb background_repeat=\u00a0\u00bbrepeat\u00a0\u00bb global_colors_info=\u00a0\u00bb{}\u00a0\u00bb][et_pb_column type=\u00a0\u00bb4_4&Prime; _builder_version=\u00a0\u00bb4.16&Prime; custom_padding=\u00a0\u00bb|||\u00a0\u00bb global_colors_info=\u00a0\u00bb{}\u00a0\u00bb custom_padding__hover=\u00a0\u00bb|||\u00a0\u00bb][et_pb_text admin_label=\u00a0\u00bbText\u00a0\u00bb _builder_version=\u00a0\u00bb4.16&Prime; background_size=\u00a0\u00bbinitial\u00a0\u00bb background_position=\u00a0\u00bbtop_left\u00a0\u00bb background_repeat=\u00a0\u00bbrepeat\u00a0\u00bb global_colors_info=\u00a0\u00bb{}\u00a0\u00bb]<\/p>\n<p><span style=\"text-decoration: underline;\">Com\u00e8te C\/2019 L3 Atlas dans la Cassiop\u00e9e le 2 mars 2021<\/span><\/p>\n<p><span style=\"text-decoration: underline;\">Newton de 200mm + Canon 1000D, 64mn de pose, com\u00e8te de magnitude 12.9, limite photo : magnitude 18 !<\/span><\/p>\n<p><img loading=\"lazy\" decoding=\"async\" src=\"http:\/\/astrodan.fr\/site\/wp-content\/uploads\/_thumbs\/Images\/Com%C3%A8tes\/C_2019_ATLAS%20L3\/anim_etoile.gif\" width=\"667\" height=\"1000\"> <img loading=\"lazy\" decoding=\"async\" src=\"http:\/\/astrodan.fr\/site\/wp-content\/uploads\/_thumbs\/Images\/Com%C3%A8tes\/C_2019_ATLAS%20L3\/anim_noyau.gif\" width=\"667\" height=\"1000\"><\/p>\n<p><img loading=\"lazy\" decoding=\"async\" src=\"http:\/\/astrodan.fr\/site\/wp-content\/uploads\/_thumbs\/Images\/Com%C3%A8tes\/C_2019_ATLAS%20L3\/noyau_L3_f.jpg\" width=\"1500\" height=\"1000\"><\/p>\n<p><img loading=\"lazy\" decoding=\"async\" src=\"http:\/\/astrodan.fr\/site\/wp-content\/uploads\/_thumbs\/Images\/Com%C3%A8tes\/C_2019_ATLAS%20L3\/trace_com_full.jpg\" width=\"1500\" height=\"1000\"><\/p>\n<p><span style=\"text-decoration: underline;\">Passage le 11\/11\/2021 , lunette 80 ED + Canon 1000d,&nbsp;<\/span><\/p>\n<p><span style=\"text-decoration: underline;\">Addition de 20 poses de 3 mn<\/span><\/p>\n<p><img loading=\"lazy\" decoding=\"async\" src=\"http:\/\/astrodan.fr\/site\/wp-content\/uploads\/_thumbs\/Images\/Com%C3%A8tes\/C_2019_ATLAS%20L3\/atlas_.jpg\" width=\"1200\" height=\"800\"><\/p>\n<p><img loading=\"lazy\" decoding=\"async\" src=\"http:\/\/astrodan.fr\/site\/wp-content\/uploads\/_thumbs\/Images\/Com%C3%A8tes\/C_2019_ATLAS%20L3\/trace_atlas.jpg\" width=\"1200\" height=\"800\"><\/p>\n<p><img loading=\"lazy\" decoding=\"async\" src=\"http:\/\/astrodan.fr\/site\/wp-content\/uploads\/_thumbs\/Images\/Com%C3%A8tes\/C_2019_ATLAS%20L3\/deplacement_atlas.gif\" width=\"1200\" height=\"1000\"> <img loading=\"lazy\" decoding=\"async\" src=\"http:\/\/astrodan.fr\/site\/wp-content\/uploads\/_thumbs\/Images\/Com%C3%A8tes\/C_2019_ATLAS%20L3\/deplacement_noyau_L3.gif\" width=\"1000\" height=\"667\">&nbsp;<\/p>\n<p><span style=\"text-decoration: underline;\">La com\u00e8te dans les G\u00e9meaux, le 9 f\u00e9vrier 2022, Newton 200mm + Canon 1000D, addition de 31 poses de 1 mn<\/span><\/p>\n<p><span style=\"text-decoration: underline;\">Alignement sur le noyau com\u00e9taire<\/span><\/p>\n<p><img loading=\"lazy\" decoding=\"async\" class=\"alignnone size-full wp-image-2247\" src=\"http:\/\/astrodan.fr\/site\/wp-content\/uploads\/Comete\/comete_l3_3-scaled.jpg\" alt=\"\" width=\"1200\" height=\"800\" srcset=\"http:\/\/astrodan.fr\/site\/wp-content\/uploads\/Comete\/comete_l3_3-scaled.jpg 2560w, http:\/\/astrodan.fr\/site\/wp-content\/uploads\/Comete\/comete_l3_3-300x200.jpg 300w, http:\/\/astrodan.fr\/site\/wp-content\/uploads\/Comete\/comete_l3_3-1024x683.jpg 1024w, http:\/\/astrodan.fr\/site\/wp-content\/uploads\/Comete\/comete_l3_3-150x100.jpg 150w, http:\/\/astrodan.fr\/site\/wp-content\/uploads\/Comete\/comete_l3_3-768x512.jpg 768w, http:\/\/astrodan.fr\/site\/wp-content\/uploads\/Comete\/comete_l3_3-1536x1024.jpg 1536w, http:\/\/astrodan.fr\/site\/wp-content\/uploads\/Comete\/comete_l3_3-2048x1365.jpg 2048w\" sizes=\"(max-width: 1200px) 100vw, 1200px\" \/><\/p>\n<p>&nbsp;<\/p>\n<p><span style=\"text-decoration: underline;\">Alignement sur les \u00e9toiles<\/span><\/p>\n<p><img loading=\"lazy\" decoding=\"async\" class=\"alignnone size-full wp-image-2246\" src=\"http:\/\/astrodan.fr\/site\/wp-content\/uploads\/Comete\/comete_l3_2-scaled.jpg\" alt=\"\" width=\"1200\" height=\"800\" srcset=\"http:\/\/astrodan.fr\/site\/wp-content\/uploads\/Comete\/comete_l3_2-scaled.jpg 2560w, http:\/\/astrodan.fr\/site\/wp-content\/uploads\/Comete\/comete_l3_2-300x200.jpg 300w, http:\/\/astrodan.fr\/site\/wp-content\/uploads\/Comete\/comete_l3_2-1024x683.jpg 1024w, http:\/\/astrodan.fr\/site\/wp-content\/uploads\/Comete\/comete_l3_2-150x100.jpg 150w, http:\/\/astrodan.fr\/site\/wp-content\/uploads\/Comete\/comete_l3_2-768x512.jpg 768w, http:\/\/astrodan.fr\/site\/wp-content\/uploads\/Comete\/comete_l3_2-1536x1024.jpg 1536w, http:\/\/astrodan.fr\/site\/wp-content\/uploads\/Comete\/comete_l3_2-2048x1365.jpg 2048w\" sizes=\"(max-width: 1200px) 100vw, 1200px\" \/><\/p>\n<p>&nbsp;<\/p>\n<p><span style=\"text-decoration: underline;\">Animation durant 31 mn<\/span><\/p>\n<p><img loading=\"lazy\" decoding=\"async\" class=\"alignnone size-full wp-image-2245\" src=\"http:\/\/astrodan.fr\/site\/wp-content\/uploads\/Comete\/anim_31.gif\" alt=\"\" width=\"600\" height=\"400\"><\/p>\n<p>[\/et_pb_text][\/et_pb_column][\/et_pb_row][\/et_pb_section]<\/p>\n","protected":false},"excerpt":{"rendered":"<p>Com\u00e8te C\/2019 L3 Atlas dans la Cassiop\u00e9e le 2 mars 2021 Newton de 200mm + Canon 1000D, 64mn de pose, com\u00e8te de magnitude 12.9, limite photo : magnitude 18 ! Passage le 11\/11\/2021 , lunette 80 ED + Canon 1000d,&nbsp; Addition de 20 poses de 3 mn &nbsp; La com\u00e8te dans les G\u00e9meaux, le 9 [&hellip;]<\/p>\n","protected":false},"author":1,"featured_media":0,"parent":120,"menu_order":15,"comment_status":"closed","ping_status":"closed","template":"","meta":{"_et_pb_use_builder":"on","_et_pb_old_content":"<p><span style=\"text-decoration: underline;\">Com\u00e8te C\/2019 L3 Atlas dans la Cassiop\u00e9e le 2 mars 2021<\/span><\/p>\r\n<p><span style=\"text-decoration: underline;\">Newton de 200mm + Canon 1000D, 64mn de pose, com\u00e8te de magnitude 12.9, limite photo : magnitude 18 !<\/span><\/p>\r\n<p><img src=\"http:\/\/astrodan.fr\/site\/wp-content\/uploads\/_thumbs\/Images\/Com%C3%A8tes\/C_2019_ATLAS%20L3\/anim_etoile.gif\" width=\"667\" height=\"1000\"> <img src=\"http:\/\/astrodan.fr\/site\/wp-content\/uploads\/_thumbs\/Images\/Com%C3%A8tes\/C_2019_ATLAS%20L3\/anim_noyau.gif\" width=\"667\" height=\"1000\"><\/p>\r\n<p><img src=\"http:\/\/astrodan.fr\/site\/wp-content\/uploads\/_thumbs\/Images\/Com%C3%A8tes\/C_2019_ATLAS%20L3\/noyau_L3_f.jpg\" width=\"1500\" height=\"1000\"><\/p>\r\n<p><img src=\"http:\/\/astrodan.fr\/site\/wp-content\/uploads\/_thumbs\/Images\/Com%C3%A8tes\/C_2019_ATLAS%20L3\/trace_com_full.jpg\" width=\"1500\" height=\"1000\"><\/p>\r\n<p><span style=\"text-decoration: underline;\">Passage le 11\/11\/2021 , lunette 80 ED + Canon 1000d,&nbsp;<\/span><\/p>\r\n<p><span style=\"text-decoration: underline;\">Addition de 20 poses de 3 mn<\/span><\/p>\r\n<p><img src=\"http:\/\/astrodan.fr\/site\/wp-content\/uploads\/_thumbs\/Images\/Com%C3%A8tes\/C_2019_ATLAS%20L3\/atlas_.jpg\" width=\"1200\" height=\"800\"><\/p>\r\n<p><img src=\"http:\/\/astrodan.fr\/site\/wp-content\/uploads\/_thumbs\/Images\/Com%C3%A8tes\/C_2019_ATLAS%20L3\/trace_atlas.jpg\" width=\"1200\" height=\"800\"><\/p>\r\n<p><img src=\"http:\/\/astrodan.fr\/site\/wp-content\/uploads\/_thumbs\/Images\/Com%C3%A8tes\/C_2019_ATLAS%20L3\/deplacement_atlas.gif\" width=\"1200\" height=\"1000\"> <img src=\"http:\/\/astrodan.fr\/site\/wp-content\/uploads\/_thumbs\/Images\/Com%C3%A8tes\/C_2019_ATLAS%20L3\/deplacement_noyau_L3.gif\" width=\"1000\" height=\"667\">&nbsp;<\/p>\r\n<p><span style=\"text-decoration: underline;\">La com\u00e8te dans les G\u00e9meaux, le 9 f\u00e9vrier 2022, Newton 200mm + Canon 1000D, addition de 31 poses de 1 mn<\/span><\/p>\r\n<p><span style=\"text-decoration: underline;\">Alignement sur le noyau com\u00e9taire<\/span><\/p>\r\n<p><img class=\"alignnone size-full wp-image-2247\" src=\"http:\/\/astrodan.fr\/site\/wp-content\/uploads\/Comete\/comete_l3_3-scaled.jpg\" alt=\"\" width=\"1200\" height=\"800\"><\/p>\r\n<p>&nbsp;<\/p>\r\n<p><span style=\"text-decoration: underline;\">Alignement sur les \u00e9toiles<\/span><\/p>\r\n<p><img class=\"alignnone size-full wp-image-2246\" src=\"http:\/\/astrodan.fr\/site\/wp-content\/uploads\/Comete\/comete_l3_2-scaled.jpg\" alt=\"\" width=\"1200\" height=\"800\"><\/p>\r\n<p>&nbsp;<\/p>\r\n<p><span style=\"text-decoration: underline;\">Animation durant 31 mn<\/span><\/p>\r\n<p><img class=\"alignnone size-full wp-image-2245\" src=\"http:\/\/astrodan.fr\/site\/wp-content\/uploads\/Comete\/anim_31.gif\" alt=\"\" width=\"600\" height=\"400\"><\/p>","_et_gb_content_width":"","ngg_post_thumbnail":0,"footnotes":""},"_links":{"self":[{"href":"http:\/\/astrodan.fr\/site\/wp-json\/wp\/v2\/pages\/1876"}],"collection":[{"href":"http:\/\/astrodan.fr\/site\/wp-json\/wp\/v2\/pages"}],"about":[{"href":"http:\/\/astrodan.fr\/site\/wp-json\/wp\/v2\/types\/page"}],"author":[{"embeddable":true,"href":"http:\/\/astrodan.fr\/site\/wp-json\/wp\/v2\/users\/1"}],"replies":[{"embeddable":true,"href":"http:\/\/astrodan.fr\/site\/wp-json\/wp\/v2\/comments?post=1876"}],"version-history":[{"count":3,"href":"http:\/\/astrodan.fr\/site\/wp-json\/wp\/v2\/pages\/1876\/revisions"}],"predecessor-version":[{"id":4934,"href":"http:\/\/astrodan.fr\/site\/wp-json\/wp\/v2\/pages\/1876\/revisions\/4934"}],"up":[{"embeddable":true,"href":"http:\/\/astrodan.fr\/site\/wp-json\/wp\/v2\/pages\/120"}],"wp:attachment":[{"href":"http:\/\/astrodan.fr\/site\/wp-json\/wp\/v2\/media?parent=1876"}],"curies":[{"name":"wp","href":"https:\/\/api.w.org\/{rel}","templated":true}]}}