{"id":1845,"date":"2021-02-12T14:07:11","date_gmt":"2021-02-12T13:07:11","guid":{"rendered":"http:\/\/astrodan.fr\/site\/?page_id=1845"},"modified":"2023-02-24T17:15:18","modified_gmt":"2023-02-24T16:15:18","slug":"39-laetitia","status":"publish","type":"page","link":"http:\/\/astrodan.fr\/site\/ciel-profond\/39-laetitia\/","title":{"rendered":"( 39 ) L\u00e6titia"},"content":{"rendered":"<p>[et_pb_section fb_built=\u00a0\u00bb1&Prime; admin_label=\u00a0\u00bbsection\u00a0\u00bb _builder_version=\u00a0\u00bb4.20.0&Prime; hover_enabled=\u00a0\u00bb0&Prime; global_colors_info=\u00a0\u00bb{}\u00a0\u00bb background_color=\u00a0\u00bb#100a3f\u00a0\u00bb sticky_enabled=\u00a0\u00bb0&Prime;][et_pb_row admin_label=\u00a0\u00bbrow\u00a0\u00bb _builder_version=\u00a0\u00bb4.16&Prime; background_size=\u00a0\u00bbinitial\u00a0\u00bb background_position=\u00a0\u00bbtop_left\u00a0\u00bb background_repeat=\u00a0\u00bbrepeat\u00a0\u00bb global_colors_info=\u00a0\u00bb{}\u00a0\u00bb][et_pb_column type=\u00a0\u00bb4_4&Prime; _builder_version=\u00a0\u00bb4.16&Prime; custom_padding=\u00a0\u00bb|||\u00a0\u00bb global_colors_info=\u00a0\u00bb{}\u00a0\u00bb custom_padding__hover=\u00a0\u00bb|||\u00a0\u00bb][et_pb_text admin_label=\u00a0\u00bbText\u00a0\u00bb _builder_version=\u00a0\u00bb4.16&Prime; background_size=\u00a0\u00bbinitial\u00a0\u00bb background_position=\u00a0\u00bbtop_left\u00a0\u00bb background_repeat=\u00a0\u00bbrepeat\u00a0\u00bb global_colors_info=\u00a0\u00bb{}\u00a0\u00bb]<\/p>\n<p><span style=\"color: #ffffff;\"><b>(39) L\u00e6titia<\/b> (d\u00e9signation internationale) est un <a title=\"Ast\u00e9ro\u00efde\" href=\"https:\/\/fr.wikipedia.org\/wiki\/Ast%C3%A9ro%C3%AFde\" style=\"color: #ffffff;\">ast\u00e9ro\u00efde<\/a> de 150 km de diam\u00e8tre de la <a title=\"Ceinture d'ast\u00e9ro\u00efdes\" href=\"https:\/\/fr.wikipedia.org\/wiki\/Ceinture_d%27ast%C3%A9ro%C3%AFdes\" style=\"color: #ffffff;\">ceinture principale<\/a> d\u00e9couvert par <a title=\"Jean Chacornac\" href=\"https:\/\/fr.wikipedia.org\/wiki\/Jean_Chacornac\" style=\"color: #ffffff;\">Jean Chacornac<\/a> le <time class=\"nowrap date-lien\" datetime=\"1856-02-08\" data-sort-value=\"1856-02-08\"><a title=\"8 f\u00e9vrier\" href=\"https:\/\/fr.wikipedia.org\/wiki\/8_f%C3%A9vrier\" style=\"color: #ffffff;\">8<\/a> <a title=\"F\u00e9vrier 1856\" href=\"https:\/\/fr.wikipedia.org\/wiki\/F%C3%A9vrier_1856\" style=\"color: #ffffff;\">f\u00e9vrier<\/a> <a title=\"1856\" href=\"https:\/\/fr.wikipedia.org\/wiki\/1856\" style=\"color: #ffffff;\">1856<\/a><\/time> \u00e0 <a title=\"Paris\" href=\"https:\/\/fr.wikipedia.org\/wiki\/Paris\" style=\"color: #ffffff;\">Paris<\/a> et nomm\u00e9 par <a title=\"Urbain Le Verrier\" href=\"https:\/\/fr.wikipedia.org\/wiki\/Urbain_Le_Verrier\" style=\"color: #ffffff;\">Urbain Le Verrier<\/a> en hommage \u00e0 <a class=\"mw-redirect\" title=\"L\u00e6titia (d\u00e9esse)\" href=\"https:\/\/fr.wikipedia.org\/wiki\/L%C3%A6titia_(d%C3%A9esse)\" style=\"color: #ffffff;\">L\u00e6titia<\/a>, d\u00e9esse romaine, personnification de la joie et du bonheur.<\/span><\/p>\n<p><span style=\"text-decoration: underline; color: #ffffff;\">Lunette 80ED + Canon 1000d, addition de 15 poses de 2mn<\/span><\/p>\n<p><img loading=\"lazy\" decoding=\"async\" src=\"http:\/\/astrodan.fr\/site\/wp-content\/uploads\/_thumbs\/Images\/Astero%C3%AFde\/Laetitia\/laetitia_r1.jpg\" width=\"1500\" height=\"1000\" \/><\/p>\n<p><span style=\"text-decoration: underline;\">Rep\u00e9rage de l&rsquo;ast\u00e9ro\u00efde sous Aladin<\/span><\/p>\n<p><img loading=\"lazy\" decoding=\"async\" src=\"http:\/\/astrodan.fr\/site\/wp-content\/uploads\/_thumbs\/Images\/Astero%C3%AFde\/Laetitia\/champ%20aladin_.jpg\" width=\"1737\" height=\"987\" \/><\/p>\n<p><img loading=\"lazy\" decoding=\"async\" src=\"http:\/\/astrodan.fr\/site\/wp-content\/uploads\/_thumbs\/Images\/Astero%C3%AFde\/Laetitia\/laetitia_r2.jpg\" width=\"1500\" height=\"1000\" \/><\/p>\n<p>[\/et_pb_text][\/et_pb_column][\/et_pb_row][\/et_pb_section]<\/p>\n","protected":false},"excerpt":{"rendered":"<p>(39) L\u00e6titia (d\u00e9signation internationale) est un ast\u00e9ro\u00efde de 150 km de diam\u00e8tre de la ceinture principale d\u00e9couvert par Jean Chacornac le 8 f\u00e9vrier 1856 \u00e0 Paris et nomm\u00e9 par Urbain Le Verrier en hommage \u00e0 L\u00e6titia, d\u00e9esse romaine, personnification de la joie et du bonheur. Lunette 80ED + Canon 1000d, addition de 15 poses de [&hellip;]<\/p>\n","protected":false},"author":1,"featured_media":0,"parent":79,"menu_order":2,"comment_status":"closed","ping_status":"closed","template":"","meta":{"_et_pb_use_builder":"on","_et_pb_old_content":"<p><b>(39) L\u00e6titia<\/b> (d\u00e9signation internationale) est un <a title=\"Ast\u00e9ro\u00efde\" href=\"https:\/\/fr.wikipedia.org\/wiki\/Ast%C3%A9ro%C3%AFde\">ast\u00e9ro\u00efde<\/a> de 150 km de diam\u00e8tre de la <a title=\"Ceinture d'ast\u00e9ro\u00efdes\" href=\"https:\/\/fr.wikipedia.org\/wiki\/Ceinture_d%27ast%C3%A9ro%C3%AFdes\">ceinture principale<\/a> d\u00e9couvert par <a title=\"Jean Chacornac\" href=\"https:\/\/fr.wikipedia.org\/wiki\/Jean_Chacornac\">Jean Chacornac<\/a> le <time class=\"nowrap date-lien\" datetime=\"1856-02-08\" data-sort-value=\"1856-02-08\"><a title=\"8 f\u00e9vrier\" href=\"https:\/\/fr.wikipedia.org\/wiki\/8_f%C3%A9vrier\">8<\/a> <a title=\"F\u00e9vrier 1856\" href=\"https:\/\/fr.wikipedia.org\/wiki\/F%C3%A9vrier_1856\">f\u00e9vrier<\/a> <a title=\"1856\" href=\"https:\/\/fr.wikipedia.org\/wiki\/1856\">1856<\/a><\/time> \u00e0 <a title=\"Paris\" href=\"https:\/\/fr.wikipedia.org\/wiki\/Paris\">Paris<\/a> et nomm\u00e9 par <a title=\"Urbain Le Verrier\" href=\"https:\/\/fr.wikipedia.org\/wiki\/Urbain_Le_Verrier\">Urbain Le Verrier<\/a> en hommage \u00e0 <a class=\"mw-redirect\" title=\"L\u00e6titia (d\u00e9esse)\" href=\"https:\/\/fr.wikipedia.org\/wiki\/L%C3%A6titia_(d%C3%A9esse)\">L\u00e6titia<\/a>, d\u00e9esse romaine, personnification de la joie et du bonheur.<\/p>\r\n<p><span style=\"text-decoration: underline;\">Lunette 80ED + Canon 1000d, addition de 15 poses de 2mn<\/span><\/p>\r\n<p><img src=\"http:\/\/astrodan.fr\/site\/wp-content\/uploads\/_thumbs\/Images\/Astero%C3%AFde\/Laetitia\/laetitia_r1.jpg\" width=\"1500\" height=\"1000\"><\/p>\r\n<p><span style=\"text-decoration: underline;\">Rep\u00e9rage de l'ast\u00e9ro\u00efde sous Aladin<\/span><\/p>\r\n<p><img src=\"http:\/\/astrodan.fr\/site\/wp-content\/uploads\/_thumbs\/Images\/Astero%C3%AFde\/Laetitia\/champ%20aladin_.jpg\" width=\"1737\" height=\"987\"><\/p>\r\n<p><img src=\"http:\/\/astrodan.fr\/site\/wp-content\/uploads\/_thumbs\/Images\/Astero%C3%AFde\/Laetitia\/laetitia_r2.jpg\" width=\"1500\" height=\"1000\"><\/p>","_et_gb_content_width":"","ngg_post_thumbnail":0,"footnotes":""},"_links":{"self":[{"href":"http:\/\/astrodan.fr\/site\/wp-json\/wp\/v2\/pages\/1845"}],"collection":[{"href":"http:\/\/astrodan.fr\/site\/wp-json\/wp\/v2\/pages"}],"about":[{"href":"http:\/\/astrodan.fr\/site\/wp-json\/wp\/v2\/types\/page"}],"author":[{"embeddable":true,"href":"http:\/\/astrodan.fr\/site\/wp-json\/wp\/v2\/users\/1"}],"replies":[{"embeddable":true,"href":"http:\/\/astrodan.fr\/site\/wp-json\/wp\/v2\/comments?post=1845"}],"version-history":[{"count":3,"href":"http:\/\/astrodan.fr\/site\/wp-json\/wp\/v2\/pages\/1845\/revisions"}],"predecessor-version":[{"id":4836,"href":"http:\/\/astrodan.fr\/site\/wp-json\/wp\/v2\/pages\/1845\/revisions\/4836"}],"up":[{"embeddable":true,"href":"http:\/\/astrodan.fr\/site\/wp-json\/wp\/v2\/pages\/79"}],"wp:attachment":[{"href":"http:\/\/astrodan.fr\/site\/wp-json\/wp\/v2\/media?parent=1845"}],"curies":[{"name":"wp","href":"https:\/\/api.w.org\/{rel}","templated":true}]}}