{"id":182,"date":"2015-04-13T05:27:56","date_gmt":"2015-04-13T03:27:56","guid":{"rendered":"http:\/\/astrodan.fr\/site\/?page_id=182"},"modified":"2025-01-28T10:55:39","modified_gmt":"2025-01-28T09:55:39","slug":"lobservation","status":"publish","type":"page","link":"http:\/\/astrodan.fr\/site\/materiel\/lobservation\/","title":{"rendered":"L&rsquo;observation"},"content":{"rendered":"<p>[et_pb_section fb_built=\u00a0\u00bb1&Prime; _builder_version=\u00a0\u00bb4.24.2&Prime; hover_enabled=\u00a0\u00bb0&Prime; global_colors_info=\u00a0\u00bb{}\u00a0\u00bb background_color=\u00a0\u00bb#100a3f\u00a0\u00bb sticky_enabled=\u00a0\u00bb0&Prime;][et_pb_row _builder_version=\u00a0\u00bb4.16&Prime; background_size=\u00a0\u00bbinitial\u00a0\u00bb background_position=\u00a0\u00bbtop_left\u00a0\u00bb background_repeat=\u00a0\u00bbrepeat\u00a0\u00bb global_colors_info=\u00a0\u00bb{}\u00a0\u00bb][et_pb_column type=\u00a0\u00bb4_4&Prime; _builder_version=\u00a0\u00bb4.16&Prime; custom_padding=\u00a0\u00bb|||\u00a0\u00bb global_colors_info=\u00a0\u00bb{}\u00a0\u00bb custom_padding__hover=\u00a0\u00bb|||\u00a0\u00bb][et_pb_text _builder_version=\u00a0\u00bb4.16&Prime; background_size=\u00a0\u00bbinitial\u00a0\u00bb background_position=\u00a0\u00bbtop_left\u00a0\u00bb background_repeat=\u00a0\u00bbrepeat\u00a0\u00bb global_colors_info=\u00a0\u00bb{}\u00a0\u00bb]<\/p>\n<p><a id=\"hdep\" name=\"hdep\"><\/a><\/p>\n<p><span style=\"font-size: 12pt;\">Je vous pr\u00e9sente ici rapidement mon mat\u00e9riel, j&rsquo;essaie de le faire \u00e9voluer au fil du temps, mais surtout en fonction de mes moyens financiers !<\/span><\/p>\n<p><span style=\"font-size: 12pt;\">Mon premier salaire pendant un job d&rsquo;\u00e9t\u00e9 m&rsquo;a permis d&rsquo;acheter un newton Perl Merak de 115\/900, je l&rsquo;ai utilis\u00e9 pendant une quinzaine d&rsquo;ann\u00e9es, puis il a fait place \u00e0 un&nbsp; Dobson de 200\/1200, avec lequel j&rsquo;ai \u00e9norm\u00e9ment observ\u00e9, son gros diam\u00e8tre m&rsquo;a vraiment permis de progresser, mais ce type de monture me limitait trop pour la photo, j&rsquo;ai donc pass\u00e9 le cap, j&rsquo;ai rachet\u00e9 le m\u00eame tube optique de 200mm mais avec 1000mm de focale, et surtout une grosse monture \u00e9quatoriale.<\/span><\/p>\n<p><span style=\"font-size: 12pt;\"><u>Le tube Skywatcher 200\/1000 <\/u>:<\/span><\/p>\n<p><span style=\"text-decoration: underline;\"><span style=\"font-size: 12pt;\">T\u00e9lescope du type Newton de 200mm de diam\u00e8tre et 1000mm de focale<\/span><\/span><\/p>\n<p style=\"text-align: center;\"><img loading=\"lazy\" decoding=\"async\" class=\"alignnone wp-image-4886 size-full\" src=\"http:\/\/astrodan.fr\/site\/wp-content\/uploads\/2023\/materiel\/T200_1000.jpg\" alt=\"\" width=\"1200\" height=\"1200\" data-wpmflightbox=\"0\" data-wpmf_image_lightbox=\"http:\/\/astrodan.fr\/site\/wp-content\/uploads\/2023\/materiel\/T200_1000.jpg\" srcset=\"http:\/\/astrodan.fr\/site\/wp-content\/uploads\/2023\/materiel\/T200_1000.jpg 1200w, http:\/\/astrodan.fr\/site\/wp-content\/uploads\/2023\/materiel\/T200_1000-980x980.jpg 980w, http:\/\/astrodan.fr\/site\/wp-content\/uploads\/2023\/materiel\/T200_1000-480x480.jpg 480w\" sizes=\"(min-width: 0px) and (max-width: 480px) 480px, (min-width: 481px) and (max-width: 980px) 980px, (min-width: 981px) 1200px, 100vw\" \/><\/p>\n<p><span style=\"font-size: 12pt;\"><u>La grosse monture EQ6 :<\/u><\/span><\/p>\n<p>&nbsp;<\/p>\n<p>&nbsp;<\/p>\n<p style=\"text-align: center;\"><img loading=\"lazy\" decoding=\"async\" class=\"alignnone wp-image-4883 size-full\" src=\"http:\/\/astrodan.fr\/site\/wp-content\/uploads\/2023\/materiel\/EQ6.jpg\" alt=\"\" width=\"1200\" height=\"800\" data-wpmflightbox=\"0\" data-wpmf_image_lightbox=\"http:\/\/astrodan.fr\/site\/wp-content\/uploads\/2023\/materiel\/EQ6.jpg\" srcset=\"http:\/\/astrodan.fr\/site\/wp-content\/uploads\/2023\/materiel\/EQ6.jpg 1200w, http:\/\/astrodan.fr\/site\/wp-content\/uploads\/2023\/materiel\/EQ6-980x653.jpg 980w, http:\/\/astrodan.fr\/site\/wp-content\/uploads\/2023\/materiel\/EQ6-480x320.jpg 480w\" sizes=\"(min-width: 0px) and (max-width: 480px) 480px, (min-width: 481px) and (max-width: 980px) 980px, (min-width: 981px) 1200px, 100vw\" \/><\/p>\n<p><span style=\"text-decoration: underline; font-size: 12pt;\">L&rsquo;ensemble mont\u00e9 :<\/span><\/p>\n<p><img loading=\"lazy\" decoding=\"async\" class=\"alignnone wp-image-4885 size-full\" src=\"http:\/\/astrodan.fr\/site\/wp-content\/uploads\/2023\/materiel\/IMG_8828.jpg\" alt=\"\" width=\"1067\" height=\"1600\" data-wpmflightbox=\"0\" data-wpmf_image_lightbox=\"http:\/\/astrodan.fr\/site\/wp-content\/uploads\/2023\/materiel\/IMG_8828.jpg\" srcset=\"http:\/\/astrodan.fr\/site\/wp-content\/uploads\/2023\/materiel\/IMG_8828.jpg 1067w, http:\/\/astrodan.fr\/site\/wp-content\/uploads\/2023\/materiel\/IMG_8828-980x1470.jpg 980w, http:\/\/astrodan.fr\/site\/wp-content\/uploads\/2023\/materiel\/IMG_8828-480x720.jpg 480w\" sizes=\"(min-width: 0px) and (max-width: 480px) 480px, (min-width: 481px) and (max-width: 980px) 980px, (min-width: 981px) 1067px, 100vw\" \/><\/p>\n<p><span style=\"text-decoration: underline;\"><span style=\"font-size: 12pt;\">La Skywatcher 80ED<\/span><\/span><\/p>\n<p><span style=\"text-decoration: underline;\"><span style=\"font-size: 12pt;\">Lunette apochromatique de 80mm de diam\u00e8tre et 600mm de focale<\/span><\/span><\/p>\n<p><img loading=\"lazy\" decoding=\"async\" class=\"alignnone wp-image-4884 size-full\" src=\"http:\/\/astrodan.fr\/site\/wp-content\/uploads\/2023\/materiel\/IMG_1914.jpg\" alt=\"\" width=\"1200\" height=\"800\" data-wpmflightbox=\"0\" data-wpmf_image_lightbox=\"http:\/\/astrodan.fr\/site\/wp-content\/uploads\/2023\/materiel\/IMG_1914.jpg\" srcset=\"http:\/\/astrodan.fr\/site\/wp-content\/uploads\/2023\/materiel\/IMG_1914.jpg 1200w, http:\/\/astrodan.fr\/site\/wp-content\/uploads\/2023\/materiel\/IMG_1914-980x653.jpg 980w, http:\/\/astrodan.fr\/site\/wp-content\/uploads\/2023\/materiel\/IMG_1914-480x320.jpg 480w\" sizes=\"(min-width: 0px) and (max-width: 480px) 480px, (min-width: 481px) and (max-width: 980px) 980px, (min-width: 981px) 1200px, 100vw\" \/><\/p>\n<p><span style=\"text-decoration: underline; font-size: 12pt;\">La Skywatcher 72 ED<\/span><\/p>\n<p><span style=\"text-decoration: underline;\"><span style=\"font-size: 12pt;\">Lunette apochromatique de 72mm de diam\u00e8tre et 420mm de focale<\/span><\/span><\/p>\n<p><img loading=\"lazy\" decoding=\"async\" class=\"alignnone size-full wp-image-4879\" src=\"http:\/\/astrodan.fr\/site\/wp-content\/uploads\/2023\/materiel\/BDapo72set.jpg\" alt=\"\" width=\"771\" height=\"269\" srcset=\"http:\/\/astrodan.fr\/site\/wp-content\/uploads\/2023\/materiel\/BDapo72set.jpg 771w, http:\/\/astrodan.fr\/site\/wp-content\/uploads\/2023\/materiel\/BDapo72set-480x167.jpg 480w\" sizes=\"(min-width: 0px) and (max-width: 480px) 480px, (min-width: 481px) 771px, 100vw\" \/><\/p>\n<p><span style=\"text-decoration: underline;\"><span style=\"font-size: 12pt;\">Le <span style=\"text-decoration-line: underline;\">Celestron 8<\/span><\/span><\/span><\/p>\n<p><span style=\"text-decoration: underline;\"><span style=\"font-size: 12pt;\">T\u00e9lescope du type Schmidt-Cassegrain de 200mm de diam\u00e8tre et 2000mm de focale<\/span><\/span><\/p>\n<p>&nbsp; &nbsp; <img loading=\"lazy\" decoding=\"async\" class=\"alignnone size-full wp-image-4882\" src=\"http:\/\/astrodan.fr\/site\/wp-content\/uploads\/2023\/materiel\/c8_3-scaled.jpg\" alt=\"\" width=\"1440\" height=\"2560\" srcset=\"http:\/\/astrodan.fr\/site\/wp-content\/uploads\/2023\/materiel\/c8_3-scaled.jpg 1440w, http:\/\/astrodan.fr\/site\/wp-content\/uploads\/2023\/materiel\/c8_3-1280x2276.jpg 1280w, http:\/\/astrodan.fr\/site\/wp-content\/uploads\/2023\/materiel\/c8_3-980x1742.jpg 980w, http:\/\/astrodan.fr\/site\/wp-content\/uploads\/2023\/materiel\/c8_3-480x853.jpg 480w\" sizes=\"(min-width: 0px) and (max-width: 480px) 480px, (min-width: 481px) and (max-width: 980px) 980px, (min-width: 981px) and (max-width: 1280px) 1280px, (min-width: 1281px) 1440px, 100vw\" \/> <img loading=\"lazy\" decoding=\"async\" class=\"alignnone size-full wp-image-4881\" src=\"http:\/\/astrodan.fr\/site\/wp-content\/uploads\/2023\/materiel\/c8_2-scaled.jpg\" alt=\"\" width=\"1440\" height=\"2560\" srcset=\"http:\/\/astrodan.fr\/site\/wp-content\/uploads\/2023\/materiel\/c8_2-scaled.jpg 1440w, http:\/\/astrodan.fr\/site\/wp-content\/uploads\/2023\/materiel\/c8_2-1280x2276.jpg 1280w, http:\/\/astrodan.fr\/site\/wp-content\/uploads\/2023\/materiel\/c8_2-980x1742.jpg 980w, http:\/\/astrodan.fr\/site\/wp-content\/uploads\/2023\/materiel\/c8_2-480x853.jpg 480w\" sizes=\"(min-width: 0px) and (max-width: 480px) 480px, (min-width: 481px) and (max-width: 980px) 980px, (min-width: 981px) and (max-width: 1280px) 1280px, (min-width: 1281px) 1440px, 100vw\" \/> <img loading=\"lazy\" decoding=\"async\" class=\"alignnone size-full wp-image-4880\" src=\"http:\/\/astrodan.fr\/site\/wp-content\/uploads\/2023\/materiel\/c8_1-scaled.jpg\" alt=\"\" width=\"1440\" height=\"2560\" srcset=\"http:\/\/astrodan.fr\/site\/wp-content\/uploads\/2023\/materiel\/c8_1-scaled.jpg 1440w, http:\/\/astrodan.fr\/site\/wp-content\/uploads\/2023\/materiel\/c8_1-1280x2276.jpg 1280w, http:\/\/astrodan.fr\/site\/wp-content\/uploads\/2023\/materiel\/c8_1-980x1742.jpg 980w, http:\/\/astrodan.fr\/site\/wp-content\/uploads\/2023\/materiel\/c8_1-480x853.jpg 480w\" sizes=\"(min-width: 0px) and (max-width: 480px) 480px, (min-width: 481px) and (max-width: 980px) 980px, (min-width: 981px) and (max-width: 1280px) 1280px, (min-width: 1281px) 1440px, 100vw\" \/><\/p>\n<p>&nbsp;<\/p>\n<p><a href=\"http:\/\/astrodan.fr\/site\/?page_id=182#hdep\">Haut de page<\/a><\/p>\n<p>[\/et_pb_text][\/et_pb_column][\/et_pb_row][\/et_pb_section]<\/p>\n","protected":false},"excerpt":{"rendered":"<p>Je vous pr\u00e9sente ici rapidement mon mat\u00e9riel, j&rsquo;essaie de le faire \u00e9voluer au fil du temps, mais surtout en fonction de mes moyens financiers ! Mon premier salaire pendant un job d&rsquo;\u00e9t\u00e9 m&rsquo;a permis d&rsquo;acheter un newton Perl Merak de 115\/900, je l&rsquo;ai utilis\u00e9 pendant une quinzaine d&rsquo;ann\u00e9es, puis il a fait place \u00e0 un&nbsp; [&hellip;]<\/p>\n","protected":false},"author":1,"featured_media":0,"parent":41,"menu_order":0,"comment_status":"closed","ping_status":"closed","template":"","meta":{"_et_pb_use_builder":"on","_et_pb_old_content":"<p><a id=\"hdep\" name=\"hdep\"><\/a><\/p>\r\n<p><span style=\"font-size: 12pt;\">Je vous pr\u00e9sente ici rapidement mon mat\u00e9riel, j'essaie de le faire \u00e9voluer au fil du temps, mais surtout en fonction de mes moyens financiers !<\/span><\/p>\r\n<p><span style=\"font-size: 12pt;\">Mon premier salaire pendant un job d'\u00e9t\u00e9 m'a permis d'acheter un newton Perl Merak de 115\/900, je l'ai utilis\u00e9 pendant une quinzaine d'ann\u00e9es, puis il a fait place \u00e0 un\u00a0 Dobson de 200\/1200, avec lequel j'ai \u00e9norm\u00e9ment observ\u00e9, son gros diam\u00e8tre m'a vraiment permis de progresser, mais ce type de monture me limitait trop pour la photo, j'ai donc pass\u00e9 le cap, j'ai rachet\u00e9 le m\u00eame tube optique de 200mm mais avec 1000mm de focale, et surtout une grosse monture \u00e9quatoriale.<\/span><\/p>\r\n<p><span style=\"font-size: 12pt;\"><u>Le tube Skywatcher 200\/1000 <\/u>:<\/span><\/p>\r\n<p><span style=\"text-decoration: underline;\"><span style=\"font-size: 12pt;\">T\u00e9lescope du type Newton de 200mm de diam\u00e8tre et 1000mm de focale<\/span><\/span><\/p>\r\n<p style=\"text-align: center;\"><img class=\"alignnone wp-image-4886 size-full\" src=\"http:\/\/astrodan.fr\/site\/wp-content\/uploads\/2023\/materiel\/T200_1000.jpg\" alt=\"\" width=\"1200\" height=\"1200\" data-wpmflightbox=\"0\" data-wpmf_image_lightbox=\"http:\/\/astrodan.fr\/site\/wp-content\/uploads\/2023\/materiel\/T200_1000.jpg\"><\/p>\r\n<p><span style=\"font-size: 12pt;\"><u>La grosse monture EQ6 :<\/u><\/span><\/p>\r\n<p>\u00a0<\/p>\r\n<p>\u00a0<\/p>\r\n<p style=\"text-align: center;\"><img class=\"alignnone wp-image-4883 size-full\" src=\"http:\/\/astrodan.fr\/site\/wp-content\/uploads\/2023\/materiel\/EQ6.jpg\" alt=\"\" width=\"1200\" height=\"800\" data-wpmflightbox=\"0\" data-wpmf_image_lightbox=\"http:\/\/astrodan.fr\/site\/wp-content\/uploads\/2023\/materiel\/EQ6.jpg\"><\/p>\r\n<p><span style=\"text-decoration: underline; font-size: 12pt;\">L'ensemble mont\u00e9 :<\/span><\/p>\r\n<p><img class=\"alignnone wp-image-4885 size-full\" src=\"http:\/\/astrodan.fr\/site\/wp-content\/uploads\/2023\/materiel\/IMG_8828.jpg\" alt=\"\" width=\"1067\" height=\"1600\" data-wpmflightbox=\"0\" data-wpmf_image_lightbox=\"http:\/\/astrodan.fr\/site\/wp-content\/uploads\/2023\/materiel\/IMG_8828.jpg\"><\/p>\r\n<p><span style=\"text-decoration: underline;\"><span style=\"font-size: 12pt;\">La Skywatcher 80ED<\/span><\/span><\/p>\r\n<p><span style=\"text-decoration: underline;\"><span style=\"font-size: 12pt;\">Lunette apochromatique de 80mm de diam\u00e8tre et 600mm de focale<\/span><\/span><\/p>\r\n<p><img class=\"alignnone wp-image-4884 size-full\" src=\"http:\/\/astrodan.fr\/site\/wp-content\/uploads\/2023\/materiel\/IMG_1914.jpg\" alt=\"\" width=\"1200\" height=\"800\" data-wpmflightbox=\"0\" data-wpmf_image_lightbox=\"http:\/\/astrodan.fr\/site\/wp-content\/uploads\/2023\/materiel\/IMG_1914.jpg\"><\/p>\r\n<p><span style=\"text-decoration: underline; font-size: 12pt;\">La Skywatcher 72 ED<\/span><\/p>\r\n<p><span style=\"text-decoration: underline;\"><span style=\"font-size: 12pt;\">Lunette apochromatique de 72mm de diam\u00e8tre et 420mm de focale<\/span><\/span><\/p>\r\n<p><img class=\"alignnone size-full wp-image-4879\" src=\"http:\/\/astrodan.fr\/site\/wp-content\/uploads\/2023\/materiel\/BDapo72set.jpg\" alt=\"\" width=\"771\" height=\"269\"><\/p>\r\n<p><span style=\"text-decoration: underline;\"><span style=\"font-size: 12pt;\">Le <span style=\"text-decoration-line: underline;\">Celestron 8<\/span><\/span><\/span><\/p>\r\n<p><span style=\"text-decoration: underline;\"><span style=\"font-size: 12pt;\">T\u00e9lescope du type Schmidt-Cassegrain de 200mm de diam\u00e8tre et 2000mm de focale<\/span><\/span><\/p>\r\n<p>\u00a0 \u00a0 <img class=\"alignnone size-full wp-image-4882\" src=\"http:\/\/astrodan.fr\/site\/wp-content\/uploads\/2023\/materiel\/c8_3-scaled.jpg\" alt=\"\" width=\"1440\" height=\"2560\"> <img class=\"alignnone size-full wp-image-4881\" src=\"http:\/\/astrodan.fr\/site\/wp-content\/uploads\/2023\/materiel\/c8_2-scaled.jpg\" alt=\"\" width=\"1440\" height=\"2560\"> <img class=\"alignnone size-full wp-image-4880\" src=\"http:\/\/astrodan.fr\/site\/wp-content\/uploads\/2023\/materiel\/c8_1-scaled.jpg\" alt=\"\" width=\"1440\" height=\"2560\"><\/p>\r\n<p>\u00a0<\/p>\r\n<p><a href=\"http:\/\/astrodan.fr\/site\/?page_id=182#hdep\">Haut de page<\/a><\/p>","_et_gb_content_width":"","ngg_post_thumbnail":0,"footnotes":""},"_links":{"self":[{"href":"http:\/\/astrodan.fr\/site\/wp-json\/wp\/v2\/pages\/182"}],"collection":[{"href":"http:\/\/astrodan.fr\/site\/wp-json\/wp\/v2\/pages"}],"about":[{"href":"http:\/\/astrodan.fr\/site\/wp-json\/wp\/v2\/types\/page"}],"author":[{"embeddable":true,"href":"http:\/\/astrodan.fr\/site\/wp-json\/wp\/v2\/users\/1"}],"replies":[{"embeddable":true,"href":"http:\/\/astrodan.fr\/site\/wp-json\/wp\/v2\/comments?post=182"}],"version-history":[{"count":4,"href":"http:\/\/astrodan.fr\/site\/wp-json\/wp\/v2\/pages\/182\/revisions"}],"predecessor-version":[{"id":7369,"href":"http:\/\/astrodan.fr\/site\/wp-json\/wp\/v2\/pages\/182\/revisions\/7369"}],"up":[{"embeddable":true,"href":"http:\/\/astrodan.fr\/site\/wp-json\/wp\/v2\/pages\/41"}],"wp:attachment":[{"href":"http:\/\/astrodan.fr\/site\/wp-json\/wp\/v2\/media?parent=182"}],"curies":[{"name":"wp","href":"https:\/\/api.w.org\/{rel}","templated":true}]}}