{"id":1667,"date":"2020-07-09T01:21:28","date_gmt":"2020-07-08T23:21:28","guid":{"rendered":"http:\/\/astrodan.fr\/site\/?page_id=1667"},"modified":"2023-02-28T14:34:10","modified_gmt":"2023-02-28T13:34:10","slug":"comete-c-2020-f3-neowise","status":"publish","type":"page","link":"http:\/\/astrodan.fr\/site\/cometes-2\/comete-c-2020-f3-neowise\/","title":{"rendered":"C\/2020 F3 Neowise"},"content":{"rendered":"<p>[et_pb_section fb_built=\u00a0\u00bb1&Prime; admin_label=\u00a0\u00bbsection\u00a0\u00bb _builder_version=\u00a0\u00bb4.20.0&Prime; hover_enabled=\u00a0\u00bb0&Prime; global_colors_info=\u00a0\u00bb{}\u00a0\u00bb background_color=\u00a0\u00bb#100a3f\u00a0\u00bb sticky_enabled=\u00a0\u00bb0&Prime;][et_pb_row admin_label=\u00a0\u00bbrow\u00a0\u00bb _builder_version=\u00a0\u00bb4.16&Prime; background_size=\u00a0\u00bbinitial\u00a0\u00bb background_position=\u00a0\u00bbtop_left\u00a0\u00bb background_repeat=\u00a0\u00bbrepeat\u00a0\u00bb global_colors_info=\u00a0\u00bb{}\u00a0\u00bb][et_pb_column type=\u00a0\u00bb4_4&Prime; _builder_version=\u00a0\u00bb4.16&Prime; custom_padding=\u00a0\u00bb|||\u00a0\u00bb global_colors_info=\u00a0\u00bb{}\u00a0\u00bb custom_padding__hover=\u00a0\u00bb|||\u00a0\u00bb][et_pb_text admin_label=\u00a0\u00bbText\u00a0\u00bb _builder_version=\u00a0\u00bb4.16&Prime; background_size=\u00a0\u00bbinitial\u00a0\u00bb background_position=\u00a0\u00bbtop_left\u00a0\u00bb background_repeat=\u00a0\u00bbrepeat\u00a0\u00bb global_colors_info=\u00a0\u00bb{}\u00a0\u00bb]<\/p>\n<p><span style=\"text-decoration: underline;\">Premi\u00e8res photos de la com\u00e8te C\/2020 F3 Neowise, au milieu de nuages noctulescents ou noctuliques le 08\/07\/2020<br \/>\n<\/span><\/p>\n<p><img loading=\"lazy\" decoding=\"async\" src=\"http:\/\/astrodan.fr\/site\/wp-content\/uploads\/_thumbs\/Images\/Com%C3%A8tes\/C%202020%20F3%20Neowise\/F3_1.jpg\" width=\"2520\" height=\"1782\"><\/p>\n<p>&nbsp;<\/p>\n<p><img loading=\"lazy\" decoding=\"async\" src=\"http:\/\/astrodan.fr\/site\/wp-content\/uploads\/_thumbs\/Images\/Com%C3%A8tes\/C%202020%20F3%20Neowise\/ANIM.gif\" width=\"1500\" height=\"1000\"> <img loading=\"lazy\" decoding=\"async\" src=\"http:\/\/astrodan.fr\/site\/wp-content\/uploads\/_thumbs\/Images\/Com%C3%A8tes\/C%202020%20F3%20Neowise\/ANIM1.gif\" width=\"1500\" height=\"1000\"> <img loading=\"lazy\" decoding=\"async\" src=\"http:\/\/astrodan.fr\/site\/wp-content\/uploads\/_thumbs\/Images\/Com%C3%A8tes\/C%202020%20F3%20Neowise\/com01.jpg\" width=\"1500\" height=\"1000\"> <img loading=\"lazy\" decoding=\"async\" src=\"http:\/\/astrodan.fr\/site\/wp-content\/uploads\/_thumbs\/Images\/Com%C3%A8tes\/C%202020%20F3%20Neowise\/com02.jpg\" width=\"1500\" height=\"1000\"> <img loading=\"lazy\" decoding=\"async\" src=\"http:\/\/astrodan.fr\/site\/wp-content\/uploads\/_thumbs\/Images\/Com%C3%A8tes\/C%202020%20F3%20Neowise\/com03.jpg\" width=\"1500\" height=\"1000\"> <img loading=\"lazy\" decoding=\"async\" src=\"http:\/\/astrodan.fr\/site\/wp-content\/uploads\/_thumbs\/Images\/Com%C3%A8tes\/C%202020%20F3%20Neowise\/com04.jpg\" width=\"1500\" height=\"1000\"> <img loading=\"lazy\" decoding=\"async\" src=\"http:\/\/astrodan.fr\/site\/wp-content\/uploads\/_thumbs\/Images\/Com%C3%A8tes\/C%202020%20F3%20Neowise\/com05.jpg\" width=\"1500\" height=\"1000\"> <img loading=\"lazy\" decoding=\"async\" src=\"http:\/\/astrodan.fr\/site\/wp-content\/uploads\/_thumbs\/Images\/Com%C3%A8tes\/C%202020%20F3%20Neowise\/com06.jpg\" width=\"1500\" height=\"1000\"> <img loading=\"lazy\" decoding=\"async\" src=\"http:\/\/astrodan.fr\/site\/wp-content\/uploads\/_thumbs\/Images\/Com%C3%A8tes\/C%202020%20F3%20Neowise\/com07.jpg\" width=\"1500\" height=\"1000\"> <img loading=\"lazy\" decoding=\"async\" src=\"http:\/\/astrodan.fr\/site\/wp-content\/uploads\/_thumbs\/Images\/Com%C3%A8tes\/C%202020%20F3%20Neowise\/com08.jpg\" width=\"1500\" height=\"1000\"> <img loading=\"lazy\" decoding=\"async\" src=\"http:\/\/astrodan.fr\/site\/wp-content\/uploads\/_thumbs\/Images\/Com%C3%A8tes\/C%202020%20F3%20Neowise\/com09.jpg\" width=\"1500\" height=\"1000\"> <img loading=\"lazy\" decoding=\"async\" src=\"http:\/\/astrodan.fr\/site\/wp-content\/uploads\/_thumbs\/Images\/Com%C3%A8tes\/C%202020%20F3%20Neowise\/com10.jpg\" width=\"1500\" height=\"1000\"> <img loading=\"lazy\" decoding=\"async\" src=\"http:\/\/astrodan.fr\/site\/wp-content\/uploads\/_thumbs\/Images\/Com%C3%A8tes\/C%202020%20F3%20Neowise\/com11.jpg\" width=\"1500\" height=\"1000\"> <img loading=\"lazy\" decoding=\"async\" src=\"http:\/\/astrodan.fr\/site\/wp-content\/uploads\/_thumbs\/Images\/Com%C3%A8tes\/C%202020%20F3%20Neowise\/com12.jpg\" width=\"1500\" height=\"1000\"> <img loading=\"lazy\" decoding=\"async\" src=\"http:\/\/astrodan.fr\/site\/wp-content\/uploads\/_thumbs\/Images\/Com%C3%A8tes\/C%202020%20F3%20Neowise\/com13.jpg\" width=\"1500\" height=\"1000\"> <img loading=\"lazy\" decoding=\"async\" src=\"http:\/\/astrodan.fr\/site\/wp-content\/uploads\/_thumbs\/Images\/Com%C3%A8tes\/C%202020%20F3%20Neowise\/com14.jpg\" width=\"1500\" height=\"1000\"> <img loading=\"lazy\" decoding=\"async\" src=\"http:\/\/astrodan.fr\/site\/wp-content\/uploads\/_thumbs\/Images\/Com%C3%A8tes\/C%202020%20F3%20Neowise\/com15.jpg\" width=\"1500\" height=\"1000\"> <img loading=\"lazy\" decoding=\"async\" src=\"http:\/\/astrodan.fr\/site\/wp-content\/uploads\/_thumbs\/Images\/Com%C3%A8tes\/C%202020%20F3%20Neowise\/com16.jpg\" width=\"1500\" height=\"1000\"> <img loading=\"lazy\" decoding=\"async\" src=\"http:\/\/astrodan.fr\/site\/wp-content\/uploads\/_thumbs\/Images\/Com%C3%A8tes\/C%202020%20F3%20Neowise\/com17.jpg\" width=\"1500\" height=\"1000\"> <img loading=\"lazy\" decoding=\"async\" src=\"http:\/\/astrodan.fr\/site\/wp-content\/uploads\/_thumbs\/Images\/Com%C3%A8tes\/C%202020%20F3%20Neowise\/com18.jpg\" width=\"1500\" height=\"1000\"> <img loading=\"lazy\" decoding=\"async\" src=\"http:\/\/astrodan.fr\/site\/wp-content\/uploads\/_thumbs\/Images\/Com%C3%A8tes\/C%202020%20F3%20Neowise\/com19.jpg\" width=\"1500\" height=\"1000\"> <img loading=\"lazy\" decoding=\"async\" src=\"http:\/\/astrodan.fr\/site\/wp-content\/uploads\/_thumbs\/Images\/Com%C3%A8tes\/C%202020%20F3%20Neowise\/com20.jpg\" width=\"1500\" height=\"1000\"> <img loading=\"lazy\" decoding=\"async\" src=\"http:\/\/astrodan.fr\/site\/wp-content\/uploads\/_thumbs\/Images\/Com%C3%A8tes\/C%202020%20F3%20Neowise\/pano_w.jpg\" width=\"1500\" height=\"293\"><\/p>\n<p><span style=\"text-decoration: underline;\">La com\u00e8te le 10\/07\/2020<\/span><\/p>\n<p><img loading=\"lazy\" decoding=\"async\" src=\"http:\/\/astrodan.fr\/site\/wp-content\/uploads\/_thumbs\/Images\/Com%C3%A8tes\/C%202020%20F3%20Neowise\/Neowise_Canon70mm_1.jpg\" width=\"1500\" height=\"1000\"> <img loading=\"lazy\" decoding=\"async\" src=\"http:\/\/astrodan.fr\/site\/wp-content\/uploads\/_thumbs\/Images\/Com%C3%A8tes\/C%202020%20F3%20Neowise\/Neowise_Canon70mm_2.jpg\" width=\"1500\" height=\"1000\"> <img loading=\"lazy\" decoding=\"async\" src=\"http:\/\/astrodan.fr\/site\/wp-content\/uploads\/_thumbs\/Images\/Com%C3%A8tes\/C%202020%20F3%20Neowise\/Neowise_Canon200mm.jpg\" width=\"1500\" height=\"1000\"> <img loading=\"lazy\" decoding=\"async\" src=\"http:\/\/astrodan.fr\/site\/wp-content\/uploads\/_thumbs\/Images\/Com%C3%A8tes\/C%202020%20F3%20Neowise\/Neowise_dobson200.jpg\" width=\"1500\" height=\"1000\"><\/p>\n<p><span style=\"text-decoration: underline;\">La com\u00e8te prise \u00e0 Langatte le 12 juillet 2020<\/span><\/p>\n<p><img loading=\"lazy\" decoding=\"async\" src=\"http:\/\/astrodan.fr\/site\/wp-content\/uploads\/_thumbs\/Images\/Com%C3%A8tes\/C%202020%20F3%20Neowise\/neowise01.jpg\" width=\"1500\" height=\"1000\"> <img loading=\"lazy\" decoding=\"async\" src=\"http:\/\/astrodan.fr\/site\/wp-content\/uploads\/_thumbs\/Images\/Com%C3%A8tes\/C%202020%20F3%20Neowise\/neowise02.jpg\" width=\"1500\" height=\"1000\"> <img loading=\"lazy\" decoding=\"async\" src=\"http:\/\/astrodan.fr\/site\/wp-content\/uploads\/_thumbs\/Images\/Com%C3%A8tes\/C%202020%20F3%20Neowise\/neowise03.jpg\" width=\"1500\" height=\"1000\"> <img loading=\"lazy\" decoding=\"async\" src=\"http:\/\/astrodan.fr\/site\/wp-content\/uploads\/_thumbs\/Images\/Com%C3%A8tes\/C%202020%20F3%20Neowise\/neowise04.jpg\" width=\"1500\" height=\"1000\"> <img loading=\"lazy\" decoding=\"async\" src=\"http:\/\/astrodan.fr\/site\/wp-content\/uploads\/_thumbs\/Images\/Com%C3%A8tes\/C%202020%20F3%20Neowise\/neowise05.jpg\" width=\"1500\" height=\"1000\"> <img loading=\"lazy\" decoding=\"async\" src=\"http:\/\/astrodan.fr\/site\/wp-content\/uploads\/_thumbs\/Images\/Com%C3%A8tes\/C%202020%20F3%20Neowise\/neowise06.jpg\" width=\"1500\" height=\"1000\"><\/p>\n<p><span style=\"text-decoration: underline;\">La com\u00e8te le 19 juillet \u00e0 Obervisse<\/span><\/p>\n<p>&nbsp;<span style=\"text-decoration: underline;\">Canon 700D + 70-200 mm@200m, pose de 10 s, 800 iso<\/span> <img loading=\"lazy\" decoding=\"async\" src=\"http:\/\/astrodan.fr\/site\/wp-content\/uploads\/_thumbs\/Images\/Com%C3%A8tes\/C%202020%20F3%20Neowise\/IMG_1270_m.JPG\" width=\"1500\" height=\"1000\"><\/p>\n<p><span style=\"text-decoration: underline;\">Addition de 60 poses de 15s , 400iso<\/span><\/p>\n<p><img loading=\"lazy\" decoding=\"async\" src=\"http:\/\/astrodan.fr\/site\/wp-content\/uploads\/_thumbs\/Images\/Com%C3%A8tes\/C%202020%20F3%20Neowise\/addition2_sw.jpg\" width=\"1500\" height=\"1006\"><\/p>\n<p><img loading=\"lazy\" decoding=\"async\" src=\"http:\/\/astrodan.fr\/site\/wp-content\/uploads\/_thumbs\/Images\/Com%C3%A8tes\/C%202020%20F3%20Neowise\/_additionv5.jpg\" width=\"2000\" height=\"1312\"><\/p>\n<p><img loading=\"lazy\" decoding=\"async\" src=\"http:\/\/astrodan.fr\/site\/wp-content\/uploads\/_thumbs\/Images\/Com%C3%A8tes\/C%202020%20F3%20Neowise\/IMG_9661_filtered.jpg\" width=\"1936\" height=\"1288\"><\/p>\n<p><img loading=\"lazy\" decoding=\"async\" src=\"http:\/\/astrodan.fr\/site\/wp-content\/uploads\/_thumbs\/Images\/Com%C3%A8tes\/C%202020%20F3%20Neowise\/IMG_9637_filtered.jpg\" width=\"1747\" height=\"1165\"><\/p>\n<p><span style=\"text-decoration: underline;\">La com\u00e8te le 24 juillet 2020<\/span><\/p>\n<p><img loading=\"lazy\" decoding=\"async\" src=\"http:\/\/astrodan.fr\/site\/wp-content\/uploads\/_thumbs\/Images\/Com%C3%A8tes\/C%202020%20F3%20Neowise\/IMG_9682-Mw.jpg\" width=\"1500\" height=\"1000\"><\/p>\n<p><a href=\"http:\/\/astrodan.fr\/site\/?page_id=1667\"><span style=\"text-decoration: underline;\">Haut de page<\/span><\/a><\/p>\n<p>&nbsp;<\/p>\n<p>[\/et_pb_text][\/et_pb_column][\/et_pb_row][\/et_pb_section]<\/p>\n","protected":false},"excerpt":{"rendered":"<p>Premi\u00e8res photos de la com\u00e8te C\/2020 F3 Neowise, au milieu de nuages noctulescents ou noctuliques le 08\/07\/2020 &nbsp; La com\u00e8te le 10\/07\/2020 La com\u00e8te prise \u00e0 Langatte le 12 juillet 2020 La com\u00e8te le 19 juillet \u00e0 Obervisse &nbsp;Canon 700D + 70-200 mm@200m, pose de 10 s, 800 iso Addition de 60 poses de 15s [&hellip;]<\/p>\n","protected":false},"author":1,"featured_media":0,"parent":120,"menu_order":12,"comment_status":"closed","ping_status":"closed","template":"","meta":{"_et_pb_use_builder":"on","_et_pb_old_content":"<p><span style=\"text-decoration: underline;\">Premi\u00e8res photos de la com\u00e8te C\/2020 F3 Neowise, au milieu de nuages noctulescents ou noctuliques le 08\/07\/2020<br>\r\n<\/span><\/p>\r\n<p><img src=\"http:\/\/astrodan.fr\/site\/wp-content\/uploads\/_thumbs\/Images\/Com%C3%A8tes\/C%202020%20F3%20Neowise\/F3_1.jpg\" width=\"2520\" height=\"1782\"><\/p>\r\n<p>&nbsp;<\/p>\r\n<p><img src=\"http:\/\/astrodan.fr\/site\/wp-content\/uploads\/_thumbs\/Images\/Com%C3%A8tes\/C%202020%20F3%20Neowise\/ANIM.gif\" width=\"1500\" height=\"1000\"> <img src=\"http:\/\/astrodan.fr\/site\/wp-content\/uploads\/_thumbs\/Images\/Com%C3%A8tes\/C%202020%20F3%20Neowise\/ANIM1.gif\" width=\"1500\" height=\"1000\"> <img src=\"http:\/\/astrodan.fr\/site\/wp-content\/uploads\/_thumbs\/Images\/Com%C3%A8tes\/C%202020%20F3%20Neowise\/com01.jpg\" width=\"1500\" height=\"1000\"> <img src=\"http:\/\/astrodan.fr\/site\/wp-content\/uploads\/_thumbs\/Images\/Com%C3%A8tes\/C%202020%20F3%20Neowise\/com02.jpg\" width=\"1500\" height=\"1000\"> <img src=\"http:\/\/astrodan.fr\/site\/wp-content\/uploads\/_thumbs\/Images\/Com%C3%A8tes\/C%202020%20F3%20Neowise\/com03.jpg\" width=\"1500\" height=\"1000\"> <img src=\"http:\/\/astrodan.fr\/site\/wp-content\/uploads\/_thumbs\/Images\/Com%C3%A8tes\/C%202020%20F3%20Neowise\/com04.jpg\" width=\"1500\" height=\"1000\"> <img src=\"http:\/\/astrodan.fr\/site\/wp-content\/uploads\/_thumbs\/Images\/Com%C3%A8tes\/C%202020%20F3%20Neowise\/com05.jpg\" width=\"1500\" height=\"1000\"> <img src=\"http:\/\/astrodan.fr\/site\/wp-content\/uploads\/_thumbs\/Images\/Com%C3%A8tes\/C%202020%20F3%20Neowise\/com06.jpg\" width=\"1500\" height=\"1000\"> <img src=\"http:\/\/astrodan.fr\/site\/wp-content\/uploads\/_thumbs\/Images\/Com%C3%A8tes\/C%202020%20F3%20Neowise\/com07.jpg\" width=\"1500\" height=\"1000\"> <img src=\"http:\/\/astrodan.fr\/site\/wp-content\/uploads\/_thumbs\/Images\/Com%C3%A8tes\/C%202020%20F3%20Neowise\/com08.jpg\" width=\"1500\" height=\"1000\"> <img src=\"http:\/\/astrodan.fr\/site\/wp-content\/uploads\/_thumbs\/Images\/Com%C3%A8tes\/C%202020%20F3%20Neowise\/com09.jpg\" width=\"1500\" height=\"1000\"> <img src=\"http:\/\/astrodan.fr\/site\/wp-content\/uploads\/_thumbs\/Images\/Com%C3%A8tes\/C%202020%20F3%20Neowise\/com10.jpg\" width=\"1500\" height=\"1000\"> <img src=\"http:\/\/astrodan.fr\/site\/wp-content\/uploads\/_thumbs\/Images\/Com%C3%A8tes\/C%202020%20F3%20Neowise\/com11.jpg\" width=\"1500\" height=\"1000\"> <img src=\"http:\/\/astrodan.fr\/site\/wp-content\/uploads\/_thumbs\/Images\/Com%C3%A8tes\/C%202020%20F3%20Neowise\/com12.jpg\" width=\"1500\" height=\"1000\"> <img src=\"http:\/\/astrodan.fr\/site\/wp-content\/uploads\/_thumbs\/Images\/Com%C3%A8tes\/C%202020%20F3%20Neowise\/com13.jpg\" width=\"1500\" height=\"1000\"> <img src=\"http:\/\/astrodan.fr\/site\/wp-content\/uploads\/_thumbs\/Images\/Com%C3%A8tes\/C%202020%20F3%20Neowise\/com14.jpg\" width=\"1500\" height=\"1000\"> <img src=\"http:\/\/astrodan.fr\/site\/wp-content\/uploads\/_thumbs\/Images\/Com%C3%A8tes\/C%202020%20F3%20Neowise\/com15.jpg\" width=\"1500\" height=\"1000\"> <img src=\"http:\/\/astrodan.fr\/site\/wp-content\/uploads\/_thumbs\/Images\/Com%C3%A8tes\/C%202020%20F3%20Neowise\/com16.jpg\" width=\"1500\" height=\"1000\"> <img src=\"http:\/\/astrodan.fr\/site\/wp-content\/uploads\/_thumbs\/Images\/Com%C3%A8tes\/C%202020%20F3%20Neowise\/com17.jpg\" width=\"1500\" height=\"1000\"> <img src=\"http:\/\/astrodan.fr\/site\/wp-content\/uploads\/_thumbs\/Images\/Com%C3%A8tes\/C%202020%20F3%20Neowise\/com18.jpg\" width=\"1500\" height=\"1000\"> <img src=\"http:\/\/astrodan.fr\/site\/wp-content\/uploads\/_thumbs\/Images\/Com%C3%A8tes\/C%202020%20F3%20Neowise\/com19.jpg\" width=\"1500\" height=\"1000\"> <img src=\"http:\/\/astrodan.fr\/site\/wp-content\/uploads\/_thumbs\/Images\/Com%C3%A8tes\/C%202020%20F3%20Neowise\/com20.jpg\" width=\"1500\" height=\"1000\"> <img src=\"http:\/\/astrodan.fr\/site\/wp-content\/uploads\/_thumbs\/Images\/Com%C3%A8tes\/C%202020%20F3%20Neowise\/pano_w.jpg\" width=\"1500\" height=\"293\"><\/p>\r\n<p><span style=\"text-decoration: underline;\">La com\u00e8te le 10\/07\/2020<\/span><\/p>\r\n<p><img src=\"http:\/\/astrodan.fr\/site\/wp-content\/uploads\/_thumbs\/Images\/Com%C3%A8tes\/C%202020%20F3%20Neowise\/Neowise_Canon70mm_1.jpg\" width=\"1500\" height=\"1000\"> <img src=\"http:\/\/astrodan.fr\/site\/wp-content\/uploads\/_thumbs\/Images\/Com%C3%A8tes\/C%202020%20F3%20Neowise\/Neowise_Canon70mm_2.jpg\" width=\"1500\" height=\"1000\"> <img src=\"http:\/\/astrodan.fr\/site\/wp-content\/uploads\/_thumbs\/Images\/Com%C3%A8tes\/C%202020%20F3%20Neowise\/Neowise_Canon200mm.jpg\" width=\"1500\" height=\"1000\"> <img src=\"http:\/\/astrodan.fr\/site\/wp-content\/uploads\/_thumbs\/Images\/Com%C3%A8tes\/C%202020%20F3%20Neowise\/Neowise_dobson200.jpg\" width=\"1500\" height=\"1000\"><\/p>\r\n<p><span style=\"text-decoration: underline;\">La com\u00e8te prise \u00e0 Langatte le 12 juillet 2020<\/span><\/p>\r\n<p><img src=\"http:\/\/astrodan.fr\/site\/wp-content\/uploads\/_thumbs\/Images\/Com%C3%A8tes\/C%202020%20F3%20Neowise\/neowise01.jpg\" width=\"1500\" height=\"1000\"> <img src=\"http:\/\/astrodan.fr\/site\/wp-content\/uploads\/_thumbs\/Images\/Com%C3%A8tes\/C%202020%20F3%20Neowise\/neowise02.jpg\" width=\"1500\" height=\"1000\"> <img src=\"http:\/\/astrodan.fr\/site\/wp-content\/uploads\/_thumbs\/Images\/Com%C3%A8tes\/C%202020%20F3%20Neowise\/neowise03.jpg\" width=\"1500\" height=\"1000\"> <img src=\"http:\/\/astrodan.fr\/site\/wp-content\/uploads\/_thumbs\/Images\/Com%C3%A8tes\/C%202020%20F3%20Neowise\/neowise04.jpg\" width=\"1500\" height=\"1000\"> <img src=\"http:\/\/astrodan.fr\/site\/wp-content\/uploads\/_thumbs\/Images\/Com%C3%A8tes\/C%202020%20F3%20Neowise\/neowise05.jpg\" width=\"1500\" height=\"1000\"> <img src=\"http:\/\/astrodan.fr\/site\/wp-content\/uploads\/_thumbs\/Images\/Com%C3%A8tes\/C%202020%20F3%20Neowise\/neowise06.jpg\" width=\"1500\" height=\"1000\"><\/p>\r\n<p><span style=\"text-decoration: underline;\">La com\u00e8te le 19 juillet \u00e0 Obervisse<\/span><\/p>\r\n<p>&nbsp;<span style=\"text-decoration: underline;\">Canon 700D + 70-200 mm@200m, pose de 10 s, 800 iso<\/span> <img src=\"http:\/\/astrodan.fr\/site\/wp-content\/uploads\/_thumbs\/Images\/Com%C3%A8tes\/C%202020%20F3%20Neowise\/IMG_1270_m.JPG\" width=\"1500\" height=\"1000\"><\/p>\r\n<p><span style=\"text-decoration: underline;\">Addition de 60 poses de 15s , 400iso<\/span><\/p>\r\n<p><img src=\"http:\/\/astrodan.fr\/site\/wp-content\/uploads\/_thumbs\/Images\/Com%C3%A8tes\/C%202020%20F3%20Neowise\/addition2_sw.jpg\" width=\"1500\" height=\"1006\"><\/p>\r\n<p><img src=\"http:\/\/astrodan.fr\/site\/wp-content\/uploads\/_thumbs\/Images\/Com%C3%A8tes\/C%202020%20F3%20Neowise\/_additionv5.jpg\" width=\"2000\" height=\"1312\"><\/p>\r\n<p><img src=\"http:\/\/astrodan.fr\/site\/wp-content\/uploads\/_thumbs\/Images\/Com%C3%A8tes\/C%202020%20F3%20Neowise\/IMG_9661_filtered.jpg\" width=\"1936\" height=\"1288\"><\/p>\r\n<p><img src=\"http:\/\/astrodan.fr\/site\/wp-content\/uploads\/_thumbs\/Images\/Com%C3%A8tes\/C%202020%20F3%20Neowise\/IMG_9637_filtered.jpg\" width=\"1747\" height=\"1165\"><\/p>\r\n<p><span style=\"text-decoration: underline;\">La com\u00e8te le 24 juillet 2020<\/span><\/p>\r\n<p><img src=\"http:\/\/astrodan.fr\/site\/wp-content\/uploads\/_thumbs\/Images\/Com%C3%A8tes\/C%202020%20F3%20Neowise\/IMG_9682-Mw.jpg\" width=\"1500\" height=\"1000\"><\/p>\r\n<p><a href=\"http:\/\/astrodan.fr\/site\/?page_id=1667\"><span style=\"text-decoration: underline;\">Haut de page<\/span><\/a><\/p>\r\n<p>&nbsp;<\/p>","_et_gb_content_width":"","ngg_post_thumbnail":0,"footnotes":""},"_links":{"self":[{"href":"http:\/\/astrodan.fr\/site\/wp-json\/wp\/v2\/pages\/1667"}],"collection":[{"href":"http:\/\/astrodan.fr\/site\/wp-json\/wp\/v2\/pages"}],"about":[{"href":"http:\/\/astrodan.fr\/site\/wp-json\/wp\/v2\/types\/page"}],"author":[{"embeddable":true,"href":"http:\/\/astrodan.fr\/site\/wp-json\/wp\/v2\/users\/1"}],"replies":[{"embeddable":true,"href":"http:\/\/astrodan.fr\/site\/wp-json\/wp\/v2\/comments?post=1667"}],"version-history":[{"count":3,"href":"http:\/\/astrodan.fr\/site\/wp-json\/wp\/v2\/pages\/1667\/revisions"}],"predecessor-version":[{"id":4930,"href":"http:\/\/astrodan.fr\/site\/wp-json\/wp\/v2\/pages\/1667\/revisions\/4930"}],"up":[{"embeddable":true,"href":"http:\/\/astrodan.fr\/site\/wp-json\/wp\/v2\/pages\/120"}],"wp:attachment":[{"href":"http:\/\/astrodan.fr\/site\/wp-json\/wp\/v2\/media?parent=1667"}],"curies":[{"name":"wp","href":"https:\/\/api.w.org\/{rel}","templated":true}]}}