{"id":156,"date":"2015-04-13T04:24:34","date_gmt":"2015-04-13T02:24:34","guid":{"rendered":"http:\/\/astrodan.fr\/site\/?page_id=156"},"modified":"2023-02-28T16:20:10","modified_gmt":"2023-02-28T15:20:10","slug":"eclipse-partielle-du-soleil-du-20-mars-2015","status":"publish","type":"page","link":"http:\/\/astrodan.fr\/site\/fille\/eclipse-partielle-du-soleil-du-20-mars-2015\/","title":{"rendered":"Partielle du Soleil du 20 mars 2015"},"content":{"rendered":"<p>[et_pb_section fb_built=\u00a0\u00bb1&Prime; admin_label=\u00a0\u00bbsection\u00a0\u00bb _builder_version=\u00a0\u00bb4.20.0&Prime; hover_enabled=\u00a0\u00bb0&Prime; global_colors_info=\u00a0\u00bb{}\u00a0\u00bb background_color=\u00a0\u00bb#100a3f\u00a0\u00bb sticky_enabled=\u00a0\u00bb0&Prime;][et_pb_row admin_label=\u00a0\u00bbrow\u00a0\u00bb _builder_version=\u00a0\u00bb4.16&Prime; background_size=\u00a0\u00bbinitial\u00a0\u00bb background_position=\u00a0\u00bbtop_left\u00a0\u00bb background_repeat=\u00a0\u00bbrepeat\u00a0\u00bb global_colors_info=\u00a0\u00bb{}\u00a0\u00bb][et_pb_column type=\u00a0\u00bb4_4&Prime; _builder_version=\u00a0\u00bb4.16&Prime; custom_padding=\u00a0\u00bb|||\u00a0\u00bb global_colors_info=\u00a0\u00bb{}\u00a0\u00bb custom_padding__hover=\u00a0\u00bb|||\u00a0\u00bb][et_pb_text admin_label=\u00a0\u00bbText\u00a0\u00bb _builder_version=\u00a0\u00bb4.16&Prime; background_size=\u00a0\u00bbinitial\u00a0\u00bb background_position=\u00a0\u00bbtop_left\u00a0\u00bb background_repeat=\u00a0\u00bbrepeat\u00a0\u00bb global_colors_info=\u00a0\u00bb{}\u00a0\u00bb]<\/p>\n<p><a id=\"hdep\" name=\"hdep\"><\/a><\/p>\n<p>La m\u00e9t\u00e9o \u00e9tait de notre cot\u00e9 ce jour l\u00e0 !<\/p>\n<p><img decoding=\"async\" src=\"http:\/\/astrodan.fr\/site\/wp-content\/uploads\/image\/%C3%A9clipses\/gif%20sat24%2008h30-12h30.gif\" alt=\"\"><\/p>\n<p><span style=\"text-decoration: underline;\">Circonstances de l&rsquo;\u00e9clipse&nbsp;<\/span><\/p>\n<p><img loading=\"lazy\" decoding=\"async\" src=\"http:\/\/astrodan.fr\/site\/wp-content\/uploads\/_thumbs\/Images\/%C3%A9clipses\/eclipse_20_03_2015.JPG\" width=\"1098\" height=\"849\"><\/p>\n<p>&nbsp;<\/p>\n<p><img loading=\"lazy\" decoding=\"async\" class=\"alignnone size-full wp-image-4745\" src=\"http:\/\/astrodan.fr\/site\/wp-content\/uploads\/63f8a8a27971f.jpg\" alt=\"\" width=\"1200\" height=\"675\" srcset=\"http:\/\/astrodan.fr\/site\/wp-content\/uploads\/63f8a8a27971f.jpg 1200w, http:\/\/astrodan.fr\/site\/wp-content\/uploads\/63f8a8a27971f-980x551.jpg 980w, http:\/\/astrodan.fr\/site\/wp-content\/uploads\/63f8a8a27971f-480x270.jpg 480w\" sizes=\"(min-width: 0px) and (max-width: 480px) 480px, (min-width: 481px) and (max-width: 980px) 980px, (min-width: 981px) 1200px, 100vw\" \/><\/p>\n<p>&nbsp;<\/p>\n<p><img loading=\"lazy\" decoding=\"async\" class=\"alignnone size-full wp-image-4742\" src=\"http:\/\/astrodan.fr\/site\/wp-content\/uploads\/63f8a89cb4f47.gif\" alt=\"\" width=\"800\" height=\"450\"><\/p>\n<p>&nbsp;<\/p>\n<p><img loading=\"lazy\" decoding=\"async\" class=\"alignnone size-full wp-image-4743\" src=\"http:\/\/astrodan.fr\/site\/wp-content\/uploads\/63f8a89e2df82.gif\" alt=\"\" width=\"500\" height=\"500\"><img loading=\"lazy\" decoding=\"async\" class=\"alignnone size-full wp-image-4744\" src=\"http:\/\/astrodan.fr\/site\/wp-content\/uploads\/63f8a8a011294.gif\" alt=\"\" width=\"1200\" height=\"1000\"><img loading=\"lazy\" decoding=\"async\" class=\"alignnone size-full wp-image-4746\" src=\"http:\/\/astrodan.fr\/site\/wp-content\/uploads\/63f8a8a45c570.jpg\" alt=\"\" width=\"1200\" height=\"800\" srcset=\"http:\/\/astrodan.fr\/site\/wp-content\/uploads\/63f8a8a45c570.jpg 1200w, http:\/\/astrodan.fr\/site\/wp-content\/uploads\/63f8a8a45c570-980x653.jpg 980w, http:\/\/astrodan.fr\/site\/wp-content\/uploads\/63f8a8a45c570-480x320.jpg 480w\" sizes=\"(min-width: 0px) and (max-width: 480px) 480px, (min-width: 481px) and (max-width: 980px) 980px, (min-width: 981px) 1200px, 100vw\" \/><img loading=\"lazy\" decoding=\"async\" class=\"alignnone size-full wp-image-4748\" src=\"http:\/\/astrodan.fr\/site\/wp-content\/uploads\/63f8a8a7efb21.jpg\" alt=\"\" width=\"1200\" height=\"787\" srcset=\"http:\/\/astrodan.fr\/site\/wp-content\/uploads\/63f8a8a7efb21.jpg 1200w, http:\/\/astrodan.fr\/site\/wp-content\/uploads\/63f8a8a7efb21-980x643.jpg 980w, http:\/\/astrodan.fr\/site\/wp-content\/uploads\/63f8a8a7efb21-480x315.jpg 480w\" sizes=\"(min-width: 0px) and (max-width: 480px) 480px, (min-width: 481px) and (max-width: 980px) 980px, (min-width: 981px) 1200px, 100vw\" \/><\/p>\n<p><img loading=\"lazy\" decoding=\"async\" class=\"alignnone size-full wp-image-4747\" src=\"http:\/\/astrodan.fr\/site\/wp-content\/uploads\/63f8a8a64feaf.jpg\" alt=\"\" width=\"1200\" height=\"800\" srcset=\"http:\/\/astrodan.fr\/site\/wp-content\/uploads\/63f8a8a64feaf.jpg 1200w, http:\/\/astrodan.fr\/site\/wp-content\/uploads\/63f8a8a64feaf-980x653.jpg 980w, http:\/\/astrodan.fr\/site\/wp-content\/uploads\/63f8a8a64feaf-480x320.jpg 480w\" sizes=\"(min-width: 0px) and (max-width: 480px) 480px, (min-width: 481px) and (max-width: 980px) 980px, (min-width: 981px) 1200px, 100vw\" \/><\/p>\n<p><a href=\"http:\/\/astrodan.fr\/site\/?page_id=156#hdep\">Haut de page<\/a><\/p>\n<p>&nbsp;<\/p>\n<p>[\/et_pb_text][\/et_pb_column][\/et_pb_row][\/et_pb_section]<\/p>\n","protected":false},"excerpt":{"rendered":"<p>La m\u00e9t\u00e9o \u00e9tait de notre cot\u00e9 ce jour l\u00e0 ! Circonstances de l&rsquo;\u00e9clipse&nbsp; &nbsp; &nbsp; &nbsp; Haut de page &nbsp;<\/p>\n","protected":false},"author":1,"featured_media":0,"parent":10,"menu_order":3,"comment_status":"closed","ping_status":"closed","template":"","meta":{"_et_pb_use_builder":"on","_et_pb_old_content":"<p><a id=\"hdep\" name=\"hdep\"><\/a><\/p>\r\n<p>La m\u00e9t\u00e9o \u00e9tait de notre cot\u00e9 ce jour l\u00e0 !<\/p>\r\n<p><img src=\"http:\/\/astrodan.fr\/site\/wp-content\/uploads\/image\/%C3%A9clipses\/gif%20sat24%2008h30-12h30.gif\" alt=\"\"><\/p>\r\n<p><span style=\"text-decoration: underline;\">Circonstances de l'\u00e9clipse&nbsp;<\/span><\/p>\r\n<p><img src=\"http:\/\/astrodan.fr\/site\/wp-content\/uploads\/_thumbs\/Images\/%C3%A9clipses\/eclipse_20_03_2015.JPG\" width=\"1098\" height=\"849\"><\/p>\r\n<p>&nbsp;<\/p>\r\n<p><img class=\"alignnone size-full wp-image-4745\" src=\"http:\/\/astrodan.fr\/site\/wp-content\/uploads\/63f8a8a27971f.jpg\" alt=\"\" width=\"1200\" height=\"675\"><\/p>\r\n<p>&nbsp;<\/p>\r\n<p><img class=\"alignnone size-full wp-image-4742\" src=\"http:\/\/astrodan.fr\/site\/wp-content\/uploads\/63f8a89cb4f47.gif\" alt=\"\" width=\"800\" height=\"450\"><\/p>\r\n<p>&nbsp;<\/p>\r\n<p><img class=\"alignnone size-full wp-image-4743\" src=\"http:\/\/astrodan.fr\/site\/wp-content\/uploads\/63f8a89e2df82.gif\" alt=\"\" width=\"500\" height=\"500\"><img class=\"alignnone size-full wp-image-4744\" src=\"http:\/\/astrodan.fr\/site\/wp-content\/uploads\/63f8a8a011294.gif\" alt=\"\" width=\"1200\" height=\"1000\"><img class=\"alignnone size-full wp-image-4746\" src=\"http:\/\/astrodan.fr\/site\/wp-content\/uploads\/63f8a8a45c570.jpg\" alt=\"\" width=\"1200\" height=\"800\"><img class=\"alignnone size-full wp-image-4748\" src=\"http:\/\/astrodan.fr\/site\/wp-content\/uploads\/63f8a8a7efb21.jpg\" alt=\"\" width=\"1200\" height=\"787\"><\/p>\r\n<p><img class=\"alignnone size-full wp-image-4747\" src=\"http:\/\/astrodan.fr\/site\/wp-content\/uploads\/63f8a8a64feaf.jpg\" alt=\"\" width=\"1200\" height=\"800\"><\/p>\r\n<p><a href=\"http:\/\/astrodan.fr\/site\/?page_id=156#hdep\">Haut de page<\/a><\/p>\r\n<p>&nbsp;<\/p>","_et_gb_content_width":"","ngg_post_thumbnail":0,"footnotes":""},"_links":{"self":[{"href":"http:\/\/astrodan.fr\/site\/wp-json\/wp\/v2\/pages\/156"}],"collection":[{"href":"http:\/\/astrodan.fr\/site\/wp-json\/wp\/v2\/pages"}],"about":[{"href":"http:\/\/astrodan.fr\/site\/wp-json\/wp\/v2\/types\/page"}],"author":[{"embeddable":true,"href":"http:\/\/astrodan.fr\/site\/wp-json\/wp\/v2\/users\/1"}],"replies":[{"embeddable":true,"href":"http:\/\/astrodan.fr\/site\/wp-json\/wp\/v2\/comments?post=156"}],"version-history":[{"count":3,"href":"http:\/\/astrodan.fr\/site\/wp-json\/wp\/v2\/pages\/156\/revisions"}],"predecessor-version":[{"id":4980,"href":"http:\/\/astrodan.fr\/site\/wp-json\/wp\/v2\/pages\/156\/revisions\/4980"}],"up":[{"embeddable":true,"href":"http:\/\/astrodan.fr\/site\/wp-json\/wp\/v2\/pages\/10"}],"wp:attachment":[{"href":"http:\/\/astrodan.fr\/site\/wp-json\/wp\/v2\/media?parent=156"}],"curies":[{"name":"wp","href":"https:\/\/api.w.org\/{rel}","templated":true}]}}