{"id":1533,"date":"2020-03-14T13:13:22","date_gmt":"2020-03-14T12:13:22","guid":{"rendered":"http:\/\/astrodan.fr\/site\/?page_id=1533"},"modified":"2023-02-28T14:33:20","modified_gmt":"2023-02-28T13:33:20","slug":"comete-c-2019-y4-atlas","status":"publish","type":"page","link":"http:\/\/astrodan.fr\/site\/cometes-2\/comete-c-2019-y4-atlas\/","title":{"rendered":"C\/2019 Y4 (Atlas)"},"content":{"rendered":"<p>[et_pb_section fb_built=\u00a0\u00bb1&Prime; admin_label=\u00a0\u00bbsection\u00a0\u00bb _builder_version=\u00a0\u00bb4.20.0&Prime; hover_enabled=\u00a0\u00bb0&Prime; global_colors_info=\u00a0\u00bb{}\u00a0\u00bb background_color=\u00a0\u00bb#100a3f\u00a0\u00bb sticky_enabled=\u00a0\u00bb0&Prime;][et_pb_row admin_label=\u00a0\u00bbrow\u00a0\u00bb _builder_version=\u00a0\u00bb4.16&Prime; background_size=\u00a0\u00bbinitial\u00a0\u00bb background_position=\u00a0\u00bbtop_left\u00a0\u00bb background_repeat=\u00a0\u00bbrepeat\u00a0\u00bb global_colors_info=\u00a0\u00bb{}\u00a0\u00bb][et_pb_column type=\u00a0\u00bb4_4&Prime; _builder_version=\u00a0\u00bb4.16&Prime; custom_padding=\u00a0\u00bb|||\u00a0\u00bb global_colors_info=\u00a0\u00bb{}\u00a0\u00bb custom_padding__hover=\u00a0\u00bb|||\u00a0\u00bb][et_pb_text admin_label=\u00a0\u00bbText\u00a0\u00bb _builder_version=\u00a0\u00bb4.16&Prime; background_size=\u00a0\u00bbinitial\u00a0\u00bb background_position=\u00a0\u00bbtop_left\u00a0\u00bb background_repeat=\u00a0\u00bbrepeat\u00a0\u00bb global_colors_info=\u00a0\u00bb{}\u00a0\u00bb]<\/p>\n<p><span style=\"text-decoration: underline;\">Premi\u00e8res images du la com\u00e8te C\/2019 Y4 (Atlas) le 14 mars 2020<\/span><\/p>\n<p><span style=\"text-decoration: underline;\">Au C8 +r\u00e9ducteur de focale f6.3 + Canon 1000D<\/span><\/p>\n<p><img loading=\"lazy\" decoding=\"async\" src=\"http:\/\/astrodan.fr\/site\/wp-content\/uploads\/_thumbs\/Images\/Com%C3%A8tes\/C_2019%20Y4%20Atlas\/dep_etoile_.gif\" width=\"1002\" height=\"648\"> <img loading=\"lazy\" decoding=\"async\" src=\"http:\/\/astrodan.fr\/site\/wp-content\/uploads\/_thumbs\/Images\/Com%C3%A8tes\/C_2019%20Y4%20Atlas\/dep_noy.gif\" width=\"1000\" height=\"650\"> <img loading=\"lazy\" decoding=\"async\" src=\"http:\/\/astrodan.fr\/site\/wp-content\/uploads\/_thumbs\/Images\/Com%C3%A8tes\/C_2019%20Y4%20Atlas\/noyau_.jpg\" width=\"1500\" height=\"980\"> <img loading=\"lazy\" decoding=\"async\" src=\"http:\/\/astrodan.fr\/site\/wp-content\/uploads\/_thumbs\/Images\/Com%C3%A8tes\/C_2019%20Y4%20Atlas\/trace_.jpg\" width=\"1500\" height=\"999\"><\/p>\n<p><span style=\"text-decoration: underline;\">Passage de la com\u00e8te pr\u00e8s de Messier 81-82, le 17 mars 2020<\/span><\/p>\n<p><span style=\"text-decoration: underline;\">Canon 70-200mm + Canon 1000D<\/span><\/p>\n<p><span style=\"text-decoration: underline;\">Animation durant 45mn<\/span><\/p>\n<p><img loading=\"lazy\" decoding=\"async\" src=\"http:\/\/astrodan.fr\/site\/wp-content\/uploads\/_thumbs\/Images\/Com%C3%A8tes\/C_2019%20Y4%20Atlas\/animation.gif\" width=\"1480\" height=\"986\"><\/p>\n<p>&nbsp;<\/p>\n<p><img loading=\"lazy\" decoding=\"async\" src=\"http:\/\/astrodan.fr\/site\/wp-content\/uploads\/_thumbs\/Images\/Com%C3%A8tes\/C_2019%20Y4%20Atlas\/m81_y4_finale_filtered.jpg\" width=\"1500\" height=\"1000\"><\/p>\n<p><span style=\"text-decoration: underline;\">Fin de vie de la com\u00e8te Atlas C\/2019 Y4, \u00e0 la 80ED + Canon 1000D, 19&#215;3 mn<\/span><\/p>\n<p><img loading=\"lazy\" decoding=\"async\" src=\"http:\/\/astrodan.fr\/site\/wp-content\/uploads\/_thumbs\/Images\/Com%C3%A8tes\/C_2019%20Y4%20Atlas\/trace_y4_f.jpg\" width=\"1500\" height=\"989\"><\/p>\n<p><a href=\"http:\/\/astrodan.fr\/site\/?page_id=1533\"><span style=\"text-decoration: underline;\">Haut de page<\/span><\/a><\/p>\n<p>[\/et_pb_text][\/et_pb_column][\/et_pb_row][\/et_pb_section]<\/p>\n","protected":false},"excerpt":{"rendered":"<p>Premi\u00e8res images du la com\u00e8te C\/2019 Y4 (Atlas) le 14 mars 2020 Au C8 +r\u00e9ducteur de focale f6.3 + Canon 1000D Passage de la com\u00e8te pr\u00e8s de Messier 81-82, le 17 mars 2020 Canon 70-200mm + Canon 1000D Animation durant 45mn &nbsp; Fin de vie de la com\u00e8te Atlas C\/2019 Y4, \u00e0 la 80ED + [&hellip;]<\/p>\n","protected":false},"author":1,"featured_media":0,"parent":120,"menu_order":11,"comment_status":"closed","ping_status":"closed","template":"","meta":{"_et_pb_use_builder":"on","_et_pb_old_content":"<p><span style=\"text-decoration: underline;\">Premi\u00e8res images du la com\u00e8te C\/2019 Y4 (Atlas) le 14 mars 2020<\/span><\/p>\r\n<p><span style=\"text-decoration: underline;\">Au C8 +r\u00e9ducteur de focale f6.3 + Canon 1000D<\/span><\/p>\r\n<p><img src=\"http:\/\/astrodan.fr\/site\/wp-content\/uploads\/_thumbs\/Images\/Com%C3%A8tes\/C_2019%20Y4%20Atlas\/dep_etoile_.gif\" width=\"1002\" height=\"648\"> <img src=\"http:\/\/astrodan.fr\/site\/wp-content\/uploads\/_thumbs\/Images\/Com%C3%A8tes\/C_2019%20Y4%20Atlas\/dep_noy.gif\" width=\"1000\" height=\"650\"> <img src=\"http:\/\/astrodan.fr\/site\/wp-content\/uploads\/_thumbs\/Images\/Com%C3%A8tes\/C_2019%20Y4%20Atlas\/noyau_.jpg\" width=\"1500\" height=\"980\"> <img src=\"http:\/\/astrodan.fr\/site\/wp-content\/uploads\/_thumbs\/Images\/Com%C3%A8tes\/C_2019%20Y4%20Atlas\/trace_.jpg\" width=\"1500\" height=\"999\"><\/p>\r\n<p><span style=\"text-decoration: underline;\">Passage de la com\u00e8te pr\u00e8s de Messier 81-82, le 17 mars 2020<\/span><\/p>\r\n<p><span style=\"text-decoration: underline;\">Canon 70-200mm + Canon 1000D<\/span><\/p>\r\n<p><span style=\"text-decoration: underline;\">Animation durant 45mn<\/span><\/p>\r\n<p><img src=\"http:\/\/astrodan.fr\/site\/wp-content\/uploads\/_thumbs\/Images\/Com%C3%A8tes\/C_2019%20Y4%20Atlas\/animation.gif\" width=\"1480\" height=\"986\"><\/p>\r\n<p>&nbsp;<\/p>\r\n<p><img src=\"http:\/\/astrodan.fr\/site\/wp-content\/uploads\/_thumbs\/Images\/Com%C3%A8tes\/C_2019%20Y4%20Atlas\/m81_y4_finale_filtered.jpg\" width=\"1500\" height=\"1000\"><\/p>\r\n<p><span style=\"text-decoration: underline;\">Fin de vie de la com\u00e8te Atlas C\/2019 Y4, \u00e0 la 80ED + Canon 1000D, 19x3 mn<\/span><\/p>\r\n<p><img src=\"http:\/\/astrodan.fr\/site\/wp-content\/uploads\/_thumbs\/Images\/Com%C3%A8tes\/C_2019%20Y4%20Atlas\/trace_y4_f.jpg\" width=\"1500\" height=\"989\"><\/p>\r\n<p><a href=\"http:\/\/astrodan.fr\/site\/?page_id=1533\"><span style=\"text-decoration: underline;\">Haut de page<\/span><\/a><\/p>","_et_gb_content_width":"","ngg_post_thumbnail":0,"footnotes":""},"_links":{"self":[{"href":"http:\/\/astrodan.fr\/site\/wp-json\/wp\/v2\/pages\/1533"}],"collection":[{"href":"http:\/\/astrodan.fr\/site\/wp-json\/wp\/v2\/pages"}],"about":[{"href":"http:\/\/astrodan.fr\/site\/wp-json\/wp\/v2\/types\/page"}],"author":[{"embeddable":true,"href":"http:\/\/astrodan.fr\/site\/wp-json\/wp\/v2\/users\/1"}],"replies":[{"embeddable":true,"href":"http:\/\/astrodan.fr\/site\/wp-json\/wp\/v2\/comments?post=1533"}],"version-history":[{"count":3,"href":"http:\/\/astrodan.fr\/site\/wp-json\/wp\/v2\/pages\/1533\/revisions"}],"predecessor-version":[{"id":4928,"href":"http:\/\/astrodan.fr\/site\/wp-json\/wp\/v2\/pages\/1533\/revisions\/4928"}],"up":[{"embeddable":true,"href":"http:\/\/astrodan.fr\/site\/wp-json\/wp\/v2\/pages\/120"}],"wp:attachment":[{"href":"http:\/\/astrodan.fr\/site\/wp-json\/wp\/v2\/media?parent=1533"}],"curies":[{"name":"wp","href":"https:\/\/api.w.org\/{rel}","templated":true}]}}