{"id":1523,"date":"2020-02-23T11:52:36","date_gmt":"2020-02-23T10:52:36","guid":{"rendered":"http:\/\/astrodan.fr\/site\/?page_id=1523"},"modified":"2023-02-24T17:12:10","modified_gmt":"2023-02-24T16:12:10","slug":"253-mathilde","status":"publish","type":"page","link":"http:\/\/astrodan.fr\/site\/ciel-profond\/253-mathilde\/","title":{"rendered":"( 253 ) Mathilde"},"content":{"rendered":"<p>[et_pb_section fb_built=\u00a0\u00bb1&Prime; admin_label=\u00a0\u00bbsection\u00a0\u00bb _builder_version=\u00a0\u00bb4.20.0&Prime; hover_enabled=\u00a0\u00bb0&Prime; global_colors_info=\u00a0\u00bb{}\u00a0\u00bb background_color=\u00a0\u00bb#100a3f\u00a0\u00bb sticky_enabled=\u00a0\u00bb0&Prime;][et_pb_row admin_label=\u00a0\u00bbrow\u00a0\u00bb _builder_version=\u00a0\u00bb4.16&Prime; background_size=\u00a0\u00bbinitial\u00a0\u00bb background_position=\u00a0\u00bbtop_left\u00a0\u00bb background_repeat=\u00a0\u00bbrepeat\u00a0\u00bb global_colors_info=\u00a0\u00bb{}\u00a0\u00bb][et_pb_column type=\u00a0\u00bb4_4&Prime; _builder_version=\u00a0\u00bb4.16&Prime; custom_padding=\u00a0\u00bb|||\u00a0\u00bb global_colors_info=\u00a0\u00bb{}\u00a0\u00bb custom_padding__hover=\u00a0\u00bb|||\u00a0\u00bb][et_pb_text admin_label=\u00a0\u00bbText\u00a0\u00bb _builder_version=\u00a0\u00bb4.16&Prime; background_size=\u00a0\u00bbinitial\u00a0\u00bb background_position=\u00a0\u00bbtop_left\u00a0\u00bb background_repeat=\u00a0\u00bbrepeat\u00a0\u00bb global_colors_info=\u00a0\u00bb{}\u00a0\u00bb]<\/p>\n<p><span style=\"color: #ffffff;\">(253) Mathilde est un ast\u00e9ro\u00efde de la ceinture principale d&rsquo;environ 50 km de diam\u00e8tre qui a \u00e9t\u00e9 d\u00e9couvert par Johann Palisa en 1885. Il a une orbite relativement elliptique et met plus de quatre ans pour effectuer sa r\u00e9volution autour du Soleil. Cet ast\u00e9ro\u00efde a une dur\u00e9e de rotation anormalement lente, il met 17,4 jours pour r\u00e9aliser une r\u00e9volution de 360\u00b0 autour de son axe. Il est un ast\u00e9ro\u00efde primitif de type C, ce qui signifie que sa surface pr\u00e9sente une proportion \u00e9lev\u00e9e de carbone ; ce qui lui donne une surface sombre qui refl\u00e8te seulement 4 % de la lumi\u00e8re qui lui parvient.<\/span><\/p>\n<p><span style=\"color: #ffffff;\">Addition de 10 poses de 5mn, lunette 80ED + Canon 1000D<\/span><\/p>\n<p><img loading=\"lazy\" decoding=\"async\" src=\"http:\/\/astrodan.fr\/site\/wp-content\/uploads\/_thumbs\/Images\/Astero%C3%AFde\/aladin_sw.jpg\" width=\"707\" height=\"1000\" \/><\/p>\n<p><img loading=\"lazy\" decoding=\"async\" src=\"http:\/\/astrodan.fr\/site\/wp-content\/uploads\/_thumbs\/Images\/Astero%C3%AFde\/253_mathilde_rep_sw.jpg\" width=\"1500\" height=\"1000\" \/><\/p>\n<p>[\/et_pb_text][\/et_pb_column][\/et_pb_row][\/et_pb_section]<\/p>\n","protected":false},"excerpt":{"rendered":"<p>(253) Mathilde est un ast\u00e9ro\u00efde de la ceinture principale d&rsquo;environ 50 km de diam\u00e8tre qui a \u00e9t\u00e9 d\u00e9couvert par Johann Palisa en 1885. Il a une orbite relativement elliptique et met plus de quatre ans pour effectuer sa r\u00e9volution autour du Soleil. Cet ast\u00e9ro\u00efde a une dur\u00e9e de rotation anormalement lente, il met 17,4 jours [&hellip;]<\/p>\n","protected":false},"author":1,"featured_media":0,"parent":79,"menu_order":1,"comment_status":"closed","ping_status":"closed","template":"","meta":{"_et_pb_use_builder":"on","_et_pb_old_content":"<p>(253) Mathilde est un ast\u00e9ro\u00efde de la ceinture principale d'environ 50 km de diam\u00e8tre qui a \u00e9t\u00e9 d\u00e9couvert par Johann Palisa en 1885. Il a une orbite relativement elliptique et met plus de quatre ans pour effectuer sa r\u00e9volution autour du Soleil. Cet ast\u00e9ro\u00efde a une dur\u00e9e de rotation anormalement lente, il met 17,4 jours pour r\u00e9aliser une r\u00e9volution de 360\u00b0 autour de son axe. Il est un ast\u00e9ro\u00efde primitif de type C, ce qui signifie que sa surface pr\u00e9sente une proportion \u00e9lev\u00e9e de carbone ; ce qui lui donne une surface sombre qui refl\u00e8te seulement 4 % de la lumi\u00e8re qui lui parvient.<\/p>\r\n<p>Addition de 10 poses de 5mn, lunette 80ED + Canon 1000D<\/p>\r\n<p><img src=\"http:\/\/astrodan.fr\/site\/wp-content\/uploads\/_thumbs\/Images\/Astero%C3%AFde\/aladin_sw.jpg\" width=\"707\" height=\"1000\"><\/p>\r\n<p><img src=\"http:\/\/astrodan.fr\/site\/wp-content\/uploads\/_thumbs\/Images\/Astero%C3%AFde\/253_mathilde_rep_sw.jpg\" width=\"1500\" height=\"1000\"><\/p>","_et_gb_content_width":"","ngg_post_thumbnail":0,"footnotes":""},"_links":{"self":[{"href":"http:\/\/astrodan.fr\/site\/wp-json\/wp\/v2\/pages\/1523"}],"collection":[{"href":"http:\/\/astrodan.fr\/site\/wp-json\/wp\/v2\/pages"}],"about":[{"href":"http:\/\/astrodan.fr\/site\/wp-json\/wp\/v2\/types\/page"}],"author":[{"embeddable":true,"href":"http:\/\/astrodan.fr\/site\/wp-json\/wp\/v2\/users\/1"}],"replies":[{"embeddable":true,"href":"http:\/\/astrodan.fr\/site\/wp-json\/wp\/v2\/comments?post=1523"}],"version-history":[{"count":3,"href":"http:\/\/astrodan.fr\/site\/wp-json\/wp\/v2\/pages\/1523\/revisions"}],"predecessor-version":[{"id":4832,"href":"http:\/\/astrodan.fr\/site\/wp-json\/wp\/v2\/pages\/1523\/revisions\/4832"}],"up":[{"embeddable":true,"href":"http:\/\/astrodan.fr\/site\/wp-json\/wp\/v2\/pages\/79"}],"wp:attachment":[{"href":"http:\/\/astrodan.fr\/site\/wp-json\/wp\/v2\/media?parent=1523"}],"curies":[{"name":"wp","href":"https:\/\/api.w.org\/{rel}","templated":true}]}}