{"id":1418,"date":"2019-11-11T21:17:36","date_gmt":"2019-11-11T20:17:36","guid":{"rendered":"http:\/\/astrodan.fr\/site\/?page_id=1418"},"modified":"2023-02-24T16:21:17","modified_gmt":"2023-02-24T15:21:17","slug":"transit-du-11-novembre-2019","status":"publish","type":"page","link":"http:\/\/astrodan.fr\/site\/transit\/transit-du-11-novembre-2019\/","title":{"rendered":"Transit de Mercure le 11 novembre 2019"},"content":{"rendered":"<p>[et_pb_section fb_built=\u00a0\u00bb1&Prime; admin_label=\u00a0\u00bbsection\u00a0\u00bb _builder_version=\u00a0\u00bb4.20.0&Prime; background_color=\u00a0\u00bb#100a3f\u00a0\u00bb global_colors_info=\u00a0\u00bb{}\u00a0\u00bb][et_pb_row admin_label=\u00a0\u00bbrow\u00a0\u00bb _builder_version=\u00a0\u00bb4.16&Prime; background_size=\u00a0\u00bbinitial\u00a0\u00bb background_position=\u00a0\u00bbtop_left\u00a0\u00bb background_repeat=\u00a0\u00bbrepeat\u00a0\u00bb global_colors_info=\u00a0\u00bb{}\u00a0\u00bb][et_pb_column type=\u00a0\u00bb4_4&Prime; _builder_version=\u00a0\u00bb4.16&Prime; custom_padding=\u00a0\u00bb|||\u00a0\u00bb global_colors_info=\u00a0\u00bb{}\u00a0\u00bb custom_padding__hover=\u00a0\u00bb|||\u00a0\u00bb][et_pb_text admin_label=\u00a0\u00bbText\u00a0\u00bb _builder_version=\u00a0\u00bb4.16&Prime; background_size=\u00a0\u00bbinitial\u00a0\u00bb background_position=\u00a0\u00bbtop_left\u00a0\u00bb background_repeat=\u00a0\u00bbrepeat\u00a0\u00bb global_colors_info=\u00a0\u00bb{}\u00a0\u00bb]<\/p>\n<p><span style=\"text-decoration: underline; color: #f4f4f4;\">Passage de Mercure devant le Soleil le 11 novembre 2019<\/span><\/p>\n<p><span style=\"color: #f4f4f4;\">Ciel compl\u00e8tement couvert , quelques l\u00e9g\u00e8res \u00e9claircies au d\u00e9but du ph\u00e9nom\u00e8ne !<\/span><\/p>\n<p><span style=\"color: #f4f4f4;\">C8 + r\u00e9ducteur 0.63x + Canon 700D + ND 0.9<\/span><\/p>\n<p><img loading=\"lazy\" decoding=\"async\" src=\"http:\/\/astrodan.fr\/site\/wp-content\/uploads\/_thumbs\/Images\/Soleil\/transit\/11%20novembre%202019\/t1.JPG\" width=\"1254\" height=\"774\" \/> <img loading=\"lazy\" decoding=\"async\" src=\"http:\/\/astrodan.fr\/site\/wp-content\/uploads\/_thumbs\/Images\/Soleil\/transit\/11%20novembre%202019\/t2.JPG\" width=\"734\" height=\"636\" \/><\/p>\n<p><img loading=\"lazy\" decoding=\"async\" src=\"http:\/\/astrodan.fr\/site\/wp-content\/uploads\/_thumbs\/Images\/Soleil\/transit\/11%20novembre%202019\/animation.gif\" width=\"1500\" height=\"1000\" \/><\/p>\n<p>[\/et_pb_text][\/et_pb_column][\/et_pb_row][\/et_pb_section]<\/p>\n","protected":false},"excerpt":{"rendered":"<p>Passage de Mercure devant le Soleil le 11 novembre 2019 Ciel compl\u00e8tement couvert , quelques l\u00e9g\u00e8res \u00e9claircies au d\u00e9but du ph\u00e9nom\u00e8ne ! C8 + r\u00e9ducteur 0.63x + Canon 700D + ND 0.9<\/p>\n","protected":false},"author":1,"featured_media":0,"parent":1411,"menu_order":1,"comment_status":"closed","ping_status":"closed","template":"","meta":{"_et_pb_use_builder":"on","_et_pb_old_content":"<p><span style=\"text-decoration: underline;\">Passage de Mercure devant le Soleil le 11 novembre 2019<\/span><\/p>\r\n<p>Ciel compl\u00e8tement couvert , quelques l\u00e9g\u00e8res \u00e9claircies au d\u00e9but du ph\u00e9nom\u00e8ne !<\/p>\r\n<p>C8 + r\u00e9ducteur 0.63x + Canon 700D + ND 0.9<\/p>\r\n<p><img src=\"http:\/\/astrodan.fr\/site\/wp-content\/uploads\/_thumbs\/Images\/Soleil\/transit\/11%20novembre%202019\/t1.JPG\" width=\"1254\" height=\"774\"> <img src=\"http:\/\/astrodan.fr\/site\/wp-content\/uploads\/_thumbs\/Images\/Soleil\/transit\/11%20novembre%202019\/t2.JPG\" width=\"734\" height=\"636\"><\/p>\r\n<p><img src=\"http:\/\/astrodan.fr\/site\/wp-content\/uploads\/_thumbs\/Images\/Soleil\/transit\/11%20novembre%202019\/animation.gif\" width=\"1500\" height=\"1000\"><\/p>","_et_gb_content_width":"","ngg_post_thumbnail":0,"footnotes":""},"_links":{"self":[{"href":"http:\/\/astrodan.fr\/site\/wp-json\/wp\/v2\/pages\/1418"}],"collection":[{"href":"http:\/\/astrodan.fr\/site\/wp-json\/wp\/v2\/pages"}],"about":[{"href":"http:\/\/astrodan.fr\/site\/wp-json\/wp\/v2\/types\/page"}],"author":[{"embeddable":true,"href":"http:\/\/astrodan.fr\/site\/wp-json\/wp\/v2\/users\/1"}],"replies":[{"embeddable":true,"href":"http:\/\/astrodan.fr\/site\/wp-json\/wp\/v2\/comments?post=1418"}],"version-history":[{"count":3,"href":"http:\/\/astrodan.fr\/site\/wp-json\/wp\/v2\/pages\/1418\/revisions"}],"predecessor-version":[{"id":4794,"href":"http:\/\/astrodan.fr\/site\/wp-json\/wp\/v2\/pages\/1418\/revisions\/4794"}],"up":[{"embeddable":true,"href":"http:\/\/astrodan.fr\/site\/wp-json\/wp\/v2\/pages\/1411"}],"wp:attachment":[{"href":"http:\/\/astrodan.fr\/site\/wp-json\/wp\/v2\/media?parent=1418"}],"curies":[{"name":"wp","href":"https:\/\/api.w.org\/{rel}","templated":true}]}}