{"id":133,"date":"2015-04-13T01:14:59","date_gmt":"2015-04-12T23:14:59","guid":{"rendered":"http:\/\/astrodan.fr\/site\/?page_id=133"},"modified":"2025-12-15T09:49:00","modified_gmt":"2025-12-15T08:49:00","slug":"autres-cometes","status":"publish","type":"page","link":"http:\/\/astrodan.fr\/site\/cometes-2\/autres-cometes\/","title":{"rendered":"AUTRES COMETES"},"content":{"rendered":"<p>[et_pb_section fb_built=\u00a0\u00bb1&Prime; _builder_version=\u00a0\u00bb4.24.2&Prime; hover_enabled=\u00a0\u00bb0&Prime; global_colors_info=\u00a0\u00bb{}\u00a0\u00bb background_color=\u00a0\u00bb#100a3f\u00a0\u00bb sticky_enabled=\u00a0\u00bb0&Prime;][et_pb_row _builder_version=\u00a0\u00bb4.16&Prime; background_size=\u00a0\u00bbinitial\u00a0\u00bb background_position=\u00a0\u00bbtop_left\u00a0\u00bb background_repeat=\u00a0\u00bbrepeat\u00a0\u00bb global_colors_info=\u00a0\u00bb{}\u00a0\u00bb][et_pb_column type=\u00a0\u00bb4_4&Prime; _builder_version=\u00a0\u00bb4.16&Prime; custom_padding=\u00a0\u00bb|||\u00a0\u00bb global_colors_info=\u00a0\u00bb{}\u00a0\u00bb custom_padding__hover=\u00a0\u00bb|||\u00a0\u00bb][et_pb_text _builder_version=\u00a0\u00bb4.16&Prime; background_size=\u00a0\u00bbinitial\u00a0\u00bb background_position=\u00a0\u00bbtop_left\u00a0\u00bb background_repeat=\u00a0\u00bbrepeat\u00a0\u00bb global_colors_info=\u00a0\u00bb{}\u00a0\u00bb]<\/p>\n<p>&nbsp;<\/p>\n<p><a id=\"hdep\" name=\"hdep\"><\/a><\/p>\n<p><span style=\"font-size: 12pt;\"><u>Com\u00e8te Austin, le 26 mai 1990<\/u><\/span><\/p>\n<p><span style=\"text-decoration: underline;\"><span style=\"font-size: 12pt;\">Ma premi\u00e8re photo d&rsquo;une com\u00e8te<\/span><\/span><\/p>\n<p><span style=\"text-decoration: underline;\"><span style=\"font-size: 12pt;\">Olympus OM2n + 50mm f\/1.8, en parall\u00e8le sur le t\u00e9lescope de 200 mm St\u00e9phane Guisard, pose 5mn , 400iso<\/span><\/span><\/p>\n<p><img loading=\"lazy\" decoding=\"async\" class=\"alignnone size-full wp-image-4673\" src=\"http:\/\/astrodan.fr\/site\/wp-content\/uploads\/63f8907ac31ab.jpg\" alt=\"\" width=\"1200\" height=\"800\" srcset=\"http:\/\/astrodan.fr\/site\/wp-content\/uploads\/63f8907ac31ab.jpg 1200w, http:\/\/astrodan.fr\/site\/wp-content\/uploads\/63f8907ac31ab-980x653.jpg 980w, http:\/\/astrodan.fr\/site\/wp-content\/uploads\/63f8907ac31ab-480x320.jpg 480w\" sizes=\"(min-width: 0px) and (max-width: 480px) 480px, (min-width: 481px) and (max-width: 980px) 980px, (min-width: 981px) 1200px, 100vw\" \/><\/p>\n<p><span style=\"text-decoration: underline;\"><span style=\"font-size: 12pt;\">Com\u00e8te Neat Q4, le 16 mai 2004, scan de photos argentiques&nbsp;<\/span><\/span><\/p>\n<p><span style=\"text-decoration: underline;\"><span style=\"font-size: 12pt;\">Zoom 80-200 f\/4 + Pentax MZM&nbsp;<\/span><\/span><\/p>\n<p><img loading=\"lazy\" decoding=\"async\" class=\"alignnone size-full wp-image-6226\" src=\"http:\/\/astrodan.fr\/site\/wp-content\/uploads\/Comete\/Comete-Neat-Q4_1-scaled.jpg\" alt=\"\" width=\"2560\" height=\"1707\" srcset=\"http:\/\/astrodan.fr\/site\/wp-content\/uploads\/Comete\/Comete-Neat-Q4_1-scaled.jpg 2560w, http:\/\/astrodan.fr\/site\/wp-content\/uploads\/Comete\/Comete-Neat-Q4_1-1280x854.jpg 1280w, http:\/\/astrodan.fr\/site\/wp-content\/uploads\/Comete\/Comete-Neat-Q4_1-980x653.jpg 980w, http:\/\/astrodan.fr\/site\/wp-content\/uploads\/Comete\/Comete-Neat-Q4_1-480x320.jpg 480w\" sizes=\"(min-width: 0px) and (max-width: 480px) 480px, (min-width: 481px) and (max-width: 980px) 980px, (min-width: 981px) and (max-width: 1280px) 1280px, (min-width: 1281px) 2560px, 100vw\" \/> <img loading=\"lazy\" decoding=\"async\" class=\"alignnone size-full wp-image-6227\" src=\"http:\/\/astrodan.fr\/site\/wp-content\/uploads\/Comete\/Comete-Neat-Q4_2-scaled.jpg\" alt=\"\" width=\"2560\" height=\"1707\" srcset=\"http:\/\/astrodan.fr\/site\/wp-content\/uploads\/Comete\/Comete-Neat-Q4_2-scaled.jpg 2560w, http:\/\/astrodan.fr\/site\/wp-content\/uploads\/Comete\/Comete-Neat-Q4_2-1280x854.jpg 1280w, http:\/\/astrodan.fr\/site\/wp-content\/uploads\/Comete\/Comete-Neat-Q4_2-980x653.jpg 980w, http:\/\/astrodan.fr\/site\/wp-content\/uploads\/Comete\/Comete-Neat-Q4_2-480x320.jpg 480w\" sizes=\"(min-width: 0px) and (max-width: 480px) 480px, (min-width: 481px) and (max-width: 980px) 980px, (min-width: 981px) and (max-width: 1280px) 1280px, (min-width: 1281px) 2560px, 100vw\" \/><\/p>\n<p><span style=\"text-decoration: underline;\"><span style=\"font-size: 12pt;\">Com\u00e8te C\/2007 E2 Lovejoy le 28\/04\/2007 au Canon 350D + zoom 200mm \/ f4<\/span><\/span><\/p>\n<p><a href=\"http:\/\/astrodan.fr\/site\/wp-content\/uploads\/Comete\/C_2007_E2_Lovejoy.tif\"> <img decoding=\"async\" class=\"alignnone size-full wp-image-7713 wpmf_image_lightbox\" src=\"http:\/\/astrodan.fr\/site\/wp-content\/uploads\/Comete\/C_2007_E2_Lovejoy.tif\" alt=\"\" data-wpmf_image_lightbox=\"http:\/\/astrodan.fr\/site\/wp-content\/uploads\/Comete\/C_2007_E2_Lovejoy.tif\" data-wpmf_size_lightbox=\"full\" data-wpmflightbox=\"1\"><img loading=\"lazy\" decoding=\"async\" class=\"alignnone size-full wp-image-7714\" src=\"http:\/\/astrodan.fr\/site\/wp-content\/uploads\/Comete\/C_2007_E2_Lovejoy.jpg\" alt=\"\" width=\"1500\" height=\"1000\"><\/a><\/p>\n<p><span style=\"text-decoration: underline; font-size: 12pt;\">Com\u00e8te Hall-Bopp<\/span><\/p>\n<p><img loading=\"lazy\" decoding=\"async\" class=\"alignnone size-full wp-image-4674\" src=\"http:\/\/astrodan.fr\/site\/wp-content\/uploads\/63f8907c7bc02.jpg\" alt=\"\" width=\"800\" height=\"639\" srcset=\"http:\/\/astrodan.fr\/site\/wp-content\/uploads\/63f8907c7bc02.jpg 800w, http:\/\/astrodan.fr\/site\/wp-content\/uploads\/63f8907c7bc02-480x383.jpg 480w\" sizes=\"(min-width: 0px) and (max-width: 480px) 480px, (min-width: 481px) 800px, 100vw\" \/><\/p>\n<p><span style=\"font-size: 12pt;\"><u>Com\u00e8te Hartley 103P&nbsp; le 8 octobre 2010<\/u><\/span><\/p>\n<p><img loading=\"lazy\" decoding=\"async\" class=\"alignnone size-full wp-image-4675\" src=\"http:\/\/astrodan.fr\/site\/wp-content\/uploads\/63f8907eb5c4f.jpg\" alt=\"\" width=\"1200\" height=\"799\" srcset=\"http:\/\/astrodan.fr\/site\/wp-content\/uploads\/63f8907eb5c4f.jpg 1200w, http:\/\/astrodan.fr\/site\/wp-content\/uploads\/63f8907eb5c4f-980x653.jpg 980w, http:\/\/astrodan.fr\/site\/wp-content\/uploads\/63f8907eb5c4f-480x320.jpg 480w\" sizes=\"(min-width: 0px) and (max-width: 480px) 480px, (min-width: 481px) and (max-width: 980px) 980px, (min-width: 981px) 1200px, 100vw\" \/><\/p>\n<p><span style=\"font-size: 12pt;\"><u>Com\u00e8te Ikeya-Zhang<\/u><\/span><\/p>\n<p>\n<img loading=\"lazy\" decoding=\"async\" class=\"alignnone size-full wp-image-4676\" src=\"http:\/\/astrodan.fr\/site\/wp-content\/uploads\/63f890811c98e.jpg\" alt=\"\" width=\"1024\" height=\"683\" srcset=\"http:\/\/astrodan.fr\/site\/wp-content\/uploads\/63f890811c98e.jpg 1024w, http:\/\/astrodan.fr\/site\/wp-content\/uploads\/63f890811c98e-980x654.jpg 980w, http:\/\/astrodan.fr\/site\/wp-content\/uploads\/63f890811c98e-480x320.jpg 480w\" sizes=\"(min-width: 0px) and (max-width: 480px) 480px, (min-width: 481px) and (max-width: 980px) 980px, (min-width: 981px) 1024px, 100vw\" \/><\/p>\n<p><span style=\"font-size: 12pt;\"><u>Com\u00e8te C\/2007 N3 Lulin le 19\/02\/2009 au Canon 350D + zoom 200mm \/f4<\/u><\/span><\/p>\n<p><img loading=\"lazy\" decoding=\"async\" class=\"alignnone size-full wp-image-7715\" src=\"http:\/\/astrodan.fr\/site\/wp-content\/uploads\/Comete\/2866_70_1200s_GraXpert-scaled.jpg\" alt=\"\" width=\"2560\" height=\"1677\"><\/p>\n<p><span style=\"text-decoration: underline;\"><span style=\"font-size: 12pt;\">La com\u00e8te Lulin N3 le 18\/03\/2009 au Newton de 200mm + Canon 1000D<\/span><\/span><\/p>\n<p><img loading=\"lazy\" decoding=\"async\" class=\"alignnone size-full wp-image-7716\" src=\"http:\/\/astrodan.fr\/site\/wp-content\/uploads\/Comete\/lulin_finale_GraXpert-scaled.jpg\" alt=\"\" width=\"2560\" height=\"1689\"><\/p>\n<p><span style=\"font-size: 12pt;\"><u>Com\u00e8te 8P Tuttle<\/u><\/span><\/p>\n<p><img loading=\"lazy\" decoding=\"async\" class=\"alignnone size-full wp-image-4680\" src=\"http:\/\/astrodan.fr\/site\/wp-content\/uploads\/63f8908909b71.jpg\" alt=\"\" width=\"1200\" height=\"800\" srcset=\"http:\/\/astrodan.fr\/site\/wp-content\/uploads\/63f8908909b71.jpg 1200w, http:\/\/astrodan.fr\/site\/wp-content\/uploads\/63f8908909b71-980x653.jpg 980w, http:\/\/astrodan.fr\/site\/wp-content\/uploads\/63f8908909b71-480x320.jpg 480w\" sizes=\"(min-width: 0px) and (max-width: 480px) 480px, (min-width: 481px) and (max-width: 980px) 980px, (min-width: 981px) 1200px, 100vw\" \/><\/p>\n<p><span style=\"font-size: 12pt;\"><u>Com\u00e8te Hyakutake<\/u><\/span><\/p>\n<p><img loading=\"lazy\" decoding=\"async\" class=\"alignnone size-full wp-image-4681\" src=\"http:\/\/astrodan.fr\/site\/wp-content\/uploads\/63f8908aba377.jpg\" alt=\"\" width=\"1200\" height=\"843\" srcset=\"http:\/\/astrodan.fr\/site\/wp-content\/uploads\/63f8908aba377.jpg 1200w, http:\/\/astrodan.fr\/site\/wp-content\/uploads\/63f8908aba377-980x688.jpg 980w, http:\/\/astrodan.fr\/site\/wp-content\/uploads\/63f8908aba377-480x337.jpg 480w\" sizes=\"(min-width: 0px) and (max-width: 480px) 480px, (min-width: 481px) and (max-width: 980px) 980px, (min-width: 981px) 1200px, 100vw\" \/><\/p>\n<p><span style=\"font-size: 12pt;\"><u>Com\u00e8te C\/2012 F6 Lemmon le 16\/07\/2013<\/u><\/span><\/p>\n<p><img loading=\"lazy\" decoding=\"async\" class=\"alignnone size-full wp-image-6790\" src=\"http:\/\/astrodan.fr\/site\/wp-content\/uploads\/Comete\/C_2012_F6_Lemmon\/Lemmon_C_2012_F6_FA-scaled.jpg\" alt=\"\" width=\"2560\" height=\"1685\"><\/p>\n<p><img loading=\"lazy\" decoding=\"async\" class=\"alignnone size-full wp-image-4682\" src=\"http:\/\/astrodan.fr\/site\/wp-content\/uploads\/63f8908c939d9.jpg\" alt=\"\" width=\"1200\" height=\"779\" srcset=\"http:\/\/astrodan.fr\/site\/wp-content\/uploads\/63f8908c939d9.jpg 1200w, http:\/\/astrodan.fr\/site\/wp-content\/uploads\/63f8908c939d9-980x636.jpg 980w, http:\/\/astrodan.fr\/site\/wp-content\/uploads\/63f8908c939d9-480x312.jpg 480w\" sizes=\"(min-width: 0px) and (max-width: 480px) 480px, (min-width: 481px) and (max-width: 980px) 980px, (min-width: 981px) 1200px, 100vw\" \/><\/p>\n<p><span style=\"font-size: 12pt;\"><u>Com\u00e8te Linear A2<\/u><\/span><\/p>\n<p><img loading=\"lazy\" decoding=\"async\" class=\"alignnone size-full wp-image-4683\" src=\"http:\/\/astrodan.fr\/site\/wp-content\/uploads\/63f8908e5c692.jpg\" alt=\"\" width=\"800\" height=\"528\" srcset=\"http:\/\/astrodan.fr\/site\/wp-content\/uploads\/63f8908e5c692.jpg 800w, http:\/\/astrodan.fr\/site\/wp-content\/uploads\/63f8908e5c692-480x317.jpg 480w\" sizes=\"(min-width: 0px) and (max-width: 480px) 480px, (min-width: 481px) 800px, 100vw\" \/><\/p>\n<p><span style=\"font-size: 12pt;\"><u>Com\u00e8te Holmes le 29 novembre 2007 au 50mm<\/u><\/span><\/p>\n<p><img loading=\"lazy\" decoding=\"async\" class=\"alignnone size-full wp-image-4687\" src=\"http:\/\/astrodan.fr\/site\/wp-content\/uploads\/63f8909563da8.jpg\" alt=\"\" width=\"1024\" height=\"683\" srcset=\"http:\/\/astrodan.fr\/site\/wp-content\/uploads\/63f8909563da8.jpg 1024w, http:\/\/astrodan.fr\/site\/wp-content\/uploads\/63f8909563da8-980x654.jpg 980w, http:\/\/astrodan.fr\/site\/wp-content\/uploads\/63f8909563da8-480x320.jpg 480w\" sizes=\"(min-width: 0px) and (max-width: 480px) 480px, (min-width: 481px) and (max-width: 980px) 980px, (min-width: 981px) 1024px, 100vw\" \/><\/p>\n<p><span style=\"font-size: 12pt;\"><u>Com\u00e8te Holmes le 29 novembre 2007 au 200mm<\/u><\/span><\/p>\n<p><img loading=\"lazy\" decoding=\"async\" class=\"alignnone size-full wp-image-4686\" src=\"http:\/\/astrodan.fr\/site\/wp-content\/uploads\/63f89093ae6d6.jpg\" alt=\"\" width=\"1024\" height=\"683\" srcset=\"http:\/\/astrodan.fr\/site\/wp-content\/uploads\/63f89093ae6d6.jpg 1024w, http:\/\/astrodan.fr\/site\/wp-content\/uploads\/63f89093ae6d6-980x654.jpg 980w, http:\/\/astrodan.fr\/site\/wp-content\/uploads\/63f89093ae6d6-480x320.jpg 480w\" sizes=\"(min-width: 0px) and (max-width: 480px) 480px, (min-width: 481px) and (max-width: 980px) 980px, (min-width: 981px) 1024px, 100vw\" \/><\/p>\n<p><span style=\"font-size: 12pt;\"><u>Com\u00e8te Holmes le 29 novembre 2007 au T200<\/u><\/span><\/p>\n<p><img loading=\"lazy\" decoding=\"async\" class=\"alignnone size-full wp-image-4688\" src=\"http:\/\/astrodan.fr\/site\/wp-content\/uploads\/63f8909719c7b.jpg\" alt=\"\" width=\"1024\" height=\"683\" srcset=\"http:\/\/astrodan.fr\/site\/wp-content\/uploads\/63f8909719c7b.jpg 1024w, http:\/\/astrodan.fr\/site\/wp-content\/uploads\/63f8909719c7b-980x654.jpg 980w, http:\/\/astrodan.fr\/site\/wp-content\/uploads\/63f8909719c7b-480x320.jpg 480w\" sizes=\"(min-width: 0px) and (max-width: 480px) 480px, (min-width: 481px) and (max-width: 980px) 980px, (min-width: 981px) 1024px, 100vw\" \/><\/p>\n<p><span style=\"font-size: 12pt;\"><u>Com\u00e8te Panstarrs<\/u><\/span><\/p>\n<p><img loading=\"lazy\" decoding=\"async\" class=\"alignnone size-full wp-image-4689\" src=\"http:\/\/astrodan.fr\/site\/wp-content\/uploads\/63f89098abf39.jpg\" alt=\"\" width=\"1200\" height=\"781\" srcset=\"http:\/\/astrodan.fr\/site\/wp-content\/uploads\/63f89098abf39.jpg 1200w, http:\/\/astrodan.fr\/site\/wp-content\/uploads\/63f89098abf39-980x638.jpg 980w, http:\/\/astrodan.fr\/site\/wp-content\/uploads\/63f89098abf39-480x312.jpg 480w\" sizes=\"(min-width: 0px) and (max-width: 480px) 480px, (min-width: 481px) and (max-width: 980px) 980px, (min-width: 981px) 1200px, 100vw\" \/><\/p>\n<p><span style=\"text-decoration: underline; font-size: 12pt;\">Com\u00e8te Asassn C\/2017 O1<\/span><\/p>\n<p><img loading=\"lazy\" decoding=\"async\" class=\"alignnone wp-image-932 size-full\" src=\"http:\/\/astrodan.fr\/site\/wp-content\/uploads\/comete_o1_w.jpg\" alt=\"\" width=\"1200\" height=\"794\" srcset=\"http:\/\/astrodan.fr\/site\/wp-content\/uploads\/comete_o1_w.jpg 1200w, http:\/\/astrodan.fr\/site\/wp-content\/uploads\/comete_o1_w-150x99.jpg 150w, http:\/\/astrodan.fr\/site\/wp-content\/uploads\/comete_o1_w-300x199.jpg 300w, http:\/\/astrodan.fr\/site\/wp-content\/uploads\/comete_o1_w-768x508.jpg 768w, http:\/\/astrodan.fr\/site\/wp-content\/uploads\/comete_o1_w-1024x678.jpg 1024w\" sizes=\"(max-width: 1200px) 100vw, 1200px\" \/><\/p>\n<p><img loading=\"lazy\" decoding=\"async\" class=\"alignnone wp-image-933 size-full\" src=\"http:\/\/astrodan.fr\/site\/wp-content\/uploads\/dep_com.gif\" alt=\"\" width=\"1200\" height=\"801\"><\/p>\n<p><span style=\"text-decoration: underline;\"><span style=\"font-size: 12pt;\">Com\u00e8te C\/2015 V2 Johnson le 29\/03\/2017<\/span><\/span><\/p>\n<p><img loading=\"lazy\" decoding=\"async\" class=\"alignnone size-full wp-image-7722\" src=\"http:\/\/astrodan.fr\/site\/wp-content\/uploads\/Comete\/comete_3-scaled.jpg\" alt=\"\" width=\"2560\" height=\"1705\"><\/p>\n<p><span style=\"text-decoration: underline; font-size: 12pt;\">Com\u00e8te 38P\/Stephan &#8211; Oterma<\/span><\/p>\n<p><img loading=\"lazy\" decoding=\"async\" src=\"http:\/\/astrodan.fr\/site\/wp-content\/uploads\/_thumbs\/Images\/Com%C3%A8tes\/noyau38p_wr.jpg\" width=\"1500\" height=\"1000\"> <img loading=\"lazy\" decoding=\"async\" src=\"http:\/\/astrodan.fr\/site\/wp-content\/uploads\/_thumbs\/Images\/Com%C3%A8tes\/trace38p_w.jpg\" width=\"1500\" height=\"1000\"> <img loading=\"lazy\" decoding=\"async\" src=\"http:\/\/astrodan.fr\/site\/wp-content\/uploads\/_thumbs\/Images\/Com%C3%A8tes\/noyau38p_w.jpg\" width=\"1500\" height=\"1000\"><\/p>\n<p><img loading=\"lazy\" decoding=\"async\" src=\"http:\/\/astrodan.fr\/site\/wp-content\/uploads\/_thumbs\/Images\/Com%C3%A8tes\/comete38p_R.jpg\" width=\"1500\" height=\"1000\"><\/p>\n<p><img loading=\"lazy\" decoding=\"async\" src=\"http:\/\/astrodan.fr\/site\/wp-content\/uploads\/_thumbs\/Images\/Com%C3%A8tes\/comete38p_r.jpg\" width=\"1500\" height=\"999\"><\/p>\n<p><span style=\"text-decoration: underline; font-size: 12pt;\">Passage de la com\u00e8te C\/2018 Y1 Iwamoto<\/span><\/p>\n<p><span style=\"text-decoration: underline; font-size: 12pt;\">D\u00e9placement pendant 1 heure<\/span><\/p>\n<p><img loading=\"lazy\" decoding=\"async\" src=\"http:\/\/astrodan.fr\/site\/wp-content\/uploads\/_thumbs\/Images\/Com%C3%A8tes\/anim_1h.gif\" width=\"1000\" height=\"667\"> <img loading=\"lazy\" decoding=\"async\" src=\"http:\/\/astrodan.fr\/site\/wp-content\/uploads\/_thumbs\/Images\/Com%C3%A8tes\/trace_fw.jpg\" width=\"1501\" height=\"1000\"><\/p>\n<p><span style=\"text-decoration: underline;\"><span style=\"font-size: 12pt;\">La com\u00e8te C\/2020 T2 Palomar le 30 mai 2021 au Canon M50+80ED, addition de 30 poses de 1mn<\/span><\/span><\/p>\n<p><img loading=\"lazy\" decoding=\"async\" class=\"alignnone size-full wp-image-7732\" src=\"http:\/\/astrodan.fr\/site\/wp-content\/uploads\/Comete\/comete_palomar_T2-scaled.jpg\" alt=\"\" width=\"2560\" height=\"1707\"><\/p>\n<p>&nbsp;<\/p>\n<p><a href=\"http:\/\/astrodan.fr\/site\/?page_id=133\">Haut de page<\/a><\/p>\n<p>&nbsp;<\/p>\n<p>[\/et_pb_text][\/et_pb_column][\/et_pb_row][\/et_pb_section]<\/p>\n","protected":false},"excerpt":{"rendered":"<p>&nbsp; Com\u00e8te Austin, le 26 mai 1990 Ma premi\u00e8re photo d&rsquo;une com\u00e8te Olympus OM2n + 50mm f\/1.8, en parall\u00e8le sur le t\u00e9lescope de 200 mm St\u00e9phane Guisard, pose 5mn , 400iso Com\u00e8te Neat Q4, le 16 mai 2004, scan de photos argentiques&nbsp; Zoom 80-200 f\/4 + Pentax MZM&nbsp; Com\u00e8te C\/2007 E2 Lovejoy le 28\/04\/2007 au [&hellip;]<\/p>\n","protected":false},"author":1,"featured_media":0,"parent":120,"menu_order":7,"comment_status":"closed","ping_status":"closed","template":"","meta":{"_et_pb_use_builder":"on","_et_pb_old_content":"<p>\u00a0<\/p>\r\n<p><a id=\"hdep\" name=\"hdep\"><\/a><\/p>\r\n<p><span style=\"font-size: 12pt;\"><u>Com\u00e8te Austin, le 26 mai 1990<\/u><\/span><\/p>\r\n<p><span style=\"text-decoration: underline;\"><span style=\"font-size: 12pt;\">Ma premi\u00e8re photo d'une com\u00e8te<\/span><\/span><\/p>\r\n<p><span style=\"text-decoration: underline;\"><span style=\"font-size: 12pt;\">Olympus OM2n + 50mm f\/1.8, en parall\u00e8le sur le t\u00e9lescope de 200 mm St\u00e9phane Guisard, pose 5mn , 400iso<\/span><\/span><\/p>\r\n<p><img class=\"alignnone size-full wp-image-4673\" src=\"http:\/\/astrodan.fr\/site\/wp-content\/uploads\/63f8907ac31ab.jpg\" alt=\"\" width=\"1200\" height=\"800\"><\/p>\r\n<p><span style=\"text-decoration: underline;\"><span style=\"font-size: 12pt;\">Com\u00e8te Neat Q4, le 16 mai 2004, scan de photos argentiques\u00a0<\/span><\/span><\/p>\r\n<p><span style=\"text-decoration: underline;\"><span style=\"font-size: 12pt;\">Zoom 80-200 f\/4 + Pentax MZM\u00a0<\/span><\/span><\/p>\r\n<p><img class=\"alignnone size-full wp-image-6226\" src=\"http:\/\/astrodan.fr\/site\/wp-content\/uploads\/Comete\/Comete-Neat-Q4_1-scaled.jpg\" alt=\"\" width=\"2560\" height=\"1707\"> <img class=\"alignnone size-full wp-image-6227\" src=\"http:\/\/astrodan.fr\/site\/wp-content\/uploads\/Comete\/Comete-Neat-Q4_2-scaled.jpg\" alt=\"\" width=\"2560\" height=\"1707\"><\/p>\r\n<p><span style=\"text-decoration: underline;\"><span style=\"font-size: 12pt;\">Com\u00e8te C\/2007 E2 Lovejoy le 28\/04\/2007 au Canon 350D + zoom 200mm \/ f4<\/span><\/span><\/p>\r\n<p><a href=\"http:\/\/astrodan.fr\/site\/wp-content\/uploads\/Comete\/C_2007_E2_Lovejoy.tif\"> <img class=\"alignnone size-full wp-image-7713 wpmf_image_lightbox\" src=\"http:\/\/astrodan.fr\/site\/wp-content\/uploads\/Comete\/C_2007_E2_Lovejoy.tif\" alt=\"\" data-wpmf_image_lightbox=\"http:\/\/astrodan.fr\/site\/wp-content\/uploads\/Comete\/C_2007_E2_Lovejoy.tif\" data-wpmf_size_lightbox=\"full\" data-wpmflightbox=\"1\"><img class=\"alignnone size-full wp-image-7714\" src=\"http:\/\/astrodan.fr\/site\/wp-content\/uploads\/Comete\/C_2007_E2_Lovejoy.jpg\" alt=\"\" width=\"1500\" height=\"1000\"><\/a><\/p>\r\n<p><span style=\"text-decoration: underline; font-size: 12pt;\">Com\u00e8te Hall-Bopp<\/span><\/p>\r\n<p><img class=\"alignnone size-full wp-image-4674\" src=\"http:\/\/astrodan.fr\/site\/wp-content\/uploads\/63f8907c7bc02.jpg\" alt=\"\" width=\"800\" height=\"639\"><\/p>\r\n<p><span style=\"font-size: 12pt;\"><u>Com\u00e8te Hartley 103P\u00a0 le 8 octobre 2010<\/u><\/span><\/p>\r\n<p><img class=\"alignnone size-full wp-image-4675\" src=\"http:\/\/astrodan.fr\/site\/wp-content\/uploads\/63f8907eb5c4f.jpg\" alt=\"\" width=\"1200\" height=\"799\"><\/p>\r\n<p><span style=\"font-size: 12pt;\"><u>Com\u00e8te Ikeya-Zhang<\/u><\/span><\/p>\r\n<p><br><img class=\"alignnone size-full wp-image-4676\" src=\"http:\/\/astrodan.fr\/site\/wp-content\/uploads\/63f890811c98e.jpg\" alt=\"\" width=\"1024\" height=\"683\"><\/p>\r\n<p><span style=\"font-size: 12pt;\"><u>Com\u00e8te C\/2007 N3 Lulin le 19\/02\/2009 au Canon 350D + zoom 200mm \/f4<\/u><\/span><\/p>\r\n<p><img class=\"alignnone size-full wp-image-7715\" src=\"http:\/\/astrodan.fr\/site\/wp-content\/uploads\/Comete\/2866_70_1200s_GraXpert-scaled.jpg\" alt=\"\" width=\"2560\" height=\"1677\"><\/p>\r\n<p><span style=\"text-decoration: underline;\"><span style=\"font-size: 12pt;\">La com\u00e8te Lulin N3 le 18\/03\/2009 au Newton de 200mm + Canon 1000D<\/span><\/span><\/p>\r\n<p><img class=\"alignnone size-full wp-image-7716\" src=\"http:\/\/astrodan.fr\/site\/wp-content\/uploads\/Comete\/lulin_finale_GraXpert-scaled.jpg\" alt=\"\" width=\"2560\" height=\"1689\"><\/p>\r\n<p><span style=\"font-size: 12pt;\"><u>Com\u00e8te 8P Tuttle<\/u><\/span><\/p>\r\n<p><img class=\"alignnone size-full wp-image-4680\" src=\"http:\/\/astrodan.fr\/site\/wp-content\/uploads\/63f8908909b71.jpg\" alt=\"\" width=\"1200\" height=\"800\"><\/p>\r\n<p><span style=\"font-size: 12pt;\"><u>Com\u00e8te Hyakutake<\/u><\/span><\/p>\r\n<p><img class=\"alignnone size-full wp-image-4681\" src=\"http:\/\/astrodan.fr\/site\/wp-content\/uploads\/63f8908aba377.jpg\" alt=\"\" width=\"1200\" height=\"843\"><\/p>\r\n<p><span style=\"font-size: 12pt;\"><u>Com\u00e8te C\/2012 F6 Lemmon le 16\/07\/2013<\/u><\/span><\/p>\r\n<p><img class=\"alignnone size-full wp-image-6790\" src=\"http:\/\/astrodan.fr\/site\/wp-content\/uploads\/Comete\/C_2012_F6_Lemmon\/Lemmon_C_2012_F6_FA-scaled.jpg\" alt=\"\" width=\"2560\" height=\"1685\"><\/p>\r\n<p><img class=\"alignnone size-full wp-image-4682\" src=\"http:\/\/astrodan.fr\/site\/wp-content\/uploads\/63f8908c939d9.jpg\" alt=\"\" width=\"1200\" height=\"779\"><\/p>\r\n<p><span style=\"font-size: 12pt;\"><u>Com\u00e8te Linear A2<\/u><\/span><\/p>\r\n<p><img class=\"alignnone size-full wp-image-4683\" src=\"http:\/\/astrodan.fr\/site\/wp-content\/uploads\/63f8908e5c692.jpg\" alt=\"\" width=\"800\" height=\"528\"><\/p>\r\n<p><span style=\"font-size: 12pt;\"><u>Com\u00e8te Holmes le 29 novembre 2007 au 50mm<\/u><\/span><\/p>\r\n<p><img class=\"alignnone size-full wp-image-4687\" src=\"http:\/\/astrodan.fr\/site\/wp-content\/uploads\/63f8909563da8.jpg\" alt=\"\" width=\"1024\" height=\"683\"><\/p>\r\n<p><span style=\"font-size: 12pt;\"><u>Com\u00e8te Holmes le 29 novembre 2007 au 200mm<\/u><\/span><\/p>\r\n<p><img class=\"alignnone size-full wp-image-4686\" src=\"http:\/\/astrodan.fr\/site\/wp-content\/uploads\/63f89093ae6d6.jpg\" alt=\"\" width=\"1024\" height=\"683\"><\/p>\r\n<p><span style=\"font-size: 12pt;\"><u>Com\u00e8te Holmes le 29 novembre 2007 au T200<\/u><\/span><\/p>\r\n<p><img class=\"alignnone size-full wp-image-4688\" src=\"http:\/\/astrodan.fr\/site\/wp-content\/uploads\/63f8909719c7b.jpg\" alt=\"\" width=\"1024\" height=\"683\"><\/p>\r\n<p><span style=\"font-size: 12pt;\"><u>Com\u00e8te Panstarrs<\/u><\/span><\/p>\r\n<p><img class=\"alignnone size-full wp-image-4689\" src=\"http:\/\/astrodan.fr\/site\/wp-content\/uploads\/63f89098abf39.jpg\" alt=\"\" width=\"1200\" height=\"781\"><\/p>\r\n<p><span style=\"text-decoration: underline; font-size: 12pt;\">Com\u00e8te Asassn C\/2017 O1<\/span><\/p>\r\n<p><img class=\"alignnone wp-image-932 size-full\" src=\"http:\/\/astrodan.fr\/site\/wp-content\/uploads\/comete_o1_w.jpg\" alt=\"\" width=\"1200\" height=\"794\"><\/p>\r\n<p><img class=\"alignnone wp-image-933 size-full\" src=\"http:\/\/astrodan.fr\/site\/wp-content\/uploads\/dep_com.gif\" alt=\"\" width=\"1200\" height=\"801\"><\/p>\r\n<p><span style=\"text-decoration: underline;\"><span style=\"font-size: 12pt;\">Com\u00e8te C\/2015 V2 Johnson le 29\/03\/2017<\/span><\/span><\/p>\r\n<p><img class=\"alignnone size-full wp-image-7722\" src=\"http:\/\/astrodan.fr\/site\/wp-content\/uploads\/Comete\/comete_3-scaled.jpg\" alt=\"\" width=\"2560\" height=\"1705\"><\/p>\r\n<p><span style=\"text-decoration: underline; font-size: 12pt;\">Com\u00e8te 38P\/Stephan - Oterma<\/span><\/p>\r\n<p><img src=\"http:\/\/astrodan.fr\/site\/wp-content\/uploads\/_thumbs\/Images\/Com%C3%A8tes\/noyau38p_wr.jpg\" width=\"1500\" height=\"1000\"> <img src=\"http:\/\/astrodan.fr\/site\/wp-content\/uploads\/_thumbs\/Images\/Com%C3%A8tes\/trace38p_w.jpg\" width=\"1500\" height=\"1000\"> <img src=\"http:\/\/astrodan.fr\/site\/wp-content\/uploads\/_thumbs\/Images\/Com%C3%A8tes\/noyau38p_w.jpg\" width=\"1500\" height=\"1000\"><\/p>\r\n<p><img src=\"http:\/\/astrodan.fr\/site\/wp-content\/uploads\/_thumbs\/Images\/Com%C3%A8tes\/comete38p_R.jpg\" width=\"1500\" height=\"1000\"><\/p>\r\n<p><img src=\"http:\/\/astrodan.fr\/site\/wp-content\/uploads\/_thumbs\/Images\/Com%C3%A8tes\/comete38p_r.jpg\" width=\"1500\" height=\"999\"><\/p>\r\n<p><span style=\"text-decoration: underline; font-size: 12pt;\">Passage de la com\u00e8te C\/2018 Y1 Iwamoto<\/span><\/p>\r\n<p><span style=\"text-decoration: underline; font-size: 12pt;\">D\u00e9placement pendant 1 heure<\/span><\/p>\r\n<p><img src=\"http:\/\/astrodan.fr\/site\/wp-content\/uploads\/_thumbs\/Images\/Com%C3%A8tes\/anim_1h.gif\" width=\"1000\" height=\"667\"> <img src=\"http:\/\/astrodan.fr\/site\/wp-content\/uploads\/_thumbs\/Images\/Com%C3%A8tes\/trace_fw.jpg\" width=\"1501\" height=\"1000\"><\/p>\r\n<p><span style=\"text-decoration: underline;\"><span style=\"font-size: 12pt;\">La com\u00e8te C\/2020 T2 Palomar le 30 mai 2021 au Canon M50+80ED, addition de 30 poses de 1mn<\/span><\/span><\/p>\r\n<p><img class=\"alignnone size-full wp-image-7732\" src=\"http:\/\/astrodan.fr\/site\/wp-content\/uploads\/Comete\/comete_palomar_T2-scaled.jpg\" alt=\"\" width=\"2560\" height=\"1707\"><\/p>\r\n<p>\u00a0<\/p>\r\n<p><a href=\"http:\/\/astrodan.fr\/site\/?page_id=133\">Haut de page<\/a><\/p>\r\n<p>\u00a0<\/p>","_et_gb_content_width":"","ngg_post_thumbnail":0,"footnotes":""},"_links":{"self":[{"href":"http:\/\/astrodan.fr\/site\/wp-json\/wp\/v2\/pages\/133"}],"collection":[{"href":"http:\/\/astrodan.fr\/site\/wp-json\/wp\/v2\/pages"}],"about":[{"href":"http:\/\/astrodan.fr\/site\/wp-json\/wp\/v2\/types\/page"}],"author":[{"embeddable":true,"href":"http:\/\/astrodan.fr\/site\/wp-json\/wp\/v2\/users\/1"}],"replies":[{"embeddable":true,"href":"http:\/\/astrodan.fr\/site\/wp-json\/wp\/v2\/comments?post=133"}],"version-history":[{"count":3,"href":"http:\/\/astrodan.fr\/site\/wp-json\/wp\/v2\/pages\/133\/revisions"}],"predecessor-version":[{"id":7737,"href":"http:\/\/astrodan.fr\/site\/wp-json\/wp\/v2\/pages\/133\/revisions\/7737"}],"up":[{"embeddable":true,"href":"http:\/\/astrodan.fr\/site\/wp-json\/wp\/v2\/pages\/120"}],"wp:attachment":[{"href":"http:\/\/astrodan.fr\/site\/wp-json\/wp\/v2\/media?parent=133"}],"curies":[{"name":"wp","href":"https:\/\/api.w.org\/{rel}","templated":true}]}}