{"id":1298,"date":"2019-05-14T00:09:44","date_gmt":"2019-05-13T22:09:44","guid":{"rendered":"http:\/\/astrodan.fr\/site\/?page_id=1298"},"modified":"2023-03-09T15:49:20","modified_gmt":"2023-03-09T14:49:20","slug":"2019-2","status":"publish","type":"page","link":"http:\/\/astrodan.fr\/site\/soleil-2\/images-solaires-2\/2019-2\/","title":{"rendered":"2019"},"content":{"rendered":"<p>[et_pb_section fb_built=\u00a0\u00bb1&Prime; admin_label=\u00a0\u00bbsection\u00a0\u00bb _builder_version=\u00a0\u00bb4.20.0&Prime; hover_enabled=\u00a0\u00bb0&Prime; global_colors_info=\u00a0\u00bb{}\u00a0\u00bb background_color=\u00a0\u00bb#100a3f\u00a0\u00bb sticky_enabled=\u00a0\u00bb0&Prime;][et_pb_row admin_label=\u00a0\u00bbrow\u00a0\u00bb _builder_version=\u00a0\u00bb4.16&Prime; background_size=\u00a0\u00bbinitial\u00a0\u00bb background_position=\u00a0\u00bbtop_left\u00a0\u00bb background_repeat=\u00a0\u00bbrepeat\u00a0\u00bb global_colors_info=\u00a0\u00bb{}\u00a0\u00bb][et_pb_column type=\u00a0\u00bb4_4&Prime; _builder_version=\u00a0\u00bb4.16&Prime; custom_padding=\u00a0\u00bb|||\u00a0\u00bb global_colors_info=\u00a0\u00bb{}\u00a0\u00bb custom_padding__hover=\u00a0\u00bb|||\u00a0\u00bb][et_pb_text admin_label=\u00a0\u00bbText\u00a0\u00bb _builder_version=\u00a0\u00bb4.16&Prime; background_size=\u00a0\u00bbinitial\u00a0\u00bb background_position=\u00a0\u00bbtop_left\u00a0\u00bb background_repeat=\u00a0\u00bbrepeat\u00a0\u00bb global_colors_info=\u00a0\u00bb{}\u00a0\u00bb]<\/p>\n<p><span style=\"text-decoration: underline;\">Le Soleil le 13 mai 2019<\/span><\/p>\n<p><span style=\"text-decoration: underline;\">Avec la 80ED + ASi 120mm + Filtre Bleu 435nm +IR, mosa\u00efque de 6 images<\/span><\/p>\n<p>&nbsp;&nbsp;&nbsp; <img loading=\"lazy\" decoding=\"async\" src=\"http:\/\/astrodan.fr\/site\/wp-content\/uploads\/_thumbs\/Images\/Soleil\/2019\/Pano_435_ir_.jpg\" width=\"1759\" height=\"1765\"><\/p>\n<p><span style=\"text-decoration: underline;\">Avec la 80ED + ASi 120mm + Filtre Continuum +IR, mosa\u00efque de 6 images<\/span><\/p>\n<p><img loading=\"lazy\" decoding=\"async\" src=\"http:\/\/astrodan.fr\/site\/wp-content\/uploads\/_thumbs\/Images\/Soleil\/2019\/pano_conti_ir_.jpg\" width=\"1732\" height=\"1735\"><\/p>\n<p><span style=\"text-decoration: underline;\">Aspect de la Tache solaire<\/span><\/p>\n<p><img loading=\"lazy\" decoding=\"async\" src=\"http:\/\/astrodan.fr\/site\/wp-content\/uploads\/_thumbs\/Images\/Soleil\/2019\/tache_b2_conti.jpg\" width=\"1248\" height=\"936\"><\/p>\n<p><span style=\"text-decoration: underline;\">Le Soleil en H alpha, Lunt LS 35 + DMK 31, mosa\u00efque de 2 images<\/span><\/p>\n<p><img loading=\"lazy\" decoding=\"async\" src=\"http:\/\/astrodan.fr\/site\/wp-content\/uploads\/_thumbs\/Images\/Soleil\/2019\/Pano_Halpha16h20_.jpg\" width=\"1048\" height=\"961\">&nbsp;<\/p>\n<p><span style=\"text-decoration: underline;\">Tache solaire en H alpha<\/span><\/p>\n<p><img loading=\"lazy\" decoding=\"async\" src=\"http:\/\/astrodan.fr\/site\/wp-content\/uploads\/_thumbs\/Images\/Soleil\/2019\/tache%20h%20alpha.jpg\" width=\"1000\" height=\"752\"><\/p>\n<p><span style=\"text-decoration: underline;\">Belle protub\u00e9rances de 77000 km !<\/span><\/p>\n<p><img loading=\"lazy\" decoding=\"async\" src=\"http:\/\/astrodan.fr\/site\/wp-content\/uploads\/_thumbs\/Images\/Soleil\/2019\/disque%20H_protu_f.jpg\" width=\"1257\" height=\"1177\"><\/p>\n<p><img loading=\"lazy\" decoding=\"async\" src=\"http:\/\/astrodan.fr\/site\/wp-content\/uploads\/_thumbs\/Images\/Soleil\/2019\/disque%20H_protu_f_c_.jpg\" width=\"1257\" height=\"1177\"><\/p>\n<p><img loading=\"lazy\" decoding=\"async\" src=\"http:\/\/astrodan.fr\/site\/wp-content\/uploads\/_thumbs\/Images\/Soleil\/2019\/disque%20protu_E.jpg\" width=\"1177\" height=\"1177\"><\/p>\n<p><span style=\"text-decoration: underline;\">1\u00e8re image solaire avec le filtre Baader K line (396nm) le 19\/12\/2019<\/span><\/p>\n<p>Lunette 80ED + Baader K line + ASi 120, mosa\u00efque de 6 images<\/p>\n<p><img loading=\"lazy\" decoding=\"async\" src=\"http:\/\/astrodan.fr\/site\/wp-content\/uploads\/_thumbs\/Images\/Soleil\/2019\/sol_kline_w_cak.jpg\" width=\"1200\" height=\"1194\"><\/p>\n<p><span style=\"text-decoration: underline;\">Soleil en K line, 80ED + r\u00e9ducteur Celestron f\/6.3 + ASI 120mm<\/span><\/p>\n<p><img loading=\"lazy\" decoding=\"async\" src=\"http:\/\/astrodan.fr\/site\/wp-content\/uploads\/_thumbs\/Images\/Soleil\/2019\/pano_Kline_w.jpg\" width=\"1000\" height=\"1035\"><\/p>\n<p><a href=\"http:\/\/astrodan.fr\/site\/?page_id=1298\"><span style=\"text-decoration: underline;\">Haut de page<\/span><\/a><\/p>\n<p>&nbsp;<\/p>\n<p>[\/et_pb_text][\/et_pb_column][\/et_pb_row][\/et_pb_section]<\/p>\n","protected":false},"excerpt":{"rendered":"<p>Le Soleil le 13 mai 2019 Avec la 80ED + ASi 120mm + Filtre Bleu 435nm +IR, mosa\u00efque de 6 images &nbsp;&nbsp;&nbsp; Avec la 80ED + ASi 120mm + Filtre Continuum +IR, mosa\u00efque de 6 images Aspect de la Tache solaire Le Soleil en H alpha, Lunt LS 35 + DMK 31, mosa\u00efque de 2 [&hellip;]<\/p>\n","protected":false},"author":1,"featured_media":0,"parent":302,"menu_order":9,"comment_status":"closed","ping_status":"closed","template":"","meta":{"_et_pb_use_builder":"on","_et_pb_old_content":"<p><span style=\"text-decoration: underline;\">Le Soleil le 13 mai 2019<\/span><\/p>\r\n<p><span style=\"text-decoration: underline;\">Avec la 80ED + ASi 120mm + Filtre Bleu 435nm +IR, mosa\u00efque de 6 images<\/span><\/p>\r\n<p>&nbsp;&nbsp;&nbsp; <img src=\"http:\/\/astrodan.fr\/site\/wp-content\/uploads\/_thumbs\/Images\/Soleil\/2019\/Pano_435_ir_.jpg\" width=\"1759\" height=\"1765\"><\/p>\r\n<p><span style=\"text-decoration: underline;\">Avec la 80ED + ASi 120mm + Filtre Continuum +IR, mosa\u00efque de 6 images<\/span><\/p>\r\n<p><img src=\"http:\/\/astrodan.fr\/site\/wp-content\/uploads\/_thumbs\/Images\/Soleil\/2019\/pano_conti_ir_.jpg\" width=\"1732\" height=\"1735\"><\/p>\r\n<p><span style=\"text-decoration: underline;\">Aspect de la Tache solaire<\/span><\/p>\r\n<p><img src=\"http:\/\/astrodan.fr\/site\/wp-content\/uploads\/_thumbs\/Images\/Soleil\/2019\/tache_b2_conti.jpg\" width=\"1248\" height=\"936\"><\/p>\r\n<p><span style=\"text-decoration: underline;\">Le Soleil en H alpha, Lunt LS 35 + DMK 31, mosa\u00efque de 2 images<\/span><\/p>\r\n<p><img src=\"http:\/\/astrodan.fr\/site\/wp-content\/uploads\/_thumbs\/Images\/Soleil\/2019\/Pano_Halpha16h20_.jpg\" width=\"1048\" height=\"961\">&nbsp;<\/p>\r\n<p><span style=\"text-decoration: underline;\">Tache solaire en H alpha<\/span><\/p>\r\n<p><img src=\"http:\/\/astrodan.fr\/site\/wp-content\/uploads\/_thumbs\/Images\/Soleil\/2019\/tache%20h%20alpha.jpg\" width=\"1000\" height=\"752\"><\/p>\r\n<p><span style=\"text-decoration: underline;\">Belle protub\u00e9rances de 77000 km !<\/span><\/p>\r\n<p><img src=\"http:\/\/astrodan.fr\/site\/wp-content\/uploads\/_thumbs\/Images\/Soleil\/2019\/disque%20H_protu_f.jpg\" width=\"1257\" height=\"1177\"><\/p>\r\n<p><img src=\"http:\/\/astrodan.fr\/site\/wp-content\/uploads\/_thumbs\/Images\/Soleil\/2019\/disque%20H_protu_f_c_.jpg\" width=\"1257\" height=\"1177\"><\/p>\r\n<p><img src=\"http:\/\/astrodan.fr\/site\/wp-content\/uploads\/_thumbs\/Images\/Soleil\/2019\/disque%20protu_E.jpg\" width=\"1177\" height=\"1177\"><\/p>\r\n<p><span style=\"text-decoration: underline;\">1\u00e8re image solaire avec le filtre Baader K line (396nm) le 19\/12\/2019<\/span><\/p>\r\n<p>Lunette 80ED + Baader K line + ASi 120, mosa\u00efque de 6 images<\/p>\r\n<p><img src=\"http:\/\/astrodan.fr\/site\/wp-content\/uploads\/_thumbs\/Images\/Soleil\/2019\/sol_kline_w_cak.jpg\" width=\"1200\" height=\"1194\"><\/p>\r\n<p><span style=\"text-decoration: underline;\">Soleil en K line, 80ED + r\u00e9ducteur Celestron f\/6.3 + ASI 120mm<\/span><\/p>\r\n<p><img src=\"http:\/\/astrodan.fr\/site\/wp-content\/uploads\/_thumbs\/Images\/Soleil\/2019\/pano_Kline_w.jpg\" width=\"1000\" height=\"1035\"><\/p>\r\n<p><a href=\"http:\/\/astrodan.fr\/site\/?page_id=1298\"><span style=\"text-decoration: underline;\">Haut de page<\/span><\/a><\/p>\r\n<p>&nbsp;<\/p>","_et_gb_content_width":"","ngg_post_thumbnail":0,"footnotes":""},"_links":{"self":[{"href":"http:\/\/astrodan.fr\/site\/wp-json\/wp\/v2\/pages\/1298"}],"collection":[{"href":"http:\/\/astrodan.fr\/site\/wp-json\/wp\/v2\/pages"}],"about":[{"href":"http:\/\/astrodan.fr\/site\/wp-json\/wp\/v2\/types\/page"}],"author":[{"embeddable":true,"href":"http:\/\/astrodan.fr\/site\/wp-json\/wp\/v2\/users\/1"}],"replies":[{"embeddable":true,"href":"http:\/\/astrodan.fr\/site\/wp-json\/wp\/v2\/comments?post=1298"}],"version-history":[{"count":3,"href":"http:\/\/astrodan.fr\/site\/wp-json\/wp\/v2\/pages\/1298\/revisions"}],"predecessor-version":[{"id":5720,"href":"http:\/\/astrodan.fr\/site\/wp-json\/wp\/v2\/pages\/1298\/revisions\/5720"}],"up":[{"embeddable":true,"href":"http:\/\/astrodan.fr\/site\/wp-json\/wp\/v2\/pages\/302"}],"wp:attachment":[{"href":"http:\/\/astrodan.fr\/site\/wp-json\/wp\/v2\/media?parent=1298"}],"curies":[{"name":"wp","href":"https:\/\/api.w.org\/{rel}","templated":true}]}}