{"id":1177,"date":"2019-01-03T13:18:16","date_gmt":"2019-01-03T12:18:16","guid":{"rendered":"http:\/\/astrodan.fr\/site\/?page_id=1177"},"modified":"2023-03-07T15:42:21","modified_gmt":"2023-03-07T14:42:21","slug":"omegon-minitrack-lx2","status":"publish","type":"page","link":"http:\/\/astrodan.fr\/site\/materiel\/omegon-minitrack-lx2\/","title":{"rendered":"Omegon Minitrack LX2"},"content":{"rendered":"<p>[et_pb_section fb_built=\u00a0\u00bb1&Prime; admin_label=\u00a0\u00bbsection\u00a0\u00bb _builder_version=\u00a0\u00bb4.20.0&Prime; hover_enabled=\u00a0\u00bb0&Prime; global_colors_info=\u00a0\u00bb{}\u00a0\u00bb background_color=\u00a0\u00bb#100a3f\u00a0\u00bb sticky_enabled=\u00a0\u00bb0&Prime;][et_pb_row admin_label=\u00a0\u00bbrow\u00a0\u00bb _builder_version=\u00a0\u00bb4.16&Prime; background_size=\u00a0\u00bbinitial\u00a0\u00bb background_position=\u00a0\u00bbtop_left\u00a0\u00bb background_repeat=\u00a0\u00bbrepeat\u00a0\u00bb global_colors_info=\u00a0\u00bb{}\u00a0\u00bb][et_pb_column type=\u00a0\u00bb4_4&Prime; _builder_version=\u00a0\u00bb4.16&Prime; custom_padding=\u00a0\u00bb|||\u00a0\u00bb global_colors_info=\u00a0\u00bb{}\u00a0\u00bb custom_padding__hover=\u00a0\u00bb|||\u00a0\u00bb][et_pb_text admin_label=\u00a0\u00bbText\u00a0\u00bb _builder_version=\u00a0\u00bb4.16&Prime; background_size=\u00a0\u00bbinitial\u00a0\u00bb background_position=\u00a0\u00bbtop_left\u00a0\u00bb background_repeat=\u00a0\u00bbrepeat\u00a0\u00bb global_colors_info=\u00a0\u00bb{}\u00a0\u00bb]<\/p>\n<p>Pour la photo en poses courtes jusqu&rsquo;\u00e0 une minute, la petite monture Omegon Minitrack est vraiment parfaite !<\/p>\n<p>Totalement m\u00e9canique, elle est bien adapt\u00e9 pour les images du ciel profond en nomade.<\/p>\n<p><img loading=\"lazy\" decoding=\"async\" src=\"http:\/\/astrodan.fr\/site\/wp-content\/uploads\/_thumbs\/Images\/materiel\/mini1.jpg\" width=\"1200\" height=\"1200\" \/> <img loading=\"lazy\" decoding=\"async\" src=\"http:\/\/astrodan.fr\/site\/wp-content\/uploads\/_thumbs\/Images\/materiel\/mini2.jpg\" width=\"1200\" height=\"1200\" \/> <img loading=\"lazy\" decoding=\"async\" src=\"http:\/\/astrodan.fr\/site\/wp-content\/uploads\/_thumbs\/Images\/materiel\/mini3.jpg\" width=\"1200\" height=\"1200\" \/> <img loading=\"lazy\" decoding=\"async\" src=\"http:\/\/astrodan.fr\/site\/wp-content\/uploads\/_thumbs\/Images\/materiel\/mini4.jpg\" width=\"1200\" height=\"1200\" \/><\/p>\n<p><span style=\"text-decoration: underline;\">Modification de la vis\u00e9e avec un pointeur Laser<\/span><\/p>\n<p>Gr\u00e2ce \u00e0 la mod\u00e9lisation 3D , un laser peut-\u00eatre utilis\u00e9 pour am\u00e9liorer le pointage de l&rsquo;\u00e9toile polaire<\/p>\n<p><img loading=\"lazy\" decoding=\"async\" src=\"http:\/\/astrodan.fr\/site\/wp-content\/uploads\/_thumbs\/Images\/materiel\/Minitrack\/raccord_L.JPG\" width=\"979\" height=\"714\" \/> <img loading=\"lazy\" decoding=\"async\" src=\"http:\/\/astrodan.fr\/site\/wp-content\/uploads\/_thumbs\/Images\/materiel\/Minitrack\/3vues.jpg\" width=\"2334\" height=\"618\" \/> <img loading=\"lazy\" decoding=\"async\" src=\"http:\/\/astrodan.fr\/site\/wp-content\/uploads\/_thumbs\/Images\/materiel\/Minitrack\/viseur%20laser1.jpg\" width=\"1500\" height=\"1000\" \/> <img loading=\"lazy\" decoding=\"async\" src=\"http:\/\/astrodan.fr\/site\/wp-content\/uploads\/_thumbs\/Images\/materiel\/Minitrack\/viseur%20laser2.jpg\" width=\"1500\" height=\"1500\" \/> <img loading=\"lazy\" decoding=\"async\" src=\"http:\/\/astrodan.fr\/site\/wp-content\/uploads\/_thumbs\/Images\/materiel\/Minitrack\/vis%C3%A9e_laser.JPG\" width=\"1500\" height=\"1000\" \/>\u00a0<img loading=\"lazy\" decoding=\"async\" src=\"http:\/\/astrodan.fr\/site\/wp-content\/uploads\/_thumbs\/Images\/materiel\/Minitrack\/go_8mn_40mm_lx2_nb_w.jpg\" width=\"1500\" height=\"993\" \/><\/p>\n<p>&nbsp;<\/p>\n<p><a href=\"http:\/\/astrodan.fr\/site\/?page_id=1177\"><span style=\"text-decoration: underline;\">Haut de page<\/span><\/a><\/p>\n<p>&nbsp;<\/p>\n<p>[\/et_pb_text][\/et_pb_column][\/et_pb_row][\/et_pb_section]<\/p>\n","protected":false},"excerpt":{"rendered":"<p>Pour la photo en poses courtes jusqu&rsquo;\u00e0 une minute, la petite monture Omegon Minitrack est vraiment parfaite ! Totalement m\u00e9canique, elle est bien adapt\u00e9 pour les images du ciel profond en nomade. Modification de la vis\u00e9e avec un pointeur Laser Gr\u00e2ce \u00e0 la mod\u00e9lisation 3D , un laser peut-\u00eatre utilis\u00e9 pour am\u00e9liorer le pointage de [&hellip;]<\/p>\n","protected":false},"author":1,"featured_media":0,"parent":41,"menu_order":4,"comment_status":"closed","ping_status":"closed","template":"","meta":{"_et_pb_use_builder":"on","_et_pb_old_content":"<p>Pour la photo en poses courtes jusqu'\u00e0 une minute, la petite monture Omegon Minitrack est vraiment parfaite !<\/p>\r\n<p>Totalement m\u00e9canique, elle est bien adapt\u00e9 pour les images du ciel profond en nomade.<\/p>\r\n<p><img src=\"http:\/\/astrodan.fr\/site\/wp-content\/uploads\/_thumbs\/Images\/materiel\/mini1.jpg\" width=\"1200\" height=\"1200\" \/> <img src=\"http:\/\/astrodan.fr\/site\/wp-content\/uploads\/_thumbs\/Images\/materiel\/mini2.jpg\" width=\"1200\" height=\"1200\" \/> <img src=\"http:\/\/astrodan.fr\/site\/wp-content\/uploads\/_thumbs\/Images\/materiel\/mini3.jpg\" width=\"1200\" height=\"1200\" \/> <img src=\"http:\/\/astrodan.fr\/site\/wp-content\/uploads\/_thumbs\/Images\/materiel\/mini4.jpg\" width=\"1200\" height=\"1200\" \/><\/p>\r\n<p><span style=\"text-decoration: underline;\">Modification de la vis\u00e9e avec un pointeur Laser<\/span><\/p>\r\n<p>Gr\u00e2ce \u00e0 la mod\u00e9lisation 3D , un laser peut-\u00eatre utilis\u00e9 pour am\u00e9liorer le pointage de l'\u00e9toile polaire<\/p>\r\n<p><img src=\"http:\/\/astrodan.fr\/site\/wp-content\/uploads\/_thumbs\/Images\/materiel\/Minitrack\/raccord_L.JPG\" width=\"979\" height=\"714\" \/> <img src=\"http:\/\/astrodan.fr\/site\/wp-content\/uploads\/_thumbs\/Images\/materiel\/Minitrack\/3vues.jpg\" width=\"2334\" height=\"618\" \/> <img src=\"http:\/\/astrodan.fr\/site\/wp-content\/uploads\/_thumbs\/Images\/materiel\/Minitrack\/viseur%20laser1.jpg\" width=\"1500\" height=\"1000\" \/> <img src=\"http:\/\/astrodan.fr\/site\/wp-content\/uploads\/_thumbs\/Images\/materiel\/Minitrack\/viseur%20laser2.jpg\" width=\"1500\" height=\"1500\" \/> <img src=\"http:\/\/astrodan.fr\/site\/wp-content\/uploads\/_thumbs\/Images\/materiel\/Minitrack\/vis%C3%A9e_laser.JPG\" width=\"1500\" height=\"1000\" \/>\u00a0<img src=\"http:\/\/astrodan.fr\/site\/wp-content\/uploads\/_thumbs\/Images\/materiel\/Minitrack\/go_8mn_40mm_lx2_nb_w.jpg\" width=\"1500\" height=\"993\" \/><\/p>\r\n<p>&nbsp;<\/p>\r\n<p><a href=\"http:\/\/astrodan.fr\/site\/?page_id=1177\"><span style=\"text-decoration: underline;\">Haut de page<\/span><\/a><\/p>\r\n<p>&nbsp;<\/p>","_et_gb_content_width":"","ngg_post_thumbnail":0,"footnotes":""},"_links":{"self":[{"href":"http:\/\/astrodan.fr\/site\/wp-json\/wp\/v2\/pages\/1177"}],"collection":[{"href":"http:\/\/astrodan.fr\/site\/wp-json\/wp\/v2\/pages"}],"about":[{"href":"http:\/\/astrodan.fr\/site\/wp-json\/wp\/v2\/types\/page"}],"author":[{"embeddable":true,"href":"http:\/\/astrodan.fr\/site\/wp-json\/wp\/v2\/users\/1"}],"replies":[{"embeddable":true,"href":"http:\/\/astrodan.fr\/site\/wp-json\/wp\/v2\/comments?post=1177"}],"version-history":[{"count":3,"href":"http:\/\/astrodan.fr\/site\/wp-json\/wp\/v2\/pages\/1177\/revisions"}],"predecessor-version":[{"id":5019,"href":"http:\/\/astrodan.fr\/site\/wp-json\/wp\/v2\/pages\/1177\/revisions\/5019"}],"up":[{"embeddable":true,"href":"http:\/\/astrodan.fr\/site\/wp-json\/wp\/v2\/pages\/41"}],"wp:attachment":[{"href":"http:\/\/astrodan.fr\/site\/wp-json\/wp\/v2\/media?parent=1177"}],"curies":[{"name":"wp","href":"https:\/\/api.w.org\/{rel}","templated":true}]}}